{"id":7140,"date":"2025-06-24T06:50:25","date_gmt":"2025-06-24T06:50:25","guid":{"rendered":"https:\/\/www.basgroupglobal.com\/isbirligi\/"},"modified":"2025-06-24T07:02:36","modified_gmt":"2025-06-24T07:02:36","slug":"is-birligi","status":"publish","type":"page","link":"https:\/\/www.basgroupglobal.com\/tr\/is-birligi\/","title":{"rendered":"\u0130\u015f Birli\u011fi"},"content":{"rendered":"<div class=\"wpb-content-wrapper\"><p>[vc_section][vc_row el_name=&#8221;collaboration&#8221; el_id=&#8221;collaboration&#8221;][vc_column]<div class=\"wpb_content_element \"><style type=\"text\/css\">#ut_header_69e3447fdcd00 h1.section-title { font-size:65px !important;line-height:75px !important;letter-spacing:-0.05em; }<\/style><header id=\"ut_header_69e3447fdcd00\" class=\"section-header  ut-no-title-linebreak-mobile ut-no-lead-linebreak-mobile pt-style-2 header-center header-tablet-center header-mobile-center element-with-custom-line-height\"><div class=\"element-with-custom-line-height\" ><h1 data-title=\"\u0130\u015f Birli\u011fi\"  data-responsive-font=\"section_title\" data-responsive-font-settings=\"{&quot;base-font-size&quot;:&quot;65&quot;,&quot;font-size-unit&quot;:&quot;px&quot;,&quot;font-size&quot;:{&quot;desktop_large&quot;:&quot;65&quot;},&quot;base-line-height&quot;:&quot;75&quot;,&quot;line-height-unit&quot;:&quot;px&quot;,&quot;line-height&quot;:{&quot;desktop_large&quot;:&quot;75&quot;},&quot;base-letter-spacing&quot;:&quot;global&quot;,&quot;letter-spacing&quot;:{&quot;desktop_large&quot;:&quot;-0.05&quot;}}\" class=\"section-title  \"><span>\u0130\u015f Birli\u011fi<\/span><\/h1><\/div><div data-delay=\"0\" class=\"lead \"><p>Ortakl\u0131\u011f\u0131n \u00d6tesinde: \u0130novasyon ve S\u00fcrd\u00fcr\u00fclebilir B\u00fcy\u00fcme Sa\u011fl\u0131yoruz.<\/p>\n<\/div><\/header><\/div><style type=\"text\/css\">#ut_custom_heading69e3447fe5cd2 { font-size:14px !important;line-height:28px !important; }#ut_custom_heading69e3447fe5cd2 { text-align:left; }@media (min-width: 768px) and (max-width: 1024px) { #ut_custom_heading69e3447fe5cd2 { text-align:left; } }@media (max-width: 767px) { #ut_custom_heading69e3447fe5cd2 { text-align:left; } }<\/style><div id=\"ut_custom_heading69e3447fe5cd2\" data-responsive-font=\"div\" data-responsive-font-settings=\"{&quot;base-font-size&quot;:&quot;global&quot;,&quot;font-size&quot;:{&quot;desktop_large&quot;:&quot;14&quot;},&quot;base-line-height&quot;:&quot;global&quot;,&quot;line-height&quot;:{&quot;desktop_large&quot;:&quot;28&quot;},&quot;base-letter-spacing&quot;:&quot;global&quot;}\" class=\"ut-custom-heading-module  \" ><span class=\"\" ><\/p>\n<p style=\"text-align: justify;\">Ba\u015f Group olarak, yaln\u0131zca bir tedarik\u00e7i de\u011fil, ayn\u0131 zamanda stratejik bir i\u015f orta\u011f\u0131y\u0131z. Tutarl\u0131 kalite, \u00fcst\u00fcn hizmet ve yenilik\u00e7i \u00e7\u00f6z\u00fcmler sunma taahh\u00fcd\u00fcm\u00fczle, ger\u00e7ek ve s\u00fcrd\u00fcr\u00fclebilir b\u00fcy\u00fcmeyi destekliyoruz. M\u00fc\u015fterilerimizin markalar\u0131n\u0131 g\u00fc\u00e7lendirmelerine ve k\u00fcresel t\u00fcketicilere ula\u015fmalar\u0131na yard\u0131mc\u0131 olma konusundaki tutkumuz, Ba\u015f Group\u2019un ba\u015far\u0131n\u0131z\u0131 \u00f6ncelik haline getirmesini sa\u011flar. \u0130\u015f Birli\u011fi Anla\u015fmas\u0131 giri\u015fimimiz, i\u015f ortaklar\u0131m\u0131z i\u00e7in yenilik\u00e7ili\u011fi te\u015fvik eder ve pazara h\u0131zla ula\u015f\u0131m sa\u011flayan \u00e7\u00f6z\u00fcmler sunar. Tasar\u0131m, bask\u0131, \u00fcretim, depolama ve teslimat konular\u0131ndaki teknik uzmanl\u0131\u011f\u0131m\u0131z sayesinde, entegre yakla\u015f\u0131m\u0131m\u0131z hem ortak b\u00fcy\u00fcmeyi destekler hem de i\u015f ortaklar\u0131m\u0131z\u0131 ambalaj trendlerinin \u00f6n saflar\u0131nda tutar. Ba\u015f Group, ortak hedeflere ula\u015fmak ve anlaml\u0131 ilerleme sa\u011flamak i\u00e7in stratejik i\u015f birli\u011fini g\u00fc\u00e7l\u00fc bir ara\u00e7 olarak g\u00f6r\u00fcr. Se\u00e7kin \u015firketlerle \u00e7al\u0131\u015farak vizyonumuzu geni\u015fletir ve en \u00fcst d\u00fczey hizmetleri sunar, ayn\u0131 zamanda etkili ortakl\u0131klar geli\u015ftiririz. En y\u00fcksek hizmet kalitesini sa\u011flamak amac\u0131yla, her \u00fclkede yaln\u0131zca bir \u015firketle i\u015f birli\u011fi yapmay\u0131 tercih ediyoruz. Daha fazla bilgi i\u00e7in ekibimizle ileti\u015fime ge\u00e7in.       <\/p>\n<p><\/span><\/div>[vc_row_inner][vc_column_inner width=&#8221;1\/2&#8243;]<style type=\"text\/css\">#ut_custom_heading69e3447fe5db6 { font-size:14px !important;line-height:28px !important; }#ut_custom_heading69e3447fe5db6 { text-align:left; }@media (min-width: 768px) and (max-width: 1024px) { #ut_custom_heading69e3447fe5db6 { text-align:left; } }@media (max-width: 767px) { #ut_custom_heading69e3447fe5db6 { text-align:left; } }<\/style><div id=\"ut_custom_heading69e3447fe5db6\" data-responsive-font=\"div\" data-responsive-font-settings=\"{&quot;base-font-size&quot;:&quot;global&quot;,&quot;font-size&quot;:{&quot;desktop_large&quot;:&quot;14&quot;},&quot;base-line-height&quot;:&quot;global&quot;,&quot;line-height&quot;:{&quot;desktop_large&quot;:&quot;28&quot;},&quot;base-letter-spacing&quot;:&quot;global&quot;}\" class=\"ut-custom-heading-module  \" ><span class=\"\" ><\/p>\n<h2><b>\u00dcr\u00fcn Geli\u015ftirme<\/b><\/h2>\n<p>Deneyimli AR-GE ekibimiz, \u00fcr\u00fcnlerinize ve \u00f6zel gereksinimlerinize g\u00f6re uyarlanm\u0131\u015f yenilik\u00e7i ambalaj \u00e7\u00f6z\u00fcmleri yarat\u0131r.<\/p>\n<h2><b>Dan\u0131\u015fmanl\u0131k<\/b><\/h2>\n<p>\u00dcr\u00fcnlerinizi \u00f6ne \u00e7\u0131karan ve i\u015f ak\u0131\u015f\u0131n\u0131z\u0131 kolayla\u015ft\u0131ran ak\u0131ll\u0131 ambalaj \u00e7\u00f6z\u00fcmleri ile i\u015finizi rakiplerinizden ay\u0131r\u0131yoruz.<\/p>\n<h2><b>Marka Kimli\u011fi<\/b><\/h2>\n<p>Uzman tasar\u0131m ekibimiz, ambalajlar\u0131n\u0131za g\u00f6rsel kimli\u011finizi entegre ederek markan\u0131z\u0131 g\u00fc\u00e7lendiren benzersiz ve dikkat \u00e7ekici tasar\u0131mlar olu\u015fturur.<\/p>\n<h2><b>Kalite Kontrol<\/b><\/h2>\n<p>M\u00fckemmelli\u011fi sa\u011flamak i\u00e7in, bitmi\u015f \u00fcr\u00fcnleri rastgele se\u00e7erek titizlikle inceler ve detayl\u0131 kalite kontrol y\u00f6ntemleri uygular\u0131z.<\/p>\n<h2><b>G\u00fcvenli Depolama ve Teslimat<\/b><\/h2>\n<p>Geli\u015fmi\u015f sistemlerimizle, m\u00fc\u015fterilerimizin \u00fcr\u00fcnlerini g\u00fcvenli bir \u015fekilde depoluyor ve istenilen lokasyona zaman\u0131nda ve g\u00fcvenilir bir \u015fekilde teslim ediyoruz.<\/span><\/div>[\/vc_column_inner][vc_column_inner width=&#8221;1\/2&#8243;][vc_empty_space]<div class=\"wpb_content_element \"><style type=\"text\/css\">#ut_vs_69e3447fe5e6f.ut-shortcode-video-wrap .ut-video-module-caption-text span { font-weight: bold; }<\/style><div id=\"ut_vs_69e3447fe5e6f\" class=\"ut-shortcode-video-wrap  ut-has-background-video ut-shortcode-video-wrap-tablet- ut-shortcode-video-wrap-mobile- clearfix\" ><div id=\"ut_reveal_69e3447fe5e71\"  class=\"ut-video-module \"><div class=\"ut-video-module-caption \"><a href=\"#\" data-source=\"mp4\" data-autoplay=\"0\" data-nonce=\"c6725d1d05\" class=\"ut-load-video ut-deactivated-link ut-video-module-play-icon-hidden\"><img decoding=\"async\" class=\"ut-lozad skip-lazy\" src=\"data:image\/svg+xml;charset=utf-8,%3Csvg xmlns%3D'http%3A%2F%2Fwww.w3.org%2F2000%2Fsvg' viewBox%3D'0 0 770 440'%2F%3E\" data-src=\"https:\/\/www.basgroupglobal.com\/wp-content\/plugins\/ut-shortcodes\/\/img\/placeholder\/video-poster.jpg\"><div id=\"ut_vc_69e3447fe6b18711532413\" class=\"ut-video-container ut-video-object-fit  ut-video-format-wide ut-force-video-aspect-ratio\">                                        <video id=\"ut-selfvideo-player-69e3447fe5e94409055802\" data-id=\"69e3447fe5e94409055802\" data-filters='' class=\"ut-selfvideo-player disablePictureInPicture   ut-lazy-video\" preload=\"metadata\" playsinline loop muted data-play-sound=\"off\" volume=\"5\" data-play-event=\"on_load\" data-appear-top-offset=\"full\" data-controls-play-event=\"play_pause\" data-play-action=\"play_pause\" data-ut-wait=\"\"><source data-src=\"\" type=\"video\/mp4\"> <\/video>                <\/div><div class=\"ut-video-module-caption-text\"><div class=\"ut-video-module-inner-caption-text ut-video-module-empty-caption ut-video-module-caption-position-default\"><div class=\"ut-video-module-play-icon ut-new-hide\"><i class=\"Bklyn-Core-Right-6\" aria-hidden=\"true\"><\/i><\/div><\/div><\/div><\/a><\/div><div class=\"ut-video-module-loading\"><div class=\"ut-image-gallery-loader\"><div class=\"ut-image-gallery-loader-inner\"><\/div><\/div><\/div><\/div><\/div><\/div>[\/vc_column_inner][\/vc_row_inner][\/vc_column][\/vc_row][\/vc_section]<\/p>\n<\/div>","protected":false},"excerpt":{"rendered":"<p>[vc_section][vc_row el_name=&#8221;collaboration&#8221; el_id=&#8221;collaboration&#8221;][vc_column][vc_row_inner][vc_column_inner width=&#8221;1\/2&#8243;][\/vc_column_inner][vc_column_inner width=&#8221;1\/2&#8243;][vc_empty_space][\/vc_column_inner][\/vc_row_inner][\/vc_column][\/vc_row][\/vc_section]<\/p>\n","protected":false},"author":3,"featured_media":0,"parent":0,"menu_order":0,"comment_status":"closed","ping_status":"closed","template":"","meta":{"footnotes":""},"class_list":["post-7140","page","type-page","status-publish","hentry"],"_links":{"self":[{"href":"https:\/\/www.basgroupglobal.com\/tr\/wp-json\/wp\/v2\/pages\/7140","targetHints":{"allow":["GET"]}}],"collection":[{"href":"https:\/\/www.basgroupglobal.com\/tr\/wp-json\/wp\/v2\/pages"}],"about":[{"href":"https:\/\/www.basgroupglobal.com\/tr\/wp-json\/wp\/v2\/types\/page"}],"author":[{"embeddable":true,"href":"https:\/\/www.basgroupglobal.com\/tr\/wp-json\/wp\/v2\/users\/3"}],"replies":[{"embeddable":true,"href":"https:\/\/www.basgroupglobal.com\/tr\/wp-json\/wp\/v2\/comments?post=7140"}],"version-history":[{"count":5,"href":"https:\/\/www.basgroupglobal.com\/tr\/wp-json\/wp\/v2\/pages\/7140\/revisions"}],"predecessor-version":[{"id":7162,"href":"https:\/\/www.basgroupglobal.com\/tr\/wp-json\/wp\/v2\/pages\/7140\/revisions\/7162"}],"wp:attachment":[{"href":"https:\/\/www.basgroupglobal.com\/tr\/wp-json\/wp\/v2\/media?parent=7140"}],"curies":[{"name":"wp","href":"https:\/\/api.w.org\/{rel}","templated":true}]}}