{"id":7131,"date":"2025-06-24T06:41:58","date_gmt":"2025-06-24T06:41:58","guid":{"rendered":"https:\/\/www.basgroupglobal.com\/surdurulebilirlik\/"},"modified":"2025-06-24T06:44:42","modified_gmt":"2025-06-24T06:44:42","slug":"surdurulebilirlik","status":"publish","type":"page","link":"https:\/\/www.basgroupglobal.com\/tr\/surdurulebilirlik\/","title":{"rendered":"S\u00fcrd\u00fcr\u00fclebilirlik"},"content":{"rendered":"<div class=\"wpb-content-wrapper\"><p>[vc_section][vc_row el_name=&#8221;sustainability&#8221; el_id=&#8221;sustainability&#8221;][vc_column]<div class=\"wpb_content_element \"><style type=\"text\/css\">#ut_header_69fc9feb2e533 h1.section-title { font-size:65px !important;line-height:75px !important;letter-spacing:-0.05em; }<\/style><header id=\"ut_header_69fc9feb2e533\" class=\"section-header  ut-no-title-linebreak-mobile ut-no-lead-linebreak-mobile pt-style-2 header-center header-tablet-center header-mobile-center element-with-custom-line-height\"><div class=\"element-with-custom-line-height\" ><h1 data-title=\"S\u00fcrd\u00fcr\u00fclebilirlik\"  data-responsive-font=\"section_title\" data-responsive-font-settings=\"{&quot;base-font-size&quot;:&quot;65&quot;,&quot;font-size-unit&quot;:&quot;px&quot;,&quot;font-size&quot;:{&quot;desktop_large&quot;:&quot;65&quot;},&quot;base-line-height&quot;:&quot;75&quot;,&quot;line-height-unit&quot;:&quot;px&quot;,&quot;line-height&quot;:{&quot;desktop_large&quot;:&quot;75&quot;},&quot;base-letter-spacing&quot;:&quot;global&quot;,&quot;letter-spacing&quot;:{&quot;desktop_large&quot;:&quot;-0.05&quot;}}\" class=\"section-title  \"><span>S\u00fcrd\u00fcr\u00fclebilirlik<\/span><\/h1><\/div><div data-delay=\"0\" class=\"lead \"><p>S\u00fcrd\u00fcr\u00fclebilir Ambalaj ile Daha Ye\u015fil Bir Gelecek \u015eekillendiriyoruz.<\/p>\n<\/div><\/header><\/div><style type=\"text\/css\">#ut_custom_heading69fc9feb34873 { font-size:14px !important;line-height:28px !important; }#ut_custom_heading69fc9feb34873 { text-align:left; }@media (min-width: 768px) and (max-width: 1024px) { #ut_custom_heading69fc9feb34873 { text-align:left; } }@media (max-width: 767px) { #ut_custom_heading69fc9feb34873 { text-align:left; } }<\/style><div id=\"ut_custom_heading69fc9feb34873\" data-responsive-font=\"div\" data-responsive-font-settings=\"{&quot;base-font-size&quot;:&quot;global&quot;,&quot;font-size&quot;:{&quot;desktop_large&quot;:&quot;14&quot;},&quot;base-line-height&quot;:&quot;28&quot;,&quot;line-height-unit&quot;:&quot;px&quot;,&quot;line-height&quot;:{&quot;desktop_large&quot;:&quot;28&quot;},&quot;base-letter-spacing&quot;:&quot;global&quot;}\" class=\"ut-custom-heading-module  \" ><span class=\"\" ><\/p>\n<p style=\"text-align: justify;\">S\u00fcrd\u00fcr\u00fclebilirlik, Ba\u015f Group\u2019un ambalaj sekt\u00f6r\u00fcn\u00fc daha iyi bir yar\u0131n i\u00e7in d\u00f6n\u00fc\u015ft\u00fcrme misyonunun merkezinde yer al\u0131yor. Greener 2030 stratejimiz do\u011frultusunda, bug\u00fcn\u00fcn zorluklar\u0131n\u0131 ele al\u0131rken gelecek nesillerin ihtiya\u00e7lar\u0131na da haz\u0131rlanmay\u0131 taahh\u00fct ediyoruz. Kuruldu\u011fumuz ilk g\u00fcnden itibaren, Ba\u015f Group t\u00fcm ambalajlar\u0131n 2030 y\u0131l\u0131na kadar geri d\u00f6n\u00fc\u015ft\u00fcr\u00fclebilir veya yeniden kullan\u0131labilir olmas\u0131n\u0131 sa\u011flamay\u0131 bir ilke edindi. Bu sayede, s\u00fcrd\u00fcr\u00fclebilirlik yenilik anlay\u0131\u015f\u0131m\u0131z\u0131n temel ta\u015f\u0131 olmaya devam ediyor. \u00dcr\u00fcnlerimizin b\u00fcy\u00fck bir \u00e7o\u011funlu\u011fu, kolayca geri d\u00f6n\u00fc\u015ft\u00fcr\u00fclebilecek veya yeniden kullan\u0131labilecek \u015fekilde \u00f6zenle tasarlanm\u0131\u015ft\u0131r. Bununla birlikte, Greener 2030 giri\u015fimimizde yer alan daha iddial\u0131 hedeflere ula\u015fmak i\u00e7in s\u0131n\u0131rlar\u0131m\u0131z\u0131 zorlamaya devam ediyoruz. Birlikte, i\u015fletmenizi \u00e7evre dostu ambalaj \u00e7\u00f6z\u00fcmlerine ge\u00e7i\u015f yaparken destekleyebilir ve daha s\u00fcrd\u00fcr\u00fclebilir bir gelece\u011fe katk\u0131da bulunabiliriz. Ba\u015f Group\u2019un ambalaj\u0131n\u0131z\u0131 daha s\u00fcrd\u00fcr\u00fclebilir hale nas\u0131l getirebilece\u011fini bug\u00fcn ke\u015ffedin.       <\/p>\n<p><\/span><\/div>[vc_row_inner][vc_column_inner width=&#8221;1\/2&#8243;][vc_empty_space height=&#8221;45px&#8221;]<div class=\"wpb_content_element \"><style type=\"text\/css\">#ut_vs_69fc9feb3491f.ut-shortcode-video-wrap .ut-video-module-caption-text span { font-weight: bold; }<\/style><div id=\"ut_vs_69fc9feb3491f\" class=\"ut-shortcode-video-wrap  ut-has-background-video ut-shortcode-video-wrap-tablet- ut-shortcode-video-wrap-mobile- clearfix\" ><div id=\"ut_reveal_69fc9feb34921\"  class=\"ut-video-module \"><div class=\"ut-video-module-caption \"><a href=\"#\" data-source=\"mp4\" data-autoplay=\"0\" data-nonce=\"6bd04d1826\" class=\"ut-load-video ut-deactivated-link ut-video-module-play-icon-hidden\"><img decoding=\"async\" class=\"ut-lozad skip-lazy\" src=\"data:image\/svg+xml;charset=utf-8,%3Csvg xmlns%3D'http%3A%2F%2Fwww.w3.org%2F2000%2Fsvg' viewBox%3D'0 0 770 440'%2F%3E\" data-src=\"https:\/\/www.basgroupglobal.com\/wp-content\/plugins\/ut-shortcodes\/\/img\/placeholder\/video-poster.jpg\"><div id=\"ut_vc_69fc9feb3517d525076928\" class=\"ut-video-container ut-video-object-fit  ut-video-format-wide ut-force-video-aspect-ratio\">                                        <video id=\"ut-selfvideo-player-69fc9feb3493f863970513\" data-id=\"69fc9feb3493f863970513\" data-filters='' class=\"ut-selfvideo-player disablePictureInPicture   ut-lazy-video\" preload=\"metadata\" playsinline loop muted data-play-sound=\"off\" volume=\"5\" data-play-event=\"on_load\" data-appear-top-offset=\"full\" data-controls-play-event=\"play_pause\" data-play-action=\"play_pause\" data-ut-wait=\"\"><source data-src=\"\" type=\"video\/mp4\"> <\/video>                <\/div><div class=\"ut-video-module-caption-text\"><div class=\"ut-video-module-inner-caption-text ut-video-module-empty-caption ut-video-module-caption-position-default\"><div class=\"ut-video-module-play-icon ut-new-hide\"><i class=\"Bklyn-Core-Right-6\" aria-hidden=\"true\"><\/i><\/div><\/div><\/div><\/a><\/div><div class=\"ut-video-module-loading\"><div class=\"ut-image-gallery-loader\"><div class=\"ut-image-gallery-loader-inner\"><\/div><\/div><\/div><\/div><\/div><\/div>[\/vc_column_inner][vc_column_inner width=&#8221;1\/2&#8243;]<div class=\"wpb_content_element \"><style type=\"text\/css\">#ut_header_69fc9feb35ab6 h2.section-title { font-size:40px !important;line-height:55px !important;letter-spacing:-0.05em; }<\/style><header id=\"ut_header_69fc9feb35ab6\" class=\"section-header  ut-no-title-linebreak-mobile ut-no-lead-linebreak-mobile pt-style-2 header-center header-tablet-center header-mobile-center element-with-custom-line-height\"><div class=\"element-with-custom-line-height\" ><h2 data-title=\"Daha Ye\u015fil 2030 Hakk\u0131nda\"  data-responsive-font=\"section_title\" data-responsive-font-settings=\"{&quot;base-font-size&quot;:&quot;40&quot;,&quot;font-size-unit&quot;:&quot;px&quot;,&quot;font-size&quot;:{&quot;desktop_large&quot;:&quot;40&quot;},&quot;base-line-height&quot;:&quot;55&quot;,&quot;line-height-unit&quot;:&quot;px&quot;,&quot;line-height&quot;:{&quot;desktop_large&quot;:&quot;55&quot;},&quot;base-letter-spacing&quot;:&quot;global&quot;,&quot;letter-spacing&quot;:{&quot;desktop_large&quot;:&quot;-0.05&quot;}}\" class=\"section-title  \"><span>Daha Ye\u015fil 2030 Hakk\u0131nda<\/span><\/h2><\/div><div data-delay=\"0\" class=\"lead \"><p>\u0130nsanl\u0131k, Do\u011fa ve Yenilik i\u00e7in<br \/>S\u00fcrd\u00fcr\u00fclebilir \u0130lerleme Sa\u011fl\u0131yoruz.<\/p>\n<\/div><\/header><\/div><style type=\"text\/css\">#ut_custom_heading69fc9feb364c8 { font-size:14px !important;line-height:28px !important; }#ut_custom_heading69fc9feb364c8 { text-align:left; }@media (min-width: 768px) and (max-width: 1024px) { #ut_custom_heading69fc9feb364c8 { text-align:left; } }@media (max-width: 767px) { #ut_custom_heading69fc9feb364c8 { text-align:left; } }<\/style><div id=\"ut_custom_heading69fc9feb364c8\" data-responsive-font=\"div\" data-responsive-font-settings=\"{&quot;base-font-size&quot;:&quot;global&quot;,&quot;font-size&quot;:{&quot;desktop_large&quot;:&quot;14&quot;},&quot;base-line-height&quot;:&quot;global&quot;,&quot;line-height&quot;:{&quot;desktop_large&quot;:&quot;28&quot;},&quot;base-letter-spacing&quot;:&quot;global&quot;}\" class=\"ut-custom-heading-module  \" ><span class=\"\" ><\/p>\n<p style=\"text-align: justify;\">Greener 2030, Ba\u015f Group\u2019un insanl\u0131k, gezegen ve i\u015f d\u00fcnyas\u0131 i\u00e7in daha s\u00fcrd\u00fcr\u00fclebilir bir gelecek in\u015fa etme taahh\u00fcd\u00fcn\u00fc temsil ediyor. Birle\u015fmi\u015f Milletler\u2019in S\u00fcrd\u00fcr\u00fclebilir Kalk\u0131nma Ama\u00e7lar\u0131 (SDGs) ile uyumlu bu strateji, bizi s\u00fcrd\u00fcr\u00fclebilir inovasyon vizyonumuzu ger\u00e7ekle\u015ftirme yolunda daha ileriye ta\u015f\u0131yor. (Bkz: <a href=\"https:\/\/sdgs.un.org\/goals\" target=\"_blank\" rel=\"noopener noreferrer\">https:\/\/sdgs.un.org\/goals<\/a>) Bu giri\u015fim, topluluklar, m\u00fc\u015fteriler ve \u00e7evre i\u00e7in olumlu sonu\u00e7lar yaratmaya olan ba\u011fl\u0131l\u0131\u011f\u0131m\u0131z\u0131 vurguluyor. S\u00fcrd\u00fcr\u00fclebilir uygulamalara \u00f6ncelik vererek, d\u00fcnya \u00fczerinde kal\u0131c\u0131 bir etki b\u0131rakmay\u0131 ve gelecek nesiller i\u00e7in daha sa\u011fl\u0131kl\u0131 bir gezegen sa\u011flamay\u0131 hedefliyoruz. Greener 2030\u2019un, daha parlak ve s\u00fcrd\u00fcr\u00fclebilir bir gelece\u011fi nas\u0131l \u015fekillendirdi\u011fini \u00f6\u011frenin.    <\/p>\n<p><\/span><\/div>[\/vc_column_inner][\/vc_row_inner][\/vc_column][\/vc_row][\/vc_section]<\/p>\n<\/div>","protected":false},"excerpt":{"rendered":"<p>[vc_section][vc_row el_name=&#8221;sustainability&#8221; el_id=&#8221;sustainability&#8221;][vc_column][vc_row_inner][vc_column_inner width=&#8221;1\/2&#8243;][vc_empty_space height=&#8221;45px&#8221;][\/vc_column_inner][vc_column_inner width=&#8221;1\/2&#8243;][\/vc_column_inner][\/vc_row_inner][\/vc_column][\/vc_row][\/vc_section]<\/p>\n","protected":false},"author":3,"featured_media":0,"parent":0,"menu_order":0,"comment_status":"closed","ping_status":"closed","template":"","meta":{"footnotes":""},"class_list":["post-7131","page","type-page","status-publish","hentry"],"_links":{"self":[{"href":"https:\/\/www.basgroupglobal.com\/tr\/wp-json\/wp\/v2\/pages\/7131","targetHints":{"allow":["GET"]}}],"collection":[{"href":"https:\/\/www.basgroupglobal.com\/tr\/wp-json\/wp\/v2\/pages"}],"about":[{"href":"https:\/\/www.basgroupglobal.com\/tr\/wp-json\/wp\/v2\/types\/page"}],"author":[{"embeddable":true,"href":"https:\/\/www.basgroupglobal.com\/tr\/wp-json\/wp\/v2\/users\/3"}],"replies":[{"embeddable":true,"href":"https:\/\/www.basgroupglobal.com\/tr\/wp-json\/wp\/v2\/comments?post=7131"}],"version-history":[{"count":2,"href":"https:\/\/www.basgroupglobal.com\/tr\/wp-json\/wp\/v2\/pages\/7131\/revisions"}],"predecessor-version":[{"id":7133,"href":"https:\/\/www.basgroupglobal.com\/tr\/wp-json\/wp\/v2\/pages\/7131\/revisions\/7133"}],"wp:attachment":[{"href":"https:\/\/www.basgroupglobal.com\/tr\/wp-json\/wp\/v2\/media?parent=7131"}],"curies":[{"name":"wp","href":"https:\/\/api.w.org\/{rel}","templated":true}]}}