{"id":7054,"date":"2025-06-20T09:53:43","date_gmt":"2025-06-20T09:53:43","guid":{"rendered":"https:\/\/www.basgroupglobal.com\/urunler\/"},"modified":"2025-06-20T10:27:43","modified_gmt":"2025-06-20T10:27:43","slug":"urunler","status":"publish","type":"page","link":"https:\/\/www.basgroupglobal.com\/tr\/urunler\/","title":{"rendered":"\u00dcr\u00fcnler"},"content":{"rendered":"<div class=\"wpb-content-wrapper\"><p>[vc_section][vc_row][vc_column]<div class=\"wpb_content_element \"><style type=\"text\/css\">#ut_header_69f625c25cff6 h1.section-title { font-size:60px !important;line-height:75px !important;letter-spacing:-0.05em; }@media (min-width: 1025px) { #ut_header_69f625c25cff6 .lead { width:65%;margin: 0 auto;} }<\/style><header id=\"ut_header_69f625c25cff6\" class=\"section-header  ut-no-title-linebreak-mobile ut-no-lead-linebreak-mobile pt-style-2 header-center header-tablet-center header-mobile-center element-with-custom-line-height\"><div class=\"element-with-custom-line-height\" ><h1 data-title=\"\u00dcr\u00fcnler\"  data-responsive-font=\"section_title\" data-responsive-font-settings=\"{&quot;base-font-size&quot;:&quot;60&quot;,&quot;font-size-unit&quot;:&quot;px&quot;,&quot;font-size&quot;:{&quot;desktop_large&quot;:&quot;60&quot;},&quot;base-line-height&quot;:&quot;75&quot;,&quot;line-height-unit&quot;:&quot;px&quot;,&quot;line-height&quot;:{&quot;desktop_large&quot;:&quot;75&quot;},&quot;base-letter-spacing&quot;:&quot;global&quot;,&quot;letter-spacing&quot;:{&quot;desktop_large&quot;:&quot;-0.05&quot;}}\" class=\"section-title  \"><span>\u00dcr\u00fcnler<\/span><\/h1><\/div><div data-delay=\"0\" class=\"lead \"><p>\u00dcr\u00fcnlerde, insanlarda ve gezegende m\u00fckemmeliyeti \u00f6nceli\u011fimiz haline getiriyoruz.<br \/>\nA\u015fa\u011f\u0131da, titizlikle ve her detaya dikkat edilerek tasarlanm\u0131\u015f yenilik\u00e7i ambalaj \u00e7\u00f6z\u00fcmlerimizi ke\u015ffedin.<\/p>\n<\/div><\/header><\/div>[vc_row_inner el_id=&#8221;products&#8221;][vc_column_inner width=&#8221;1\/3&#8243;]<div class=\"wpb_content_element \"><style type=\"text\/css\">#ut_tm_69f625c26f983 .bklyn5-team-member-name { color: #000000; }#ut_tm_69f625c26f983 .bklyn5-team-member-name { font-size: 30px; }#ut_tm_69f625c26f983 .bklyn5-team-member-ocupation { color: #000000; }#ut_tm_69f625c26f983 .bklyn5-team-member-social-icons a:hover { color: rgba(198, 137, 114, 1); }#ut_tm_69f625c26f983 .bklyn5-team-member-social-icons a:focus { color: rgba(198, 137, 114, 1); }#ut_tm_69f625c26f983 .bklyn5-team-member-social-icons a:active { color: rgba(198, 137, 114, 1); }#ut_tm_69f625c26f983 .bklyn5-team-member-overlay { background: #ffffff; }<\/style><div id=\"ut_tm_69f625c26f983\" class=\"bklyn5-team-member bklyn5-team-member-style-3 bklyn5-team-member-left\"><a title=\"\" href=\"https:\/\/www.basgroupglobal.com\/tr\/urunler\/kagit-cantalar\/\" target=\"_self\" ><div class=\"bklyn5-team-member-avatar\">\r\n        <img fetchpriority=\"high\" decoding=\"async\" data-adaptive-images=\"{&quot;300&quot;:&quot;https:\\\/\\\/www.basgroupglobal.com\\\/wp-content\\\/uploads\\\/2024\\\/11\\\/twisted-handle-paper-bag-1-300x200.jpg&quot;,&quot;500&quot;:&quot;https:\\\/\\\/www.basgroupglobal.com\\\/wp-content\\\/uploads\\\/2024\\\/11\\\/twisted-handle-paper-bag-1-500x333.jpg&quot;,&quot;750&quot;:&quot;https:\\\/\\\/www.basgroupglobal.com\\\/wp-content\\\/uploads\\\/2024\\\/11\\\/twisted-handle-paper-bag-1-750x500.jpg&quot;,&quot;1000&quot;:&quot;https:\\\/\\\/www.basgroupglobal.com\\\/wp-content\\\/uploads\\\/2024\\\/11\\\/twisted-handle-paper-bag-1-1000x667.jpg&quot;,&quot;1500&quot;:&quot;https:\\\/\\\/www.basgroupglobal.com\\\/wp-content\\\/uploads\\\/2024\\\/11\\\/twisted-handle-paper-bag-1-1500x1000.jpg&quot;,&quot;2500&quot;:&quot;https:\\\/\\\/www.basgroupglobal.com\\\/wp-content\\\/uploads\\\/2024\\\/11\\\/twisted-handle-paper-bag-1-2500x1667.jpg&quot;}\" src=\"data:image\/svg+xml;charset=utf-8,%3Csvg xmlns%3D&#039;http%3A%2F%2Fwww.w3.org%2F2000%2Fsvg&#039; viewBox%3D&#039;0 0 1500 1000&#039;%2F%3E\" width=\"1500\" height=\"1000\" data-src=\"https:\/\/www.basgroupglobal.com\/wp-content\/uploads\/2024\/11\/twisted-handle-paper-bag-1-1500x1000.jpg\" data-image-id=\"6092\" class=\"ut-adaptive-image wp-post-image skip-lazy \">\r\n\r\n        <\/div><\/a><div class=\"bklyn5-team-member-overlay\"><div class=\"bklyn5-team-member-overlay-caption\"><div class=\"bklyn5-team-member-info\"><h3 class=\"bklyn5-team-member-name\">KA\u011eIT \u00c7ANTALAR<\/h3><div class=\"bklyn5-team-member-ocupation\">DAHA FAZLASI \u0130\u00c7\u0130N TIKLAYIN<\/div><\/div><\/div><\/div><\/div><\/div><div class=\"wpb_content_element \"><style type=\"text\/css\">#ut_tm_69f625c27c887 .bklyn5-team-member-name { color: #000000; }#ut_tm_69f625c27c887 .bklyn5-team-member-name { font-size: 30px; }#ut_tm_69f625c27c887 .bklyn5-team-member-ocupation { color: #000000; }#ut_tm_69f625c27c887 .bklyn5-team-member-social-icons a:hover { color: rgba(198, 137, 114, 1); }#ut_tm_69f625c27c887 .bklyn5-team-member-social-icons a:focus { color: rgba(198, 137, 114, 1); }#ut_tm_69f625c27c887 .bklyn5-team-member-social-icons a:active { color: rgba(198, 137, 114, 1); }#ut_tm_69f625c27c887 .bklyn5-team-member-overlay { background: #ffffff; }<\/style><div id=\"ut_tm_69f625c27c887\" class=\"bklyn5-team-member bklyn5-team-member-style-3 bklyn5-team-member-left\"><a title=\"\" href=\"https:\/\/www.basgroupglobal.com\/tr\/urunler\/sarma-tepsi-kagitlari\/\" target=\"_self\" ><div class=\"bklyn5-team-member-avatar\">\r\n        <img decoding=\"async\" data-adaptive-images=\"{&quot;300&quot;:&quot;https:\\\/\\\/www.basgroupglobal.com\\\/wp-content\\\/uploads\\\/2023\\\/07\\\/aluminium-foil-wrapping-paper-300x200.webp&quot;,&quot;500&quot;:&quot;https:\\\/\\\/www.basgroupglobal.com\\\/wp-content\\\/uploads\\\/2023\\\/07\\\/aluminium-foil-wrapping-paper-500x333.webp&quot;,&quot;750&quot;:&quot;https:\\\/\\\/www.basgroupglobal.com\\\/wp-content\\\/uploads\\\/2023\\\/07\\\/aluminium-foil-wrapping-paper-750x500.webp&quot;,&quot;1000&quot;:&quot;https:\\\/\\\/www.basgroupglobal.com\\\/wp-content\\\/uploads\\\/2023\\\/07\\\/aluminium-foil-wrapping-paper-1000x667.webp&quot;,&quot;1500&quot;:&quot;https:\\\/\\\/www.basgroupglobal.com\\\/wp-content\\\/uploads\\\/2023\\\/07\\\/aluminium-foil-wrapping-paper-1500x1000.webp&quot;,&quot;2500&quot;:&quot;https:\\\/\\\/www.basgroupglobal.com\\\/wp-content\\\/uploads\\\/2023\\\/07\\\/aluminium-foil-wrapping-paper-2500x1667.webp&quot;}\" alt=\"custom printed aluminium foil food wrapping paper\" src=\"data:image\/svg+xml;charset=utf-8,%3Csvg xmlns%3D&#039;http%3A%2F%2Fwww.w3.org%2F2000%2Fsvg&#039; viewBox%3D&#039;0 0 1500 1000&#039;%2F%3E\" width=\"1500\" height=\"1000\" data-src=\"https:\/\/www.basgroupglobal.com\/wp-content\/uploads\/2023\/07\/aluminium-foil-wrapping-paper-1500x1000.webp\" data-image-id=\"4294\" class=\"ut-adaptive-image wp-post-image skip-lazy \">\r\n\r\n        <\/div><\/a><div class=\"bklyn5-team-member-overlay\"><div class=\"bklyn5-team-member-overlay-caption\"><div class=\"bklyn5-team-member-info\"><h3 class=\"bklyn5-team-member-name\">SARMA & TEPS\u0130 KA\u011eITLARI<\/h3><div class=\"bklyn5-team-member-ocupation\">DAHA FAZLASI \u0130\u00c7\u0130N TIKLAYIN<\/div><\/div><\/div><\/div><\/div><\/div><div class=\"wpb_content_element \"><style type=\"text\/css\">#ut_tm_69f625c2892b3 .bklyn5-team-member-name { color: #000000; }#ut_tm_69f625c2892b3 .bklyn5-team-member-name { font-size: 30px; }#ut_tm_69f625c2892b3 .bklyn5-team-member-ocupation { color: #000000; }#ut_tm_69f625c2892b3 .bklyn5-team-member-social-icons a:hover { color: rgba(198, 137, 114, 1); }#ut_tm_69f625c2892b3 .bklyn5-team-member-social-icons a:focus { color: rgba(198, 137, 114, 1); }#ut_tm_69f625c2892b3 .bklyn5-team-member-social-icons a:active { color: rgba(198, 137, 114, 1); }#ut_tm_69f625c2892b3 .bklyn5-team-member-overlay { background: #ffffff; }<\/style><div id=\"ut_tm_69f625c2892b3\" class=\"bklyn5-team-member bklyn5-team-member-style-3 bklyn5-team-member-left\"><a title=\"Napkins &amp; Wet Wipes\" href=\"https:\/\/www.basgroupglobal.com\/tr\/urunler\/peceteler-islak-mendiller\/\" target=\"_self\" ><div class=\"bklyn5-team-member-avatar\">\r\n        <img decoding=\"async\" data-adaptive-images=\"{&quot;300&quot;:&quot;https:\\\/\\\/www.basgroupglobal.com\\\/wp-content\\\/uploads\\\/2023\\\/07\\\/napkin-1-300x200.webp&quot;,&quot;500&quot;:&quot;https:\\\/\\\/www.basgroupglobal.com\\\/wp-content\\\/uploads\\\/2023\\\/07\\\/napkin-1-500x333.webp&quot;,&quot;750&quot;:&quot;https:\\\/\\\/www.basgroupglobal.com\\\/wp-content\\\/uploads\\\/2023\\\/07\\\/napkin-1-750x500.webp&quot;,&quot;1000&quot;:&quot;https:\\\/\\\/www.basgroupglobal.com\\\/wp-content\\\/uploads\\\/2023\\\/07\\\/napkin-1-1000x667.webp&quot;,&quot;1500&quot;:&quot;https:\\\/\\\/www.basgroupglobal.com\\\/wp-content\\\/uploads\\\/2023\\\/07\\\/napkin-1-1500x1000.webp&quot;,&quot;2500&quot;:&quot;https:\\\/\\\/www.basgroupglobal.com\\\/wp-content\\\/uploads\\\/2023\\\/07\\\/napkin-1-2500x1667.webp&quot;}\" alt=\"custom printed 2 ply napkin\" src=\"data:image\/svg+xml;charset=utf-8,%3Csvg xmlns%3D&#039;http%3A%2F%2Fwww.w3.org%2F2000%2Fsvg&#039; viewBox%3D&#039;0 0 1500 1000&#039;%2F%3E\" width=\"1500\" height=\"1000\" data-src=\"https:\/\/www.basgroupglobal.com\/wp-content\/uploads\/2023\/07\/napkin-1-1500x1000.webp\" data-image-id=\"4303\" class=\"ut-adaptive-image wp-post-image skip-lazy \">\r\n\r\n        <\/div><\/a><div class=\"bklyn5-team-member-overlay\"><div class=\"bklyn5-team-member-overlay-caption\"><div class=\"bklyn5-team-member-info\"><h3 class=\"bklyn5-team-member-name\">PE\u00c7ETELER & ISLAK MEND\u0130LLER<\/h3><div class=\"bklyn5-team-member-ocupation\">DAHA FAZLASI \u0130\u00c7\u0130N TIKLAYIN<\/div><\/div><\/div><\/div><\/div><\/div>[\/vc_column_inner][vc_column_inner width=&#8221;1\/3&#8243;]<div class=\"wpb_content_element \"><style type=\"text\/css\">#ut_tm_69f625c29772b .bklyn5-team-member-name { color: #000000; }#ut_tm_69f625c29772b .bklyn5-team-member-name { font-size: 30px; }#ut_tm_69f625c29772b .bklyn5-team-member-ocupation { color: #000000; }#ut_tm_69f625c29772b .bklyn5-team-member-social-icons a:hover { color: rgba(198, 137, 114, 1); }#ut_tm_69f625c29772b .bklyn5-team-member-social-icons a:focus { color: rgba(198, 137, 114, 1); }#ut_tm_69f625c29772b .bklyn5-team-member-social-icons a:active { color: rgba(198, 137, 114, 1); }#ut_tm_69f625c29772b .bklyn5-team-member-overlay { background: #ffffff; }<\/style><div id=\"ut_tm_69f625c29772b\" class=\"bklyn5-team-member bklyn5-team-member-style-3 bklyn5-team-member-left\"><a title=\"\" href=\"https:\/\/www.basgroupglobal.com\/tr\/urunler\/dipli-kese-kagitlari\/\" target=\"_self\" ><div class=\"bklyn5-team-member-avatar\">\r\n        <img loading=\"lazy\" decoding=\"async\" data-adaptive-images=\"{&quot;300&quot;:&quot;https:\\\/\\\/www.basgroupglobal.com\\\/wp-content\\\/uploads\\\/2023\\\/07\\\/brown-kraft-sos-bag-1-300x200.webp&quot;,&quot;500&quot;:&quot;https:\\\/\\\/www.basgroupglobal.com\\\/wp-content\\\/uploads\\\/2023\\\/07\\\/brown-kraft-sos-bag-1-500x333.webp&quot;,&quot;750&quot;:&quot;https:\\\/\\\/www.basgroupglobal.com\\\/wp-content\\\/uploads\\\/2023\\\/07\\\/brown-kraft-sos-bag-1-750x500.webp&quot;,&quot;1000&quot;:&quot;https:\\\/\\\/www.basgroupglobal.com\\\/wp-content\\\/uploads\\\/2023\\\/07\\\/brown-kraft-sos-bag-1-1000x667.webp&quot;,&quot;1500&quot;:&quot;https:\\\/\\\/www.basgroupglobal.com\\\/wp-content\\\/uploads\\\/2023\\\/07\\\/brown-kraft-sos-bag-1-1500x1000.webp&quot;,&quot;2500&quot;:&quot;https:\\\/\\\/www.basgroupglobal.com\\\/wp-content\\\/uploads\\\/2023\\\/07\\\/brown-kraft-sos-bag-1-2500x1667.webp&quot;}\" alt=\"custom printed brown kraft sos bag\" src=\"data:image\/svg+xml;charset=utf-8,%3Csvg xmlns%3D&#039;http%3A%2F%2Fwww.w3.org%2F2000%2Fsvg&#039; viewBox%3D&#039;0 0 1500 1000&#039;%2F%3E\" width=\"1500\" height=\"1000\" data-src=\"https:\/\/www.basgroupglobal.com\/wp-content\/uploads\/2023\/07\/brown-kraft-sos-bag-1-1500x1000.webp\" data-image-id=\"4287\" class=\"ut-adaptive-image wp-post-image skip-lazy \">\r\n\r\n        <\/div><\/a><div class=\"bklyn5-team-member-overlay\"><div class=\"bklyn5-team-member-overlay-caption\"><div class=\"bklyn5-team-member-info\"><h3 class=\"bklyn5-team-member-name\">D\u0130PL\u0130 KESE KA\u011eITLARI<\/h3><div class=\"bklyn5-team-member-ocupation\">DAHA FAZLASI \u0130\u00c7\u0130N TIKLAYIN<\/div><\/div><\/div><\/div><\/div><\/div><div class=\"wpb_content_element \"><style type=\"text\/css\">#ut_tm_69f625c2a450b .bklyn5-team-member-name { color: #000000; }#ut_tm_69f625c2a450b .bklyn5-team-member-name { font-size: 30px; }#ut_tm_69f625c2a450b .bklyn5-team-member-ocupation { color: #000000; }#ut_tm_69f625c2a450b .bklyn5-team-member-social-icons a:hover { color: rgba(198, 137, 114, 1); }#ut_tm_69f625c2a450b .bklyn5-team-member-social-icons a:focus { color: rgba(198, 137, 114, 1); }#ut_tm_69f625c2a450b .bklyn5-team-member-social-icons a:active { color: rgba(198, 137, 114, 1); }#ut_tm_69f625c2a450b .bklyn5-team-member-overlay { background: #ffffff; }<\/style><div id=\"ut_tm_69f625c2a450b\" class=\"bklyn5-team-member bklyn5-team-member-style-3 bklyn5-team-member-left\"><a title=\"\" href=\"https:\/\/www.basgroupglobal.com\/tr\/urunler\/yemek-kutulari\/\" target=\"_self\" ><div class=\"bklyn5-team-member-avatar\">\r\n        <img loading=\"lazy\" decoding=\"async\" data-adaptive-images=\"{&quot;300&quot;:&quot;https:\\\/\\\/www.basgroupglobal.com\\\/wp-content\\\/uploads\\\/2025\\\/04\\\/pet-pp-kapakli-karton-kase-300x200.webp&quot;,&quot;500&quot;:&quot;https:\\\/\\\/www.basgroupglobal.com\\\/wp-content\\\/uploads\\\/2025\\\/04\\\/pet-pp-kapakli-karton-kase-500x333.webp&quot;,&quot;750&quot;:&quot;https:\\\/\\\/www.basgroupglobal.com\\\/wp-content\\\/uploads\\\/2025\\\/04\\\/pet-pp-kapakli-karton-kase-750x500.webp&quot;,&quot;1000&quot;:&quot;https:\\\/\\\/www.basgroupglobal.com\\\/wp-content\\\/uploads\\\/2025\\\/04\\\/pet-pp-kapakli-karton-kase-1000x667.webp&quot;,&quot;1500&quot;:&quot;https:\\\/\\\/www.basgroupglobal.com\\\/wp-content\\\/uploads\\\/2025\\\/04\\\/pet-pp-kapakli-karton-kase-1500x1000.webp&quot;,&quot;2500&quot;:&quot;https:\\\/\\\/www.basgroupglobal.com\\\/wp-content\\\/uploads\\\/2025\\\/04\\\/pet-pp-kapakli-karton-kase-2500x1667.webp&quot;}\" src=\"data:image\/svg+xml;charset=utf-8,%3Csvg xmlns%3D&#039;http%3A%2F%2Fwww.w3.org%2F2000%2Fsvg&#039; viewBox%3D&#039;0 0 1500 1000&#039;%2F%3E\" width=\"1500\" height=\"1000\" data-src=\"https:\/\/www.basgroupglobal.com\/wp-content\/uploads\/2025\/04\/pet-pp-kapakli-karton-kase-1500x1000.webp\" data-image-id=\"6638\" class=\"ut-adaptive-image wp-post-image skip-lazy \">\r\n\r\n        <\/div><\/a><div class=\"bklyn5-team-member-overlay\"><div class=\"bklyn5-team-member-overlay-caption\"><div class=\"bklyn5-team-member-info\"><h3 class=\"bklyn5-team-member-name\">GIDA KUTULARI<\/h3><div class=\"bklyn5-team-member-ocupation\">DAHA FAZLASI \u0130\u00c7\u0130N TIKLAYIN<\/div><\/div><\/div><\/div><\/div><\/div><div class=\"wpb_content_element \"><style type=\"text\/css\">#ut_tm_69f625c2b0f0c .bklyn5-team-member-name { color: #000000; }#ut_tm_69f625c2b0f0c .bklyn5-team-member-name { font-size: 30px; }#ut_tm_69f625c2b0f0c .bklyn5-team-member-ocupation { color: #000000; }#ut_tm_69f625c2b0f0c .bklyn5-team-member-social-icons a:hover { color: rgba(198, 137, 114, 1); }#ut_tm_69f625c2b0f0c .bklyn5-team-member-social-icons a:focus { color: rgba(198, 137, 114, 1); }#ut_tm_69f625c2b0f0c .bklyn5-team-member-social-icons a:active { color: rgba(198, 137, 114, 1); }#ut_tm_69f625c2b0f0c .bklyn5-team-member-overlay { background: #ffffff; }<\/style><div id=\"ut_tm_69f625c2b0f0c\" class=\"bklyn5-team-member bklyn5-team-member-style-3 bklyn5-team-member-left\"><a title=\"\" href=\"https:\/\/www.basgroupglobal.com\/tr\/urunler\/servis-setleri\/\" target=\"_self\" ><div class=\"bklyn5-team-member-avatar\">\r\n        <img loading=\"lazy\" decoding=\"async\" data-adaptive-images=\"{&quot;300&quot;:&quot;https:\\\/\\\/www.basgroupglobal.com\\\/wp-content\\\/uploads\\\/2023\\\/07\\\/disposable-wooden-cutlery-set-1-300x200.webp&quot;,&quot;500&quot;:&quot;https:\\\/\\\/www.basgroupglobal.com\\\/wp-content\\\/uploads\\\/2023\\\/07\\\/disposable-wooden-cutlery-set-1-500x333.webp&quot;,&quot;750&quot;:&quot;https:\\\/\\\/www.basgroupglobal.com\\\/wp-content\\\/uploads\\\/2023\\\/07\\\/disposable-wooden-cutlery-set-1-750x500.webp&quot;,&quot;1000&quot;:&quot;https:\\\/\\\/www.basgroupglobal.com\\\/wp-content\\\/uploads\\\/2023\\\/07\\\/disposable-wooden-cutlery-set-1-1000x667.webp&quot;,&quot;1500&quot;:&quot;https:\\\/\\\/www.basgroupglobal.com\\\/wp-content\\\/uploads\\\/2023\\\/07\\\/disposable-wooden-cutlery-set-1-1500x1000.webp&quot;,&quot;2500&quot;:&quot;https:\\\/\\\/www.basgroupglobal.com\\\/wp-content\\\/uploads\\\/2023\\\/07\\\/disposable-wooden-cutlery-set-1-2500x1667.webp&quot;}\" alt=\"custom printed eco-friendly disposable wooden cutlery set\" src=\"data:image\/svg+xml;charset=utf-8,%3Csvg xmlns%3D&#039;http%3A%2F%2Fwww.w3.org%2F2000%2Fsvg&#039; viewBox%3D&#039;0 0 1500 1000&#039;%2F%3E\" width=\"1500\" height=\"1000\" data-src=\"https:\/\/www.basgroupglobal.com\/wp-content\/uploads\/2023\/07\/disposable-wooden-cutlery-set-1-1500x1000.webp\" data-image-id=\"4306\" class=\"ut-adaptive-image wp-post-image skip-lazy \">\r\n\r\n        <\/div><\/a><div class=\"bklyn5-team-member-overlay\"><div class=\"bklyn5-team-member-overlay-caption\"><div class=\"bklyn5-team-member-info\"><h3 class=\"bklyn5-team-member-name\">SERV\u0130S SETLER\u0130<\/h3><div class=\"bklyn5-team-member-ocupation\">DAHA FAZLASI \u0130\u00c7\u0130N TIKLAYIN<\/div><\/div><\/div><\/div><\/div><\/div>[\/vc_column_inner][vc_column_inner width=&#8221;1\/3&#8243;]<div class=\"wpb_content_element \"><style type=\"text\/css\">#ut_tm_69f625c2bdb7d .bklyn5-team-member-name { color: #000000; }#ut_tm_69f625c2bdb7d .bklyn5-team-member-name { font-size: 30px; }#ut_tm_69f625c2bdb7d .bklyn5-team-member-ocupation { color: #000000; }#ut_tm_69f625c2bdb7d .bklyn5-team-member-social-icons a:hover { color: rgba(198, 137, 114, 1); }#ut_tm_69f625c2bdb7d .bklyn5-team-member-social-icons a:focus { color: rgba(198, 137, 114, 1); }#ut_tm_69f625c2bdb7d .bklyn5-team-member-social-icons a:active { color: rgba(198, 137, 114, 1); }#ut_tm_69f625c2bdb7d .bklyn5-team-member-overlay { background: #ffffff; }<\/style><div id=\"ut_tm_69f625c2bdb7d\" class=\"bklyn5-team-member bklyn5-team-member-style-3 bklyn5-team-member-left\"><a title=\"\" href=\"https:\/\/www.basgroupglobal.com\/tr\/urunler\/dipsiz-kese-kagitlari\/\" target=\"_self\" ><div class=\"bklyn5-team-member-avatar\">\r\n        <img loading=\"lazy\" decoding=\"async\" data-adaptive-images=\"{&quot;300&quot;:&quot;https:\\\/\\\/www.basgroupglobal.com\\\/wp-content\\\/uploads\\\/2023\\\/07\\\/greaseproof-paper-bag-1-300x200.webp&quot;,&quot;500&quot;:&quot;https:\\\/\\\/www.basgroupglobal.com\\\/wp-content\\\/uploads\\\/2023\\\/07\\\/greaseproof-paper-bag-1-500x333.webp&quot;,&quot;750&quot;:&quot;https:\\\/\\\/www.basgroupglobal.com\\\/wp-content\\\/uploads\\\/2023\\\/07\\\/greaseproof-paper-bag-1-750x500.webp&quot;,&quot;1000&quot;:&quot;https:\\\/\\\/www.basgroupglobal.com\\\/wp-content\\\/uploads\\\/2023\\\/07\\\/greaseproof-paper-bag-1-1000x667.webp&quot;,&quot;1500&quot;:&quot;https:\\\/\\\/www.basgroupglobal.com\\\/wp-content\\\/uploads\\\/2023\\\/07\\\/greaseproof-paper-bag-1-1500x1000.webp&quot;,&quot;2500&quot;:&quot;https:\\\/\\\/www.basgroupglobal.com\\\/wp-content\\\/uploads\\\/2023\\\/07\\\/greaseproof-paper-bag-1-2500x1667.webp&quot;}\" alt=\"custom printed greaseproof paper bag for food\" src=\"data:image\/svg+xml;charset=utf-8,%3Csvg xmlns%3D&#039;http%3A%2F%2Fwww.w3.org%2F2000%2Fsvg&#039; viewBox%3D&#039;0 0 1500 1000&#039;%2F%3E\" width=\"1500\" height=\"1000\" data-src=\"https:\/\/www.basgroupglobal.com\/wp-content\/uploads\/2023\/07\/greaseproof-paper-bag-1-1500x1000.webp\" data-image-id=\"4290\" class=\"ut-adaptive-image wp-post-image skip-lazy \">\r\n\r\n        <\/div><\/a><div class=\"bklyn5-team-member-overlay\"><div class=\"bklyn5-team-member-overlay-caption\"><div class=\"bklyn5-team-member-info\"><h3 class=\"bklyn5-team-member-name\">D\u0130PS\u0130Z KESE KA\u011eITLARI<\/h3><div class=\"bklyn5-team-member-ocupation\">DAHA FAZLASI \u0130\u00c7\u0130N TIKLAYIN<\/div><\/div><\/div><\/div><\/div><\/div><div class=\"wpb_content_element \"><style type=\"text\/css\">#ut_tm_69f625c2ca86b .bklyn5-team-member-name { color: #000000; }#ut_tm_69f625c2ca86b .bklyn5-team-member-name { font-size: 30px; }#ut_tm_69f625c2ca86b .bklyn5-team-member-ocupation { color: #000000; }#ut_tm_69f625c2ca86b .bklyn5-team-member-social-icons a:hover { color: rgba(198, 137, 114, 1); }#ut_tm_69f625c2ca86b .bklyn5-team-member-social-icons a:focus { color: rgba(198, 137, 114, 1); }#ut_tm_69f625c2ca86b .bklyn5-team-member-social-icons a:active { color: rgba(198, 137, 114, 1); }#ut_tm_69f625c2ca86b .bklyn5-team-member-overlay { background: #ffffff; }<\/style><div id=\"ut_tm_69f625c2ca86b\" class=\"bklyn5-team-member bklyn5-team-member-style-3 bklyn5-team-member-left\"><a title=\"Cups\" href=\"https:\/\/www.basgroupglobal.com\/tr\/urunler\/bardaklar\/\" target=\"_self\" ><div class=\"bklyn5-team-member-avatar\">\r\n        <img loading=\"lazy\" decoding=\"async\" data-adaptive-images=\"{&quot;300&quot;:&quot;https:\\\/\\\/www.basgroupglobal.com\\\/wp-content\\\/uploads\\\/2023\\\/07\\\/coffee-cup-300x200.webp&quot;,&quot;500&quot;:&quot;https:\\\/\\\/www.basgroupglobal.com\\\/wp-content\\\/uploads\\\/2023\\\/07\\\/coffee-cup-500x333.webp&quot;,&quot;750&quot;:&quot;https:\\\/\\\/www.basgroupglobal.com\\\/wp-content\\\/uploads\\\/2023\\\/07\\\/coffee-cup-750x500.webp&quot;,&quot;1000&quot;:&quot;https:\\\/\\\/www.basgroupglobal.com\\\/wp-content\\\/uploads\\\/2023\\\/07\\\/coffee-cup-1000x667.webp&quot;,&quot;1500&quot;:&quot;https:\\\/\\\/www.basgroupglobal.com\\\/wp-content\\\/uploads\\\/2023\\\/07\\\/coffee-cup-1500x1000.webp&quot;,&quot;2500&quot;:&quot;https:\\\/\\\/www.basgroupglobal.com\\\/wp-content\\\/uploads\\\/2023\\\/07\\\/coffee-cup-2500x1667.webp&quot;}\" alt=\"custom printed paper tea and coffee cup\" src=\"data:image\/svg+xml;charset=utf-8,%3Csvg xmlns%3D&#039;http%3A%2F%2Fwww.w3.org%2F2000%2Fsvg&#039; viewBox%3D&#039;0 0 1500 1000&#039;%2F%3E\" width=\"1500\" height=\"1000\" data-src=\"https:\/\/www.basgroupglobal.com\/wp-content\/uploads\/2023\/07\/coffee-cup-1500x1000.webp\" data-image-id=\"4300\" class=\"ut-adaptive-image wp-post-image skip-lazy \">\r\n\r\n        <\/div><\/a><div class=\"bklyn5-team-member-overlay\"><div class=\"bklyn5-team-member-overlay-caption\"><div class=\"bklyn5-team-member-info\"><h3 class=\"bklyn5-team-member-name\">BARDAKLAR<\/h3><div class=\"bklyn5-team-member-ocupation\">DAHA FAZLASI \u0130\u00c7\u0130N TIKLAYIN<\/div><\/div><\/div><\/div><\/div><\/div><div class=\"wpb_content_element \"><style type=\"text\/css\">#ut_tm_69f625c2d7130 .bklyn5-team-member-name { color: #000000; }#ut_tm_69f625c2d7130 .bklyn5-team-member-name { font-size: 30px; }#ut_tm_69f625c2d7130 .bklyn5-team-member-ocupation { color: #000000; }#ut_tm_69f625c2d7130 .bklyn5-team-member-social-icons a:hover { color: rgba(198, 137, 114, 1); }#ut_tm_69f625c2d7130 .bklyn5-team-member-social-icons a:focus { color: rgba(198, 137, 114, 1); }#ut_tm_69f625c2d7130 .bklyn5-team-member-social-icons a:active { color: rgba(198, 137, 114, 1); }#ut_tm_69f625c2d7130 .bklyn5-team-member-overlay { background: #ffffff; }<\/style><div id=\"ut_tm_69f625c2d7130\" class=\"bklyn5-team-member bklyn5-team-member-style-3 bklyn5-team-member-left\"><a title=\"\" href=\"https:\/\/www.basgroupglobal.com\/tr\/urunler\/akilli-ambalajlar\/\" target=\"_self\" ><div class=\"bklyn5-team-member-avatar\">\r\n        <img loading=\"lazy\" decoding=\"async\" data-adaptive-images=\"{&quot;300&quot;:&quot;https:\\\/\\\/www.basgroupglobal.com\\\/wp-content\\\/uploads\\\/2025\\\/04\\\/smart_pizza-300x200.jpg&quot;,&quot;500&quot;:&quot;https:\\\/\\\/www.basgroupglobal.com\\\/wp-content\\\/uploads\\\/2025\\\/04\\\/smart_pizza-500x333.jpg&quot;,&quot;750&quot;:&quot;https:\\\/\\\/www.basgroupglobal.com\\\/wp-content\\\/uploads\\\/2025\\\/04\\\/smart_pizza-750x500.jpg&quot;,&quot;1000&quot;:&quot;https:\\\/\\\/www.basgroupglobal.com\\\/wp-content\\\/uploads\\\/2025\\\/04\\\/smart_pizza-1000x667.jpg&quot;,&quot;1500&quot;:&quot;https:\\\/\\\/www.basgroupglobal.com\\\/wp-content\\\/uploads\\\/2025\\\/04\\\/smart_pizza-1500x1000.jpg&quot;,&quot;2500&quot;:&quot;https:\\\/\\\/www.basgroupglobal.com\\\/wp-content\\\/uploads\\\/2025\\\/04\\\/smart_pizza-2500x1667.jpg&quot;}\" src=\"data:image\/svg+xml;charset=utf-8,%3Csvg xmlns%3D&#039;http%3A%2F%2Fwww.w3.org%2F2000%2Fsvg&#039; viewBox%3D&#039;0 0 1500 1000&#039;%2F%3E\" width=\"1500\" height=\"1000\" data-src=\"https:\/\/www.basgroupglobal.com\/wp-content\/uploads\/2025\/04\/smart_pizza-1500x1000.jpg\" data-image-id=\"6627\" class=\"ut-adaptive-image wp-post-image skip-lazy \">\r\n\r\n        <\/div><\/a><div class=\"bklyn5-team-member-overlay\"><div class=\"bklyn5-team-member-overlay-caption\"><div class=\"bklyn5-team-member-info\"><h3 class=\"bklyn5-team-member-name\">AKILLI AMBALAJLAR<\/h3><div class=\"bklyn5-team-member-ocupation\">DAHA FAZLASI \u0130\u00c7\u0130N TIKLAYIN<\/div><\/div><\/div><\/div><\/div><\/div>[\/vc_column_inner][\/vc_row_inner][\/vc_column][\/vc_row][\/vc_section]<\/p>\n<\/div>","protected":false},"excerpt":{"rendered":"<p>[vc_section][vc_row][vc_column][vc_row_inner el_id=&#8221;products&#8221;][vc_column_inner width=&#8221;1\/3&#8243;][\/vc_column_inner][vc_column_inner width=&#8221;1\/3&#8243;][\/vc_column_inner][vc_column_inner width=&#8221;1\/3&#8243;][\/vc_column_inner][\/vc_row_inner][\/vc_column][\/vc_row][\/vc_section]<\/p>\n","protected":false},"author":3,"featured_media":0,"parent":0,"menu_order":0,"comment_status":"closed","ping_status":"closed","template":"","meta":{"footnotes":""},"class_list":["post-7054","page","type-page","status-publish","hentry"],"_links":{"self":[{"href":"https:\/\/www.basgroupglobal.com\/tr\/wp-json\/wp\/v2\/pages\/7054","targetHints":{"allow":["GET"]}}],"collection":[{"href":"https:\/\/www.basgroupglobal.com\/tr\/wp-json\/wp\/v2\/pages"}],"about":[{"href":"https:\/\/www.basgroupglobal.com\/tr\/wp-json\/wp\/v2\/types\/page"}],"author":[{"embeddable":true,"href":"https:\/\/www.basgroupglobal.com\/tr\/wp-json\/wp\/v2\/users\/3"}],"replies":[{"embeddable":true,"href":"https:\/\/www.basgroupglobal.com\/tr\/wp-json\/wp\/v2\/comments?post=7054"}],"version-history":[{"count":3,"href":"https:\/\/www.basgroupglobal.com\/tr\/wp-json\/wp\/v2\/pages\/7054\/revisions"}],"predecessor-version":[{"id":7081,"href":"https:\/\/www.basgroupglobal.com\/tr\/wp-json\/wp\/v2\/pages\/7054\/revisions\/7081"}],"wp:attachment":[{"href":"https:\/\/www.basgroupglobal.com\/tr\/wp-json\/wp\/v2\/media?parent=7054"}],"curies":[{"name":"wp","href":"https:\/\/api.w.org\/{rel}","templated":true}]}}