{"id":6949,"date":"2024-11-09T12:27:17","date_gmt":"2024-11-09T12:27:17","guid":{"rendered":"https:\/\/www.basgroupglobal.com\/bardaklar-2\/"},"modified":"2025-06-20T10:12:42","modified_gmt":"2025-06-20T10:12:42","slug":"bardaklar","status":"publish","type":"page","link":"https:\/\/www.basgroupglobal.com\/tr\/urunler\/bardaklar\/","title":{"rendered":"Bardaklar"},"content":{"rendered":"<div class=\"wpb-content-wrapper\"><p>[vc_row][vc_column]<div class=\"wpb_content_element \"><style type=\"text\/css\">#ut_header_69e3492d436f6 h1.section-title { font-size:80px !important;line-height:88px !important;letter-spacing:-0.05em; }@media (min-width: 1025px) { #ut_header_69e3492d436f6 .lead { width:50%;margin: 0 auto;} }<\/style><header id=\"ut_header_69e3492d436f6\" class=\"section-header  ut-no-title-linebreak-mobile ut-no-lead-linebreak-mobile pt-style-2 header-center header-tablet-center header-mobile-center element-with-custom-line-height\"><div class=\"element-with-custom-line-height\" ><h1 data-title=\"Bardaklar\"  data-responsive-font=\"section_title\" data-responsive-font-settings=\"{&quot;base-font-size&quot;:&quot;global&quot;,&quot;font-size&quot;:{&quot;desktop_large&quot;:&quot;80&quot;},&quot;base-line-height&quot;:&quot;global&quot;,&quot;line-height&quot;:{&quot;desktop_large&quot;:&quot;88&quot;},&quot;base-letter-spacing&quot;:&quot;global&quot;,&quot;letter-spacing&quot;:{&quot;desktop_large&quot;:&quot;-0.05&quot;}}\" class=\"section-title  \"><span>Bardaklar<\/span><\/h1><\/div><div data-delay=\"0\" class=\"lead \"><p>S\u0131cak ve So\u011fuk \u0130\u00e7ecekler i\u00e7in Tasarlanm\u0131\u015f, Dayan\u0131kl\u0131 ve \u00c7ok Y\u00f6nl\u00fc Bardaklar<\/p>\n<\/div><\/header><\/div><div class=\"wpb_content_element \"><style type=\"text\/css\">#ut_header_69e3492d4a719 h2.section-title { font-size:35px !important;line-height:75px !important;letter-spacing:-0.05em; }<\/style><header id=\"ut_header_69e3492d4a719\" class=\"section-header  ut-no-title-linebreak-mobile ut-no-lead-linebreak-mobile pt-style-2 header-center header-tablet-center header-mobile-center element-with-custom-line-height\"><div class=\"element-with-custom-line-height\" ><h2 data-title=\"Ka\u011f\u0131t Bardaklar\"  data-responsive-font=\"section_title\" data-responsive-font-settings=\"{&quot;base-font-size&quot;:&quot;35&quot;,&quot;font-size-unit&quot;:&quot;px&quot;,&quot;font-size&quot;:{&quot;desktop_large&quot;:&quot;35&quot;},&quot;base-line-height&quot;:&quot;75&quot;,&quot;line-height-unit&quot;:&quot;px&quot;,&quot;line-height&quot;:{&quot;desktop_large&quot;:&quot;75&quot;},&quot;base-letter-spacing&quot;:&quot;global&quot;,&quot;letter-spacing&quot;:{&quot;desktop_large&quot;:&quot;-0.05&quot;}}\" class=\"section-title  \"><span>Ka\u011f\u0131t Bardaklar<\/span><\/h2><\/div><div data-delay=\"0\" class=\"lead \"><\/p>\n<p style=\"font-size: 14px;\">Ka\u011f\u0131t bardaklar, hem s\u0131cak hem de so\u011fuk i\u00e7ecekler i\u00e7in \u00e7evre dostu bir se\u00e7enek sunar, kafe ve etkinlikler i\u00e7in idealdir. S\u00fcrd\u00fcr\u00fclebilir malzemelerden \u00fcretilen bu bardaklar g\u00fcvenli, kullan\u0131\u015fl\u0131 ve markalamaya uygun yap\u0131dad\u0131r. S\u0131cak i\u00e7eceklerde m\u00fckemmel yal\u0131t\u0131m, so\u011fuk i\u00e7eceklerde ise dayan\u0131kl\u0131l\u0131k sa\u011flar. Farkl\u0131 boyut se\u00e7enekleri sunarak \u00e7e\u015fitli ihtiya\u00e7lara cevap verir. S\u00fcrd\u00fcr\u00fclebilir ve i\u015flevsel bir bardak \u00e7\u00f6z\u00fcm\u00fc arayan i\u015fletmeler i\u00e7in m\u00fckemmeldir.<\/p>\n<\/div><\/header><\/div><div class=\"wpb_content_element ut-gallery-5  clearfix\"><style type=\"text\/css\">#ut_ig_69e3492d4b228 .ut-lazy:not(.ut-image-loaded) + .ut-video-module-loading { display:block; }#ut_ig_69e3492d4b228 .ut-lazy.ut-image-loaded + .ut-video-module-loading { display:none; }<\/style><div id=\"ut_ig_69e3492d4b228\" class=\"ut-image-gallery ut-image-gallery-module  ut-image-gallery-5 clearfix\" data-settings=\"{&quot;animate&quot;:true,&quot;effect&quot;:&quot;&quot;,&quot;lazy&quot;:true,&quot;delay_animation&quot;:false,&quot;global_delay_animation&quot;:false,&quot;delay_timer&quot;:100,&quot;global_delay_timer&quot;:100}\" ><div  data-count=\"3\" class=\"ut-image-gallery-item ut-animation-done grid-33 tablet-grid-33 mobile-grid-100\"><a  class=\"ut-vc-images-lightbox ut-vc-images-lightbox-group-image\"  data-exthumbimage=\"https:\/\/www.basgroupglobal.com\/wp-content\/uploads\/2023\/07\/gobelet-carton-couvercle-1-200x200.webp\" href=\"https:\/\/www.basgroupglobal.com\/wp-content\/uploads\/2023\/07\/gobelet-carton-couvercle-1-1280x720.webp\" ><div class=\"ut-image-gallery-image\" ><img fetchpriority=\"high\" decoding=\"async\"  class=\" ut-lazy skip-lazy\" src=\"data:image\/svg+xml;charset=utf-8,%3Csvg xmlns%3D'http%3A%2F%2Fwww.w3.org%2F2000%2Fsvg' viewBox%3D'0 0 1920 1080'%2F%3E\" data-src=\"https:\/\/www.basgroupglobal.com\/wp-content\/uploads\/2023\/07\/gobelet-carton-couvercle-1.webp\" width=\"1920\" height=\"1080\"><\/div><\/a><\/div><div  data-count=\"3\" class=\"ut-image-gallery-item ut-animation-done ut-animation-done grid-33 tablet-grid-33 mobile-grid-100\"><a  class=\"ut-vc-images-lightbox ut-vc-images-lightbox-group-image\"  data-exthumbimage=\"https:\/\/www.basgroupglobal.com\/wp-content\/plugins\/ut-shortcodes\/\/img\/placeholder\/replace-normal.jpg\" href=\"https:\/\/www.basgroupglobal.com\/wp-content\/plugins\/ut-shortcodes\/\/img\/placeholder\/replace-normal.jpg\" ><div class=\"ut-image-gallery-image\" ><img decoding=\"async\"  class=\" ut-lazy skip-lazy\" src=\"data:image\/svg+xml;charset=utf-8,%3Csvg xmlns%3D'http%3A%2F%2Fwww.w3.org%2F2000%2Fsvg' viewBox%3D'0 0 1958 1224'%2F%3E\" data-src=\"https:\/\/www.basgroupglobal.com\/wp-content\/plugins\/ut-shortcodes\/\/img\/placeholder\/replace-normal.jpg\" width=\"1958\" height=\"1224\"><\/div><\/a><\/div><div  data-count=\"3\" class=\"ut-image-gallery-item ut-animation-done ut-animation-done ut-animation-done grid-33 tablet-grid-33 mobile-grid-100\"><a  class=\"ut-vc-images-lightbox ut-vc-images-lightbox-group-image\"  data-exthumbimage=\"https:\/\/www.basgroupglobal.com\/wp-content\/uploads\/2023\/07\/gobelet-carton-couvercle-3-200x200.webp\" href=\"https:\/\/www.basgroupglobal.com\/wp-content\/uploads\/2023\/07\/gobelet-carton-couvercle-3-1280x720.webp\" ><div class=\"ut-image-gallery-image\" ><img decoding=\"async\"  class=\" ut-lazy skip-lazy\" src=\"data:image\/svg+xml;charset=utf-8,%3Csvg xmlns%3D'http%3A%2F%2Fwww.w3.org%2F2000%2Fsvg' viewBox%3D'0 0 1920 1080'%2F%3E\" data-src=\"https:\/\/www.basgroupglobal.com\/wp-content\/uploads\/2023\/07\/gobelet-carton-couvercle-3.webp\" width=\"1920\" height=\"1080\"><\/div><\/a><\/div><div class=\"ut-image-gallery-sizer\"><\/div><div class=\"clear\"><\/div><\/div><\/div><div class=\"wpb_content_element \"><style type=\"text\/css\">#ut_header_69e3492d4cf6e h2.section-title { font-size:35px !important;line-height:75px !important;letter-spacing:-0.05em; }<\/style><header id=\"ut_header_69e3492d4cf6e\" class=\"section-header  ut-no-title-linebreak-mobile ut-no-lead-linebreak-mobile pt-style-2 header-center header-tablet-center header-mobile-center element-with-custom-line-height\"><div class=\"element-with-custom-line-height\" ><h2 data-title=\"Dondurma Bardaklar\u0131\"  data-responsive-font=\"section_title\" data-responsive-font-settings=\"{&quot;base-font-size&quot;:&quot;35&quot;,&quot;font-size-unit&quot;:&quot;px&quot;,&quot;font-size&quot;:{&quot;desktop_large&quot;:&quot;35&quot;},&quot;base-line-height&quot;:&quot;75&quot;,&quot;line-height-unit&quot;:&quot;px&quot;,&quot;line-height&quot;:{&quot;desktop_large&quot;:&quot;75&quot;},&quot;base-letter-spacing&quot;:&quot;global&quot;,&quot;letter-spacing&quot;:{&quot;desktop_large&quot;:&quot;-0.05&quot;}}\" class=\"section-title  \"><span>Dondurma Bardaklar\u0131<\/span><\/h2><\/div><div data-delay=\"0\" class=\"lead \"><\/p>\n<p style=\"font-size: 14px;\">Dondurma bardaklar\u0131, dondurma, frozen yo\u011furt ve gelato gibi so\u011fuk tatl\u0131lar\u0131 taze tutmak i\u00e7in tasarlanm\u0131\u015ft\u0131r. Dayan\u0131kl\u0131 malzemelerden \u00fcretilen bu bardaklar s\u0131z\u0131nt\u0131y\u0131 \u00f6nler ve \u00fcr\u00fcn kalitesini korur. \u00c7e\u015fitli boyutlarda sunulan bardaklar, marka logolar\u0131 ve tasar\u0131mlar ile \u00f6zelle\u015ftirilebilir. M\u00fc\u015fteri etkile\u015fimini art\u0131ran ideal bir sunum sa\u011flar. Dondurmac\u0131lar, etkinlikler ve tatl\u0131 sat\u0131c\u0131lar\u0131 i\u00e7in m\u00fckemmeldir.<\/p>\n<\/div><\/header><\/div><div class=\"wpb_content_element ut-gallery-5  clearfix\"><style type=\"text\/css\">#ut_ig_69e3492d4d9dc .ut-lazy:not(.ut-image-loaded) + .ut-video-module-loading { display:block; }#ut_ig_69e3492d4d9dc .ut-lazy.ut-image-loaded + .ut-video-module-loading { display:none; }<\/style><div id=\"ut_ig_69e3492d4d9dc\" class=\"ut-image-gallery ut-image-gallery-module  ut-image-gallery-5 clearfix\" data-settings=\"{&quot;animate&quot;:true,&quot;effect&quot;:&quot;&quot;,&quot;lazy&quot;:true,&quot;delay_animation&quot;:false,&quot;global_delay_animation&quot;:false,&quot;delay_timer&quot;:100,&quot;global_delay_timer&quot;:100}\" ><div  data-count=\"3\" class=\"ut-image-gallery-item ut-animation-done grid-33 tablet-grid-33 mobile-grid-100\"><a  class=\"ut-vc-images-lightbox ut-vc-images-lightbox-group-image\"  data-exthumbimage=\"https:\/\/www.basgroupglobal.com\/wp-content\/uploads\/2023\/07\/pots-a-glace-1-200x200.webp\" href=\"https:\/\/www.basgroupglobal.com\/wp-content\/uploads\/2023\/07\/pots-a-glace-1-1096x720.webp\" ><div class=\"ut-image-gallery-image\" ><img loading=\"lazy\" decoding=\"async\"  class=\" ut-lazy skip-lazy\" src=\"data:image\/svg+xml;charset=utf-8,%3Csvg xmlns%3D'http%3A%2F%2Fwww.w3.org%2F2000%2Fsvg' viewBox%3D'0 0 3500 2300'%2F%3E\" data-src=\"https:\/\/www.basgroupglobal.com\/wp-content\/uploads\/2023\/07\/pots-a-glace-1.webp\" width=\"3500\" height=\"2300\"><\/div><\/a><\/div><div  data-count=\"3\" class=\"ut-image-gallery-item ut-animation-done ut-animation-done grid-33 tablet-grid-33 mobile-grid-100\"><a  class=\"ut-vc-images-lightbox ut-vc-images-lightbox-group-image\"  data-exthumbimage=\"https:\/\/www.basgroupglobal.com\/wp-content\/uploads\/2023\/07\/pots-a-glace-2-200x200.webp\" href=\"https:\/\/www.basgroupglobal.com\/wp-content\/uploads\/2023\/07\/pots-a-glace-2-1096x720.webp\" ><div class=\"ut-image-gallery-image\" ><img loading=\"lazy\" decoding=\"async\"  class=\" ut-lazy skip-lazy\" src=\"data:image\/svg+xml;charset=utf-8,%3Csvg xmlns%3D'http%3A%2F%2Fwww.w3.org%2F2000%2Fsvg' viewBox%3D'0 0 3500 2300'%2F%3E\" data-src=\"https:\/\/www.basgroupglobal.com\/wp-content\/uploads\/2023\/07\/pots-a-glace-2.webp\" width=\"3500\" height=\"2300\"><\/div><\/a><\/div><div  data-count=\"3\" class=\"ut-image-gallery-item ut-animation-done ut-animation-done ut-animation-done grid-33 tablet-grid-33 mobile-grid-100\"><a  class=\"ut-vc-images-lightbox ut-vc-images-lightbox-group-image\"  data-exthumbimage=\"https:\/\/www.basgroupglobal.com\/wp-content\/uploads\/2023\/07\/pots-a-glace-3-200x200.webp\" href=\"https:\/\/www.basgroupglobal.com\/wp-content\/uploads\/2023\/07\/pots-a-glace-3-1096x720.webp\" ><div class=\"ut-image-gallery-image\" ><img loading=\"lazy\" decoding=\"async\"  class=\" ut-lazy skip-lazy\" src=\"data:image\/svg+xml;charset=utf-8,%3Csvg xmlns%3D'http%3A%2F%2Fwww.w3.org%2F2000%2Fsvg' viewBox%3D'0 0 3500 2300'%2F%3E\" data-src=\"https:\/\/www.basgroupglobal.com\/wp-content\/uploads\/2023\/07\/pots-a-glace-3.webp\" width=\"3500\" height=\"2300\"><\/div><\/a><\/div><div class=\"ut-image-gallery-sizer\"><\/div><div class=\"clear\"><\/div><\/div><\/div><div class=\"wpb_content_element \"><style type=\"text\/css\">#ut_header_69e3492d50412 h2.section-title { font-size:35px !important;line-height:75px !important;letter-spacing:-0.05em; }<\/style><header id=\"ut_header_69e3492d50412\" class=\"section-header  ut-no-title-linebreak-mobile ut-no-lead-linebreak-mobile pt-style-2 header-center header-tablet-center header-mobile-center element-with-custom-line-height\"><div class=\"element-with-custom-line-height\" ><h2 data-title=\"Kapakl\u0131 PET Bardaklar\"  data-responsive-font=\"section_title\" data-responsive-font-settings=\"{&quot;base-font-size&quot;:&quot;35&quot;,&quot;font-size-unit&quot;:&quot;px&quot;,&quot;font-size&quot;:{&quot;desktop_large&quot;:&quot;35&quot;},&quot;base-line-height&quot;:&quot;75&quot;,&quot;line-height-unit&quot;:&quot;px&quot;,&quot;line-height&quot;:{&quot;desktop_large&quot;:&quot;75&quot;},&quot;base-letter-spacing&quot;:&quot;global&quot;,&quot;letter-spacing&quot;:{&quot;desktop_large&quot;:&quot;-0.05&quot;}}\" class=\"section-title  \"><span>Kapakl\u0131 PET Bardaklar<\/span><\/h2><\/div><div data-delay=\"0\" class=\"lead \"><\/p>\n<p style=\"font-size: 14px;\">Kapakl\u0131 PET bardaklar, so\u011fuk i\u00e7ecekler i\u00e7in \u015feffaf ve d\u00f6k\u00fclme yapmayan bir sunum sa\u011flar. \u015eeffaf PET malzeme, meyve sular\u0131, smoothie\u2019ler ve buzlu i\u00e7ecekler i\u00e7in m\u00fckemmel g\u00f6r\u00fcn\u00fcrl\u00fck sunar. Dayan\u0131kl\u0131 ve geri d\u00f6n\u00fc\u015ft\u00fcr\u00fclebilir yap\u0131s\u0131yla profesyonel bir sunum sa\u011flarken s\u00fcrd\u00fcr\u00fclebilirli\u011fi destekler. Kapaklar g\u00fcvenli kapan\u0131\u015f sa\u011flar, paket servis ve etkinlikler i\u00e7in idealdir. Logo ile \u00f6zelle\u015ftirilebilir, i\u00e7ecek servisi i\u00e7in modern bir \u00e7\u00f6z\u00fcmd\u00fcr.<\/p>\n<\/div><\/header><\/div><div class=\"wpb_content_element ut-gallery-5  clearfix\"><style type=\"text\/css\">#ut_ig_69e3492d512ae .ut-lazy:not(.ut-image-loaded) + .ut-video-module-loading { display:block; }#ut_ig_69e3492d512ae .ut-lazy.ut-image-loaded + .ut-video-module-loading { display:none; }<\/style><div id=\"ut_ig_69e3492d512ae\" class=\"ut-image-gallery ut-image-gallery-module  ut-image-gallery-5 clearfix\" data-settings=\"{&quot;animate&quot;:true,&quot;effect&quot;:&quot;&quot;,&quot;lazy&quot;:true,&quot;delay_animation&quot;:false,&quot;global_delay_animation&quot;:false,&quot;delay_timer&quot;:100,&quot;global_delay_timer&quot;:100}\" ><div  data-count=\"3\" class=\"ut-image-gallery-item ut-animation-done grid-33 tablet-grid-33 mobile-grid-100\"><a  class=\"ut-vc-images-lightbox ut-vc-images-lightbox-group-image\"  data-exthumbimage=\"https:\/\/www.basgroupglobal.com\/wp-content\/uploads\/2023\/07\/gobelet-plastique-couvercle-3-200x200.webp\" href=\"https:\/\/www.basgroupglobal.com\/wp-content\/uploads\/2023\/07\/gobelet-plastique-couvercle-3-1096x720.webp\" ><div class=\"ut-image-gallery-image\" ><img loading=\"lazy\" decoding=\"async\"  class=\" ut-lazy skip-lazy\" src=\"data:image\/svg+xml;charset=utf-8,%3Csvg xmlns%3D'http%3A%2F%2Fwww.w3.org%2F2000%2Fsvg' viewBox%3D'0 0 3500 2300'%2F%3E\" data-src=\"https:\/\/www.basgroupglobal.com\/wp-content\/uploads\/2023\/07\/gobelet-plastique-couvercle-3.webp\" width=\"3500\" height=\"2300\"><\/div><\/a><\/div><div  data-count=\"3\" class=\"ut-image-gallery-item ut-animation-done ut-animation-done grid-33 tablet-grid-33 mobile-grid-100\"><a  class=\"ut-vc-images-lightbox ut-vc-images-lightbox-group-image\"  data-exthumbimage=\"https:\/\/www.basgroupglobal.com\/wp-content\/uploads\/2023\/07\/gobelet-plastique-couvercle-2-200x200.webp\" href=\"https:\/\/www.basgroupglobal.com\/wp-content\/uploads\/2023\/07\/gobelet-plastique-couvercle-2-1096x720.webp\" ><div class=\"ut-image-gallery-image\" ><img loading=\"lazy\" decoding=\"async\"  class=\" ut-lazy skip-lazy\" src=\"data:image\/svg+xml;charset=utf-8,%3Csvg xmlns%3D'http%3A%2F%2Fwww.w3.org%2F2000%2Fsvg' viewBox%3D'0 0 3500 2300'%2F%3E\" data-src=\"https:\/\/www.basgroupglobal.com\/wp-content\/uploads\/2023\/07\/gobelet-plastique-couvercle-2.webp\" width=\"3500\" height=\"2300\"><\/div><\/a><\/div><div  data-count=\"3\" class=\"ut-image-gallery-item ut-animation-done ut-animation-done ut-animation-done grid-33 tablet-grid-33 mobile-grid-100\"><a  class=\"ut-vc-images-lightbox ut-vc-images-lightbox-group-image\"  data-exthumbimage=\"https:\/\/www.basgroupglobal.com\/wp-content\/uploads\/2023\/07\/gobelet-plastique-couvercle-1-200x200.webp\" href=\"https:\/\/www.basgroupglobal.com\/wp-content\/uploads\/2023\/07\/gobelet-plastique-couvercle-1-1096x720.webp\" ><div class=\"ut-image-gallery-image\" ><img loading=\"lazy\" decoding=\"async\"  class=\" ut-lazy skip-lazy\" src=\"data:image\/svg+xml;charset=utf-8,%3Csvg xmlns%3D'http%3A%2F%2Fwww.w3.org%2F2000%2Fsvg' viewBox%3D'0 0 3500 2300'%2F%3E\" data-src=\"https:\/\/www.basgroupglobal.com\/wp-content\/uploads\/2023\/07\/gobelet-plastique-couvercle-1.webp\" width=\"3500\" height=\"2300\"><\/div><\/a><\/div><div class=\"ut-image-gallery-sizer\"><\/div><div class=\"clear\"><\/div><\/div><\/div>[\/vc_column][\/vc_row][vc_section][\/vc_section]<\/p>\n<\/div>","protected":false},"excerpt":{"rendered":"<p>[vc_row][vc_column][\/vc_column][\/vc_row][vc_section][\/vc_section]<\/p>\n","protected":false},"author":1,"featured_media":0,"parent":7054,"menu_order":0,"comment_status":"closed","ping_status":"closed","template":"","meta":{"footnotes":""},"class_list":["post-6949","page","type-page","status-publish","hentry"],"_links":{"self":[{"href":"https:\/\/www.basgroupglobal.com\/tr\/wp-json\/wp\/v2\/pages\/6949","targetHints":{"allow":["GET"]}}],"collection":[{"href":"https:\/\/www.basgroupglobal.com\/tr\/wp-json\/wp\/v2\/pages"}],"about":[{"href":"https:\/\/www.basgroupglobal.com\/tr\/wp-json\/wp\/v2\/types\/page"}],"author":[{"embeddable":true,"href":"https:\/\/www.basgroupglobal.com\/tr\/wp-json\/wp\/v2\/users\/1"}],"replies":[{"embeddable":true,"href":"https:\/\/www.basgroupglobal.com\/tr\/wp-json\/wp\/v2\/comments?post=6949"}],"version-history":[{"count":2,"href":"https:\/\/www.basgroupglobal.com\/tr\/wp-json\/wp\/v2\/pages\/6949\/revisions"}],"predecessor-version":[{"id":6957,"href":"https:\/\/www.basgroupglobal.com\/tr\/wp-json\/wp\/v2\/pages\/6949\/revisions\/6957"}],"up":[{"embeddable":true,"href":"https:\/\/www.basgroupglobal.com\/tr\/wp-json\/wp\/v2\/pages\/7054"}],"wp:attachment":[{"href":"https:\/\/www.basgroupglobal.com\/tr\/wp-json\/wp\/v2\/media?parent=6949"}],"curies":[{"name":"wp","href":"https:\/\/api.w.org\/{rel}","templated":true}]}}