{"id":6816,"date":"2025-06-12T07:40:35","date_gmt":"2025-06-12T07:40:35","guid":{"rendered":"https:\/\/www.basgroupglobal.com\/concept-plus\/"},"modified":"2025-08-04T10:00:40","modified_gmt":"2025-08-04T10:00:40","slug":"concept-plus","status":"publish","type":"page","link":"https:\/\/www.basgroupglobal.com\/tr\/concept-plus\/","title":{"rendered":"Concept Plus"},"content":{"rendered":"\t\t<div data-elementor-type=\"wp-page\" data-elementor-id=\"6816\" class=\"elementor elementor-6816 elementor-6799\">\n\t\t\t\t<div class=\"elementor-element elementor-element-f931950 e-flex e-con-boxed e-con e-parent\" data-id=\"f931950\" data-element_type=\"container\">\n\t\t\t\t\t<div class=\"e-con-inner\">\n\t\t\t\t<div class=\"elementor-element elementor-element-e80c9b0 elementor-widget elementor-widget-heading\" data-id=\"e80c9b0\" data-element_type=\"widget\" data-widget_type=\"heading.default\">\n\t\t\t\t<div class=\"elementor-widget-container\">\n\t\t\t<h1 class=\"elementor-heading-title elementor-size-default\">Concept Plus<\/h1>\t\t<\/div>\n\t\t\t\t<\/div>\n\t\t\t\t<div class=\"elementor-element elementor-element-bb8cc73 elementor-widget-divider--view-line elementor-widget elementor-widget-divider\" data-id=\"bb8cc73\" data-element_type=\"widget\" data-widget_type=\"divider.default\">\n\t\t\t\t<div class=\"elementor-widget-container\">\n\t\t\t\t\t<div class=\"elementor-divider\">\n\t\t\t<span class=\"elementor-divider-separator\">\n\t\t\t\t\t\t<\/span>\n\t\t<\/div>\n\t\t\t\t<\/div>\n\t\t\t\t<\/div>\n\t\t\t\t<div class=\"elementor-element elementor-element-a0498ec elementor-widget elementor-widget-text-editor\" data-id=\"a0498ec\" data-element_type=\"widget\" data-widget_type=\"text-editor.default\">\n\t\t\t\t<div class=\"elementor-widget-container\">\n\t\t\t\t\t\t\t<p>\u0130htiyac\u0131n\u0131z olan her \u015fey tek bir yerde.<\/p>\n\t\t\t\t\t\t<\/div>\n\t\t\t\t<\/div>\n\t\t\t\t\t<\/div>\n\t\t\t\t<\/div>\n\t\t<div class=\"elementor-element elementor-element-dca029f e-flex e-con-boxed e-con e-parent\" data-id=\"dca029f\" data-element_type=\"container\">\n\t\t\t\t\t<div class=\"e-con-inner\">\n\t\t<div class=\"elementor-element elementor-element-b4e1620 e-con-full e-flex e-con e-child\" data-id=\"b4e1620\" data-element_type=\"container\">\n\t\t\t\t<div class=\"elementor-element elementor-element-ed5e236 elementor-widget elementor-widget-text-editor\" data-id=\"ed5e236\" data-element_type=\"widget\" data-widget_type=\"text-editor.default\">\n\t\t\t\t<div class=\"elementor-widget-container\">\n\t\t\t\t\t\t\tConcept plus, ayn\u0131 renk uyumunda tasarlanacak bir\u00e7ok farkl\u0131 \u00fcr\u00fcn\u00fcn bir arada \u00fcretilip sevk edilmesinin anahtar teslim hizmetidir ve markan\u0131z\u0131 g\u00fc\u00e7lendirmek i\u00e7in benzersiz bile\u015fik \u00fcr\u00fcnler sunar. Siz ise zamandan ve maliyetlerden tasarruf edip konforun tad\u0131n\u0131 \u00e7\u0131kar\u0131rs\u0131n\u0131z. \n\t\t\t\t\t\t<\/div>\n\t\t\t\t<\/div>\n\t\t\t\t<div class=\"elementor-element elementor-element-c25383a elementor-widget elementor-widget-heading\" data-id=\"c25383a\" data-element_type=\"widget\" data-widget_type=\"heading.default\">\n\t\t\t\t<div class=\"elementor-widget-container\">\n\t\t\t<h2 class=\"elementor-heading-title elementor-size-default\">Nas\u0131l \u00c7al\u0131\u015f\u0131r?<\/h2>\t\t<\/div>\n\t\t\t\t<\/div>\n\t\t\t\t<div class=\"elementor-element elementor-element-c1d5831 elementor-widget elementor-widget-text-editor\" data-id=\"c1d5831\" data-element_type=\"widget\" data-widget_type=\"text-editor.default\">\n\t\t\t\t<div class=\"elementor-widget-container\">\n\t\t\t\t\t\t\tKreatif ekibimiz kurumsal kimli\u011finizi \u00f6zenle tasarlar, parlak ve mat pantone renkleri bask\u0131 t\u00fcr\u00fcne g\u00f6re e\u015fle\u015ftirerek \u00fcretimimize teslim eder. \u00dcretim ekibimiz flekso, ofset, dijital veya uv bask\u0131 fark etmeksizin ayn\u0131 renk tonlar\u0131nda bask\u0131 yapma sorumlulu\u011funu \u00fcstlenir. Bask\u0131ya giren her bir \u00fcr\u00fcn\u00fcn rengi di\u011feriyle e\u015fle\u015ftirilerek \u00fcr\u00fcn gam\u0131 olu\u015fturulur. Concept Plus\u2019da ayn\u0131 renk armonisiyle \u00fcretilen \u00fcr\u00fcnler kurumsal imaj ve renklerinizin \u00f6yk\u00fcs\u00fcn\u00fc olu\u015fturur.   \n<br><br>T\u00fcm i\u015flemler m\u00fckemmeliyet\u00e7i ve ekolojik ni\u015f ruhuyla yap\u0131l\u0131r. Ambalajlarda kullan\u0131lan geri d\u00f6n\u00fc\u015ft\u00fcr\u00fclm\u00fc\u015f\/d\u00f6n\u00fc\u015ft\u00fcr\u00fclebilir materyallere verdi\u011fimiz \u00f6nem ise do\u011faya sayg\u0131m\u0131z\u0131 ifade eder. \t\t\t\t\t\t<\/div>\n\t\t\t\t<\/div>\n\t\t\t\t<\/div>\n\t\t<div class=\"elementor-element elementor-element-79d83d3 e-con-full e-flex e-con e-child\" data-id=\"79d83d3\" data-element_type=\"container\" data-settings=\"{&quot;background_background&quot;:&quot;video&quot;,&quot;background_video_link&quot;:&quot;https:\\\/\\\/vimeo.com\\\/1092122823&quot;,&quot;background_video_start&quot;:0,&quot;background_play_on_mobile&quot;:&quot;yes&quot;}\">\n\t\t<div class=\"elementor-background-video-container\">\n\t\t\t\t\t\t\t<div class=\"elementor-background-video-embed\"><\/div>\n\t\t\t\t\t\t<\/div>\t\t<\/div>\n\t\t\t\t\t<\/div>\n\t\t\t\t<\/div>\n\t\t\t\t<\/div>\n\t\t","protected":false},"excerpt":{"rendered":"<p>Concept Plus \u0130htiyac\u0131n\u0131z olan her \u015fey tek bir yerde. Concept plus, ayn\u0131 renk uyumunda tasarlanacak bir\u00e7ok farkl\u0131 \u00fcr\u00fcn\u00fcn bir arada \u00fcretilip sevk edilmesinin anahtar teslim hizmetidir ve markan\u0131z\u0131 g\u00fc\u00e7lendirmek i\u00e7in benzersiz bile\u015fik \u00fcr\u00fcnler sunar. Siz ise zamandan ve maliyetlerden tasarruf edip konforun tad\u0131n\u0131 \u00e7\u0131kar\u0131rs\u0131n\u0131z. Nas\u0131l \u00c7al\u0131\u015f\u0131r? Kreatif ekibimiz kurumsal kimli\u011finizi \u00f6zenle tasarlar, parlak ve mat [&hellip;]<\/p>\n","protected":false},"author":3,"featured_media":0,"parent":0,"menu_order":0,"comment_status":"closed","ping_status":"closed","template":"elementor_header_footer","meta":{"footnotes":""},"class_list":["post-6816","page","type-page","status-publish","hentry"],"_links":{"self":[{"href":"https:\/\/www.basgroupglobal.com\/tr\/wp-json\/wp\/v2\/pages\/6816","targetHints":{"allow":["GET"]}}],"collection":[{"href":"https:\/\/www.basgroupglobal.com\/tr\/wp-json\/wp\/v2\/pages"}],"about":[{"href":"https:\/\/www.basgroupglobal.com\/tr\/wp-json\/wp\/v2\/types\/page"}],"author":[{"embeddable":true,"href":"https:\/\/www.basgroupglobal.com\/tr\/wp-json\/wp\/v2\/users\/3"}],"replies":[{"embeddable":true,"href":"https:\/\/www.basgroupglobal.com\/tr\/wp-json\/wp\/v2\/comments?post=6816"}],"version-history":[{"count":4,"href":"https:\/\/www.basgroupglobal.com\/tr\/wp-json\/wp\/v2\/pages\/6816\/revisions"}],"predecessor-version":[{"id":7206,"href":"https:\/\/www.basgroupglobal.com\/tr\/wp-json\/wp\/v2\/pages\/6816\/revisions\/7206"}],"wp:attachment":[{"href":"https:\/\/www.basgroupglobal.com\/tr\/wp-json\/wp\/v2\/media?parent=6816"}],"curies":[{"name":"wp","href":"https:\/\/api.w.org\/{rel}","templated":true}]}}