{"id":5962,"date":"2024-05-21T08:46:13","date_gmt":"2024-05-21T08:46:13","guid":{"rendered":"https:\/\/www.basgroupglobal.com\/?page_id=5962"},"modified":"2024-06-13T21:43:28","modified_gmt":"2024-06-13T21:43:28","slug":"cerez-politikamiz","status":"publish","type":"page","link":"https:\/\/www.basgroupglobal.com\/tr\/cerez-politikamiz\/","title":{"rendered":"\u00c7erez Politikam\u0131z"},"content":{"rendered":"<p>\u00c7EREZ POL\u0130T\u0130KASI Firma Ad\u0131 (\u201cbasgroupglobal.com\u201d), bir\u00e7ok web sitesinde oldu\u011fu gibi ziyaret\u00e7ilerin web sitesini daha iyi deneyimlemelerini sa\u011flamak amac\u0131yla \u00e7erez kullanmaktad\u0131r.<\/p>\n<p>\u0130\u015fbu \u00c7erez Politikas\u0131 web sitesi ziyaret\u00e7ilerini \u00e7erezin tan\u0131m\u0131, \u00e7erez t\u00fcrleri, basgroupglobal.com taraf\u0131ndan kullan\u0131lan \u00e7erezler ve \u00e7erez tercihlerinin nas\u0131l y\u00f6netilebilece\u011fi konular\u0131nda bilgilendirmek amac\u0131yla haz\u0131rlanm\u0131\u015ft\u0131r. Web sitesinde yer alan \u00e7erez kullan\u0131m uyar\u0131s\u0131n\u0131n kapat\u0131lmas\u0131 ya da web sitesi kullan\u0131m\u0131na devam edilmesi halinde \u00e7erezlere onay verildi\u011fi kabul edilir.<\/p>\n<p>\u00c7erez kullan\u0131m\u0131n\u0131 onaylam\u0131yorsan\u0131z web sitesine devam etmemenizi ya da taray\u0131c\u0131n\u0131zdan \u00e7erez tercihlerinizi de\u011fi\u015ftirmenizi rica ederiz. \u00c7erezlere izin verilmemesi halinde web sitesinin baz\u0131 \u00f6zelliklerinin i\u015flevselli\u011fini yitirebilece\u011fini hat\u0131rlatmak isteriz.<\/p>\n<p>\u00c7EREZLER (&#8220;COOKIE&#8221;) NED\u0130R? \u00c7erez, bir web sitesini ziyaret etti\u011finizde bilgisayar\u0131n\u0131zda ya da mobil cihaz\u0131n\u0131zda depolanan k\u00fc\u00e7\u00fck metin dosyalar\u0131d\u0131r. Bu dosyalarda IP adresiniz, oturum bilgileriniz, eri\u015fti\u011finiz sayfalar vb. veriler saklan\u0131r. \u00c7erezler, ad ve soyad\u0131 ya da adres gibi verileri i\u00e7ermezler. \u00c7erezler sayesinde web sitesi tercihleriniz hat\u0131rlanabilir, oturumunuzun a\u00e7\u0131k tutulmas\u0131 sa\u011flanabilir ya da size ilgilendi\u011finiz i\u00e7erik sunulabilir.<\/p>\n<p>\u00c7erezlere ili\u015fkin detayl\u0131 bilgi i\u00e7in www.aboutcookies.org ve www.allaboutcookies.org adreslerini ziyaret edebilirsiniz.<\/p>\n<p>\u00c7EREZLER T\u00dcRLER\u0130 \u00c7erezler mobil cihazlarda depolanma s\u00fcreleri ve kimin taraf\u0131ndan yerle\u015ftirildikleri gibi kriterlere g\u00f6re farkl\u0131 t\u00fcrlere ayr\u0131lmaktad\u0131r. Bu kriterler kapsam\u0131nda temel ayr\u0131m \u015fu \u015fekildedir:<\/p>\n<p>Oturum \u00c7erezleri\/Kal\u0131c\u0131 \u00c7erezler: Oturum \u00e7erezleri, ge\u00e7ici \u00e7erezler olup taray\u0131c\u0131y\u0131 kapatt\u0131ktan sonra cihazdan silinirler. Bu \u00e7erezlerin temel i\u015flevi web sitesinin d\u00fczg\u00fcn bir \u015fekilde \u00e7al\u0131\u015fmas\u0131n\u0131 sa\u011flamakt\u0131r. Kal\u0131c\u0131 \u00e7erezler ise taray\u0131c\u0131y\u0131 kapatt\u0131ktan sonra da ziyaret\u00e7i taraf\u0131ndan silininceye ya da s\u00fcresi doluncaya dek cihazda kalmaya devam ederler. Birinci Taraf\/\u00dc\u00e7\u00fcnc\u00fc Taraf \u00c7erezler: Birinci taraf \u00e7erezler ziyaret edilen web sitesi operat\u00f6r\u00fc taraf\u0131ndan cihaza yerle\u015ftirilen \u00e7erezlerdir. \u00dc\u00e7\u00fcnc\u00fc taraf \u00e7erezler ise ziyaret edilen web sitesi operat\u00f6r\u00fc d\u0131\u015f\u0131ndaki ki\u015filer taraf\u0131ndan cihaza yerle\u015ftirilen ve kontrol edilen \u00e7erezlerdir.<\/p>\n<p>HANG\u0130 \u00c7EREZLER\u0130 KULLANIYORUZ? Basgroupglobal.com, Gizlilik Politikas\u0131 ve Ki\u015fisel Verilerin Korunmas\u0131 ve \u0130\u015flenmesi Politikas\u0131&#8217;na uygun olarak farkl\u0131 t\u00fcrde \u00e7erezler kullanmaktad\u0131r.<\/p>\n<p>Zorunlu \u00c7erezler: Web sitesinin do\u011fru bir \u015fekilde \u00e7al\u0131\u015fmas\u0131n\u0131 sa\u011flayan ve \u00f6zelliklerini kullanman\u0131za imk\u00e2n veren teknik \u00e7erezlerdir. Oturum \u00e7erezi kategorisinde yer al\u0131rlar. Bu \u00e7erezlerin engellenmesi halinde web sitesi \u00f6zelliklerinin kullan\u0131lamamas\u0131 sonucu do\u011far. Zorunlu \u00e7erezlerin kullan\u0131m\u0131 i\u00e7in ziyaret\u00e7ilerimizin onay\u0131 gerekmemektedir. Analitik \u00c7erezler: Basgroupglobal.com web sitesi deneyiminizi iyile\u015ftirmek amac\u0131yla analitik \u00e7erezler kullanmaktad\u0131r. Analitik \u00e7erezler, ziyaret\u00e7ilerimizin web sitesi nas\u0131l kulland\u0131\u011f\u0131n\u0131 (\u00f6rn; hangi sayfalar\u0131 ziyaret etti\u011fini, ziyaret s\u00fcresini vb.) anlamam\u0131z\u0131 sa\u011flar. B\u00f6ylelikle basgroupglobal.com sundu\u011fu i\u00e7erikleri geli\u015ftirebilir ya da web sitesi tasar\u0131m\u0131n\u0131 de\u011fi\u015ftirebilir. Analitik ama\u00e7lar i\u00e7in web analiz ara\u00e7lar\u0131ndan Google Analytics ve Hotjar kullan\u0131lmaktad\u0131r. Google Analytics ve Hotjar kapsam\u0131 d\u0131\u015f\u0131nda kalma y\u00f6ntemine basgroupglobal.com Gizlilik Politikas\u0131\u2019ndan ula\u015fabilirsiniz. \u0130\u015flevsellik \u00c7erezleri: Web sitesini tekrar ziyaret etti\u011finizde dil tercihlerinizin, b\u00f6lge se\u00e7iminizin vb. hat\u0131rlanmas\u0131na olanak sa\u011flar. Hedefleme\/Reklam \u00c7erezleri: Basgroupglobal.com web sitesinde hedefleme ve reklam amac\u0131yla farkl\u0131 birinci taraf ve \u00fc\u00e7\u00fcnc\u00fc taraf \u00e7erezler kullanmaktad\u0131r. Bu \u00e7erezleri taray\u0131c\u0131n\u0131z\u0131n ayarlar\u0131n\u0131 de\u011fi\u015ftirerek engellemeniz m\u00fcmk\u00fcnd\u00fcr.<\/p>\n<p>\u00c7EREZ TERC\u0130HLER\u0130N\u0130Z\u0130 NASIL DE\u011e\u0130\u015eT\u0130REB\u0130L\u0130RS\u0130N\u0130Z? \u00c7erezleri kulland\u0131\u011f\u0131n\u0131z taray\u0131c\u0131n\u0131n ayarlar\u0131n\u0131 de\u011fi\u015ftirerek ki\u015fiselle\u015ftirmeniz ya da tamamen engellemeniz m\u00fcmk\u00fcnd\u00fcr. Farkl\u0131 taray\u0131c\u0131lar i\u00e7in izlenmesi gereken ad\u0131mlara ili\u015fkin detayl\u0131 bilgiye a\u015fa\u011f\u0131daki linklerden ula\u015fabilirsiniz:<\/p>\n<p>Google Chrome : https:\/\/support.google.com\/chrome\/answer\/95647?co=GENIE.Platform%3DDesktop&amp;hl=tr<\/p>\n<p>Internet Explorer : https:\/\/support.microsoft.com\/tr-tr\/help\/17442\/windows-internet-explorer-delete-manage-cookies<\/p>\n<p>Mozilla Firefox : https:\/\/support.mozilla.org\/tr\/kb\/cerezleri-silme-web-sitelerinin-bilgilerini-kaldirma<\/p>\n<p>Yandex : https:\/\/yandex.com.tr\/support\/browser-classic\/personal-data-protection\/cookies.xml<\/p>\n<p>Safari : https:\/\/support.apple.com\/kb\/PH21411?locale=tr_TR<\/p>\n<p>Di\u011fer taray\u0131c\u0131larda \u00e7erez tercihlerini y\u00f6netmek i\u00e7in ilgili taray\u0131c\u0131n\u0131n yard\u0131m veya destek sayfas\u0131n\u0131 inceleyebilirsiniz.<\/p>\n<p>K\u0130\u015e\u0130SEL VER\u0130LER\u0130N\u0130ZE \u0130L\u0130\u015eK\u0130N HAKLARINIZ Veri sahibi olarak basgroupglobal.com\u2019a ba\u015fvurarak;<\/p>\n<p>Ki\u015fisel verilerinizin i\u015flenip i\u015flenmedi\u011fini \u00f6\u011frenme, Ki\u015fisel verileriniz i\u015flenmi\u015fse buna ili\u015fkin bilgi talep etme, Ki\u015fisel verilerinizin i\u015flenme amac\u0131n\u0131 ve bunlar\u0131n amac\u0131na uygun kullan\u0131l\u0131p kullan\u0131lmad\u0131\u011f\u0131n\u0131 \u00f6\u011frenme, Yurt i\u00e7inde veya yurt d\u0131\u015f\u0131nda ki\u015fisel verilerinizin aktar\u0131ld\u0131\u011f\u0131 \u00fc\u00e7\u00fcnc\u00fc ki\u015fileri bilme, Ki\u015fisel verilerinizin eksik veya yanl\u0131\u015f i\u015flenmi\u015f olmas\u0131 h\u00e2linde bunlar\u0131n d\u00fczeltilmesini isteme ve bu kapsamda yap\u0131lan i\u015flemlerin ki\u015fisel verilerinizin aktar\u0131ld\u0131\u011f\u0131 \u00fc\u00e7\u00fcnc\u00fc ki\u015filere bildirilmesini isteme, 6698 say\u0131l\u0131 Kanun ve ilgili di\u011fer kanun h\u00fck\u00fcmlerine uygun olarak i\u015flenmi\u015f olmas\u0131na ra\u011fmen, i\u015flenmesini gerektiren sebeplerin ortadan kalkmas\u0131 h\u00e2linde ki\u015fisel verilerinizin silinmesini veya yok edilmesini isteme ve bu kapsamda yap\u0131lan i\u015flemlerin ki\u015fisel verilerinizin aktar\u0131ld\u0131\u011f\u0131 \u00fc\u00e7\u00fcnc\u00fc ki\u015filere bildirilmesini isteme, \u0130\u015flenen verilerinizin m\u00fcnhas\u0131ran otomatik sistemler vas\u0131tas\u0131yla analiz edilmesi suretiyle aleyhinize bir sonucun ortaya \u00e7\u0131kmas\u0131na itiraz etme, Ki\u015fisel verilerinizin kanuna ayk\u0131r\u0131 olarak i\u015flenmesi sebebiyle zarara u\u011framan\u0131z h\u00e2linde zarar\u0131n giderilmesini talep etme haklar\u0131na sahipsiniz. Yukar\u0131da say\u0131lan haklar\u0131n\u0131za ili\u015fkin taleplerinizi Veri Sorumlusuna Ba\u015fvuru Usul ve Esaslar\u0131 Hakk\u0131nda Tebli\u011f\u2019de \u00f6ng\u00f6r\u00fclen ba\u015fvuru usullerine uygun olarak basgroupglobal.com\u2019a iletmeniz durumunda basgroupglobal.com talebinizi niteli\u011fine g\u00f6re en k\u0131sa s\u00fcrede ve en ge\u00e7 30 (otuz) g\u00fcn i\u00e7inde \u00fccretsiz olarak sonu\u00e7land\u0131racakt\u0131r. Ancak, i\u015flemin ayr\u0131ca bir maliyeti gerektirmesi h\u00e2linde, basgroupglobal.com Ki\u015fisel Verileri Koruma Kurulunca belirlenen tarifedeki \u00fccreti alabilir.<\/p>\n<p>Basgroupglobal.com taraf\u0131ndan ki\u015fisel verilerinizin i\u015flenmesi ile veri g\u00fcvenli\u011finin sa\u011flanmas\u0131 konular\u0131nda daha detayl\u0131 bilgiye basgroupglobal.com Ki\u015fisel Verilerin Korunmas\u0131 ve \u0130\u015flenmesi Politikas\u0131\u2019ndan ula\u015fabilirsiniz.<\/p>\n","protected":false},"excerpt":{"rendered":"<p>\u00c7EREZ POL\u0130T\u0130KASI Firma Ad\u0131 (\u201cbasgroupglobal.com\u201d), bir\u00e7ok web sitesinde oldu\u011fu gibi ziyaret\u00e7ilerin web sitesini daha iyi deneyimlemelerini sa\u011flamak amac\u0131yla \u00e7erez kullanmaktad\u0131r. \u0130\u015fbu \u00c7erez Politikas\u0131 web sitesi ziyaret\u00e7ilerini \u00e7erezin tan\u0131m\u0131, \u00e7erez t\u00fcrleri, basgroupglobal.com taraf\u0131ndan kullan\u0131lan \u00e7erezler ve \u00e7erez tercihlerinin nas\u0131l y\u00f6netilebilece\u011fi konular\u0131nda bilgilendirmek amac\u0131yla haz\u0131rlanm\u0131\u015ft\u0131r. Web sitesinde yer alan \u00e7erez kullan\u0131m uyar\u0131s\u0131n\u0131n kapat\u0131lmas\u0131 ya da web sitesi [&hellip;]<\/p>\n","protected":false},"author":1,"featured_media":0,"parent":0,"menu_order":0,"comment_status":"closed","ping_status":"closed","template":"","meta":{"footnotes":""},"class_list":["post-5962","page","type-page","status-publish","hentry"],"_links":{"self":[{"href":"https:\/\/www.basgroupglobal.com\/tr\/wp-json\/wp\/v2\/pages\/5962","targetHints":{"allow":["GET"]}}],"collection":[{"href":"https:\/\/www.basgroupglobal.com\/tr\/wp-json\/wp\/v2\/pages"}],"about":[{"href":"https:\/\/www.basgroupglobal.com\/tr\/wp-json\/wp\/v2\/types\/page"}],"author":[{"embeddable":true,"href":"https:\/\/www.basgroupglobal.com\/tr\/wp-json\/wp\/v2\/users\/1"}],"replies":[{"embeddable":true,"href":"https:\/\/www.basgroupglobal.com\/tr\/wp-json\/wp\/v2\/comments?post=5962"}],"version-history":[{"count":0,"href":"https:\/\/www.basgroupglobal.com\/tr\/wp-json\/wp\/v2\/pages\/5962\/revisions"}],"wp:attachment":[{"href":"https:\/\/www.basgroupglobal.com\/tr\/wp-json\/wp\/v2\/media?parent=5962"}],"curies":[{"name":"wp","href":"https:\/\/api.w.org\/{rel}","templated":true}]}}