{"id":3614,"date":"2022-12-25T16:14:41","date_gmt":"2022-12-25T16:14:41","guid":{"rendered":"https:\/\/www.basgroupglobal.com\/luxurious\/"},"modified":"2025-06-20T10:13:11","modified_gmt":"2025-06-20T10:13:11","slug":"akilli-ambalajlar","status":"publish","type":"page","link":"https:\/\/www.basgroupglobal.com\/tr\/urunler\/akilli-ambalajlar\/","title":{"rendered":"Ak\u0131ll\u0131 Ambalajlar"},"content":{"rendered":"<div class=\"wpb-content-wrapper\"><p>[vc_row][vc_column offset=&#8221;vc_col-lg-12&#8243;]<div class=\"wpb_content_element \"><style type=\"text\/css\">#ut_header_69e34314ef243 h2.section-title { font-size:60px !important;line-height:88px !important;letter-spacing:-0.05em; }@media (min-width: 1025px) { #ut_header_69e34314ef243 .lead { width:65%;margin: 0 auto;} }<\/style><header id=\"ut_header_69e34314ef243\" class=\"section-header  ut-no-title-linebreak-mobile ut-no-lead-linebreak-mobile pt-style-2 header-center header-tablet-center header-mobile-center element-with-custom-line-height\"><div class=\"element-with-custom-line-height\" ><h2 data-title=\"Ak\u0131ll\u0131 Ambalajlar\"  data-responsive-font=\"section_title\" data-responsive-font-settings=\"{&quot;base-font-size&quot;:&quot;60&quot;,&quot;font-size-unit&quot;:&quot;px&quot;,&quot;font-size&quot;:{&quot;desktop_large&quot;:&quot;60&quot;},&quot;base-line-height&quot;:&quot;global&quot;,&quot;line-height&quot;:{&quot;desktop_large&quot;:&quot;88&quot;},&quot;base-letter-spacing&quot;:&quot;global&quot;,&quot;letter-spacing&quot;:{&quot;desktop_large&quot;:&quot;-0.05&quot;}}\" class=\"section-title  \"><span>Ak\u0131ll\u0131 Ambalajlar<\/span><\/h2><\/div><div data-delay=\"0\" class=\"lead \"><p>M\u00fc\u015fteri etkile\u015fimini art\u0131ran, marka g\u00f6r\u00fcn\u00fcrl\u00fc\u011f\u00fcn\u00fc g\u00fc\u00e7lendiren ve her \u00fcr\u00fcn\u00fc bir pazarlama arac\u0131na d\u00f6n\u00fc\u015ft\u00fcren NFC destekli ambalaj \u00e7\u00f6z\u00fcmleri.<\/p>\n<\/div><\/header><\/div><div class=\"wpb_content_element \"><style type=\"text\/css\">#ut_header_69e3431501317 h2.section-title { font-size:80px !important;line-height:88px !important;letter-spacing:-0.05em; }<\/style><header id=\"ut_header_69e3431501317\" class=\"section-header  ut-no-title-linebreak-mobile ut-no-lead-linebreak-mobile pt-style-2 header-left header-tablet-left header-mobile-left element-with-custom-line-height\"><div data-delay=\"0\" class=\"lead \"><\/p>\n<p style=\"font-size: 14px;\">Dijital \u00e7a\u011fda ambalaj art\u0131k yaln\u0131zca koruma sa\u011flamakla s\u0131n\u0131rl\u0131 de\u011fil\u2014ayn\u0131 zamanda etkile\u015fim demektir. NFC teknolojisiyle desteklenen ak\u0131ll\u0131 ambalajlar, s\u0131radan \u00fcr\u00fcnleri g\u00fc\u00e7l\u00fc bir pazarlama arac\u0131na d\u00f6n\u00fc\u015ft\u00fcr\u00fcyor. M\u00fc\u015fteriler, ak\u0131ll\u0131 telefonlar\u0131n\u0131 bir dokunu\u015fla NFC noktas\u0131na getirerek \u00f6zel i\u00e7eriklere, kampanyalara, oyunlara ve sadakat programlar\u0131na an\u0131nda eri\u015febilir ve markalarla etkile\u015fim kurabilir. QR kodlar\u0131n aksine, NFC kesintisiz ve an\u0131nda ba\u011flant\u0131 sunarak yenilik\u00e7i i\u015fletmeler i\u00e7in en iyi se\u00e7enektir. Ambalaj\u0131n\u0131z\u0131 yenileyin, m\u00fc\u015fteri etkile\u015fimini art\u0131r\u0131n ve her \u00fcr\u00fcn\u00fc bir marka deneyimine d\u00f6n\u00fc\u015ft\u00fcr\u00fcn. Ba\u015f Group\u2019un ak\u0131ll\u0131 ambalaj \u00e7\u00f6z\u00fcmleriyle fark yarat\u0131n!<\/p>\n<\/div><\/header><\/div><div class=\"wpb_content_element ut-gallery-5  clearfix\"><style type=\"text\/css\">#ut_ig_69e3431501d16 .ut-lazy:not(.ut-image-loaded) + .ut-video-module-loading { display:block; }#ut_ig_69e3431501d16 .ut-lazy.ut-image-loaded + .ut-video-module-loading { display:none; }<\/style><div id=\"ut_ig_69e3431501d16\" class=\"ut-image-gallery ut-image-gallery-module  ut-image-gallery-5 clearfix\" data-settings=\"{&quot;animate&quot;:true,&quot;effect&quot;:&quot;&quot;,&quot;lazy&quot;:true,&quot;delay_animation&quot;:false,&quot;global_delay_animation&quot;:false,&quot;delay_timer&quot;:100,&quot;global_delay_timer&quot;:100}\" ><div  data-count=\"3\" class=\"ut-image-gallery-item ut-animation-done grid-33 tablet-grid-33 mobile-grid-100\"><a  class=\"ut-vc-images-lightbox ut-vc-images-lightbox-group-image\"  data-exthumbimage=\"https:\/\/www.basgroupglobal.com\/wp-content\/uploads\/2025\/05\/bardak-200x200.jpg\" href=\"https:\/\/www.basgroupglobal.com\/wp-content\/uploads\/2025\/05\/bardak-1080x720.jpg\" ><div class=\"ut-image-gallery-image\" ><img fetchpriority=\"high\" decoding=\"async\"  class=\" ut-lazy skip-lazy\" src=\"data:image\/svg+xml;charset=utf-8,%3Csvg xmlns%3D'http%3A%2F%2Fwww.w3.org%2F2000%2Fsvg' viewBox%3D'0 0 2160 1440'%2F%3E\" data-src=\"https:\/\/www.basgroupglobal.com\/wp-content\/uploads\/2025\/05\/bardak.jpg\" width=\"2160\" height=\"1440\"><\/div><\/a><\/div><div  data-count=\"3\" class=\"ut-image-gallery-item ut-animation-done ut-animation-done grid-33 tablet-grid-33 mobile-grid-100\"><a  class=\"ut-vc-images-lightbox ut-vc-images-lightbox-group-image\"  data-exthumbimage=\"https:\/\/www.basgroupglobal.com\/wp-content\/uploads\/2025\/05\/pizza-kutu-200x200.jpg\" href=\"https:\/\/www.basgroupglobal.com\/wp-content\/uploads\/2025\/05\/pizza-kutu-1080x720.jpg\" ><div class=\"ut-image-gallery-image\" ><img decoding=\"async\"  class=\" ut-lazy skip-lazy\" src=\"data:image\/svg+xml;charset=utf-8,%3Csvg xmlns%3D'http%3A%2F%2Fwww.w3.org%2F2000%2Fsvg' viewBox%3D'0 0 2160 1440'%2F%3E\" data-src=\"https:\/\/www.basgroupglobal.com\/wp-content\/uploads\/2025\/05\/pizza-kutu.jpg\" width=\"2160\" height=\"1440\"><\/div><\/a><\/div><div  data-count=\"3\" class=\"ut-image-gallery-item ut-animation-done ut-animation-done ut-animation-done grid-33 tablet-grid-33 mobile-grid-100\"><a  class=\"ut-vc-images-lightbox ut-vc-images-lightbox-group-image\"  data-exthumbimage=\"https:\/\/www.basgroupglobal.com\/wp-content\/uploads\/2025\/05\/burger-200x200.jpg\" href=\"https:\/\/www.basgroupglobal.com\/wp-content\/uploads\/2025\/05\/burger-1080x720.jpg\" ><div class=\"ut-image-gallery-image\" ><img decoding=\"async\"  class=\" ut-lazy skip-lazy\" src=\"data:image\/svg+xml;charset=utf-8,%3Csvg xmlns%3D'http%3A%2F%2Fwww.w3.org%2F2000%2Fsvg' viewBox%3D'0 0 2160 1440'%2F%3E\" data-src=\"https:\/\/www.basgroupglobal.com\/wp-content\/uploads\/2025\/05\/burger.jpg\" width=\"2160\" height=\"1440\"><\/div><\/a><\/div><div class=\"ut-image-gallery-sizer\"><\/div><div class=\"clear\"><\/div><\/div><\/div>[\/vc_column][\/vc_row][vc_section el_name=&#8221;First Section \/ Work&#8221;][\/vc_section][vc_row][vc_column][vc_column_text]<\/p>\n<p>[\/vc_column_text][\/vc_column][\/vc_row]<\/p>\n<\/div>","protected":false},"excerpt":{"rendered":"<p>[vc_row][vc_column offset=&#8221;vc_col-lg-12&#8243;][\/vc_column][\/vc_row][vc_section el_name=&#8221;First Section \/ Work&#8221;][\/vc_section][vc_row][vc_column][vc_column_text] [\/vc_column_text][\/vc_column][\/vc_row]<\/p>\n","protected":false},"author":1,"featured_media":0,"parent":7054,"menu_order":0,"comment_status":"closed","ping_status":"closed","template":"","meta":{"footnotes":""},"class_list":["post-3614","page","type-page","status-publish","hentry"],"_links":{"self":[{"href":"https:\/\/www.basgroupglobal.com\/tr\/wp-json\/wp\/v2\/pages\/3614","targetHints":{"allow":["GET"]}}],"collection":[{"href":"https:\/\/www.basgroupglobal.com\/tr\/wp-json\/wp\/v2\/pages"}],"about":[{"href":"https:\/\/www.basgroupglobal.com\/tr\/wp-json\/wp\/v2\/types\/page"}],"author":[{"embeddable":true,"href":"https:\/\/www.basgroupglobal.com\/tr\/wp-json\/wp\/v2\/users\/1"}],"replies":[{"embeddable":true,"href":"https:\/\/www.basgroupglobal.com\/tr\/wp-json\/wp\/v2\/comments?post=3614"}],"version-history":[{"count":1,"href":"https:\/\/www.basgroupglobal.com\/tr\/wp-json\/wp\/v2\/pages\/3614\/revisions"}],"predecessor-version":[{"id":7080,"href":"https:\/\/www.basgroupglobal.com\/tr\/wp-json\/wp\/v2\/pages\/3614\/revisions\/7080"}],"up":[{"embeddable":true,"href":"https:\/\/www.basgroupglobal.com\/tr\/wp-json\/wp\/v2\/pages\/7054"}],"wp:attachment":[{"href":"https:\/\/www.basgroupglobal.com\/tr\/wp-json\/wp\/v2\/media?parent=3614"}],"curies":[{"name":"wp","href":"https:\/\/api.w.org\/{rel}","templated":true}]}}