{"id":2807,"date":"2023-02-21T16:49:57","date_gmt":"2023-02-21T16:49:57","guid":{"rendered":"https:\/\/www.basgroupglobal.com\/sales-and-marketing-manager\/"},"modified":"2023-11-03T17:44:22","modified_gmt":"2023-11-03T17:44:22","slug":"satis-ve-pazarlama-muduru","status":"publish","type":"page","link":"https:\/\/www.basgroupglobal.com\/tr\/acik-pozisyonlar\/satis-ve-pazarlama-muduru\/","title":{"rendered":"Sat\u0131\u015f ve Pazarlama M\u00fcd\u00fcr\u00fc"},"content":{"rendered":"<div class=\"wpb-content-wrapper\"><p>[vc_section][vc_row][vc_column]<div class=\"wpb_content_element \"><style type=\"text\/css\">#ut_header_69f3bc921e631 h2.section-title { font-size:65px !important;line-height:75px !important;letter-spacing:-0.05em; }<\/style><header id=\"ut_header_69f3bc921e631\" class=\"section-header  ut-no-title-linebreak-mobile ut-no-lead-linebreak-mobile pt-style-2 header-center header-tablet-center header-mobile-center element-with-custom-line-height\"><div class=\"element-with-custom-line-height\" ><h2 data-title=\"Sat\u0131\u015f ve Pazarlama M\u00fcd\u00fcr\u00fc\"  data-responsive-font=\"section_title\" data-responsive-font-settings=\"{&quot;base-font-size&quot;:&quot;65&quot;,&quot;font-size-unit&quot;:&quot;px&quot;,&quot;font-size&quot;:{&quot;desktop_large&quot;:&quot;65&quot;},&quot;base-line-height&quot;:&quot;75&quot;,&quot;line-height-unit&quot;:&quot;px&quot;,&quot;line-height&quot;:{&quot;desktop_large&quot;:&quot;75&quot;},&quot;base-letter-spacing&quot;:&quot;global&quot;,&quot;letter-spacing&quot;:{&quot;desktop_large&quot;:&quot;-0.05&quot;}}\" class=\"section-title  \"><span>Sat\u0131\u015f ve Pazarlama M\u00fcd\u00fcr\u00fc<\/span><\/h2><\/div><div data-delay=\"0\" class=\"lead \"><p>*Ki\u015fisel verilerinizin i\u015flenmesine ili\u015fkin detayl\u0131 bilgilere<br \/>\n&#8220;<a href=\"https:\/\/www.basgroupglobal.com\/wp-content\/uploads\/2023\/09\/Bas-Group-KVKK-TR.pdf\" target=\"_blank\" rel=\"noopener\">Ba\u015f Group \u00c7al\u0131\u015fan Aday\u0131 Ayd\u0131nlatma Metni<\/a>&#8220;nden ula\u015fabilirsiniz.<\/p>\n<\/div><\/header><\/div>[vc_empty_space height=&#8221;20px&#8221;]<style type=\"text\/css\">#ut_custom_heading69f3bc92253e5 { font-size:18px !important;letter-spacing:-0.03em; }#ut_custom_heading69f3bc92253e5 { text-align:left; }@media (min-width: 768px) and (max-width: 1024px) { #ut_custom_heading69f3bc92253e5 { text-align:left; } }@media (max-width: 767px) { #ut_custom_heading69f3bc92253e5 { text-align:left; } }<\/style><h3 id=\"ut_custom_heading69f3bc92253e5\" data-responsive-font=\"h3\" data-responsive-font-settings=\"{&quot;base-font-size&quot;:&quot;global&quot;,&quot;font-size&quot;:{&quot;desktop_large&quot;:&quot;18&quot;},&quot;base-line-height&quot;:&quot;global&quot;,&quot;base-letter-spacing&quot;:&quot;global&quot;,&quot;letter-spacing&quot;:{&quot;desktop_large&quot;:&quot;-0.03&quot;}}\" class=\"ut-custom-heading-module  \" ><span class=\"\" >Genel Nitelikler<\/span><\/h3><style type=\"text\/css\">#ut_custom_heading69f3bc922546a { font-size:14px !important;line-height:28px !important; }#ut_custom_heading69f3bc922546a { text-align:left; }@media (min-width: 768px) and (max-width: 1024px) { #ut_custom_heading69f3bc922546a { text-align:left; } }@media (max-width: 767px) { #ut_custom_heading69f3bc922546a { text-align:left; } }<\/style><div id=\"ut_custom_heading69f3bc922546a\" data-responsive-font=\"div\" data-responsive-font-settings=\"{&quot;base-font-size&quot;:&quot;global&quot;,&quot;font-size&quot;:{&quot;desktop_large&quot;:&quot;14&quot;},&quot;base-line-height&quot;:&quot;global&quot;,&quot;line-height&quot;:{&quot;desktop_large&quot;:&quot;28&quot;},&quot;base-letter-spacing&quot;:&quot;global&quot;}\" class=\"ut-custom-heading-module  \" ><span class=\"\" >\u2022 Sat\u0131\u015f alan\u0131nda kariyer hedefleyen,<br \/>\n\u2022 Ba\u015far\u0131 odakl\u0131,<br \/>\n\u2022 M\u00fc\u015fteri y\u00f6netimi ve ili\u015fki geli\u015ftirme konusunda ba\u015far\u0131l\u0131 olabilecek,<br \/>\n\u2022 Etkileme ve ikna kabiliyeti y\u00fcksek,<br \/>\n\u2022 Planlama ve organize etme becerisine sahip,<br \/>\n\u2022 Askerlik g\u00f6revini tamamlam\u0131\u015f ya da en az 1 y\u0131l tecilli olan,<br \/>\n\u2022 \u0130yi derecede \u0130ngilizce ve Frans\u0131zca bilen (3. dil tercih sebebidir)<br \/>\n\u2022 MS Office programlar\u0131n\u0131 iyi derecede kullanabilen,<br \/>\n\u2022 \u00d6\u011frenmeye hevesli, i\u015f takibi ve sonu\u00e7land\u0131r\u0131lmas\u0131nda ba\u015far\u0131l\u0131, yo\u011fun tempoda \u00e7al\u0131\u015fabilecek,<br \/>\n\u2022 \u0130yi ileti\u015fim ve planlama becerisi, analitik d\u00fc\u015f\u00fcnerek ve problem \u00e7\u00f6zme yetene\u011fi olan,<br \/>\n\u2022 Seyahat engeli olmayan,<br \/>\n\u2022 \u0130stanbul Avrupa yakas\u0131nda ikamet eden\/edebilecek olan adaylar\u0131n ba\u015fvurular\u0131n\u0131 bekliyoruz.<br \/>\n<\/span><\/div>[vc_empty_space height=&#8221;20px&#8221;]<style type=\"text\/css\">#ut_custom_heading69f3bc92254c5 { font-size:18px !important;letter-spacing:-0.03em; }#ut_custom_heading69f3bc92254c5 { text-align:left; }@media (min-width: 768px) and (max-width: 1024px) { #ut_custom_heading69f3bc92254c5 { text-align:left; } }@media (max-width: 767px) { #ut_custom_heading69f3bc92254c5 { text-align:left; } }<\/style><h3 id=\"ut_custom_heading69f3bc92254c5\" data-responsive-font=\"h3\" data-responsive-font-settings=\"{&quot;base-font-size&quot;:&quot;global&quot;,&quot;font-size&quot;:{&quot;desktop_large&quot;:&quot;18&quot;},&quot;base-line-height&quot;:&quot;global&quot;,&quot;base-letter-spacing&quot;:&quot;global&quot;,&quot;letter-spacing&quot;:{&quot;desktop_large&quot;:&quot;-0.03&quot;}}\" class=\"ut-custom-heading-module  \" ><span class=\"\" >\u0130\u015f Tan\u0131m\u0131<\/span><\/h3><style type=\"text\/css\">#ut_custom_heading69f3bc9225519 { font-size:14px !important;line-height:28px !important; }#ut_custom_heading69f3bc9225519 { text-align:left; }@media (min-width: 768px) and (max-width: 1024px) { #ut_custom_heading69f3bc9225519 { text-align:left; } }@media (max-width: 767px) { #ut_custom_heading69f3bc9225519 { text-align:left; } }<\/style><div id=\"ut_custom_heading69f3bc9225519\" data-responsive-font=\"div\" data-responsive-font-settings=\"{&quot;base-font-size&quot;:&quot;global&quot;,&quot;font-size&quot;:{&quot;desktop_large&quot;:&quot;14&quot;},&quot;base-line-height&quot;:&quot;global&quot;,&quot;line-height&quot;:{&quot;desktop_large&quot;:&quot;28&quot;},&quot;base-letter-spacing&quot;:&quot;global&quot;}\" class=\"ut-custom-heading-module  \" ><span class=\"\" >Belirlenen ayl\u0131k ve y\u0131ll\u0131k hedefler do\u011frultusunda;<\/p>\n<p>\u2022M\u00fc\u015fteri portf\u00f6y\u00fc olu\u015fturmak,<br \/>\n\u2022Potansiyel m\u00fc\u015fterilere ula\u015farak \u00fcr\u00fcnlerin sat\u0131\u015f\u0131n\u0131 ger\u00e7ekle\u015ftirmek,<br \/>\n\u2022Sat\u0131\u015f sonras\u0131 m\u00fc\u015fterilerimize dan\u0131\u015fmanl\u0131k hizmeti sunmak,<br \/>\n\u2022M\u00fc\u015fteri memnuniyetini sa\u011flamak ve portf\u00f6y y\u00f6netimini ger\u00e7ekle\u015ftirmek.<\/span><\/div><style type=\"text\/css\">#bklyn_btn_69f3bc9225580 .bklyn-btn { color:#ffffff !important; border-radius:50px !important; }#bklyn_btn_69f3bc9225580 .bklyn-btn:hover{ color:#ffffff !important; }#bklyn_btn_69f3bc9225580 .bklyn-btn:focus{ color:#ffffff !important; }#bklyn_btn_69f3bc9225580 .bklyn-btn:active { color:#ffffff !important; }<\/style><div id=\"bklyn_btn_69f3bc9225580\" class=\"bklyn-btn-holder buttonx bklyn-btn-center bklyn-btn-tablet-center bklyn-btn-mobile-center\"><a title=\"\"   href=\"#\" target=\"_self\" class=\"bklyn-btn  bklyn-btn-normal\" ><span class=\"ut-btn-text\">Ba\u015fvur<\/span><\/a><\/div>[\/vc_column][\/vc_row][\/vc_section]<\/p>\n<\/div>","protected":false},"excerpt":{"rendered":"<p>[vc_section][vc_row][vc_column][vc_empty_space height=&#8221;20px&#8221;][vc_empty_space height=&#8221;20px&#8221;][\/vc_column][\/vc_row][\/vc_section]<\/p>\n","protected":false},"author":1,"featured_media":0,"parent":5807,"menu_order":0,"comment_status":"closed","ping_status":"closed","template":"","meta":{"footnotes":""},"class_list":["post-2807","page","type-page","status-publish","hentry"],"_links":{"self":[{"href":"https:\/\/www.basgroupglobal.com\/tr\/wp-json\/wp\/v2\/pages\/2807","targetHints":{"allow":["GET"]}}],"collection":[{"href":"https:\/\/www.basgroupglobal.com\/tr\/wp-json\/wp\/v2\/pages"}],"about":[{"href":"https:\/\/www.basgroupglobal.com\/tr\/wp-json\/wp\/v2\/types\/page"}],"author":[{"embeddable":true,"href":"https:\/\/www.basgroupglobal.com\/tr\/wp-json\/wp\/v2\/users\/1"}],"replies":[{"embeddable":true,"href":"https:\/\/www.basgroupglobal.com\/tr\/wp-json\/wp\/v2\/comments?post=2807"}],"version-history":[{"count":0,"href":"https:\/\/www.basgroupglobal.com\/tr\/wp-json\/wp\/v2\/pages\/2807\/revisions"}],"up":[{"embeddable":true,"href":"https:\/\/www.basgroupglobal.com\/tr\/wp-json\/wp\/v2\/pages\/5807"}],"wp:attachment":[{"href":"https:\/\/www.basgroupglobal.com\/tr\/wp-json\/wp\/v2\/media?parent=2807"}],"curies":[{"name":"wp","href":"https:\/\/api.w.org\/{rel}","templated":true}]}}