{"id":2717,"date":"2022-12-20T16:50:11","date_gmt":"2022-12-20T16:50:11","guid":{"rendered":"https:\/\/www.basgroupglobal.com\/responsibilities\/"},"modified":"2025-06-16T07:36:28","modified_gmt":"2025-06-16T07:36:28","slug":"sorumluluklarimiz","status":"publish","type":"page","link":"https:\/\/www.basgroupglobal.com\/tr\/sorumluluklarimiz\/","title":{"rendered":"Sorumluluklar\u0131m\u0131z"},"content":{"rendered":"<div class=\"wpb-content-wrapper\"><p>[vc_section el_name=&#8221;First Section \/ Work&#8221;][vc_row][vc_column offset=&#8221;vc_col-lg-12&#8243;]<div class=\"wpb_content_element \"><style type=\"text\/css\">#ut_header_69f46e9def4b1 h1.section-title { font-size:65px !important;line-height:75px !important;letter-spacing:-0.05em; }@media (min-width: 1025px) { #ut_header_69f46e9def4b1 .lead { width:65%;margin: 0 auto;} }<\/style><header id=\"ut_header_69f46e9def4b1\" class=\"section-header  ut-no-title-linebreak-mobile ut-no-lead-linebreak-mobile pt-style-2 header-center header-tablet-center header-mobile-center element-with-custom-line-height\"><div class=\"element-with-custom-line-height\" ><h1 data-title=\"Sorumluluklar\u0131m\u0131z\"  data-responsive-font=\"section_title\" data-responsive-font-settings=\"{&quot;base-font-size&quot;:&quot;65&quot;,&quot;font-size-unit&quot;:&quot;px&quot;,&quot;font-size&quot;:{&quot;desktop_large&quot;:&quot;65&quot;},&quot;base-line-height&quot;:&quot;75&quot;,&quot;line-height-unit&quot;:&quot;px&quot;,&quot;line-height&quot;:{&quot;desktop_large&quot;:&quot;75&quot;},&quot;base-letter-spacing&quot;:&quot;global&quot;,&quot;letter-spacing&quot;:{&quot;desktop_large&quot;:&quot;-0.05&quot;}}\" class=\"section-title  \"><span>Sorumluluklar\u0131m\u0131z<\/span><\/h1><\/div><div data-delay=\"0\" class=\"lead \"><p>\u00c7al\u0131\u015fanlar\u0131m\u0131za, ortaklar\u0131m\u0131za, rakiplerimize, topluma ve insanl\u0131\u011fa kar\u015f\u0131<br \/>\nsorumluluklar\u0131m\u0131z\u0131 yerine getirmeye \u00f6zen g\u00f6steririz.<\/p>\n<\/div><\/header><\/div>[vc_row_inner][vc_column_inner width=&#8221;1\/3&#8243;]<style type=\"text\/css\">#ut_custom_heading69f46e9e054b8 { font-size:18px !important;letter-spacing:-0.03em; }#ut_custom_heading69f46e9e054b8 { text-align:left; }@media (min-width: 768px) and (max-width: 1024px) { #ut_custom_heading69f46e9e054b8 { text-align:left; } }@media (max-width: 767px) { #ut_custom_heading69f46e9e054b8 { text-align:left; } }<\/style><h3 id=\"ut_custom_heading69f46e9e054b8\" data-responsive-font=\"h3\" data-responsive-font-settings=\"{&quot;base-font-size&quot;:&quot;global&quot;,&quot;font-size&quot;:{&quot;desktop_large&quot;:&quot;18&quot;},&quot;base-line-height&quot;:&quot;global&quot;,&quot;base-letter-spacing&quot;:&quot;global&quot;,&quot;letter-spacing&quot;:{&quot;desktop_large&quot;:&quot;-0.03&quot;}}\" class=\"ut-custom-heading-module  \" ><span class=\"\" >Ahlaki Sorumluluklar\u0131m\u0131z<\/span><\/h3><style type=\"text\/css\">#ut_custom_heading69f46e9e055b3 { font-size:14px !important;line-height:28px !important; }#ut_custom_heading69f46e9e055b3 { text-align:left; }@media (min-width: 768px) and (max-width: 1024px) { #ut_custom_heading69f46e9e055b3 { text-align:left; } }@media (max-width: 767px) { #ut_custom_heading69f46e9e055b3 { text-align:left; } }<\/style><div id=\"ut_custom_heading69f46e9e055b3\" data-responsive-font=\"div\" data-responsive-font-settings=\"{&quot;base-font-size&quot;:&quot;global&quot;,&quot;font-size&quot;:{&quot;desktop_large&quot;:&quot;14&quot;},&quot;base-line-height&quot;:&quot;global&quot;,&quot;line-height&quot;:{&quot;desktop_large&quot;:&quot;28&quot;},&quot;base-letter-spacing&quot;:&quot;global&quot;}\" class=\"ut-custom-heading-module  \" ><span class=\"\" >Ba\u015f Group\u2019un t\u00fcm birimlerinde etik bir \u00e7al\u0131\u015fma ortam\u0131 yaratmak en \u00f6nemli ahlaki sorumlulu\u011fumuzdur. Adil ve d\u00fcr\u00fcst i\u015fletmecilik uygulamalar\u0131, hem \u00e7al\u0131\u015fanlar hem de y\u00f6neticiler a\u00e7\u0131s\u0131ndan y\u00fcksek bir standard\u0131n korunmas\u0131 ahlaki bir hedef olarak kabul edilir.<\/span><\/div>[vc_empty_space height=&#8221;20px&#8221;]<style type=\"text\/css\">#ut_custom_heading69f46e9e0565c { font-size:18px !important;letter-spacing:-0.03em; }#ut_custom_heading69f46e9e0565c { text-align:left; }@media (min-width: 768px) and (max-width: 1024px) { #ut_custom_heading69f46e9e0565c { text-align:left; } }@media (max-width: 767px) { #ut_custom_heading69f46e9e0565c { text-align:left; } }<\/style><h3 id=\"ut_custom_heading69f46e9e0565c\" data-responsive-font=\"h3\" data-responsive-font-settings=\"{&quot;base-font-size&quot;:&quot;global&quot;,&quot;font-size&quot;:{&quot;desktop_large&quot;:&quot;18&quot;},&quot;base-line-height&quot;:&quot;global&quot;,&quot;base-letter-spacing&quot;:&quot;global&quot;,&quot;letter-spacing&quot;:{&quot;desktop_large&quot;:&quot;-0.03&quot;}}\" class=\"ut-custom-heading-module  \" ><span class=\"\" >Ekonomik Sorumluluklar\u0131m\u0131z<\/span><\/h3><style type=\"text\/css\">#ut_custom_heading69f46e9e056f4 { font-size:14px !important;line-height:28px !important; }#ut_custom_heading69f46e9e056f4 { text-align:left; }@media (min-width: 768px) and (max-width: 1024px) { #ut_custom_heading69f46e9e056f4 { text-align:left; } }@media (max-width: 767px) { #ut_custom_heading69f46e9e056f4 { text-align:left; } }<\/style><div id=\"ut_custom_heading69f46e9e056f4\" data-responsive-font=\"div\" data-responsive-font-settings=\"{&quot;base-font-size&quot;:&quot;global&quot;,&quot;font-size&quot;:{&quot;desktop_large&quot;:&quot;14&quot;},&quot;base-line-height&quot;:&quot;global&quot;,&quot;line-height&quot;:{&quot;desktop_large&quot;:&quot;28&quot;},&quot;base-letter-spacing&quot;:&quot;global&quot;}\" class=\"ut-custom-heading-module  \" ><span class=\"\" >En \u00f6nemli ekonomik sorumlulu\u011fumuz ihracat odakl\u0131 verimlilik ve \u00fclke ekonomisine katk\u0131da bulunmakt\u0131r. \u00dcretti\u011fimiz \u00fcr\u00fcnlerde ulusal katma de\u011feri art\u0131rarak milli gelirimize ve ticaret dengesi ile olumlu bir katk\u0131 sa\u011flar\u0131z.<\/span><\/div>[vc_empty_space height=&#8221;20px&#8221;]<style type=\"text\/css\">#ut_custom_heading69f46e9e057b3 { font-size:18px !important;letter-spacing:-0.03em; }#ut_custom_heading69f46e9e057b3 { text-align:left; }@media (min-width: 768px) and (max-width: 1024px) { #ut_custom_heading69f46e9e057b3 { text-align:left; } }@media (max-width: 767px) { #ut_custom_heading69f46e9e057b3 { text-align:left; } }<\/style><h3 id=\"ut_custom_heading69f46e9e057b3\" data-responsive-font=\"h3\" data-responsive-font-settings=\"{&quot;base-font-size&quot;:&quot;global&quot;,&quot;font-size&quot;:{&quot;desktop_large&quot;:&quot;18&quot;},&quot;base-line-height&quot;:&quot;global&quot;,&quot;base-letter-spacing&quot;:&quot;global&quot;,&quot;letter-spacing&quot;:{&quot;desktop_large&quot;:&quot;-0.03&quot;}}\" class=\"ut-custom-heading-module  \" ><span class=\"\" >Rakiplerimize Kar\u015f\u0131 Sorumluluklar\u0131m\u0131z<\/span><\/h3><style type=\"text\/css\">#ut_custom_heading69f46e9e0585f { font-size:14px !important;line-height:28px !important; }#ut_custom_heading69f46e9e0585f { text-align:left; }@media (min-width: 768px) and (max-width: 1024px) { #ut_custom_heading69f46e9e0585f { text-align:left; } }@media (max-width: 767px) { #ut_custom_heading69f46e9e0585f { text-align:left; } }<\/style><div id=\"ut_custom_heading69f46e9e0585f\" data-responsive-font=\"div\" data-responsive-font-settings=\"{&quot;base-font-size&quot;:&quot;global&quot;,&quot;font-size&quot;:{&quot;desktop_large&quot;:&quot;14&quot;},&quot;base-line-height&quot;:&quot;global&quot;,&quot;line-height&quot;:{&quot;desktop_large&quot;:&quot;28&quot;},&quot;base-letter-spacing&quot;:&quot;global&quot;}\" class=\"ut-custom-heading-module  \" ><span class=\"\" >Ba\u015f Group, rakiplerine kar\u015f\u0131 adil ve etik bir rekabet ortam\u0131 olu\u015fturmay\u0131 taahh\u00fct eder. Sanayi casuslu\u011fu gibi i\u015f hukukuna uymayan davran\u0131\u015flardan ka\u00e7\u0131n\u0131r. Rakiplerle sadece yasal ve etik alanlarda rekabet edilir, haks\u0131z rekabetten ka\u00e7\u0131n\u0131l\u0131r. <\/span><\/div>[\/vc_column_inner][vc_column_inner width=&#8221;1\/3&#8243;]<style type=\"text\/css\">#ut_custom_heading69f46e9e058fa { font-size:18px !important;letter-spacing:-0.03em; }#ut_custom_heading69f46e9e058fa { text-align:left; }@media (min-width: 768px) and (max-width: 1024px) { #ut_custom_heading69f46e9e058fa { text-align:left; } }@media (max-width: 767px) { #ut_custom_heading69f46e9e058fa { text-align:left; } }<\/style><h3 id=\"ut_custom_heading69f46e9e058fa\" data-responsive-font=\"h3\" data-responsive-font-settings=\"{&quot;base-font-size&quot;:&quot;global&quot;,&quot;font-size&quot;:{&quot;desktop_large&quot;:&quot;18&quot;},&quot;base-line-height&quot;:&quot;global&quot;,&quot;base-letter-spacing&quot;:&quot;global&quot;,&quot;letter-spacing&quot;:{&quot;desktop_large&quot;:&quot;-0.03&quot;}}\" class=\"ut-custom-heading-module  \" ><span class=\"\" >Do\u011fal \u00c7evreye Kar\u015f\u0131 Sorumluluklar\u0131m\u0131z<\/span><\/h3><style type=\"text\/css\">#ut_custom_heading69f46e9e05994 { font-size:14px !important;line-height:28px !important; }#ut_custom_heading69f46e9e05994 { text-align:left; }@media (min-width: 768px) and (max-width: 1024px) { #ut_custom_heading69f46e9e05994 { text-align:left; } }@media (max-width: 767px) { #ut_custom_heading69f46e9e05994 { text-align:left; } }<\/style><div id=\"ut_custom_heading69f46e9e05994\" data-responsive-font=\"div\" data-responsive-font-settings=\"{&quot;base-font-size&quot;:&quot;global&quot;,&quot;font-size&quot;:{&quot;desktop_large&quot;:&quot;14&quot;},&quot;base-line-height&quot;:&quot;global&quot;,&quot;line-height&quot;:{&quot;desktop_large&quot;:&quot;28&quot;},&quot;base-letter-spacing&quot;:&quot;global&quot;}\" class=\"ut-custom-heading-module  \" ><span class=\"\" >Ba\u015f Group, i\u015f s\u00fcreklili\u011fi ve s\u00fcrd\u00fcr\u00fclebilir b\u00fcy\u00fcme stratejileri \u00e7er\u00e7evesinde do\u011faya zarar vermemeyi veya olas\u0131 zarar\u0131 minimize etmeyi hedefler. \u00dcr\u00fcnlerinin tasar\u0131m ve \u00fcretim a\u015famalar\u0131nda \u00e7evresel s\u00fcrd\u00fcr\u00fclebilirli\u011fi \u00f6ncelikli bir \u015fekilde dikkate al\u0131n\u0131r.<\/span><\/div>[vc_empty_space height=&#8221;20px&#8221;]<style type=\"text\/css\">#ut_custom_heading69f46e9e05a2b { font-size:18px !important;letter-spacing:-0.03em; }#ut_custom_heading69f46e9e05a2b { text-align:left; }@media (min-width: 768px) and (max-width: 1024px) { #ut_custom_heading69f46e9e05a2b { text-align:left; } }@media (max-width: 767px) { #ut_custom_heading69f46e9e05a2b { text-align:left; } }<\/style><h3 id=\"ut_custom_heading69f46e9e05a2b\" data-responsive-font=\"h3\" data-responsive-font-settings=\"{&quot;base-font-size&quot;:&quot;global&quot;,&quot;font-size&quot;:{&quot;desktop_large&quot;:&quot;18&quot;},&quot;base-line-height&quot;:&quot;global&quot;,&quot;base-letter-spacing&quot;:&quot;global&quot;,&quot;letter-spacing&quot;:{&quot;desktop_large&quot;:&quot;-0.03&quot;}}\" class=\"ut-custom-heading-module  \" ><span class=\"\" >Ortaklar\u0131m\u0131za Kar\u015f\u0131 Sorumluluklar\u0131m\u0131z<\/span><\/h3><style type=\"text\/css\">#ut_custom_heading69f46e9e05ac2 { font-size:14px !important;line-height:28px !important; }#ut_custom_heading69f46e9e05ac2 { text-align:left; }@media (min-width: 768px) and (max-width: 1024px) { #ut_custom_heading69f46e9e05ac2 { text-align:left; } }@media (max-width: 767px) { #ut_custom_heading69f46e9e05ac2 { text-align:left; } }<\/style><div id=\"ut_custom_heading69f46e9e05ac2\" data-responsive-font=\"div\" data-responsive-font-settings=\"{&quot;base-font-size&quot;:&quot;global&quot;,&quot;font-size&quot;:{&quot;desktop_large&quot;:&quot;14&quot;},&quot;base-line-height&quot;:&quot;global&quot;,&quot;line-height&quot;:{&quot;desktop_large&quot;:&quot;28&quot;},&quot;base-letter-spacing&quot;:&quot;global&quot;}\" class=\"ut-custom-heading-module  \" ><span class=\"\" >Ba\u015f Group, stratejik hedefleri do\u011frultusunda s\u00fcrd\u00fcr\u00fclebilir b\u00fcy\u00fcmeye odaklan\u0131r, ortaklar\u0131 i\u00e7in de\u011fer yaratmay\u0131 ama\u00e7lar. Risklerin y\u00f6netiminde dikkatli olunur ve finansal disiplin ve hesap verebilirlik prensipleriyle hareket edilir.<\/span><\/div>[vc_empty_space height=&#8221;20px&#8221;]<style type=\"text\/css\">#ut_custom_heading69f46e9e05b52 { font-size:18px !important;letter-spacing:-0.03em; }#ut_custom_heading69f46e9e05b52 { text-align:left; }@media (min-width: 768px) and (max-width: 1024px) { #ut_custom_heading69f46e9e05b52 { text-align:left; } }@media (max-width: 767px) { #ut_custom_heading69f46e9e05b52 { text-align:left; } }<\/style><h3 id=\"ut_custom_heading69f46e9e05b52\" data-responsive-font=\"h3\" data-responsive-font-settings=\"{&quot;base-font-size&quot;:&quot;global&quot;,&quot;font-size&quot;:{&quot;desktop_large&quot;:&quot;18&quot;},&quot;base-line-height&quot;:&quot;global&quot;,&quot;base-letter-spacing&quot;:&quot;global&quot;,&quot;letter-spacing&quot;:{&quot;desktop_large&quot;:&quot;-0.03&quot;}}\" class=\"ut-custom-heading-module  \" ><span class=\"\" >\u00c7al\u0131\u015fanlar\u0131m\u0131za Kar\u015f\u0131 Sorumluluklar\u0131m\u0131z<\/span><\/h3><style type=\"text\/css\">#ut_custom_heading69f46e9e05c41 { font-size:14px !important;line-height:28px !important; }#ut_custom_heading69f46e9e05c41 { text-align:left; }@media (min-width: 768px) and (max-width: 1024px) { #ut_custom_heading69f46e9e05c41 { text-align:left; } }@media (max-width: 767px) { #ut_custom_heading69f46e9e05c41 { text-align:left; } }<\/style><div id=\"ut_custom_heading69f46e9e05c41\" data-responsive-font=\"div\" data-responsive-font-settings=\"{&quot;base-font-size&quot;:&quot;global&quot;,&quot;font-size&quot;:{&quot;desktop_large&quot;:&quot;14&quot;},&quot;base-line-height&quot;:&quot;global&quot;,&quot;line-height&quot;:{&quot;desktop_large&quot;:&quot;28&quot;},&quot;base-letter-spacing&quot;:&quot;global&quot;}\" class=\"ut-custom-heading-module  \" ><span class=\"\" >\u00c7al\u0131\u015fanlar, Ba\u015f Group\u2019un insan kayna\u011f\u0131n\u0131, gelece\u011fini ve \u00fcretim kapasitesini temsil eder. \u0130nsanlar\u0131n \u00e7al\u0131\u015fmaktan keyif alacaklar\u0131 ve gurur duyacaklar\u0131 bir i\u015f ortam\u0131 olu\u015fturmay\u0131 ama\u00e7lar,  sorumluluklar\u0131m\u0131z\u0131 eksiksiz bir \u015fekilde yerine getiririz.<\/span><\/div>[\/vc_column_inner][vc_column_inner width=&#8221;1\/3&#8243;]<style type=\"text\/css\">#ut_custom_heading69f46e9e05cd5 { font-size:18px !important;letter-spacing:-0.03em; }#ut_custom_heading69f46e9e05cd5 { text-align:left; }@media (min-width: 768px) and (max-width: 1024px) { #ut_custom_heading69f46e9e05cd5 { text-align:left; } }@media (max-width: 767px) { #ut_custom_heading69f46e9e05cd5 { text-align:left; } }<\/style><h3 id=\"ut_custom_heading69f46e9e05cd5\" data-responsive-font=\"h3\" data-responsive-font-settings=\"{&quot;base-font-size&quot;:&quot;global&quot;,&quot;font-size&quot;:{&quot;desktop_large&quot;:&quot;18&quot;},&quot;base-line-height&quot;:&quot;global&quot;,&quot;base-letter-spacing&quot;:&quot;global&quot;,&quot;letter-spacing&quot;:{&quot;desktop_large&quot;:&quot;-0.03&quot;}}\" class=\"ut-custom-heading-module  \" ><span class=\"\" >M\u00fc\u015fterilerimize Kar\u015f\u0131 Sorumluluklar\u0131m\u0131z<\/span><\/h3><style type=\"text\/css\">#ut_custom_heading69f46e9e05d64 { font-size:14px !important;line-height:28px !important; }#ut_custom_heading69f46e9e05d64 { text-align:left; }@media (min-width: 768px) and (max-width: 1024px) { #ut_custom_heading69f46e9e05d64 { text-align:left; } }@media (max-width: 767px) { #ut_custom_heading69f46e9e05d64 { text-align:left; } }<\/style><div id=\"ut_custom_heading69f46e9e05d64\" data-responsive-font=\"div\" data-responsive-font-settings=\"{&quot;base-font-size&quot;:&quot;global&quot;,&quot;font-size&quot;:{&quot;desktop_large&quot;:&quot;14&quot;},&quot;base-line-height&quot;:&quot;global&quot;,&quot;line-height&quot;:{&quot;desktop_large&quot;:&quot;28&quot;},&quot;base-letter-spacing&quot;:&quot;global&quot;}\" class=\"ut-custom-heading-module  \" ><span class=\"\" >Ba\u015f Group, m\u00fc\u015fterilerine kar\u015f\u0131 uluslararas\u0131 kalite standartlar\u0131nda \u00fcr\u00fcnler sunar. Sat\u0131\u015f ve sevkiyat sonras\u0131nda m\u00fc\u015fteri memnuniyetini sa\u011flayacak hizmetleri verir. Hem kurumsal hem de son t\u00fcketicilerden gelen her t\u00fcrl\u00fc \u015fikayeti ciddiyetle ele alarak \u00e7\u00f6z\u00fcm bulmaya \u00e7al\u0131\u015f\u0131r.<\/span><\/div>[vc_empty_space height=&#8221;20px&#8221;]<style type=\"text\/css\">#ut_custom_heading69f46e9e05e00 { font-size:18px !important;letter-spacing:-0.03em; }#ut_custom_heading69f46e9e05e00 { text-align:left; }@media (min-width: 768px) and (max-width: 1024px) { #ut_custom_heading69f46e9e05e00 { text-align:left; } }@media (max-width: 767px) { #ut_custom_heading69f46e9e05e00 { text-align:left; } }<\/style><h3 id=\"ut_custom_heading69f46e9e05e00\" data-responsive-font=\"h3\" data-responsive-font-settings=\"{&quot;base-font-size&quot;:&quot;global&quot;,&quot;font-size&quot;:{&quot;desktop_large&quot;:&quot;18&quot;},&quot;base-line-height&quot;:&quot;global&quot;,&quot;base-letter-spacing&quot;:&quot;global&quot;,&quot;letter-spacing&quot;:{&quot;desktop_large&quot;:&quot;-0.03&quot;}}\" class=\"ut-custom-heading-module  \" ><span class=\"\" >Yasal Sorumluluklar\u0131m\u0131z<\/span><\/h3><style type=\"text\/css\">#ut_custom_heading69f46e9e05eaa { font-size:14px !important;line-height:28px !important; }#ut_custom_heading69f46e9e05eaa { text-align:left; }@media (min-width: 768px) and (max-width: 1024px) { #ut_custom_heading69f46e9e05eaa { text-align:left; } }@media (max-width: 767px) { #ut_custom_heading69f46e9e05eaa { text-align:left; } }<\/style><div id=\"ut_custom_heading69f46e9e05eaa\" data-responsive-font=\"div\" data-responsive-font-settings=\"{&quot;base-font-size&quot;:&quot;global&quot;,&quot;font-size&quot;:{&quot;desktop_large&quot;:&quot;14&quot;},&quot;base-line-height&quot;:&quot;global&quot;,&quot;line-height&quot;:{&quot;desktop_large&quot;:&quot;28&quot;},&quot;base-letter-spacing&quot;:&quot;global&quot;}\" class=\"ut-custom-heading-module  \" ><span class=\"\" >Ba\u015f Group, yerel ve uluslararas\u0131 anla\u015fmalara tam uyum ve yabanc\u0131 \u00fclkelerdeki yasal \u00e7er\u00e7evelere eksiksiz uyum prensibini i\u015f eti\u011fi temelinde benimser. T\u00fcm faaliyetler, yasa ve y\u00f6netmeliklerin gerektirdi\u011fi \u015fekilde ger\u00e7ekle\u015ftirilir.<\/span><\/div>[vc_empty_space height=&#8221;20px&#8221;]<style type=\"text\/css\">#ut_custom_heading69f46e9e05f4f { font-size:18px !important;letter-spacing:-0.03em; }#ut_custom_heading69f46e9e05f4f { text-align:left; }@media (min-width: 768px) and (max-width: 1024px) { #ut_custom_heading69f46e9e05f4f { text-align:left; } }@media (max-width: 767px) { #ut_custom_heading69f46e9e05f4f { text-align:left; } }<\/style><h3 id=\"ut_custom_heading69f46e9e05f4f\" data-responsive-font=\"h3\" data-responsive-font-settings=\"{&quot;base-font-size&quot;:&quot;global&quot;,&quot;font-size&quot;:{&quot;desktop_large&quot;:&quot;18&quot;},&quot;base-line-height&quot;:&quot;global&quot;,&quot;base-letter-spacing&quot;:&quot;global&quot;,&quot;letter-spacing&quot;:{&quot;desktop_large&quot;:&quot;-0.03&quot;}}\" class=\"ut-custom-heading-module  \" ><span class=\"\" >Tedarik\u00e7ilere Kar\u015f\u0131 Sorumluluklar\u0131m\u0131z<\/span><\/h3><style type=\"text\/css\">#ut_custom_heading69f46e9e06005 { font-size:14px !important;line-height:28px !important; }#ut_custom_heading69f46e9e06005 { text-align:left; }@media (min-width: 768px) and (max-width: 1024px) { #ut_custom_heading69f46e9e06005 { text-align:left; } }@media (max-width: 767px) { #ut_custom_heading69f46e9e06005 { text-align:left; } }<\/style><div id=\"ut_custom_heading69f46e9e06005\" data-responsive-font=\"div\" data-responsive-font-settings=\"{&quot;base-font-size&quot;:&quot;global&quot;,&quot;font-size&quot;:{&quot;desktop_large&quot;:&quot;14&quot;},&quot;base-line-height&quot;:&quot;global&quot;,&quot;line-height&quot;:{&quot;desktop_large&quot;:&quot;28&quot;},&quot;base-letter-spacing&quot;:&quot;global&quot;}\" class=\"ut-custom-heading-module  \" ><span class=\"\" >Ba\u015f Group, tedarik\u00e7ilerinin olumsuz etkilenebilece\u011fi ticari uygulamalardan sak\u0131n\u0131r. Tedarik\u00e7ilerinden de \u00fcretim yaparken i\u015f eti\u011fine uygun davranmalar\u0131n\u0131 bekler. \u0130\u015f ortaklar\u0131yla ili\u015fkilerde adil ve sayg\u0131l\u0131 bir yakla\u015f\u0131m sergileriz. <\/span><\/div>[\/vc_column_inner][\/vc_row_inner][\/vc_column][\/vc_row][\/vc_section]<\/p>\n<\/div>","protected":false},"excerpt":{"rendered":"<p>[vc_section el_name=&#8221;First Section \/ Work&#8221;][vc_row][vc_column offset=&#8221;vc_col-lg-12&#8243;][vc_row_inner][vc_column_inner width=&#8221;1\/3&#8243;][vc_empty_space height=&#8221;20px&#8221;][vc_empty_space height=&#8221;20px&#8221;][\/vc_column_inner][vc_column_inner width=&#8221;1\/3&#8243;][vc_empty_space height=&#8221;20px&#8221;][vc_empty_space height=&#8221;20px&#8221;][\/vc_column_inner][vc_column_inner width=&#8221;1\/3&#8243;][vc_empty_space height=&#8221;20px&#8221;][vc_empty_space height=&#8221;20px&#8221;][\/vc_column_inner][\/vc_row_inner][\/vc_column][\/vc_row][\/vc_section]<\/p>\n","protected":false},"author":1,"featured_media":0,"parent":0,"menu_order":0,"comment_status":"closed","ping_status":"closed","template":"","meta":{"footnotes":""},"class_list":["post-2717","page","type-page","status-publish","hentry"],"_links":{"self":[{"href":"https:\/\/www.basgroupglobal.com\/tr\/wp-json\/wp\/v2\/pages\/2717","targetHints":{"allow":["GET"]}}],"collection":[{"href":"https:\/\/www.basgroupglobal.com\/tr\/wp-json\/wp\/v2\/pages"}],"about":[{"href":"https:\/\/www.basgroupglobal.com\/tr\/wp-json\/wp\/v2\/types\/page"}],"author":[{"embeddable":true,"href":"https:\/\/www.basgroupglobal.com\/tr\/wp-json\/wp\/v2\/users\/1"}],"replies":[{"embeddable":true,"href":"https:\/\/www.basgroupglobal.com\/tr\/wp-json\/wp\/v2\/comments?post=2717"}],"version-history":[{"count":1,"href":"https:\/\/www.basgroupglobal.com\/tr\/wp-json\/wp\/v2\/pages\/2717\/revisions"}],"predecessor-version":[{"id":6840,"href":"https:\/\/www.basgroupglobal.com\/tr\/wp-json\/wp\/v2\/pages\/2717\/revisions\/6840"}],"wp:attachment":[{"href":"https:\/\/www.basgroupglobal.com\/tr\/wp-json\/wp\/v2\/media?parent=2717"}],"curies":[{"name":"wp","href":"https:\/\/api.w.org\/{rel}","templated":true}]}}