{"id":7143,"date":"2025-06-24T06:50:25","date_gmt":"2025-06-24T06:50:25","guid":{"rendered":"https:\/\/www.basgroupglobal.com\/collaboration\/"},"modified":"2025-06-24T06:54:06","modified_gmt":"2025-06-24T06:54:06","slug":"collaboration","status":"publish","type":"page","link":"https:\/\/www.basgroupglobal.com\/fr\/collaboration\/","title":{"rendered":"Collaboration"},"content":{"rendered":"<div class=\"wpb-content-wrapper\"><p>[vc_section][vc_row el_name=&#8221;collaboration&#8221; el_id=&#8221;collaboration&#8221;][vc_column]<div class=\"wpb_content_element \"><style type=\"text\/css\">#ut_header_69fde660e9797 h1.section-title { font-size:65px !important;line-height:75px !important;letter-spacing:-0.05em; }<\/style><header id=\"ut_header_69fde660e9797\" class=\"section-header  ut-no-title-linebreak-mobile ut-no-lead-linebreak-mobile pt-style-2 header-center header-tablet-center header-mobile-center element-with-custom-line-height\"><div class=\"element-with-custom-line-height\" ><h1 data-title=\"Collaboration\"  data-responsive-font=\"section_title\" data-responsive-font-settings=\"{&quot;base-font-size&quot;:&quot;65&quot;,&quot;font-size-unit&quot;:&quot;px&quot;,&quot;font-size&quot;:{&quot;desktop_large&quot;:&quot;65&quot;},&quot;base-line-height&quot;:&quot;75&quot;,&quot;line-height-unit&quot;:&quot;px&quot;,&quot;line-height&quot;:{&quot;desktop_large&quot;:&quot;75&quot;},&quot;base-letter-spacing&quot;:&quot;global&quot;,&quot;letter-spacing&quot;:{&quot;desktop_large&quot;:&quot;-0.05&quot;}}\" class=\"section-title  \"><span>Collaboration<\/span><\/h1><\/div><div data-delay=\"0\" class=\"lead \"><p>Au-Del\u00e0 du Partenariat : Favoriser l\u2019Innovation et la Croissance Durable.<\/p>\n<\/div><\/header><\/div><style type=\"text\/css\">#ut_custom_heading69fde660f05f2 { font-size:14px !important;line-height:28px !important; }#ut_custom_heading69fde660f05f2 { text-align:left; }@media (min-width: 768px) and (max-width: 1024px) { #ut_custom_heading69fde660f05f2 { text-align:left; } }@media (max-width: 767px) { #ut_custom_heading69fde660f05f2 { text-align:left; } }<\/style><div id=\"ut_custom_heading69fde660f05f2\" data-responsive-font=\"div\" data-responsive-font-settings=\"{&quot;base-font-size&quot;:&quot;global&quot;,&quot;font-size&quot;:{&quot;desktop_large&quot;:&quot;14&quot;},&quot;base-line-height&quot;:&quot;global&quot;,&quot;line-height&quot;:{&quot;desktop_large&quot;:&quot;28&quot;},&quot;base-letter-spacing&quot;:&quot;global&quot;}\" class=\"ut-custom-heading-module  \" ><span class=\"\" ><\/p>\n<p style=\"text-align: justify;\">Chez Ba\u015f Group, nous sommes bien plus qu\u2019un fournisseur. Nous sommes votre partenaire strat\u00e9gique, engag\u00e9s \u00e0 offrir une qualit\u00e9 constante, un service exceptionnel et des solutions innovantes pour une croissance v\u00e9ritablement durable. Avec une passion pour accompagner nos clients dans le d\u00e9veloppement de leurs marques et leur connexion avec les consommateurs \u00e0 travers le monde, Ba\u015f Group fait de votre succ\u00e8s une priorit\u00e9.<br \/>Notre initiative Collaboration Agreement favorise l\u2019innovation et propose des solutions rapides pour les entreprises partenaires. Gr\u00e2ce \u00e0 une expertise technique couvrant la conception, l\u2019impression, la production, le stockage et la livraison, notre approche int\u00e9gr\u00e9e garantit une croissance mutuelle et maintient nos partenaires \u00e0 la pointe des tendances en mati\u00e8re d\u2019emballage.<br \/>Ba\u015f Group consid\u00e8re la collaboration strat\u00e9gique comme un outil puissant pour atteindre des objectifs communs et r\u00e9aliser des progr\u00e8s significatifs. Pour garantir une qualit\u00e9 de service optimale, nous collaborons exclusivement avec une seule entreprise par pays.       <\/p>\n<p><\/span><\/div>[vc_row_inner][vc_column_inner width=&#8221;1\/2&#8243;]<style type=\"text\/css\">#ut_custom_heading69fde660f06af { font-size:14px !important;line-height:28px !important; }#ut_custom_heading69fde660f06af { text-align:left; }@media (min-width: 768px) and (max-width: 1024px) { #ut_custom_heading69fde660f06af { text-align:left; } }@media (max-width: 767px) { #ut_custom_heading69fde660f06af { text-align:left; } }<\/style><div id=\"ut_custom_heading69fde660f06af\" data-responsive-font=\"div\" data-responsive-font-settings=\"{&quot;base-font-size&quot;:&quot;global&quot;,&quot;font-size&quot;:{&quot;desktop_large&quot;:&quot;14&quot;},&quot;base-line-height&quot;:&quot;global&quot;,&quot;line-height&quot;:{&quot;desktop_large&quot;:&quot;28&quot;},&quot;base-letter-spacing&quot;:&quot;global&quot;}\" class=\"ut-custom-heading-module  \" ><span class=\"\" ><\/p>\n<h2><b>D\u00e9veloppement de Produit<\/b><\/h2>\n<p>Notre \u00e9quipe R&amp;D exp\u00e9riment\u00e9e con\u00e7oit des solutions d\u2019emballage innovantes, adapt\u00e9es \u00e0 vos produits et \u00e0 vos besoins sp\u00e9cifiques.<\/p>\n<h2><b>Conseil<\/b><\/h2>\n<p>Nous fournissons des solutions d\u2019emballage intelligentes qui renforcent l\u2019attrait de vos produits, optimisent vos op\u00e9rations et vous d\u00e9marquent de la concurrence.<\/p>\n<h2><b>Identit\u00e9 de marque<\/b><\/h2>\n<p>Notre \u00e9quipe de design int\u00e8gre votre identit\u00e9 visuelle dans vos emballages, cr\u00e9ant des designs uniques et percutants qui renforcent votre marque.<\/p>\n<h2><b>Contr\u00f4le de la Qualit\u00e9<\/b><\/h2>\n<p>Afin d\u2019obtenir des r\u00e9sultats impeccables, les produits finis sont s\u00e9lectionn\u00e9s au hasard, inspect\u00e9s en profondeur et test\u00e9s \u00e0 l\u2019aide de m\u00e9thodes rigoureuses de contr\u00f4le qualit\u00e9.<\/p>\n<h2><b>Stockage et Livraison S\u00e9curis\u00e9s<\/b><\/h2>\n<p>Gr\u00e2ce \u00e0 des syst\u00e8mes avanc\u00e9s, nous offrons un stockage s\u00e9curis\u00e9 de vos produits dans nos entrep\u00f4ts et assurons des livraisons fiables et ponctuelles.<\/span><\/div>[\/vc_column_inner][vc_column_inner width=&#8221;1\/2&#8243;][vc_empty_space]<div class=\"wpb_content_element \"><style type=\"text\/css\">#ut_vs_69fde660f0730.ut-shortcode-video-wrap .ut-video-module-caption-text span { font-weight: bold; }<\/style><div id=\"ut_vs_69fde660f0730\" class=\"ut-shortcode-video-wrap  ut-has-background-video ut-shortcode-video-wrap-tablet- ut-shortcode-video-wrap-mobile- clearfix\" ><div id=\"ut_reveal_69fde660f0731\"  class=\"ut-video-module \"><div class=\"ut-video-module-caption \"><a href=\"#\" data-source=\"mp4\" data-autoplay=\"0\" data-nonce=\"6bd04d1826\" class=\"ut-load-video ut-deactivated-link ut-video-module-play-icon-hidden\"><img decoding=\"async\" class=\"ut-lozad skip-lazy\" src=\"data:image\/svg+xml;charset=utf-8,%3Csvg xmlns%3D'http%3A%2F%2Fwww.w3.org%2F2000%2Fsvg' viewBox%3D'0 0 770 440'%2F%3E\" data-src=\"https:\/\/www.basgroupglobal.com\/wp-content\/plugins\/ut-shortcodes\/\/img\/placeholder\/video-poster.jpg\"><div id=\"ut_vc_69fde660f0fe4575340863\" class=\"ut-video-container ut-video-object-fit  ut-video-format-wide ut-force-video-aspect-ratio\">                                        <video id=\"ut-selfvideo-player-69fde660f074f367693846\" data-id=\"69fde660f074f367693846\" data-filters='' class=\"ut-selfvideo-player disablePictureInPicture   ut-lazy-video\" preload=\"metadata\" playsinline loop muted data-play-sound=\"off\" volume=\"5\" data-play-event=\"on_load\" data-appear-top-offset=\"full\" data-controls-play-event=\"play_pause\" data-play-action=\"play_pause\" data-ut-wait=\"\"><source data-src=\"\" type=\"video\/mp4\"> <\/video>                <\/div><div class=\"ut-video-module-caption-text\"><div class=\"ut-video-module-inner-caption-text ut-video-module-empty-caption ut-video-module-caption-position-default\"><div class=\"ut-video-module-play-icon ut-new-hide\"><i class=\"Bklyn-Core-Right-6\" aria-hidden=\"true\"><\/i><\/div><\/div><\/div><\/a><\/div><div class=\"ut-video-module-loading\"><div class=\"ut-image-gallery-loader\"><div class=\"ut-image-gallery-loader-inner\"><\/div><\/div><\/div><\/div><\/div><\/div>[\/vc_column_inner][\/vc_row_inner][\/vc_column][\/vc_row][\/vc_section]<\/p>\n<\/div>","protected":false},"excerpt":{"rendered":"<p>[vc_section][vc_row el_name=&#8221;collaboration&#8221; el_id=&#8221;collaboration&#8221;][vc_column][vc_row_inner][vc_column_inner width=&#8221;1\/2&#8243;][\/vc_column_inner][vc_column_inner width=&#8221;1\/2&#8243;][vc_empty_space][\/vc_column_inner][\/vc_row_inner][\/vc_column][\/vc_row][\/vc_section]<\/p>\n","protected":false},"author":3,"featured_media":0,"parent":0,"menu_order":0,"comment_status":"closed","ping_status":"closed","template":"","meta":{"footnotes":""},"class_list":["post-7143","page","type-page","status-publish","hentry"],"_links":{"self":[{"href":"https:\/\/www.basgroupglobal.com\/fr\/wp-json\/wp\/v2\/pages\/7143","targetHints":{"allow":["GET"]}}],"collection":[{"href":"https:\/\/www.basgroupglobal.com\/fr\/wp-json\/wp\/v2\/pages"}],"about":[{"href":"https:\/\/www.basgroupglobal.com\/fr\/wp-json\/wp\/v2\/types\/page"}],"author":[{"embeddable":true,"href":"https:\/\/www.basgroupglobal.com\/fr\/wp-json\/wp\/v2\/users\/3"}],"replies":[{"embeddable":true,"href":"https:\/\/www.basgroupglobal.com\/fr\/wp-json\/wp\/v2\/comments?post=7143"}],"version-history":[{"count":2,"href":"https:\/\/www.basgroupglobal.com\/fr\/wp-json\/wp\/v2\/pages\/7143\/revisions"}],"predecessor-version":[{"id":7145,"href":"https:\/\/www.basgroupglobal.com\/fr\/wp-json\/wp\/v2\/pages\/7143\/revisions\/7145"}],"wp:attachment":[{"href":"https:\/\/www.basgroupglobal.com\/fr\/wp-json\/wp\/v2\/media?parent=7143"}],"curies":[{"name":"wp","href":"https:\/\/api.w.org\/{rel}","templated":true}]}}