{"id":7134,"date":"2025-06-24T06:41:58","date_gmt":"2025-06-24T06:41:58","guid":{"rendered":"https:\/\/www.basgroupglobal.com\/ecologie-durable\/"},"modified":"2025-06-24T06:45:33","modified_gmt":"2025-06-24T06:45:33","slug":"ecologie-durable","status":"publish","type":"page","link":"https:\/\/www.basgroupglobal.com\/fr\/ecologie-durable\/","title":{"rendered":"Ecologie Durable"},"content":{"rendered":"<div class=\"wpb-content-wrapper\"><p>[vc_section][vc_row el_name=&#8221;sustainability&#8221; el_id=&#8221;sustainability&#8221;][vc_column]<div class=\"wpb_content_element \"><style type=\"text\/css\">#ut_header_69f3f52ed1163 h1.section-title { font-size:65px !important;line-height:75px !important;letter-spacing:-0.05em; }<\/style><header id=\"ut_header_69f3f52ed1163\" class=\"section-header  ut-no-title-linebreak-mobile ut-no-lead-linebreak-mobile pt-style-2 header-center header-tablet-center header-mobile-center element-with-custom-line-height\"><div class=\"element-with-custom-line-height\" ><h1 data-title=\"Ecologie Durable\"  data-responsive-font=\"section_title\" data-responsive-font-settings=\"{&quot;base-font-size&quot;:&quot;65&quot;,&quot;font-size-unit&quot;:&quot;px&quot;,&quot;font-size&quot;:{&quot;desktop_large&quot;:&quot;65&quot;},&quot;base-line-height&quot;:&quot;75&quot;,&quot;line-height-unit&quot;:&quot;px&quot;,&quot;line-height&quot;:{&quot;desktop_large&quot;:&quot;75&quot;},&quot;base-letter-spacing&quot;:&quot;global&quot;,&quot;letter-spacing&quot;:{&quot;desktop_large&quot;:&quot;-0.05&quot;}}\" class=\"section-title  \"><span>Ecologie Durable<\/span><\/h1><\/div><div data-delay=\"0\" class=\"lead \"><p>Fa\u00e7onner un Avenir Plus Vert avec des Solutions d\u2019Emballage Durable.<\/p>\n<\/div><\/header><\/div><style type=\"text\/css\">#ut_custom_heading69f3f52edaad1 { font-size:14px !important;line-height:28px !important; }#ut_custom_heading69f3f52edaad1 { text-align:left; }@media (min-width: 768px) and (max-width: 1024px) { #ut_custom_heading69f3f52edaad1 { text-align:left; } }@media (max-width: 767px) { #ut_custom_heading69f3f52edaad1 { text-align:left; } }<\/style><div id=\"ut_custom_heading69f3f52edaad1\" data-responsive-font=\"div\" data-responsive-font-settings=\"{&quot;base-font-size&quot;:&quot;global&quot;,&quot;font-size&quot;:{&quot;desktop_large&quot;:&quot;14&quot;},&quot;base-line-height&quot;:&quot;28&quot;,&quot;line-height-unit&quot;:&quot;px&quot;,&quot;line-height&quot;:{&quot;desktop_large&quot;:&quot;28&quot;},&quot;base-letter-spacing&quot;:&quot;global&quot;}\" class=\"ut-custom-heading-module  \" ><span class=\"\" ><\/p>\n<p style=\"text-align: justify;\">La durabilit\u00e9 est au c\u0153ur de la mission de Ba\u015f Group : transformer l\u2019industrie de l\u2019emballage pour un avenir meilleur. Guid\u00e9s par notre strat\u00e9gie Greener 2030, nous nous engageons \u00e0 relever les d\u00e9fis actuels tout en pr\u00e9parant les besoins des g\u00e9n\u00e9rations futures. Depuis sa cr\u00e9ation, Ba\u015f Group s\u2019est engag\u00e9 \u00e0 rendre tous ses emballages recyclables ou r\u00e9utilisables d\u2019ici 2030, faisant de la durabilit\u00e9 une pierre angulaire de notre innovation. La majorit\u00e9 de nos produits sont soigneusement con\u00e7us pour \u00eatre facilement recycl\u00e9s ou r\u00e9utilis\u00e9s, et nous repoussons constamment les limites pour atteindre des objectifs encore plus ambitieux d\u00e9finis par notre initiative Greener 2030. Ensemble, nous pouvons aider votre entreprise \u00e0 adopter des solutions d\u2019emballage \u00e9co-responsables et \u00e0 contribuer \u00e0 un avenir durable. D\u00e9couvrez comment Ba\u015f Group peut rendre vos emballages plus durables d\u00e8s aujourd\u2019hui.       <\/p>\n<p><\/span><\/div>[vc_row_inner][vc_column_inner width=&#8221;1\/2&#8243;][vc_empty_space height=&#8221;45px&#8221;]<div class=\"wpb_content_element \"><style type=\"text\/css\">#ut_vs_69f3f52edabea.ut-shortcode-video-wrap .ut-video-module-caption-text span { font-weight: bold; }<\/style><div id=\"ut_vs_69f3f52edabea\" class=\"ut-shortcode-video-wrap  ut-has-background-video ut-shortcode-video-wrap-tablet- ut-shortcode-video-wrap-mobile- clearfix\" ><div id=\"ut_reveal_69f3f52edabec\"  class=\"ut-video-module \"><div class=\"ut-video-module-caption \"><a href=\"#\" data-source=\"mp4\" data-autoplay=\"0\" data-nonce=\"bd5f690ae3\" class=\"ut-load-video ut-deactivated-link ut-video-module-play-icon-hidden\"><img decoding=\"async\" class=\"ut-lozad skip-lazy\" src=\"data:image\/svg+xml;charset=utf-8,%3Csvg xmlns%3D'http%3A%2F%2Fwww.w3.org%2F2000%2Fsvg' viewBox%3D'0 0 770 440'%2F%3E\" data-src=\"https:\/\/www.basgroupglobal.com\/wp-content\/plugins\/ut-shortcodes\/\/img\/placeholder\/video-poster.jpg\"><div id=\"ut_vc_69f3f52edba0d475574667\" class=\"ut-video-container ut-video-object-fit  ut-video-format-wide ut-force-video-aspect-ratio\">                                        <video id=\"ut-selfvideo-player-69f3f52edac14754275994\" data-id=\"69f3f52edac14754275994\" data-filters='' class=\"ut-selfvideo-player disablePictureInPicture   ut-lazy-video\" preload=\"metadata\" playsinline loop muted data-play-sound=\"off\" volume=\"5\" data-play-event=\"on_load\" data-appear-top-offset=\"full\" data-controls-play-event=\"play_pause\" data-play-action=\"play_pause\" data-ut-wait=\"\"><source data-src=\"\" type=\"video\/mp4\"> <\/video>                <\/div><div class=\"ut-video-module-caption-text\"><div class=\"ut-video-module-inner-caption-text ut-video-module-empty-caption ut-video-module-caption-position-default\"><div class=\"ut-video-module-play-icon ut-new-hide\"><i class=\"Bklyn-Core-Right-6\" aria-hidden=\"true\"><\/i><\/div><\/div><\/div><\/a><\/div><div class=\"ut-video-module-loading\"><div class=\"ut-image-gallery-loader\"><div class=\"ut-image-gallery-loader-inner\"><\/div><\/div><\/div><\/div><\/div><\/div>[\/vc_column_inner][vc_column_inner width=&#8221;1\/2&#8243;]<div class=\"wpb_content_element \"><style type=\"text\/css\">#ut_header_69f3f52edc828 h2.section-title { font-size:40px !important;line-height:55px !important;letter-spacing:-0.05em; }<\/style><header id=\"ut_header_69f3f52edc828\" class=\"section-header  ut-no-title-linebreak-mobile ut-no-lead-linebreak-mobile pt-style-2 header-center header-tablet-center header-mobile-center element-with-custom-line-height\"><div class=\"element-with-custom-line-height\" ><h2 data-title=\"\u00c0 Propos de Greener 2030\"  data-responsive-font=\"section_title\" data-responsive-font-settings=\"{&quot;base-font-size&quot;:&quot;40&quot;,&quot;font-size-unit&quot;:&quot;px&quot;,&quot;font-size&quot;:{&quot;desktop_large&quot;:&quot;40&quot;},&quot;base-line-height&quot;:&quot;55&quot;,&quot;line-height-unit&quot;:&quot;px&quot;,&quot;line-height&quot;:{&quot;desktop_large&quot;:&quot;55&quot;},&quot;base-letter-spacing&quot;:&quot;global&quot;,&quot;letter-spacing&quot;:{&quot;desktop_large&quot;:&quot;-0.05&quot;}}\" class=\"section-title  \"><span>\u00c0 Propos de Greener 2030<\/span><\/h2><\/div><div data-delay=\"0\" class=\"lead \"><p>Progresser Durablement pour les Personnes,<br \/>la Nature et l\u2019Innovation.<\/p>\n<\/div><\/header><\/div><style type=\"text\/css\">#ut_custom_heading69f3f52edd8c1 { font-size:14px !important;line-height:28px !important; }#ut_custom_heading69f3f52edd8c1 { text-align:left; }@media (min-width: 768px) and (max-width: 1024px) { #ut_custom_heading69f3f52edd8c1 { text-align:left; } }@media (max-width: 767px) { #ut_custom_heading69f3f52edd8c1 { text-align:left; } }<\/style><div id=\"ut_custom_heading69f3f52edd8c1\" data-responsive-font=\"div\" data-responsive-font-settings=\"{&quot;base-font-size&quot;:&quot;global&quot;,&quot;font-size&quot;:{&quot;desktop_large&quot;:&quot;14&quot;},&quot;base-line-height&quot;:&quot;global&quot;,&quot;line-height&quot;:{&quot;desktop_large&quot;:&quot;28&quot;},&quot;base-letter-spacing&quot;:&quot;global&quot;}\" class=\"ut-custom-heading-module  \" ><span class=\"\" ><\/p>\n<p style=\"text-align: justify;\">Greener 2030 incarne l\u2019engagement de Ba\u015f Group \u00e0 construire un avenir plus durable pour les personnes, la plan\u00e8te et nos activit\u00e9s. Align\u00e9e sur les Objectifs de D\u00e9veloppement Durable (ODD) des Nations Unies, cette strat\u00e9gie nous propulse vers notre vision d\u2019innovation durable. (Voir: <a href=\"https:\/\/sdgs.un.org\/goals\" target=\"_blank\" rel=\"noopener noreferrer\">https:\/\/sdgs.un.org\/goals<\/a>)<br \/>Cette initiative refl\u00e8te notre d\u00e9vouement \u00e0 cr\u00e9er des impacts positifs pour les communaut\u00e9s, nos clients et l\u2019environnement. En donnant la priorit\u00e9 aux pratiques durables, nous visons \u00e0 laisser un impact durable sur le monde, garantissant une plan\u00e8te plus saine pour les g\u00e9n\u00e9rations futures.    <\/p>\n<p><\/span><\/div>[\/vc_column_inner][\/vc_row_inner][\/vc_column][\/vc_row][\/vc_section]<\/p>\n<\/div>","protected":false},"excerpt":{"rendered":"<p>[vc_section][vc_row el_name=&#8221;sustainability&#8221; el_id=&#8221;sustainability&#8221;][vc_column][vc_row_inner][vc_column_inner width=&#8221;1\/2&#8243;][vc_empty_space height=&#8221;45px&#8221;][\/vc_column_inner][vc_column_inner width=&#8221;1\/2&#8243;][\/vc_column_inner][\/vc_row_inner][\/vc_column][\/vc_row][\/vc_section]<\/p>\n","protected":false},"author":3,"featured_media":0,"parent":0,"menu_order":0,"comment_status":"closed","ping_status":"closed","template":"","meta":{"footnotes":""},"class_list":["post-7134","page","type-page","status-publish","hentry"],"_links":{"self":[{"href":"https:\/\/www.basgroupglobal.com\/fr\/wp-json\/wp\/v2\/pages\/7134","targetHints":{"allow":["GET"]}}],"collection":[{"href":"https:\/\/www.basgroupglobal.com\/fr\/wp-json\/wp\/v2\/pages"}],"about":[{"href":"https:\/\/www.basgroupglobal.com\/fr\/wp-json\/wp\/v2\/types\/page"}],"author":[{"embeddable":true,"href":"https:\/\/www.basgroupglobal.com\/fr\/wp-json\/wp\/v2\/users\/3"}],"replies":[{"embeddable":true,"href":"https:\/\/www.basgroupglobal.com\/fr\/wp-json\/wp\/v2\/comments?post=7134"}],"version-history":[{"count":2,"href":"https:\/\/www.basgroupglobal.com\/fr\/wp-json\/wp\/v2\/pages\/7134\/revisions"}],"predecessor-version":[{"id":7136,"href":"https:\/\/www.basgroupglobal.com\/fr\/wp-json\/wp\/v2\/pages\/7134\/revisions\/7136"}],"wp:attachment":[{"href":"https:\/\/www.basgroupglobal.com\/fr\/wp-json\/wp\/v2\/media?parent=7134"}],"curies":[{"name":"wp","href":"https:\/\/api.w.org\/{rel}","templated":true}]}}