{"id":7057,"date":"2025-06-20T09:53:43","date_gmt":"2025-06-20T09:53:43","guid":{"rendered":"https:\/\/www.basgroupglobal.com\/produits\/"},"modified":"2025-06-20T10:45:06","modified_gmt":"2025-06-20T10:45:06","slug":"produits","status":"publish","type":"page","link":"https:\/\/www.basgroupglobal.com\/fr\/produits\/","title":{"rendered":"Produits"},"content":{"rendered":"<div class=\"wpb-content-wrapper\"><p>[vc_section][vc_row][vc_column]<div class=\"wpb_content_element \"><style type=\"text\/css\">#ut_header_69fde669caf02 h1.section-title { font-size:60px !important;line-height:75px !important;letter-spacing:-0.05em; }@media (min-width: 1025px) { #ut_header_69fde669caf02 .lead { width:65%;margin: 0 auto;} }<\/style><header id=\"ut_header_69fde669caf02\" class=\"section-header  ut-no-title-linebreak-mobile ut-no-lead-linebreak-mobile pt-style-2 header-center header-tablet-center header-mobile-center element-with-custom-line-height\"><div class=\"element-with-custom-line-height\" ><h1 data-title=\"Produits\"  data-responsive-font=\"section_title\" data-responsive-font-settings=\"{&quot;base-font-size&quot;:&quot;60&quot;,&quot;font-size-unit&quot;:&quot;px&quot;,&quot;font-size&quot;:{&quot;desktop_large&quot;:&quot;60&quot;},&quot;base-line-height&quot;:&quot;75&quot;,&quot;line-height-unit&quot;:&quot;px&quot;,&quot;line-height&quot;:{&quot;desktop_large&quot;:&quot;75&quot;},&quot;base-letter-spacing&quot;:&quot;global&quot;,&quot;letter-spacing&quot;:{&quot;desktop_large&quot;:&quot;-0.05&quot;}}\" class=\"section-title  \"><span>Produits<\/span><\/h1><\/div><div data-delay=\"0\" class=\"lead \"><p>Nous mettons l\u2019excellence au c\u0153ur de nos produits, de nos \u00e9quipes et de notre plan\u00e8te.<\/p>\n<\/div><\/header><\/div>[vc_row_inner el_id=&#8221;products&#8221;][vc_column_inner width=&#8221;1\/3&#8243;]<div class=\"wpb_content_element \"><style type=\"text\/css\">#ut_tm_69fde669df346 .bklyn5-team-member-name { color: #000000; }#ut_tm_69fde669df346 .bklyn5-team-member-name { font-size: 30px; }#ut_tm_69fde669df346 .bklyn5-team-member-ocupation { color: #000000; }#ut_tm_69fde669df346 .bklyn5-team-member-social-icons a:hover { color: rgba(198, 137, 114, 1); }#ut_tm_69fde669df346 .bklyn5-team-member-social-icons a:focus { color: rgba(198, 137, 114, 1); }#ut_tm_69fde669df346 .bklyn5-team-member-social-icons a:active { color: rgba(198, 137, 114, 1); }#ut_tm_69fde669df346 .bklyn5-team-member-overlay { background: #ffffff; }<\/style><div id=\"ut_tm_69fde669df346\" class=\"bklyn5-team-member bklyn5-team-member-style-3 bklyn5-team-member-left\"><a title=\"\" href=\"https:\/\/www.basgroupglobal.com\/fr\/produits\/sacs-en-papier\/\" target=\"_self\" ><div class=\"bklyn5-team-member-avatar\">\r\n        <img fetchpriority=\"high\" decoding=\"async\" data-adaptive-images=\"{&quot;300&quot;:&quot;https:\\\/\\\/www.basgroupglobal.com\\\/wp-content\\\/uploads\\\/2024\\\/11\\\/twisted-handle-paper-bag-1-300x200.jpg&quot;,&quot;500&quot;:&quot;https:\\\/\\\/www.basgroupglobal.com\\\/wp-content\\\/uploads\\\/2024\\\/11\\\/twisted-handle-paper-bag-1-500x333.jpg&quot;,&quot;750&quot;:&quot;https:\\\/\\\/www.basgroupglobal.com\\\/wp-content\\\/uploads\\\/2024\\\/11\\\/twisted-handle-paper-bag-1-750x500.jpg&quot;,&quot;1000&quot;:&quot;https:\\\/\\\/www.basgroupglobal.com\\\/wp-content\\\/uploads\\\/2024\\\/11\\\/twisted-handle-paper-bag-1-1000x667.jpg&quot;,&quot;1500&quot;:&quot;https:\\\/\\\/www.basgroupglobal.com\\\/wp-content\\\/uploads\\\/2024\\\/11\\\/twisted-handle-paper-bag-1-1500x1000.jpg&quot;,&quot;2500&quot;:&quot;https:\\\/\\\/www.basgroupglobal.com\\\/wp-content\\\/uploads\\\/2024\\\/11\\\/twisted-handle-paper-bag-1-2500x1667.jpg&quot;}\" src=\"data:image\/svg+xml;charset=utf-8,%3Csvg xmlns%3D&#039;http%3A%2F%2Fwww.w3.org%2F2000%2Fsvg&#039; viewBox%3D&#039;0 0 1500 1000&#039;%2F%3E\" width=\"1500\" height=\"1000\" data-src=\"https:\/\/www.basgroupglobal.com\/wp-content\/uploads\/2024\/11\/twisted-handle-paper-bag-1-1500x1000.jpg\" data-image-id=\"6092\" class=\"ut-adaptive-image wp-post-image skip-lazy \">\r\n\r\n        <\/div><\/a><div class=\"bklyn5-team-member-overlay\"><div class=\"bklyn5-team-member-overlay-caption\"><div class=\"bklyn5-team-member-info\"><h3 class=\"bklyn5-team-member-name\">SACS EN PAPIER<\/h3><div class=\"bklyn5-team-member-ocupation\">CLIQUEZ POUR PLUS<\/div><\/div><\/div><\/div><\/div><\/div><div class=\"wpb_content_element \"><style type=\"text\/css\">#ut_tm_69fde669ec2a0 .bklyn5-team-member-name { color: #000000; }#ut_tm_69fde669ec2a0 .bklyn5-team-member-name { font-size: 30px; }#ut_tm_69fde669ec2a0 .bklyn5-team-member-ocupation { color: #000000; }#ut_tm_69fde669ec2a0 .bklyn5-team-member-social-icons a:hover { color: rgba(198, 137, 114, 1); }#ut_tm_69fde669ec2a0 .bklyn5-team-member-social-icons a:focus { color: rgba(198, 137, 114, 1); }#ut_tm_69fde669ec2a0 .bklyn5-team-member-social-icons a:active { color: rgba(198, 137, 114, 1); }#ut_tm_69fde669ec2a0 .bklyn5-team-member-overlay { background: #ffffff; }<\/style><div id=\"ut_tm_69fde669ec2a0\" class=\"bklyn5-team-member bklyn5-team-member-style-3 bklyn5-team-member-left\"><a title=\"\" href=\"https:\/\/www.basgroupglobal.com\/fr\/produits\/papiers-demballage-et-de-plateau\/\" target=\"_self\" ><div class=\"bklyn5-team-member-avatar\">\r\n        <img decoding=\"async\" data-adaptive-images=\"{&quot;300&quot;:&quot;https:\\\/\\\/www.basgroupglobal.com\\\/wp-content\\\/uploads\\\/2023\\\/07\\\/aluminium-foil-wrapping-paper-300x200.webp&quot;,&quot;500&quot;:&quot;https:\\\/\\\/www.basgroupglobal.com\\\/wp-content\\\/uploads\\\/2023\\\/07\\\/aluminium-foil-wrapping-paper-500x333.webp&quot;,&quot;750&quot;:&quot;https:\\\/\\\/www.basgroupglobal.com\\\/wp-content\\\/uploads\\\/2023\\\/07\\\/aluminium-foil-wrapping-paper-750x500.webp&quot;,&quot;1000&quot;:&quot;https:\\\/\\\/www.basgroupglobal.com\\\/wp-content\\\/uploads\\\/2023\\\/07\\\/aluminium-foil-wrapping-paper-1000x667.webp&quot;,&quot;1500&quot;:&quot;https:\\\/\\\/www.basgroupglobal.com\\\/wp-content\\\/uploads\\\/2023\\\/07\\\/aluminium-foil-wrapping-paper-1500x1000.webp&quot;,&quot;2500&quot;:&quot;https:\\\/\\\/www.basgroupglobal.com\\\/wp-content\\\/uploads\\\/2023\\\/07\\\/aluminium-foil-wrapping-paper-2500x1667.webp&quot;}\" alt=\"custom printed aluminium foil food wrapping paper\" src=\"data:image\/svg+xml;charset=utf-8,%3Csvg xmlns%3D&#039;http%3A%2F%2Fwww.w3.org%2F2000%2Fsvg&#039; viewBox%3D&#039;0 0 1500 1000&#039;%2F%3E\" width=\"1500\" height=\"1000\" data-src=\"https:\/\/www.basgroupglobal.com\/wp-content\/uploads\/2023\/07\/aluminium-foil-wrapping-paper-1500x1000.webp\" data-image-id=\"4294\" class=\"ut-adaptive-image wp-post-image skip-lazy \">\r\n\r\n        <\/div><\/a><div class=\"bklyn5-team-member-overlay\"><div class=\"bklyn5-team-member-overlay-caption\"><div class=\"bklyn5-team-member-info\"><h3 class=\"bklyn5-team-member-name\">PAPIERS D'EMBALLAGE ET DE PLATEAUX<\/h3><div class=\"bklyn5-team-member-ocupation\">CLIQUEZ POUR PLUS<\/div><\/div><\/div><\/div><\/div><\/div><div class=\"wpb_content_element \"><style type=\"text\/css\">#ut_tm_69fde66a06526 .bklyn5-team-member-name { color: #000000; }#ut_tm_69fde66a06526 .bklyn5-team-member-name { font-size: 30px; }#ut_tm_69fde66a06526 .bklyn5-team-member-ocupation { color: #000000; }#ut_tm_69fde66a06526 .bklyn5-team-member-social-icons a:hover { color: rgba(198, 137, 114, 1); }#ut_tm_69fde66a06526 .bklyn5-team-member-social-icons a:focus { color: rgba(198, 137, 114, 1); }#ut_tm_69fde66a06526 .bklyn5-team-member-social-icons a:active { color: rgba(198, 137, 114, 1); }#ut_tm_69fde66a06526 .bklyn5-team-member-overlay { background: #ffffff; }<\/style><div id=\"ut_tm_69fde66a06526\" class=\"bklyn5-team-member bklyn5-team-member-style-3 bklyn5-team-member-left\"><a title=\"Napkins &amp; Wet Wipes\" href=\"https:\/\/www.basgroupglobal.com\/fr\/produits\/serviettes-rince-doigts\/\" target=\"_self\" ><div class=\"bklyn5-team-member-avatar\">\r\n        <img decoding=\"async\" data-adaptive-images=\"{&quot;300&quot;:&quot;https:\\\/\\\/www.basgroupglobal.com\\\/wp-content\\\/uploads\\\/2023\\\/07\\\/napkin-1-300x200.webp&quot;,&quot;500&quot;:&quot;https:\\\/\\\/www.basgroupglobal.com\\\/wp-content\\\/uploads\\\/2023\\\/07\\\/napkin-1-500x333.webp&quot;,&quot;750&quot;:&quot;https:\\\/\\\/www.basgroupglobal.com\\\/wp-content\\\/uploads\\\/2023\\\/07\\\/napkin-1-750x500.webp&quot;,&quot;1000&quot;:&quot;https:\\\/\\\/www.basgroupglobal.com\\\/wp-content\\\/uploads\\\/2023\\\/07\\\/napkin-1-1000x667.webp&quot;,&quot;1500&quot;:&quot;https:\\\/\\\/www.basgroupglobal.com\\\/wp-content\\\/uploads\\\/2023\\\/07\\\/napkin-1-1500x1000.webp&quot;,&quot;2500&quot;:&quot;https:\\\/\\\/www.basgroupglobal.com\\\/wp-content\\\/uploads\\\/2023\\\/07\\\/napkin-1-2500x1667.webp&quot;}\" alt=\"custom printed 2 ply napkin\" src=\"data:image\/svg+xml;charset=utf-8,%3Csvg xmlns%3D&#039;http%3A%2F%2Fwww.w3.org%2F2000%2Fsvg&#039; viewBox%3D&#039;0 0 1500 1000&#039;%2F%3E\" width=\"1500\" height=\"1000\" data-src=\"https:\/\/www.basgroupglobal.com\/wp-content\/uploads\/2023\/07\/napkin-1-1500x1000.webp\" data-image-id=\"4303\" class=\"ut-adaptive-image wp-post-image skip-lazy \">\r\n\r\n        <\/div><\/a><div class=\"bklyn5-team-member-overlay\"><div class=\"bklyn5-team-member-overlay-caption\"><div class=\"bklyn5-team-member-info\"><h3 class=\"bklyn5-team-member-name\">SERVIETTES ET RINCE DOIGTS<\/h3><div class=\"bklyn5-team-member-ocupation\">CLIQUEZ POUR PLUS<\/div><\/div><\/div><\/div><\/div><\/div>[\/vc_column_inner][vc_column_inner width=&#8221;1\/3&#8243;]<div class=\"wpb_content_element \"><style type=\"text\/css\">#ut_tm_69fde66a1303b .bklyn5-team-member-name { color: #000000; }#ut_tm_69fde66a1303b .bklyn5-team-member-name { font-size: 30px; }#ut_tm_69fde66a1303b .bklyn5-team-member-ocupation { color: #000000; }#ut_tm_69fde66a1303b .bklyn5-team-member-social-icons a:hover { color: rgba(198, 137, 114, 1); }#ut_tm_69fde66a1303b .bklyn5-team-member-social-icons a:focus { color: rgba(198, 137, 114, 1); }#ut_tm_69fde66a1303b .bklyn5-team-member-social-icons a:active { color: rgba(198, 137, 114, 1); }#ut_tm_69fde66a1303b .bklyn5-team-member-overlay { background: #ffffff; }<\/style><div id=\"ut_tm_69fde66a1303b\" class=\"bklyn5-team-member bklyn5-team-member-style-3 bklyn5-team-member-left\"><a title=\"\" href=\"https:\/\/www.basgroupglobal.com\/fr\/produits\/sacs-sos\/\" target=\"_self\" ><div class=\"bklyn5-team-member-avatar\">\r\n        <img loading=\"lazy\" decoding=\"async\" data-adaptive-images=\"{&quot;300&quot;:&quot;https:\\\/\\\/www.basgroupglobal.com\\\/wp-content\\\/uploads\\\/2023\\\/07\\\/brown-kraft-sos-bag-1-300x200.webp&quot;,&quot;500&quot;:&quot;https:\\\/\\\/www.basgroupglobal.com\\\/wp-content\\\/uploads\\\/2023\\\/07\\\/brown-kraft-sos-bag-1-500x333.webp&quot;,&quot;750&quot;:&quot;https:\\\/\\\/www.basgroupglobal.com\\\/wp-content\\\/uploads\\\/2023\\\/07\\\/brown-kraft-sos-bag-1-750x500.webp&quot;,&quot;1000&quot;:&quot;https:\\\/\\\/www.basgroupglobal.com\\\/wp-content\\\/uploads\\\/2023\\\/07\\\/brown-kraft-sos-bag-1-1000x667.webp&quot;,&quot;1500&quot;:&quot;https:\\\/\\\/www.basgroupglobal.com\\\/wp-content\\\/uploads\\\/2023\\\/07\\\/brown-kraft-sos-bag-1-1500x1000.webp&quot;,&quot;2500&quot;:&quot;https:\\\/\\\/www.basgroupglobal.com\\\/wp-content\\\/uploads\\\/2023\\\/07\\\/brown-kraft-sos-bag-1-2500x1667.webp&quot;}\" alt=\"custom printed brown kraft sos bag\" src=\"data:image\/svg+xml;charset=utf-8,%3Csvg xmlns%3D&#039;http%3A%2F%2Fwww.w3.org%2F2000%2Fsvg&#039; viewBox%3D&#039;0 0 1500 1000&#039;%2F%3E\" width=\"1500\" height=\"1000\" data-src=\"https:\/\/www.basgroupglobal.com\/wp-content\/uploads\/2023\/07\/brown-kraft-sos-bag-1-1500x1000.webp\" data-image-id=\"4287\" class=\"ut-adaptive-image wp-post-image skip-lazy \">\r\n\r\n        <\/div><\/a><div class=\"bklyn5-team-member-overlay\"><div class=\"bklyn5-team-member-overlay-caption\"><div class=\"bklyn5-team-member-info\"><h3 class=\"bklyn5-team-member-name\">SACS SOS<\/h3><div class=\"bklyn5-team-member-ocupation\">CLIQUEZ POUR PLUS<\/div><\/div><\/div><\/div><\/div><\/div><div class=\"wpb_content_element \"><style type=\"text\/css\">#ut_tm_69fde66a1f6ae .bklyn5-team-member-name { color: #000000; }#ut_tm_69fde66a1f6ae .bklyn5-team-member-name { font-size: 30px; }#ut_tm_69fde66a1f6ae .bklyn5-team-member-ocupation { color: #000000; }#ut_tm_69fde66a1f6ae .bklyn5-team-member-social-icons a:hover { color: rgba(198, 137, 114, 1); }#ut_tm_69fde66a1f6ae .bklyn5-team-member-social-icons a:focus { color: rgba(198, 137, 114, 1); }#ut_tm_69fde66a1f6ae .bklyn5-team-member-social-icons a:active { color: rgba(198, 137, 114, 1); }#ut_tm_69fde66a1f6ae .bklyn5-team-member-overlay { background: #ffffff; }<\/style><div id=\"ut_tm_69fde66a1f6ae\" class=\"bklyn5-team-member bklyn5-team-member-style-3 bklyn5-team-member-left\"><a title=\"\" href=\"https:\/\/www.basgroupglobal.com\/fr\/produits\/boites-pour-aliments\/\" target=\"_self\" ><div class=\"bklyn5-team-member-avatar\">\r\n        <img loading=\"lazy\" decoding=\"async\" data-adaptive-images=\"{&quot;300&quot;:&quot;https:\\\/\\\/www.basgroupglobal.com\\\/wp-content\\\/uploads\\\/2025\\\/04\\\/pet-pp-kapakli-karton-kase-300x200.webp&quot;,&quot;500&quot;:&quot;https:\\\/\\\/www.basgroupglobal.com\\\/wp-content\\\/uploads\\\/2025\\\/04\\\/pet-pp-kapakli-karton-kase-500x333.webp&quot;,&quot;750&quot;:&quot;https:\\\/\\\/www.basgroupglobal.com\\\/wp-content\\\/uploads\\\/2025\\\/04\\\/pet-pp-kapakli-karton-kase-750x500.webp&quot;,&quot;1000&quot;:&quot;https:\\\/\\\/www.basgroupglobal.com\\\/wp-content\\\/uploads\\\/2025\\\/04\\\/pet-pp-kapakli-karton-kase-1000x667.webp&quot;,&quot;1500&quot;:&quot;https:\\\/\\\/www.basgroupglobal.com\\\/wp-content\\\/uploads\\\/2025\\\/04\\\/pet-pp-kapakli-karton-kase-1500x1000.webp&quot;,&quot;2500&quot;:&quot;https:\\\/\\\/www.basgroupglobal.com\\\/wp-content\\\/uploads\\\/2025\\\/04\\\/pet-pp-kapakli-karton-kase-2500x1667.webp&quot;}\" src=\"data:image\/svg+xml;charset=utf-8,%3Csvg xmlns%3D&#039;http%3A%2F%2Fwww.w3.org%2F2000%2Fsvg&#039; viewBox%3D&#039;0 0 1500 1000&#039;%2F%3E\" width=\"1500\" height=\"1000\" data-src=\"https:\/\/www.basgroupglobal.com\/wp-content\/uploads\/2025\/04\/pet-pp-kapakli-karton-kase-1500x1000.webp\" data-image-id=\"6638\" class=\"ut-adaptive-image wp-post-image skip-lazy \">\r\n\r\n        <\/div><\/a><div class=\"bklyn5-team-member-overlay\"><div class=\"bklyn5-team-member-overlay-caption\"><div class=\"bklyn5-team-member-info\"><h3 class=\"bklyn5-team-member-name\">BO\u00ceTES POUR ALIMENTS<\/h3><div class=\"bklyn5-team-member-ocupation\">CLIQUEZ POUR PLUS<\/div><\/div><\/div><\/div><\/div><\/div><div class=\"wpb_content_element \"><style type=\"text\/css\">#ut_tm_69fde66a2d515 .bklyn5-team-member-name { color: #000000; }#ut_tm_69fde66a2d515 .bklyn5-team-member-name { font-size: 30px; }#ut_tm_69fde66a2d515 .bklyn5-team-member-ocupation { color: #000000; }#ut_tm_69fde66a2d515 .bklyn5-team-member-social-icons a:hover { color: rgba(198, 137, 114, 1); }#ut_tm_69fde66a2d515 .bklyn5-team-member-social-icons a:focus { color: rgba(198, 137, 114, 1); }#ut_tm_69fde66a2d515 .bklyn5-team-member-social-icons a:active { color: rgba(198, 137, 114, 1); }#ut_tm_69fde66a2d515 .bklyn5-team-member-overlay { background: #ffffff; }<\/style><div id=\"ut_tm_69fde66a2d515\" class=\"bklyn5-team-member bklyn5-team-member-style-3 bklyn5-team-member-left\"><a title=\"\" href=\"https:\/\/www.basgroupglobal.com\/fr\/produits\/set-de-couverts\/\" target=\"_self\" ><div class=\"bklyn5-team-member-avatar\">\r\n        <img loading=\"lazy\" decoding=\"async\" data-adaptive-images=\"{&quot;300&quot;:&quot;https:\\\/\\\/www.basgroupglobal.com\\\/wp-content\\\/uploads\\\/2023\\\/07\\\/disposable-wooden-cutlery-set-1-300x200.webp&quot;,&quot;500&quot;:&quot;https:\\\/\\\/www.basgroupglobal.com\\\/wp-content\\\/uploads\\\/2023\\\/07\\\/disposable-wooden-cutlery-set-1-500x333.webp&quot;,&quot;750&quot;:&quot;https:\\\/\\\/www.basgroupglobal.com\\\/wp-content\\\/uploads\\\/2023\\\/07\\\/disposable-wooden-cutlery-set-1-750x500.webp&quot;,&quot;1000&quot;:&quot;https:\\\/\\\/www.basgroupglobal.com\\\/wp-content\\\/uploads\\\/2023\\\/07\\\/disposable-wooden-cutlery-set-1-1000x667.webp&quot;,&quot;1500&quot;:&quot;https:\\\/\\\/www.basgroupglobal.com\\\/wp-content\\\/uploads\\\/2023\\\/07\\\/disposable-wooden-cutlery-set-1-1500x1000.webp&quot;,&quot;2500&quot;:&quot;https:\\\/\\\/www.basgroupglobal.com\\\/wp-content\\\/uploads\\\/2023\\\/07\\\/disposable-wooden-cutlery-set-1-2500x1667.webp&quot;}\" alt=\"custom printed eco-friendly disposable wooden cutlery set\" src=\"data:image\/svg+xml;charset=utf-8,%3Csvg xmlns%3D&#039;http%3A%2F%2Fwww.w3.org%2F2000%2Fsvg&#039; viewBox%3D&#039;0 0 1500 1000&#039;%2F%3E\" width=\"1500\" height=\"1000\" data-src=\"https:\/\/www.basgroupglobal.com\/wp-content\/uploads\/2023\/07\/disposable-wooden-cutlery-set-1-1500x1000.webp\" data-image-id=\"4306\" class=\"ut-adaptive-image wp-post-image skip-lazy \">\r\n\r\n        <\/div><\/a><div class=\"bklyn5-team-member-overlay\"><div class=\"bklyn5-team-member-overlay-caption\"><div class=\"bklyn5-team-member-info\"><h3 class=\"bklyn5-team-member-name\">SET DE COUVERTS<\/h3><div class=\"bklyn5-team-member-ocupation\">CLIQUEZ POUR PLUS<\/div><\/div><\/div><\/div><\/div><\/div>[\/vc_column_inner][vc_column_inner width=&#8221;1\/3&#8243;]<div class=\"wpb_content_element \"><style type=\"text\/css\">#ut_tm_69fde66a39c87 .bklyn5-team-member-name { color: #000000; }#ut_tm_69fde66a39c87 .bklyn5-team-member-name { font-size: 30px; }#ut_tm_69fde66a39c87 .bklyn5-team-member-ocupation { color: #000000; }#ut_tm_69fde66a39c87 .bklyn5-team-member-social-icons a:hover { color: rgba(198, 137, 114, 1); }#ut_tm_69fde66a39c87 .bklyn5-team-member-social-icons a:focus { color: rgba(198, 137, 114, 1); }#ut_tm_69fde66a39c87 .bklyn5-team-member-social-icons a:active { color: rgba(198, 137, 114, 1); }#ut_tm_69fde66a39c87 .bklyn5-team-member-overlay { background: #ffffff; }<\/style><div id=\"ut_tm_69fde66a39c87\" class=\"bklyn5-team-member bklyn5-team-member-style-3 bklyn5-team-member-left\"><a title=\"\" href=\"https:\/\/www.basgroupglobal.com\/fr\/produits\/sacs-pour-boulangerie\/\" target=\"_self\" ><div class=\"bklyn5-team-member-avatar\">\r\n        <img loading=\"lazy\" decoding=\"async\" data-adaptive-images=\"{&quot;300&quot;:&quot;https:\\\/\\\/www.basgroupglobal.com\\\/wp-content\\\/uploads\\\/2023\\\/07\\\/greaseproof-paper-bag-1-300x200.webp&quot;,&quot;500&quot;:&quot;https:\\\/\\\/www.basgroupglobal.com\\\/wp-content\\\/uploads\\\/2023\\\/07\\\/greaseproof-paper-bag-1-500x333.webp&quot;,&quot;750&quot;:&quot;https:\\\/\\\/www.basgroupglobal.com\\\/wp-content\\\/uploads\\\/2023\\\/07\\\/greaseproof-paper-bag-1-750x500.webp&quot;,&quot;1000&quot;:&quot;https:\\\/\\\/www.basgroupglobal.com\\\/wp-content\\\/uploads\\\/2023\\\/07\\\/greaseproof-paper-bag-1-1000x667.webp&quot;,&quot;1500&quot;:&quot;https:\\\/\\\/www.basgroupglobal.com\\\/wp-content\\\/uploads\\\/2023\\\/07\\\/greaseproof-paper-bag-1-1500x1000.webp&quot;,&quot;2500&quot;:&quot;https:\\\/\\\/www.basgroupglobal.com\\\/wp-content\\\/uploads\\\/2023\\\/07\\\/greaseproof-paper-bag-1-2500x1667.webp&quot;}\" alt=\"custom printed greaseproof paper bag for food\" src=\"data:image\/svg+xml;charset=utf-8,%3Csvg xmlns%3D&#039;http%3A%2F%2Fwww.w3.org%2F2000%2Fsvg&#039; viewBox%3D&#039;0 0 1500 1000&#039;%2F%3E\" width=\"1500\" height=\"1000\" data-src=\"https:\/\/www.basgroupglobal.com\/wp-content\/uploads\/2023\/07\/greaseproof-paper-bag-1-1500x1000.webp\" data-image-id=\"4290\" class=\"ut-adaptive-image wp-post-image skip-lazy \">\r\n\r\n        <\/div><\/a><div class=\"bklyn5-team-member-overlay\"><div class=\"bklyn5-team-member-overlay-caption\"><div class=\"bklyn5-team-member-info\"><h3 class=\"bklyn5-team-member-name\">SACHETS PAPIER POUR ALIMENTS ET BOULANGERIE<\/h3><div class=\"bklyn5-team-member-ocupation\">CLIQUEZ POUR PLUS<\/div><\/div><\/div><\/div><\/div><\/div><div class=\"wpb_content_element \"><style type=\"text\/css\">#ut_tm_69fde66a466a7 .bklyn5-team-member-name { color: #000000; }#ut_tm_69fde66a466a7 .bklyn5-team-member-name { font-size: 30px; }#ut_tm_69fde66a466a7 .bklyn5-team-member-ocupation { color: #000000; }#ut_tm_69fde66a466a7 .bklyn5-team-member-social-icons a:hover { color: rgba(198, 137, 114, 1); }#ut_tm_69fde66a466a7 .bklyn5-team-member-social-icons a:focus { color: rgba(198, 137, 114, 1); }#ut_tm_69fde66a466a7 .bklyn5-team-member-social-icons a:active { color: rgba(198, 137, 114, 1); }#ut_tm_69fde66a466a7 .bklyn5-team-member-overlay { background: #ffffff; }<\/style><div id=\"ut_tm_69fde66a466a7\" class=\"bklyn5-team-member bklyn5-team-member-style-3 bklyn5-team-member-left\"><a title=\"Cups\" href=\"https:\/\/www.basgroupglobal.com\/fr\/produits\/gobelets\/\" target=\"_self\" ><div class=\"bklyn5-team-member-avatar\">\r\n        <img loading=\"lazy\" decoding=\"async\" data-adaptive-images=\"{&quot;300&quot;:&quot;https:\\\/\\\/www.basgroupglobal.com\\\/wp-content\\\/uploads\\\/2023\\\/07\\\/coffee-cup-300x200.webp&quot;,&quot;500&quot;:&quot;https:\\\/\\\/www.basgroupglobal.com\\\/wp-content\\\/uploads\\\/2023\\\/07\\\/coffee-cup-500x333.webp&quot;,&quot;750&quot;:&quot;https:\\\/\\\/www.basgroupglobal.com\\\/wp-content\\\/uploads\\\/2023\\\/07\\\/coffee-cup-750x500.webp&quot;,&quot;1000&quot;:&quot;https:\\\/\\\/www.basgroupglobal.com\\\/wp-content\\\/uploads\\\/2023\\\/07\\\/coffee-cup-1000x667.webp&quot;,&quot;1500&quot;:&quot;https:\\\/\\\/www.basgroupglobal.com\\\/wp-content\\\/uploads\\\/2023\\\/07\\\/coffee-cup-1500x1000.webp&quot;,&quot;2500&quot;:&quot;https:\\\/\\\/www.basgroupglobal.com\\\/wp-content\\\/uploads\\\/2023\\\/07\\\/coffee-cup-2500x1667.webp&quot;}\" alt=\"custom printed paper tea and coffee cup\" src=\"data:image\/svg+xml;charset=utf-8,%3Csvg xmlns%3D&#039;http%3A%2F%2Fwww.w3.org%2F2000%2Fsvg&#039; viewBox%3D&#039;0 0 1500 1000&#039;%2F%3E\" width=\"1500\" height=\"1000\" data-src=\"https:\/\/www.basgroupglobal.com\/wp-content\/uploads\/2023\/07\/coffee-cup-1500x1000.webp\" data-image-id=\"4300\" class=\"ut-adaptive-image wp-post-image skip-lazy \">\r\n\r\n        <\/div><\/a><div class=\"bklyn5-team-member-overlay\"><div class=\"bklyn5-team-member-overlay-caption\"><div class=\"bklyn5-team-member-info\"><h3 class=\"bklyn5-team-member-name\">GOBELETS<\/h3><div class=\"bklyn5-team-member-ocupation\">CLIQUEZ POUR PLUS<\/div><\/div><\/div><\/div><\/div><\/div><div class=\"wpb_content_element \"><style type=\"text\/css\">#ut_tm_69fde66a531b3 .bklyn5-team-member-name { color: #000000; }#ut_tm_69fde66a531b3 .bklyn5-team-member-name { font-size: 30px; }#ut_tm_69fde66a531b3 .bklyn5-team-member-ocupation { color: #000000; }#ut_tm_69fde66a531b3 .bklyn5-team-member-social-icons a:hover { color: rgba(198, 137, 114, 1); }#ut_tm_69fde66a531b3 .bklyn5-team-member-social-icons a:focus { color: rgba(198, 137, 114, 1); }#ut_tm_69fde66a531b3 .bklyn5-team-member-social-icons a:active { color: rgba(198, 137, 114, 1); }#ut_tm_69fde66a531b3 .bklyn5-team-member-overlay { background: #ffffff; }<\/style><div id=\"ut_tm_69fde66a531b3\" class=\"bklyn5-team-member bklyn5-team-member-style-3 bklyn5-team-member-left\"><a title=\"\" href=\"https:\/\/www.basgroupglobal.com\/fr\/produits\/produits-de-luxe\/\" target=\"_self\" ><div class=\"bklyn5-team-member-avatar\">\r\n        <img loading=\"lazy\" decoding=\"async\" data-adaptive-images=\"{&quot;300&quot;:&quot;https:\\\/\\\/www.basgroupglobal.com\\\/wp-content\\\/uploads\\\/2025\\\/04\\\/smart_pizza-300x200.jpg&quot;,&quot;500&quot;:&quot;https:\\\/\\\/www.basgroupglobal.com\\\/wp-content\\\/uploads\\\/2025\\\/04\\\/smart_pizza-500x333.jpg&quot;,&quot;750&quot;:&quot;https:\\\/\\\/www.basgroupglobal.com\\\/wp-content\\\/uploads\\\/2025\\\/04\\\/smart_pizza-750x500.jpg&quot;,&quot;1000&quot;:&quot;https:\\\/\\\/www.basgroupglobal.com\\\/wp-content\\\/uploads\\\/2025\\\/04\\\/smart_pizza-1000x667.jpg&quot;,&quot;1500&quot;:&quot;https:\\\/\\\/www.basgroupglobal.com\\\/wp-content\\\/uploads\\\/2025\\\/04\\\/smart_pizza-1500x1000.jpg&quot;,&quot;2500&quot;:&quot;https:\\\/\\\/www.basgroupglobal.com\\\/wp-content\\\/uploads\\\/2025\\\/04\\\/smart_pizza-2500x1667.jpg&quot;}\" src=\"data:image\/svg+xml;charset=utf-8,%3Csvg xmlns%3D&#039;http%3A%2F%2Fwww.w3.org%2F2000%2Fsvg&#039; viewBox%3D&#039;0 0 1500 1000&#039;%2F%3E\" width=\"1500\" height=\"1000\" data-src=\"https:\/\/www.basgroupglobal.com\/wp-content\/uploads\/2025\/04\/smart_pizza-1500x1000.jpg\" data-image-id=\"6627\" class=\"ut-adaptive-image wp-post-image skip-lazy \">\r\n\r\n        <\/div><\/a><div class=\"bklyn5-team-member-overlay\"><div class=\"bklyn5-team-member-overlay-caption\"><div class=\"bklyn5-team-member-info\"><h3 class=\"bklyn5-team-member-name\">EMBALLAGES INTELLIGENTS<\/h3><div class=\"bklyn5-team-member-ocupation\">CLIQUEZ POUR PLUS<\/div><\/div><\/div><\/div><\/div><\/div>[\/vc_column_inner][\/vc_row_inner][\/vc_column][\/vc_row][\/vc_section]<\/p>\n<\/div>","protected":false},"excerpt":{"rendered":"<p>[vc_section][vc_row][vc_column][vc_row_inner el_id=&#8221;products&#8221;][vc_column_inner width=&#8221;1\/3&#8243;][\/vc_column_inner][vc_column_inner width=&#8221;1\/3&#8243;][\/vc_column_inner][vc_column_inner width=&#8221;1\/3&#8243;][\/vc_column_inner][\/vc_row_inner][\/vc_column][\/vc_row][\/vc_section]<\/p>\n","protected":false},"author":3,"featured_media":0,"parent":0,"menu_order":0,"comment_status":"closed","ping_status":"closed","template":"","meta":{"footnotes":""},"class_list":["post-7057","page","type-page","status-publish","hentry"],"_links":{"self":[{"href":"https:\/\/www.basgroupglobal.com\/fr\/wp-json\/wp\/v2\/pages\/7057","targetHints":{"allow":["GET"]}}],"collection":[{"href":"https:\/\/www.basgroupglobal.com\/fr\/wp-json\/wp\/v2\/pages"}],"about":[{"href":"https:\/\/www.basgroupglobal.com\/fr\/wp-json\/wp\/v2\/types\/page"}],"author":[{"embeddable":true,"href":"https:\/\/www.basgroupglobal.com\/fr\/wp-json\/wp\/v2\/users\/3"}],"replies":[{"embeddable":true,"href":"https:\/\/www.basgroupglobal.com\/fr\/wp-json\/wp\/v2\/comments?post=7057"}],"version-history":[{"count":4,"href":"https:\/\/www.basgroupglobal.com\/fr\/wp-json\/wp\/v2\/pages\/7057\/revisions"}],"predecessor-version":[{"id":7104,"href":"https:\/\/www.basgroupglobal.com\/fr\/wp-json\/wp\/v2\/pages\/7057\/revisions\/7104"}],"wp:attachment":[{"href":"https:\/\/www.basgroupglobal.com\/fr\/wp-json\/wp\/v2\/media?parent=7057"}],"curies":[{"name":"wp","href":"https:\/\/api.w.org\/{rel}","templated":true}]}}