{"id":7004,"date":"2024-11-09T09:16:32","date_gmt":"2024-11-09T09:16:32","guid":{"rendered":"https:\/\/www.basgroupglobal.com\/sacs-sos\/"},"modified":"2025-06-26T10:54:11","modified_gmt":"2025-06-26T10:54:11","slug":"sacs-sos","status":"publish","type":"page","link":"https:\/\/www.basgroupglobal.com\/fr\/produits\/sacs-sos\/","title":{"rendered":"Sacs Sos"},"content":{"rendered":"<div class=\"wpb-content-wrapper\"><p>[vc_row][vc_column]<div class=\"wpb_content_element \"><style type=\"text\/css\">#ut_header_69e3449267e2a h1.section-title { font-size:60px !important;line-height:88px !important;letter-spacing:-0.05em; }@media (min-width: 1025px) { #ut_header_69e3449267e2a .lead { width:50%;margin: 0 auto;} }<\/style><header id=\"ut_header_69e3449267e2a\" class=\"section-header  ut-no-title-linebreak-mobile ut-no-lead-linebreak-mobile pt-style-2 header-center header-tablet-center header-mobile-center element-with-custom-line-height\"><div class=\"element-with-custom-line-height\" ><h1 data-title=\"SACS SOS\"  data-responsive-font=\"section_title\" data-responsive-font-settings=\"{&quot;base-font-size&quot;:&quot;60&quot;,&quot;font-size-unit&quot;:&quot;px&quot;,&quot;font-size&quot;:{&quot;desktop_large&quot;:&quot;60&quot;},&quot;base-line-height&quot;:&quot;global&quot;,&quot;line-height&quot;:{&quot;desktop_large&quot;:&quot;88&quot;},&quot;base-letter-spacing&quot;:&quot;global&quot;,&quot;letter-spacing&quot;:{&quot;desktop_large&quot;:&quot;-0.05&quot;}}\" class=\"section-title  \"><span>SACS SOS<\/span><\/h1><\/div><div data-delay=\"0\" class=\"lead \"><p>Sacs SOS polyvalents et \u00e9cologiques pour des solutions d\u2019emballage fiables, personnalisables et durables.<\/p>\n<\/div><\/header><\/div><div class=\"wpb_content_element \"><style type=\"text\/css\">#ut_header_69e344926e58b h2.section-title { font-size:35px !important;line-height:75px !important;letter-spacing:-0.05em; }<\/style><header id=\"ut_header_69e344926e58b\" class=\"section-header  ut-no-title-linebreak-mobile ut-no-lead-linebreak-mobile pt-style-2 header-center header-tablet-center header-mobile-center element-with-custom-line-height\"><div class=\"element-with-custom-line-height\" ><h2 data-title=\"Sac SOS en Kraft Brun\"  data-responsive-font=\"section_title\" data-responsive-font-settings=\"{&quot;base-font-size&quot;:&quot;35&quot;,&quot;font-size-unit&quot;:&quot;px&quot;,&quot;font-size&quot;:{&quot;desktop_large&quot;:&quot;35&quot;},&quot;base-line-height&quot;:&quot;75&quot;,&quot;line-height-unit&quot;:&quot;px&quot;,&quot;line-height&quot;:{&quot;desktop_large&quot;:&quot;75&quot;},&quot;base-letter-spacing&quot;:&quot;global&quot;,&quot;letter-spacing&quot;:{&quot;desktop_large&quot;:&quot;-0.05&quot;}}\" class=\"section-title  \"><span>Sac SOS en Kraft Brun<\/span><\/h2><\/div><div data-delay=\"0\" class=\"lead \"><\/p>\n<p style=\"font-size: 14px;\">Les sacs SOS en kraft brun offrent une solution d\u2019emballage durable et respectueuse de l\u2019environnement. Fabriqu\u00e9s en papier kraft recycl\u00e9, ces sacs sont id\u00e9aux pour divers produits, allant des courses aux articles de d\u00e9tail. Leur couleur naturelle refl\u00e8te une image \u00e9coresponsable, adapt\u00e9e aux marques conscientes. Personnalisables avec des logos, ils sont parfaits pour allier simplicit\u00e9 et \u00e9cologie.    <\/p>\n<p>\n<\/div><\/header><\/div><div class=\"wpb_content_element ut-gallery-5  clearfix\"><style type=\"text\/css\">#ut_ig_69e344926ef95 .ut-lazy:not(.ut-image-loaded) + .ut-video-module-loading { display:block; }#ut_ig_69e344926ef95 .ut-lazy.ut-image-loaded + .ut-video-module-loading { display:none; }<\/style><div id=\"ut_ig_69e344926ef95\" class=\"ut-image-gallery ut-image-gallery-module  ut-image-gallery-5 clearfix\" data-settings=\"{&quot;animate&quot;:true,&quot;effect&quot;:&quot;&quot;,&quot;lazy&quot;:true,&quot;delay_animation&quot;:false,&quot;global_delay_animation&quot;:false,&quot;delay_timer&quot;:100,&quot;global_delay_timer&quot;:100}\" ><div  data-count=\"3\" class=\"ut-image-gallery-item ut-animation-done grid-33 tablet-grid-33 mobile-grid-100\"><a  class=\"ut-vc-images-lightbox ut-vc-images-lightbox-group-image\"  data-exthumbimage=\"https:\/\/www.basgroupglobal.com\/wp-content\/uploads\/2023\/07\/sac-sos-brun-personnalise-1-1-200x200.webp\" href=\"https:\/\/www.basgroupglobal.com\/wp-content\/uploads\/2023\/07\/sac-sos-brun-personnalise-1-1-1080x720.webp\" ><div class=\"ut-image-gallery-image\" ><img fetchpriority=\"high\" decoding=\"async\"  class=\" ut-lazy skip-lazy\" src=\"data:image\/svg+xml;charset=utf-8,%3Csvg xmlns%3D'http%3A%2F%2Fwww.w3.org%2F2000%2Fsvg' viewBox%3D'0 0 6000 4000'%2F%3E\" data-src=\"https:\/\/www.basgroupglobal.com\/wp-content\/uploads\/2023\/07\/sac-sos-brun-personnalise-1-1.webp\" width=\"6000\" height=\"4000\"><\/div><\/a><\/div><div  data-count=\"3\" class=\"ut-image-gallery-item ut-animation-done ut-animation-done grid-33 tablet-grid-33 mobile-grid-100\"><a  class=\"ut-vc-images-lightbox ut-vc-images-lightbox-group-image\"  data-exthumbimage=\"https:\/\/www.basgroupglobal.com\/wp-content\/uploads\/2023\/07\/sac-sos-brun-personnalise-2-200x200.webp\" href=\"https:\/\/www.basgroupglobal.com\/wp-content\/uploads\/2023\/07\/sac-sos-brun-personnalise-2-1080x720.webp\" ><div class=\"ut-image-gallery-image\" ><img decoding=\"async\"  class=\" ut-lazy skip-lazy\" src=\"data:image\/svg+xml;charset=utf-8,%3Csvg xmlns%3D'http%3A%2F%2Fwww.w3.org%2F2000%2Fsvg' viewBox%3D'0 0 6000 4000'%2F%3E\" data-src=\"https:\/\/www.basgroupglobal.com\/wp-content\/uploads\/2023\/07\/sac-sos-brun-personnalise-2.webp\" width=\"6000\" height=\"4000\"><\/div><\/a><\/div><div  data-count=\"3\" class=\"ut-image-gallery-item ut-animation-done ut-animation-done ut-animation-done grid-33 tablet-grid-33 mobile-grid-100\"><a  class=\"ut-vc-images-lightbox ut-vc-images-lightbox-group-image\"  data-exthumbimage=\"https:\/\/www.basgroupglobal.com\/wp-content\/uploads\/2023\/07\/sac-sos-brun-personnalise-3-200x200.webp\" href=\"https:\/\/www.basgroupglobal.com\/wp-content\/uploads\/2023\/07\/sac-sos-brun-personnalise-3-1080x720.webp\" ><div class=\"ut-image-gallery-image\" ><img decoding=\"async\"  class=\" ut-lazy skip-lazy\" src=\"data:image\/svg+xml;charset=utf-8,%3Csvg xmlns%3D'http%3A%2F%2Fwww.w3.org%2F2000%2Fsvg' viewBox%3D'0 0 6000 4000'%2F%3E\" data-src=\"https:\/\/www.basgroupglobal.com\/wp-content\/uploads\/2023\/07\/sac-sos-brun-personnalise-3.webp\" width=\"6000\" height=\"4000\"><\/div><\/a><\/div><div class=\"ut-image-gallery-sizer\"><\/div><div class=\"clear\"><\/div><\/div><\/div><div class=\"wpb_content_element \"><style type=\"text\/css\">#ut_header_69e344927246b h2.section-title { font-size:35px !important;line-height:75px !important;letter-spacing:-0.05em; }<\/style><header id=\"ut_header_69e344927246b\" class=\"section-header  ut-no-title-linebreak-mobile ut-no-lead-linebreak-mobile pt-style-2 header-center header-tablet-center header-mobile-center element-with-custom-line-height\"><div class=\"element-with-custom-line-height\" ><h2 data-title=\"Sac SOS en Kraft Blanc\"  data-responsive-font=\"section_title\" data-responsive-font-settings=\"{&quot;base-font-size&quot;:&quot;35&quot;,&quot;font-size-unit&quot;:&quot;px&quot;,&quot;font-size&quot;:{&quot;desktop_large&quot;:&quot;35&quot;},&quot;base-line-height&quot;:&quot;75&quot;,&quot;line-height-unit&quot;:&quot;px&quot;,&quot;line-height&quot;:{&quot;desktop_large&quot;:&quot;75&quot;},&quot;base-letter-spacing&quot;:&quot;global&quot;,&quot;letter-spacing&quot;:{&quot;desktop_large&quot;:&quot;-0.05&quot;}}\" class=\"section-title  \"><span>Sac SOS en Kraft Blanc<\/span><\/h2><\/div><div data-delay=\"0\" class=\"lead \"><\/p>\n<p style=\"font-size: 14px;\">Les sacs SOS en kraft blanc offrent une solution d\u2019emballage \u00e9l\u00e9gante et polyvalente, adapt\u00e9e aux marques recherchant un look propre. Con\u00e7us en mat\u00e9riaux biod\u00e9gradables, ils r\u00e9pondent aux besoins des entreprises soucieuses de l\u2019environnement. La surface blanche am\u00e9liore la visibilit\u00e9 des logos, donnant un aspect professionnel \u00e0 votre emballage. Id\u00e9als pour le commerce de d\u00e9tail, la restauration \u00e0 emporter et les promotions.<\/p>\n<\/div><\/header><\/div><div class=\"wpb_content_element ut-gallery-5  clearfix\"><style type=\"text\/css\">#ut_ig_69e3449273380 .ut-lazy:not(.ut-image-loaded) + .ut-video-module-loading { display:block; }#ut_ig_69e3449273380 .ut-lazy.ut-image-loaded + .ut-video-module-loading { display:none; }<\/style><div id=\"ut_ig_69e3449273380\" class=\"ut-image-gallery ut-image-gallery-module  ut-image-gallery-5 clearfix\" data-settings=\"{&quot;animate&quot;:true,&quot;effect&quot;:&quot;&quot;,&quot;lazy&quot;:true,&quot;delay_animation&quot;:false,&quot;global_delay_animation&quot;:false,&quot;delay_timer&quot;:100,&quot;global_delay_timer&quot;:100}\" ><div  data-count=\"3\" class=\"ut-image-gallery-item ut-animation-done grid-33 tablet-grid-33 mobile-grid-100\"><a  class=\"ut-vc-images-lightbox ut-vc-images-lightbox-group-image\"  data-exthumbimage=\"https:\/\/www.basgroupglobal.com\/wp-content\/uploads\/2023\/07\/sac-sos-kraft-blanc-personnalise-6-200x200.webp\" href=\"https:\/\/www.basgroupglobal.com\/wp-content\/uploads\/2023\/07\/sac-sos-kraft-blanc-personnalise-6-1080x720.webp\" ><div class=\"ut-image-gallery-image\" ><img loading=\"lazy\" decoding=\"async\"  class=\" ut-lazy skip-lazy\" src=\"data:image\/svg+xml;charset=utf-8,%3Csvg xmlns%3D'http%3A%2F%2Fwww.w3.org%2F2000%2Fsvg' viewBox%3D'0 0 3000 2000'%2F%3E\" data-src=\"https:\/\/www.basgroupglobal.com\/wp-content\/uploads\/2023\/07\/sac-sos-kraft-blanc-personnalise-6.webp\" width=\"3000\" height=\"2000\"><\/div><\/a><\/div><div  data-count=\"3\" class=\"ut-image-gallery-item ut-animation-done ut-animation-done grid-33 tablet-grid-33 mobile-grid-100\"><a  class=\"ut-vc-images-lightbox ut-vc-images-lightbox-group-image\"  data-exthumbimage=\"https:\/\/www.basgroupglobal.com\/wp-content\/uploads\/2023\/07\/sac-sos-kraft-blanc-personnalise-5-200x200.webp\" href=\"https:\/\/www.basgroupglobal.com\/wp-content\/uploads\/2023\/07\/sac-sos-kraft-blanc-personnalise-5-1080x720.webp\" ><div class=\"ut-image-gallery-image\" ><img loading=\"lazy\" decoding=\"async\"  class=\" ut-lazy skip-lazy\" src=\"data:image\/svg+xml;charset=utf-8,%3Csvg xmlns%3D'http%3A%2F%2Fwww.w3.org%2F2000%2Fsvg' viewBox%3D'0 0 3000 2000'%2F%3E\" data-src=\"https:\/\/www.basgroupglobal.com\/wp-content\/uploads\/2023\/07\/sac-sos-kraft-blanc-personnalise-5.webp\" width=\"3000\" height=\"2000\"><\/div><\/a><\/div><div  data-count=\"3\" class=\"ut-image-gallery-item ut-animation-done ut-animation-done ut-animation-done grid-33 tablet-grid-33 mobile-grid-100\"><a  class=\"ut-vc-images-lightbox ut-vc-images-lightbox-group-image\"  data-exthumbimage=\"https:\/\/www.basgroupglobal.com\/wp-content\/uploads\/2023\/07\/sac-sos-kraft-blanc-personnalise-4-200x200.webp\" href=\"https:\/\/www.basgroupglobal.com\/wp-content\/uploads\/2023\/07\/sac-sos-kraft-blanc-personnalise-4-1080x720.webp\" ><div class=\"ut-image-gallery-image\" ><img loading=\"lazy\" decoding=\"async\"  class=\" ut-lazy skip-lazy\" src=\"data:image\/svg+xml;charset=utf-8,%3Csvg xmlns%3D'http%3A%2F%2Fwww.w3.org%2F2000%2Fsvg' viewBox%3D'0 0 3000 2000'%2F%3E\" data-src=\"https:\/\/www.basgroupglobal.com\/wp-content\/uploads\/2023\/07\/sac-sos-kraft-blanc-personnalise-4.webp\" width=\"3000\" height=\"2000\"><\/div><\/a><\/div><div class=\"ut-image-gallery-sizer\"><\/div><div class=\"clear\"><\/div><\/div><\/div><div class=\"wpb_content_element \"><style type=\"text\/css\">#ut_header_69e34492755d6 h2.section-title { font-size:35px !important;line-height:75px !important;letter-spacing:-0.05em; }<\/style><header id=\"ut_header_69e34492755d6\" class=\"section-header  ut-no-title-linebreak-mobile ut-no-lead-linebreak-mobile pt-style-2 header-center header-tablet-center header-mobile-center element-with-custom-line-height\"><div class=\"element-with-custom-line-height\" ><h2 data-title=\"Sac SOS avec Fen\u00eatre\"  data-responsive-font=\"section_title\" data-responsive-font-settings=\"{&quot;base-font-size&quot;:&quot;35&quot;,&quot;font-size-unit&quot;:&quot;px&quot;,&quot;font-size&quot;:{&quot;desktop_large&quot;:&quot;35&quot;},&quot;base-line-height&quot;:&quot;75&quot;,&quot;line-height-unit&quot;:&quot;px&quot;,&quot;line-height&quot;:{&quot;desktop_large&quot;:&quot;75&quot;},&quot;base-letter-spacing&quot;:&quot;global&quot;,&quot;letter-spacing&quot;:{&quot;desktop_large&quot;:&quot;-0.05&quot;}}\" class=\"section-title  \"><span>Sac SOS avec Fen\u00eatre<\/span><\/h2><\/div><div data-delay=\"0\" class=\"lead \"><\/p>\n<p style=\"font-size: 14px;\">Les sacs SOS avec fen\u00eatre transparente permettent de montrer les produits aux clients, augmentant leur attrait visuel. La fen\u00eatre offre une vue directe du contenu, id\u00e9ale pour les produits alimentaires, boulangeries, ou articles sp\u00e9cialis\u00e9s. Fabriqu\u00e9s en mat\u00e9riaux durables, ils soutiennent une pratique \u00e9cologique et encouragent les achats impulsifs. Personnalisables, ils ajoutent une touche unique \u00e0 votre marque.<\/p>\n<\/div><\/header><\/div><div class=\"wpb_content_element ut-gallery-5  clearfix\"><style type=\"text\/css\">#ut_ig_69e3449276052 .ut-lazy:not(.ut-image-loaded) + .ut-video-module-loading { display:block; }#ut_ig_69e3449276052 .ut-lazy.ut-image-loaded + .ut-video-module-loading { display:none; }<\/style><div id=\"ut_ig_69e3449276052\" class=\"ut-image-gallery ut-image-gallery-module  ut-image-gallery-5 clearfix\" data-settings=\"{&quot;animate&quot;:true,&quot;effect&quot;:&quot;&quot;,&quot;lazy&quot;:true,&quot;delay_animation&quot;:false,&quot;global_delay_animation&quot;:false,&quot;delay_timer&quot;:100,&quot;global_delay_timer&quot;:100}\" ><div  data-count=\"3\" class=\"ut-image-gallery-item ut-animation-done grid-33 tablet-grid-33 mobile-grid-100\"><a  class=\"ut-vc-images-lightbox ut-vc-images-lightbox-group-image\"  data-exthumbimage=\"https:\/\/www.basgroupglobal.com\/wp-content\/uploads\/2023\/07\/sac-sos-fenetre-personnalise-3-200x200.webp\" href=\"https:\/\/www.basgroupglobal.com\/wp-content\/uploads\/2023\/07\/sac-sos-fenetre-personnalise-3-1080x720.webp\" ><div class=\"ut-image-gallery-image\" ><img loading=\"lazy\" decoding=\"async\"  class=\" ut-lazy skip-lazy\" src=\"data:image\/svg+xml;charset=utf-8,%3Csvg xmlns%3D'http%3A%2F%2Fwww.w3.org%2F2000%2Fsvg' viewBox%3D'0 0 6720 4480'%2F%3E\" data-src=\"https:\/\/www.basgroupglobal.com\/wp-content\/uploads\/2023\/07\/sac-sos-fenetre-personnalise-3.webp\" width=\"6720\" height=\"4480\"><\/div><\/a><\/div><div  data-count=\"3\" class=\"ut-image-gallery-item ut-animation-done ut-animation-done grid-33 tablet-grid-33 mobile-grid-100\"><a  class=\"ut-vc-images-lightbox ut-vc-images-lightbox-group-image\"  data-exthumbimage=\"https:\/\/www.basgroupglobal.com\/wp-content\/uploads\/2023\/07\/sac-sos-fenetre-personnalise-2-200x200.webp\" href=\"https:\/\/www.basgroupglobal.com\/wp-content\/uploads\/2023\/07\/sac-sos-fenetre-personnalise-2-1080x720.webp\" ><div class=\"ut-image-gallery-image\" ><img loading=\"lazy\" decoding=\"async\"  class=\" ut-lazy skip-lazy\" src=\"data:image\/svg+xml;charset=utf-8,%3Csvg xmlns%3D'http%3A%2F%2Fwww.w3.org%2F2000%2Fsvg' viewBox%3D'0 0 6720 4480'%2F%3E\" data-src=\"https:\/\/www.basgroupglobal.com\/wp-content\/uploads\/2023\/07\/sac-sos-fenetre-personnalise-2.webp\" width=\"6720\" height=\"4480\"><\/div><\/a><\/div><div  data-count=\"3\" class=\"ut-image-gallery-item ut-animation-done ut-animation-done ut-animation-done grid-33 tablet-grid-33 mobile-grid-100\"><a  class=\"ut-vc-images-lightbox ut-vc-images-lightbox-group-image\"  data-exthumbimage=\"https:\/\/www.basgroupglobal.com\/wp-content\/uploads\/2023\/07\/sac-sos-fenetre-personnalise-1-200x200.webp\" href=\"https:\/\/www.basgroupglobal.com\/wp-content\/uploads\/2023\/07\/sac-sos-fenetre-personnalise-1-1080x720.webp\" ><div class=\"ut-image-gallery-image\" ><img loading=\"lazy\" decoding=\"async\"  class=\" ut-lazy skip-lazy\" src=\"data:image\/svg+xml;charset=utf-8,%3Csvg xmlns%3D'http%3A%2F%2Fwww.w3.org%2F2000%2Fsvg' viewBox%3D'0 0 6720 4480'%2F%3E\" data-src=\"https:\/\/www.basgroupglobal.com\/wp-content\/uploads\/2023\/07\/sac-sos-fenetre-personnalise-1.webp\" width=\"6720\" height=\"4480\"><\/div><\/a><\/div><div class=\"ut-image-gallery-sizer\"><\/div><div class=\"clear\"><\/div><\/div><\/div>[\/vc_column][\/vc_row][vc_section][\/vc_section]<\/p>\n<\/div>","protected":false},"excerpt":{"rendered":"<p>[vc_row][vc_column][\/vc_column][\/vc_row][vc_section][\/vc_section]<\/p>\n","protected":false},"author":1,"featured_media":0,"parent":7057,"menu_order":0,"comment_status":"closed","ping_status":"closed","template":"","meta":{"footnotes":""},"class_list":["post-7004","page","type-page","status-publish","hentry"],"_links":{"self":[{"href":"https:\/\/www.basgroupglobal.com\/fr\/wp-json\/wp\/v2\/pages\/7004","targetHints":{"allow":["GET"]}}],"collection":[{"href":"https:\/\/www.basgroupglobal.com\/fr\/wp-json\/wp\/v2\/pages"}],"about":[{"href":"https:\/\/www.basgroupglobal.com\/fr\/wp-json\/wp\/v2\/types\/page"}],"author":[{"embeddable":true,"href":"https:\/\/www.basgroupglobal.com\/fr\/wp-json\/wp\/v2\/users\/1"}],"replies":[{"embeddable":true,"href":"https:\/\/www.basgroupglobal.com\/fr\/wp-json\/wp\/v2\/comments?post=7004"}],"version-history":[{"count":2,"href":"https:\/\/www.basgroupglobal.com\/fr\/wp-json\/wp\/v2\/pages\/7004\/revisions"}],"predecessor-version":[{"id":7177,"href":"https:\/\/www.basgroupglobal.com\/fr\/wp-json\/wp\/v2\/pages\/7004\/revisions\/7177"}],"up":[{"embeddable":true,"href":"https:\/\/www.basgroupglobal.com\/fr\/wp-json\/wp\/v2\/pages\/7057"}],"wp:attachment":[{"href":"https:\/\/www.basgroupglobal.com\/fr\/wp-json\/wp\/v2\/media?parent=7004"}],"curies":[{"name":"wp","href":"https:\/\/api.w.org\/{rel}","templated":true}]}}