{"id":6995,"date":"2024-11-09T07:44:15","date_gmt":"2024-11-09T07:44:15","guid":{"rendered":"https:\/\/www.basgroupglobal.com\/sacs-en-papier-2\/"},"modified":"2025-06-26T10:53:48","modified_gmt":"2025-06-26T10:53:48","slug":"sacs-en-papier","status":"publish","type":"page","link":"https:\/\/www.basgroupglobal.com\/fr\/produits\/sacs-en-papier\/","title":{"rendered":"Sacs En Papier"},"content":{"rendered":"<div class=\"wpb-content-wrapper\"><p>[vc_row][vc_column]<div class=\"wpb_content_element \"><style type=\"text\/css\">#ut_header_69e49ae2e7211 h1.section-title { font-size:60px !important;line-height:88px !important;letter-spacing:-0.05em; }@media (min-width: 1025px) { #ut_header_69e49ae2e7211 .lead { width:50%;margin: 0 auto;} }<\/style><header id=\"ut_header_69e49ae2e7211\" class=\"section-header  ut-no-title-linebreak-mobile ut-no-lead-linebreak-mobile pt-style-2 header-center header-tablet-center header-mobile-center element-with-custom-line-height\"><div class=\"element-with-custom-line-height\" ><h1 data-title=\"SACS EN PAPIER\"  data-responsive-font=\"section_title\" data-responsive-font-settings=\"{&quot;base-font-size&quot;:&quot;60&quot;,&quot;font-size-unit&quot;:&quot;px&quot;,&quot;font-size&quot;:{&quot;desktop_large&quot;:&quot;60&quot;},&quot;base-line-height&quot;:&quot;global&quot;,&quot;line-height&quot;:{&quot;desktop_large&quot;:&quot;88&quot;},&quot;base-letter-spacing&quot;:&quot;global&quot;,&quot;letter-spacing&quot;:{&quot;desktop_large&quot;:&quot;-0.05&quot;}}\" class=\"section-title  \"><span>SACS EN PAPIER<\/span><\/h1><\/div><div data-delay=\"0\" class=\"lead \"><p>Sacs en papier \u00e9cologiques et personnalisables pour des solutions d\u2019emballage durables et \u00e9l\u00e9gantes.<\/p>\n<\/div><\/header><\/div><div class=\"wpb_content_element \"><style type=\"text\/css\">#ut_header_69e49ae2ed351 h2.section-title { font-size:35px !important;line-height:75px !important;letter-spacing:-0.05em; }<\/style><header id=\"ut_header_69e49ae2ed351\" class=\"section-header  ut-no-title-linebreak-mobile ut-no-lead-linebreak-mobile pt-style-2 header-center header-tablet-center header-mobile-center element-with-custom-line-height\"><div class=\"element-with-custom-line-height\" ><h2 data-title=\"Sacs en papier \u00e0 poign\u00e9e torsad\u00e9e\"  data-responsive-font=\"section_title\" data-responsive-font-settings=\"{&quot;base-font-size&quot;:&quot;35&quot;,&quot;font-size-unit&quot;:&quot;px&quot;,&quot;font-size&quot;:{&quot;desktop_large&quot;:&quot;35&quot;},&quot;base-line-height&quot;:&quot;75&quot;,&quot;line-height-unit&quot;:&quot;px&quot;,&quot;line-height&quot;:{&quot;desktop_large&quot;:&quot;75&quot;},&quot;base-letter-spacing&quot;:&quot;global&quot;,&quot;letter-spacing&quot;:{&quot;desktop_large&quot;:&quot;-0.05&quot;}}\" class=\"section-title  \"><span>Sacs en papier \u00e0 poign\u00e9e torsad\u00e9e<\/span><\/h2><\/div><div data-delay=\"0\" class=\"lead \"><\/p>\n<p style=\"font-size: 14px;\">Les sacs en papier \u00e0 poign\u00e9e torsad\u00e9e offrent une option d\u2019emballage durable et \u00e9cologique, adapt\u00e9e \u00e0 divers produits. Fabriqu\u00e9s \u00e0 partir de mat\u00e9riaux recycl\u00e9s, ces sacs assurent une prise en main fiable, id\u00e9ale pour le commerce de d\u00e9tail et les cadeaux. Leurs poign\u00e9es torsad\u00e9es classiques ajoutent une touche de style, les rendant polyvalents et r\u00e9utilisables. Personnalisables avec le logo et les couleurs de la marque, ils renforcent la reconnaissance de la marque. Parfaits pour les entreprises ax\u00e9es sur des solutions respectueuses de l\u2019environnement.    <\/p>\n<p>\n<\/div><\/header><\/div><div class=\"wpb_content_element ut-gallery-5  clearfix\"><style type=\"text\/css\">#ut_ig_69e49ae2edda1 .ut-lazy:not(.ut-image-loaded) + .ut-video-module-loading { display:block; }#ut_ig_69e49ae2edda1 .ut-lazy.ut-image-loaded + .ut-video-module-loading { display:none; }<\/style><div id=\"ut_ig_69e49ae2edda1\" class=\"ut-image-gallery ut-image-gallery-module  ut-image-gallery-5 clearfix\" data-settings=\"{&quot;animate&quot;:true,&quot;effect&quot;:&quot;&quot;,&quot;lazy&quot;:true,&quot;delay_animation&quot;:false,&quot;global_delay_animation&quot;:false,&quot;delay_timer&quot;:100,&quot;global_delay_timer&quot;:100}\" ><div  data-count=\"3\" class=\"ut-image-gallery-item ut-animation-done grid-33 tablet-grid-33 mobile-grid-100\"><a  class=\"ut-vc-images-lightbox ut-vc-images-lightbox-group-image\" data-sub-html=\"#ut-image-caption-4348\" data-exthumbimage=\"https:\/\/www.basgroupglobal.com\/wp-content\/uploads\/2023\/07\/twisted-handle-paper-bag-1-1-200x200.webp\" href=\"https:\/\/www.basgroupglobal.com\/wp-content\/uploads\/2023\/07\/twisted-handle-paper-bag-1-1.webp\" ><div class=\"ut-image-gallery-image\" ><img fetchpriority=\"high\" decoding=\"async\"  class=\" ut-lazy skip-lazy\" src=\"data:image\/svg+xml;charset=utf-8,%3Csvg xmlns%3D'http%3A%2F%2Fwww.w3.org%2F2000%2Fsvg' viewBox%3D'0 0 1080 720'%2F%3E\" data-src=\"https:\/\/www.basgroupglobal.com\/wp-content\/uploads\/2023\/07\/twisted-handle-paper-bag-1-1.webp\" width=\"1080\" height=\"720\"><\/div><div id=\"ut-image-caption-4348\" class=\"ut-vc-images-lightbox-caption\">custom printed brown kraft twisted handle paper bag<\/div><\/a><\/div><div  data-count=\"3\" class=\"ut-image-gallery-item ut-animation-done ut-animation-done grid-33 tablet-grid-33 mobile-grid-100\"><a  class=\"ut-vc-images-lightbox ut-vc-images-lightbox-group-image\" data-sub-html=\"#ut-image-caption-4351\" data-exthumbimage=\"https:\/\/www.basgroupglobal.com\/wp-content\/uploads\/2023\/07\/twisted-handle-paper-bag-2-200x200.webp\" href=\"https:\/\/www.basgroupglobal.com\/wp-content\/uploads\/2023\/07\/twisted-handle-paper-bag-2.webp\" ><div class=\"ut-image-gallery-image\" ><img decoding=\"async\"  class=\" ut-lazy skip-lazy\" src=\"data:image\/svg+xml;charset=utf-8,%3Csvg xmlns%3D'http%3A%2F%2Fwww.w3.org%2F2000%2Fsvg' viewBox%3D'0 0 1080 720'%2F%3E\" data-src=\"https:\/\/www.basgroupglobal.com\/wp-content\/uploads\/2023\/07\/twisted-handle-paper-bag-2.webp\" width=\"1080\" height=\"720\"><\/div><div id=\"ut-image-caption-4351\" class=\"ut-vc-images-lightbox-caption\">custom printed brown kraft twisted handle paper bag<\/div><\/a><\/div><div  data-count=\"3\" class=\"ut-image-gallery-item ut-animation-done ut-animation-done ut-animation-done grid-33 tablet-grid-33 mobile-grid-100\"><a  class=\"ut-vc-images-lightbox ut-vc-images-lightbox-group-image\" data-sub-html=\"#ut-image-caption-4354\" data-exthumbimage=\"https:\/\/www.basgroupglobal.com\/wp-content\/uploads\/2023\/07\/twisted-handle-paper-bag-3-200x200.webp\" href=\"https:\/\/www.basgroupglobal.com\/wp-content\/uploads\/2023\/07\/twisted-handle-paper-bag-3.webp\" ><div class=\"ut-image-gallery-image\" ><img decoding=\"async\"  class=\" ut-lazy skip-lazy\" src=\"data:image\/svg+xml;charset=utf-8,%3Csvg xmlns%3D'http%3A%2F%2Fwww.w3.org%2F2000%2Fsvg' viewBox%3D'0 0 1080 720'%2F%3E\" data-src=\"https:\/\/www.basgroupglobal.com\/wp-content\/uploads\/2023\/07\/twisted-handle-paper-bag-3.webp\" width=\"1080\" height=\"720\"><\/div><div id=\"ut-image-caption-4354\" class=\"ut-vc-images-lightbox-caption\">custom printed brown kraft twisted handle <\/div><\/a><\/div><div class=\"ut-image-gallery-sizer\"><\/div><div class=\"clear\"><\/div><\/div><\/div><div class=\"wpb_content_element \"><style type=\"text\/css\">#ut_header_69e49ae2f0340 h2.section-title { font-size:35px !important;line-height:75px !important;letter-spacing:-0.05em; }<\/style><header id=\"ut_header_69e49ae2f0340\" class=\"section-header  ut-no-title-linebreak-mobile ut-no-lead-linebreak-mobile pt-style-2 header-center header-tablet-center header-mobile-center element-with-custom-line-height\"><div class=\"element-with-custom-line-height\" ><h2 data-title=\"Sacs en papier \u00e0 poign\u00e9e plate\"  data-responsive-font=\"section_title\" data-responsive-font-settings=\"{&quot;base-font-size&quot;:&quot;35&quot;,&quot;font-size-unit&quot;:&quot;px&quot;,&quot;font-size&quot;:{&quot;desktop_large&quot;:&quot;35&quot;},&quot;base-line-height&quot;:&quot;75&quot;,&quot;line-height-unit&quot;:&quot;px&quot;,&quot;line-height&quot;:{&quot;desktop_large&quot;:&quot;75&quot;},&quot;base-letter-spacing&quot;:&quot;global&quot;,&quot;letter-spacing&quot;:{&quot;desktop_large&quot;:&quot;-0.05&quot;}}\" class=\"section-title  \"><span>Sacs en papier \u00e0 poign\u00e9e plate<\/span><\/h2><\/div><div data-delay=\"0\" class=\"lead \"><\/p>\n<p style=\"font-size: 14px;\">Les sacs en papier \u00e0 poign\u00e9e plate sont une solution pratique et abordable pour les entreprises ayant besoin d\u2019emballages \u00e9cologiques. Dot\u00e9s de poign\u00e9es plates confortables et faciles \u00e0 transporter, ils sont id\u00e9aux pour les plats \u00e0 emporter, les courses et le commerce de d\u00e9tail. Fabriqu\u00e9s \u00e0 partir de mat\u00e9riaux biod\u00e9gradables, ils refl\u00e8tent un engagement envers la durabilit\u00e9. Disponibles en diff\u00e9rentes tailles, ils conviennent \u00e0 une large gamme de produits. Une option \u00e9conomique et efficace pour les marques cherchant \u00e0 allier qualit\u00e9 et co\u00fbt.    <\/p>\n<p>\n<\/div><\/header><\/div><div class=\"wpb_content_element ut-gallery-5  clearfix\"><style type=\"text\/css\">#ut_ig_69e49ae2f0df2 .ut-lazy:not(.ut-image-loaded) + .ut-video-module-loading { display:block; }#ut_ig_69e49ae2f0df2 .ut-lazy.ut-image-loaded + .ut-video-module-loading { display:none; }<\/style><div id=\"ut_ig_69e49ae2f0df2\" class=\"ut-image-gallery ut-image-gallery-module  ut-image-gallery-5 clearfix\" data-settings=\"{&quot;animate&quot;:true,&quot;effect&quot;:&quot;&quot;,&quot;lazy&quot;:true,&quot;delay_animation&quot;:false,&quot;global_delay_animation&quot;:false,&quot;delay_timer&quot;:100,&quot;global_delay_timer&quot;:100}\" ><div  data-count=\"3\" class=\"ut-image-gallery-item ut-animation-done grid-33 tablet-grid-33 mobile-grid-100\"><a  class=\"ut-vc-images-lightbox ut-vc-images-lightbox-group-image\"  data-exthumbimage=\"https:\/\/www.basgroupglobal.com\/wp-content\/uploads\/2023\/07\/flat-handle-paper-bag-1-200x200.webp\" href=\"https:\/\/www.basgroupglobal.com\/wp-content\/uploads\/2023\/07\/flat-handle-paper-bag-1-1080x720.webp\" ><div class=\"ut-image-gallery-image\" ><img loading=\"lazy\" decoding=\"async\"  class=\" ut-lazy skip-lazy\" src=\"data:image\/svg+xml;charset=utf-8,%3Csvg xmlns%3D'http%3A%2F%2Fwww.w3.org%2F2000%2Fsvg' viewBox%3D'0 0 6000 4000'%2F%3E\" data-src=\"https:\/\/www.basgroupglobal.com\/wp-content\/uploads\/2023\/07\/flat-handle-paper-bag-1.webp\" width=\"6000\" height=\"4000\"><\/div><\/a><\/div><div  data-count=\"3\" class=\"ut-image-gallery-item ut-animation-done ut-animation-done grid-33 tablet-grid-33 mobile-grid-100\"><a  class=\"ut-vc-images-lightbox ut-vc-images-lightbox-group-image\"  data-exthumbimage=\"https:\/\/www.basgroupglobal.com\/wp-content\/uploads\/2023\/07\/flat-handle-paper-bag-2-200x200.webp\" href=\"https:\/\/www.basgroupglobal.com\/wp-content\/uploads\/2023\/07\/flat-handle-paper-bag-2-1080x720.webp\" ><div class=\"ut-image-gallery-image\" ><img loading=\"lazy\" decoding=\"async\"  class=\" ut-lazy skip-lazy\" src=\"data:image\/svg+xml;charset=utf-8,%3Csvg xmlns%3D'http%3A%2F%2Fwww.w3.org%2F2000%2Fsvg' viewBox%3D'0 0 6000 4000'%2F%3E\" data-src=\"https:\/\/www.basgroupglobal.com\/wp-content\/uploads\/2023\/07\/flat-handle-paper-bag-2.webp\" width=\"6000\" height=\"4000\"><\/div><\/a><\/div><div  data-count=\"3\" class=\"ut-image-gallery-item ut-animation-done ut-animation-done ut-animation-done grid-33 tablet-grid-33 mobile-grid-100\"><a  class=\"ut-vc-images-lightbox ut-vc-images-lightbox-group-image\"  data-exthumbimage=\"https:\/\/www.basgroupglobal.com\/wp-content\/uploads\/2023\/07\/flat-handle-paper-bag-3-200x200.webp\" href=\"https:\/\/www.basgroupglobal.com\/wp-content\/uploads\/2023\/07\/flat-handle-paper-bag-3-1080x720.webp\" ><div class=\"ut-image-gallery-image\" ><img loading=\"lazy\" decoding=\"async\"  class=\" ut-lazy skip-lazy\" src=\"data:image\/svg+xml;charset=utf-8,%3Csvg xmlns%3D'http%3A%2F%2Fwww.w3.org%2F2000%2Fsvg' viewBox%3D'0 0 6000 4000'%2F%3E\" data-src=\"https:\/\/www.basgroupglobal.com\/wp-content\/uploads\/2023\/07\/flat-handle-paper-bag-3.webp\" width=\"6000\" height=\"4000\"><\/div><\/a><\/div><div class=\"ut-image-gallery-sizer\"><\/div><div class=\"clear\"><\/div><\/div><\/div><div class=\"wpb_content_element \"><style type=\"text\/css\">#ut_header_69e49ae2f2a06 h2.section-title { font-size:35px !important;line-height:75px !important;letter-spacing:-0.05em; }<\/style><header id=\"ut_header_69e49ae2f2a06\" class=\"section-header  ut-no-title-linebreak-mobile ut-no-lead-linebreak-mobile pt-style-2 header-center header-tablet-center header-mobile-center element-with-custom-line-height\"><div class=\"element-with-custom-line-height\" ><h2 data-title=\"Sacs en papier \u00e0 poign\u00e9e d\u00e9coup\u00e9e\"  data-responsive-font=\"section_title\" data-responsive-font-settings=\"{&quot;base-font-size&quot;:&quot;35&quot;,&quot;font-size-unit&quot;:&quot;px&quot;,&quot;font-size&quot;:{&quot;desktop_large&quot;:&quot;35&quot;},&quot;base-line-height&quot;:&quot;75&quot;,&quot;line-height-unit&quot;:&quot;px&quot;,&quot;line-height&quot;:{&quot;desktop_large&quot;:&quot;75&quot;},&quot;base-letter-spacing&quot;:&quot;global&quot;,&quot;letter-spacing&quot;:{&quot;desktop_large&quot;:&quot;-0.05&quot;}}\" class=\"section-title  \"><span>Sacs en papier \u00e0 poign\u00e9e d\u00e9coup\u00e9e<\/span><\/h2><\/div><div data-delay=\"0\" class=\"lead \"><\/p>\n<p style=\"font-size: 14px;\">Les sacs en papier \u00e0 poign\u00e9e d\u00e9coup\u00e9e offrent un look minimaliste avec une poign\u00e9e int\u00e9gr\u00e9e, parfaits pour les emballages de luxe et d\u2019\u00e9v\u00e9nements. Ces sacs sont con\u00e7us pour allier durabilit\u00e9 et \u00e9l\u00e9gance, id\u00e9als pour les marques cherchant \u00e0 marquer les esprits. Leurs poign\u00e9es d\u00e9coup\u00e9es ajoutent une touche raffin\u00e9e, attirant les consommateurs haut de gamme. Ces sacs peuvent \u00eatre personnalis\u00e9s de diverses mani\u00e8res, augmentant la pr\u00e9sence et l\u2019attrait de la marque. Un choix \u00e9l\u00e9gant qui allie fonctionnalit\u00e9 et esth\u00e9tique moderne.    <\/p>\n<p>\n<\/div><\/header><\/div><div class=\"wpb_content_element ut-gallery-5  clearfix\"><style type=\"text\/css\">#ut_ig_69e49ae2f34d1 .ut-lazy:not(.ut-image-loaded) + .ut-video-module-loading { display:block; }#ut_ig_69e49ae2f34d1 .ut-lazy.ut-image-loaded + .ut-video-module-loading { display:none; }<\/style><div id=\"ut_ig_69e49ae2f34d1\" class=\"ut-image-gallery ut-image-gallery-module  ut-image-gallery-5 clearfix\" data-settings=\"{&quot;animate&quot;:true,&quot;effect&quot;:&quot;&quot;,&quot;lazy&quot;:true,&quot;delay_animation&quot;:false,&quot;global_delay_animation&quot;:false,&quot;delay_timer&quot;:100,&quot;global_delay_timer&quot;:100}\" ><div  data-count=\"3\" class=\"ut-image-gallery-item ut-animation-done grid-33 tablet-grid-33 mobile-grid-100\"><a  class=\"ut-vc-images-lightbox ut-vc-images-lightbox-group-image\"  data-exthumbimage=\"https:\/\/www.basgroupglobal.com\/wp-content\/uploads\/2023\/07\/die-cut-handle-paper-bag-1-200x200.webp\" href=\"https:\/\/www.basgroupglobal.com\/wp-content\/uploads\/2023\/07\/die-cut-handle-paper-bag-1.webp\" ><div class=\"ut-image-gallery-image\" ><img loading=\"lazy\" decoding=\"async\"  class=\" ut-lazy skip-lazy\" src=\"data:image\/svg+xml;charset=utf-8,%3Csvg xmlns%3D'http%3A%2F%2Fwww.w3.org%2F2000%2Fsvg' viewBox%3D'0 0 1080 720'%2F%3E\" data-src=\"https:\/\/www.basgroupglobal.com\/wp-content\/uploads\/2023\/07\/die-cut-handle-paper-bag-1.webp\" width=\"1080\" height=\"720\"><\/div><\/a><\/div><div  data-count=\"3\" class=\"ut-image-gallery-item ut-animation-done ut-animation-done grid-33 tablet-grid-33 mobile-grid-100\"><a  class=\"ut-vc-images-lightbox ut-vc-images-lightbox-group-image\"  data-exthumbimage=\"https:\/\/www.basgroupglobal.com\/wp-content\/uploads\/2023\/07\/die-cut-handle-paper-bag-2-200x200.webp\" href=\"https:\/\/www.basgroupglobal.com\/wp-content\/uploads\/2023\/07\/die-cut-handle-paper-bag-2.webp\" ><div class=\"ut-image-gallery-image\" ><img loading=\"lazy\" decoding=\"async\"  class=\" ut-lazy skip-lazy\" src=\"data:image\/svg+xml;charset=utf-8,%3Csvg xmlns%3D'http%3A%2F%2Fwww.w3.org%2F2000%2Fsvg' viewBox%3D'0 0 1080 720'%2F%3E\" data-src=\"https:\/\/www.basgroupglobal.com\/wp-content\/uploads\/2023\/07\/die-cut-handle-paper-bag-2.webp\" width=\"1080\" height=\"720\"><\/div><\/a><\/div><div  data-count=\"3\" class=\"ut-image-gallery-item ut-animation-done ut-animation-done ut-animation-done grid-33 tablet-grid-33 mobile-grid-100\"><a  class=\"ut-vc-images-lightbox ut-vc-images-lightbox-group-image\"  data-exthumbimage=\"https:\/\/www.basgroupglobal.com\/wp-content\/uploads\/2023\/07\/die-cut-handle-paper-bag-3-200x200.webp\" href=\"https:\/\/www.basgroupglobal.com\/wp-content\/uploads\/2023\/07\/die-cut-handle-paper-bag-3.webp\" ><div class=\"ut-image-gallery-image\" ><img loading=\"lazy\" decoding=\"async\"  class=\" ut-lazy skip-lazy\" src=\"data:image\/svg+xml;charset=utf-8,%3Csvg xmlns%3D'http%3A%2F%2Fwww.w3.org%2F2000%2Fsvg' viewBox%3D'0 0 1080 720'%2F%3E\" data-src=\"https:\/\/www.basgroupglobal.com\/wp-content\/uploads\/2023\/07\/die-cut-handle-paper-bag-3.webp\" width=\"1080\" height=\"720\"><\/div><\/a><\/div><div class=\"ut-image-gallery-sizer\"><\/div><div class=\"clear\"><\/div><\/div><\/div><div class=\"wpb_content_element \"><style type=\"text\/css\">#ut_header_69e49ae300f64 h2.section-title { font-size:35px !important;line-height:75px !important;letter-spacing:-0.05em; }<\/style><header id=\"ut_header_69e49ae300f64\" class=\"section-header  ut-no-title-linebreak-mobile ut-no-lead-linebreak-mobile pt-style-2 header-center header-tablet-center header-mobile-center element-with-custom-line-height\"><div class=\"element-with-custom-line-height\" ><h2 data-title=\"Sacs en papier de luxe\"  data-responsive-font=\"section_title\" data-responsive-font-settings=\"{&quot;base-font-size&quot;:&quot;35&quot;,&quot;font-size-unit&quot;:&quot;px&quot;,&quot;font-size&quot;:{&quot;desktop_large&quot;:&quot;35&quot;},&quot;base-line-height&quot;:&quot;75&quot;,&quot;line-height-unit&quot;:&quot;px&quot;,&quot;line-height&quot;:{&quot;desktop_large&quot;:&quot;75&quot;},&quot;base-letter-spacing&quot;:&quot;global&quot;,&quot;letter-spacing&quot;:{&quot;desktop_large&quot;:&quot;-0.05&quot;}}\" class=\"section-title  \"><span>Sacs en papier de luxe<\/span><\/h2><\/div><div data-delay=\"0\" class=\"lead \"><\/p>\n<p style=\"font-size: 14px;\">Les sacs en papier de luxe sont fabriqu\u00e9s avec des mat\u00e9riaux de qualit\u00e9 sup\u00e9rieure, offrant une option d\u2019emballage exclusive pour des produits haut de gamme. Dot\u00e9s de poign\u00e9es de qualit\u00e9 comme la corde ou le satin, ces sacs ajoutent une touche \u00e9l\u00e9gante qui am\u00e9liore l\u2019exp\u00e9rience client. Con\u00e7us pour la durabilit\u00e9 et la sophistication, ils sont parfaits pour le commerce de d\u00e9tail et les cadeaux de luxe. Personnalisables avec des logos, gaufrages ou finitions m\u00e9talliques, ils rehaussent la perception de la marque. Id\u00e9aux pour les marques souhaitant laisser une impression durable et luxueuse.    <\/p>\n<p>\n<\/div><\/header><\/div><div class=\"wpb_content_element ut-gallery-5  clearfix\"><style type=\"text\/css\">#ut_ig_69e49ae301a34 .ut-lazy:not(.ut-image-loaded) + .ut-video-module-loading { display:block; }#ut_ig_69e49ae301a34 .ut-lazy.ut-image-loaded + .ut-video-module-loading { display:none; }<\/style><div id=\"ut_ig_69e49ae301a34\" class=\"ut-image-gallery ut-image-gallery-module  ut-image-gallery-5 clearfix\" data-settings=\"{&quot;animate&quot;:true,&quot;effect&quot;:&quot;&quot;,&quot;lazy&quot;:true,&quot;delay_animation&quot;:false,&quot;global_delay_animation&quot;:false,&quot;delay_timer&quot;:100,&quot;global_delay_timer&quot;:100}\" ><div  data-count=\"3\" class=\"ut-image-gallery-item ut-animation-done grid-33 tablet-grid-33 mobile-grid-100\"><a  class=\"ut-vc-images-lightbox ut-vc-images-lightbox-group-image\"  data-exthumbimage=\"https:\/\/www.basgroupglobal.com\/wp-content\/plugins\/ut-shortcodes\/\/img\/placeholder\/replace-normal.jpg\" href=\"https:\/\/www.basgroupglobal.com\/wp-content\/plugins\/ut-shortcodes\/\/img\/placeholder\/replace-normal.jpg\" ><div class=\"ut-image-gallery-image\" ><img loading=\"lazy\" decoding=\"async\"  class=\" ut-lazy skip-lazy\" src=\"data:image\/svg+xml;charset=utf-8,%3Csvg xmlns%3D'http%3A%2F%2Fwww.w3.org%2F2000%2Fsvg' viewBox%3D'0 0 1958 1224'%2F%3E\" data-src=\"https:\/\/www.basgroupglobal.com\/wp-content\/plugins\/ut-shortcodes\/\/img\/placeholder\/replace-normal.jpg\" width=\"1958\" height=\"1224\"><\/div><\/a><\/div><div  data-count=\"3\" class=\"ut-image-gallery-item ut-animation-done ut-animation-done grid-33 tablet-grid-33 mobile-grid-100\"><a  class=\"ut-vc-images-lightbox ut-vc-images-lightbox-group-image\"  data-exthumbimage=\"https:\/\/www.basgroupglobal.com\/wp-content\/plugins\/ut-shortcodes\/\/img\/placeholder\/replace-normal.jpg\" href=\"https:\/\/www.basgroupglobal.com\/wp-content\/plugins\/ut-shortcodes\/\/img\/placeholder\/replace-normal.jpg\" ><div class=\"ut-image-gallery-image\" ><img loading=\"lazy\" decoding=\"async\"  class=\" ut-lazy skip-lazy\" src=\"data:image\/svg+xml;charset=utf-8,%3Csvg xmlns%3D'http%3A%2F%2Fwww.w3.org%2F2000%2Fsvg' viewBox%3D'0 0 1958 1224'%2F%3E\" data-src=\"https:\/\/www.basgroupglobal.com\/wp-content\/plugins\/ut-shortcodes\/\/img\/placeholder\/replace-normal.jpg\" width=\"1958\" height=\"1224\"><\/div><\/a><\/div><div  data-count=\"3\" class=\"ut-image-gallery-item ut-animation-done ut-animation-done ut-animation-done grid-33 tablet-grid-33 mobile-grid-100\"><a  class=\"ut-vc-images-lightbox ut-vc-images-lightbox-group-image\"  data-exthumbimage=\"https:\/\/www.basgroupglobal.com\/wp-content\/plugins\/ut-shortcodes\/\/img\/placeholder\/replace-normal.jpg\" href=\"https:\/\/www.basgroupglobal.com\/wp-content\/plugins\/ut-shortcodes\/\/img\/placeholder\/replace-normal.jpg\" ><div class=\"ut-image-gallery-image\" ><img loading=\"lazy\" decoding=\"async\"  class=\" ut-lazy skip-lazy\" src=\"data:image\/svg+xml;charset=utf-8,%3Csvg xmlns%3D'http%3A%2F%2Fwww.w3.org%2F2000%2Fsvg' viewBox%3D'0 0 1958 1224'%2F%3E\" data-src=\"https:\/\/www.basgroupglobal.com\/wp-content\/plugins\/ut-shortcodes\/\/img\/placeholder\/replace-normal.jpg\" width=\"1958\" height=\"1224\"><\/div><\/a><\/div><div class=\"ut-image-gallery-sizer\"><\/div><div class=\"clear\"><\/div><\/div><\/div>[\/vc_column][\/vc_row][vc_section][\/vc_section]<\/p>\n<\/div>","protected":false},"excerpt":{"rendered":"<p>[vc_row][vc_column][\/vc_column][\/vc_row][vc_section][\/vc_section]<\/p>\n","protected":false},"author":1,"featured_media":0,"parent":7057,"menu_order":0,"comment_status":"closed","ping_status":"closed","template":"","meta":{"footnotes":""},"class_list":["post-6995","page","type-page","status-publish","hentry"],"_links":{"self":[{"href":"https:\/\/www.basgroupglobal.com\/fr\/wp-json\/wp\/v2\/pages\/6995","targetHints":{"allow":["GET"]}}],"collection":[{"href":"https:\/\/www.basgroupglobal.com\/fr\/wp-json\/wp\/v2\/pages"}],"about":[{"href":"https:\/\/www.basgroupglobal.com\/fr\/wp-json\/wp\/v2\/types\/page"}],"author":[{"embeddable":true,"href":"https:\/\/www.basgroupglobal.com\/fr\/wp-json\/wp\/v2\/users\/1"}],"replies":[{"embeddable":true,"href":"https:\/\/www.basgroupglobal.com\/fr\/wp-json\/wp\/v2\/comments?post=6995"}],"version-history":[{"count":2,"href":"https:\/\/www.basgroupglobal.com\/fr\/wp-json\/wp\/v2\/pages\/6995\/revisions"}],"predecessor-version":[{"id":7174,"href":"https:\/\/www.basgroupglobal.com\/fr\/wp-json\/wp\/v2\/pages\/6995\/revisions\/7174"}],"up":[{"embeddable":true,"href":"https:\/\/www.basgroupglobal.com\/fr\/wp-json\/wp\/v2\/pages\/7057"}],"wp:attachment":[{"href":"https:\/\/www.basgroupglobal.com\/fr\/wp-json\/wp\/v2\/media?parent=6995"}],"curies":[{"name":"wp","href":"https:\/\/api.w.org\/{rel}","templated":true}]}}