{"id":6981,"date":"2024-11-09T12:56:44","date_gmt":"2024-11-09T12:56:44","guid":{"rendered":"https:\/\/www.basgroupglobal.com\/serviettes-rince-doigts\/"},"modified":"2025-06-26T10:54:29","modified_gmt":"2025-06-26T10:54:29","slug":"serviettes-rince-doigts","status":"publish","type":"page","link":"https:\/\/www.basgroupglobal.com\/fr\/produits\/serviettes-rince-doigts\/","title":{"rendered":"Serviettes &#038; Rince Doigts"},"content":{"rendered":"<div class=\"wpb-content-wrapper\"><p>[vc_row][vc_column]<div class=\"wpb_content_element \"><style type=\"text\/css\">#ut_header_69f6336fea88b h1.section-title { font-size:70px !important;line-height:88px !important;letter-spacing:-0.05em; }@media (min-width: 1025px) { #ut_header_69f6336fea88b .lead { width:50%;margin: 0 auto;} }<\/style><header id=\"ut_header_69f6336fea88b\" class=\"section-header  ut-no-title-linebreak-mobile ut-no-lead-linebreak-mobile pt-style-2 header-center header-tablet-center header-mobile-center element-with-custom-line-height\"><div class=\"element-with-custom-line-height\" ><h1 data-title=\"SERVIETTES &amp; RINCE DOIGTS\"  data-responsive-font=\"section_title\" data-responsive-font-settings=\"{&quot;base-font-size&quot;:&quot;70&quot;,&quot;font-size&quot;:{&quot;desktop_large&quot;:&quot;70&quot;},&quot;base-line-height&quot;:&quot;global&quot;,&quot;line-height&quot;:{&quot;desktop_large&quot;:&quot;88&quot;},&quot;base-letter-spacing&quot;:&quot;global&quot;,&quot;letter-spacing&quot;:{&quot;desktop_large&quot;:&quot;-0.05&quot;}}\" class=\"section-title  \"><span>SERVIETTES &amp; RINCE DOIGTS<\/span><\/h1><\/div><div data-delay=\"0\" class=\"lead \"><p>Serviettes et rince doigts qualit\u00e9 pour une utilisation propre, pratique et hygi\u00e9nique.<\/p>\n<\/div><\/header><\/div><div class=\"wpb_content_element \"><style type=\"text\/css\">#ut_header_69f6336ff0c8c h2.section-title { font-size:35px !important;line-height:75px !important;letter-spacing:-0.05em; }<\/style><header id=\"ut_header_69f6336ff0c8c\" class=\"section-header  ut-no-title-linebreak-mobile ut-no-lead-linebreak-mobile pt-style-2 header-center header-tablet-center header-mobile-center element-with-custom-line-height\"><div class=\"element-with-custom-line-height\" ><h2 data-title=\"Serviettes\"  data-responsive-font=\"section_title\" data-responsive-font-settings=\"{&quot;base-font-size&quot;:&quot;35&quot;,&quot;font-size-unit&quot;:&quot;px&quot;,&quot;font-size&quot;:{&quot;desktop_large&quot;:&quot;35&quot;},&quot;base-line-height&quot;:&quot;75&quot;,&quot;line-height-unit&quot;:&quot;px&quot;,&quot;line-height&quot;:{&quot;desktop_large&quot;:&quot;75&quot;},&quot;base-letter-spacing&quot;:&quot;global&quot;,&quot;letter-spacing&quot;:{&quot;desktop_large&quot;:&quot;-0.05&quot;}}\" class=\"section-title  \"><span>Serviettes<\/span><\/h2><\/div><div data-delay=\"0\" class=\"lead \"><\/p>\n<p style=\"font-size: 14px;\">Nos serviettes sont con\u00e7ues pour \u00eatre douces, absorbantes et durables, id\u00e9ales pour les restaurants, \u00e9v\u00e9nements et utilisations quotidiennes. Disponibles en plusieurs tailles et personnalisables avec logos, elles allient fonctionnalit\u00e9 et visibilit\u00e9 de la marque. Elles assurent confort et r\u00e9sistance pour divers besoins de repas. Parfaites pour am\u00e9liorer l\u2019exp\u00e9rience client avec \u00e9l\u00e9gance et propret\u00e9. Un choix fiable pour l\u2019h\u00f4tellerie et la restauration.<\/p>\n<\/div><\/header><\/div><div class=\"wpb_content_element ut-gallery-5  clearfix\"><style type=\"text\/css\">#ut_ig_69f6336ff16d4 .ut-lazy:not(.ut-image-loaded) + .ut-video-module-loading { display:block; }#ut_ig_69f6336ff16d4 .ut-lazy.ut-image-loaded + .ut-video-module-loading { display:none; }<\/style><div id=\"ut_ig_69f6336ff16d4\" class=\"ut-image-gallery ut-image-gallery-module  ut-image-gallery-5 clearfix\" data-settings=\"{&quot;animate&quot;:true,&quot;effect&quot;:&quot;&quot;,&quot;lazy&quot;:true,&quot;delay_animation&quot;:false,&quot;global_delay_animation&quot;:false,&quot;delay_timer&quot;:100,&quot;global_delay_timer&quot;:100}\" ><div  data-count=\"3\" class=\"ut-image-gallery-item ut-animation-done grid-33 tablet-grid-33 mobile-grid-100\"><a  class=\"ut-vc-images-lightbox ut-vc-images-lightbox-group-image\"  data-exthumbimage=\"https:\/\/www.basgroupglobal.com\/wp-content\/uploads\/2023\/07\/serviette-double-epaisseur-1-1-200x200.webp\" href=\"https:\/\/www.basgroupglobal.com\/wp-content\/uploads\/2023\/07\/serviette-double-epaisseur-1-1.webp\" ><div class=\"ut-image-gallery-image\" ><img fetchpriority=\"high\" decoding=\"async\"  class=\" ut-lazy skip-lazy\" src=\"data:image\/svg+xml;charset=utf-8,%3Csvg xmlns%3D'http%3A%2F%2Fwww.w3.org%2F2000%2Fsvg' viewBox%3D'0 0 1080 720'%2F%3E\" data-src=\"https:\/\/www.basgroupglobal.com\/wp-content\/uploads\/2023\/07\/serviette-double-epaisseur-1-1.webp\" width=\"1080\" height=\"720\"><\/div><\/a><\/div><div  data-count=\"3\" class=\"ut-image-gallery-item ut-animation-done ut-animation-done grid-33 tablet-grid-33 mobile-grid-100\"><a  class=\"ut-vc-images-lightbox ut-vc-images-lightbox-group-image\"  data-exthumbimage=\"https:\/\/www.basgroupglobal.com\/wp-content\/uploads\/2023\/07\/serviette-double-epaisseur-2-200x200.webp\" href=\"https:\/\/www.basgroupglobal.com\/wp-content\/uploads\/2023\/07\/serviette-double-epaisseur-2.webp\" ><div class=\"ut-image-gallery-image\" ><img decoding=\"async\"  class=\" ut-lazy skip-lazy\" src=\"data:image\/svg+xml;charset=utf-8,%3Csvg xmlns%3D'http%3A%2F%2Fwww.w3.org%2F2000%2Fsvg' viewBox%3D'0 0 1080 720'%2F%3E\" data-src=\"https:\/\/www.basgroupglobal.com\/wp-content\/uploads\/2023\/07\/serviette-double-epaisseur-2.webp\" width=\"1080\" height=\"720\"><\/div><\/a><\/div><div  data-count=\"3\" class=\"ut-image-gallery-item ut-animation-done ut-animation-done ut-animation-done grid-33 tablet-grid-33 mobile-grid-100\"><a  class=\"ut-vc-images-lightbox ut-vc-images-lightbox-group-image\"  data-exthumbimage=\"https:\/\/www.basgroupglobal.com\/wp-content\/uploads\/2023\/07\/serviette-double-epaisseur-3-200x200.webp\" href=\"https:\/\/www.basgroupglobal.com\/wp-content\/uploads\/2023\/07\/serviette-double-epaisseur-3.webp\" ><div class=\"ut-image-gallery-image\" ><img decoding=\"async\"  class=\" ut-lazy skip-lazy\" src=\"data:image\/svg+xml;charset=utf-8,%3Csvg xmlns%3D'http%3A%2F%2Fwww.w3.org%2F2000%2Fsvg' viewBox%3D'0 0 1080 720'%2F%3E\" data-src=\"https:\/\/www.basgroupglobal.com\/wp-content\/uploads\/2023\/07\/serviette-double-epaisseur-3.webp\" width=\"1080\" height=\"720\"><\/div><\/a><\/div><div class=\"ut-image-gallery-sizer\"><\/div><div class=\"clear\"><\/div><\/div><\/div><div class=\"wpb_content_element \"><style type=\"text\/css\">#ut_header_69f6336ff3902 h2.section-title { font-size:35px !important;line-height:75px !important;letter-spacing:-0.05em; }<\/style><header id=\"ut_header_69f6336ff3902\" class=\"section-header  ut-no-title-linebreak-mobile ut-no-lead-linebreak-mobile pt-style-2 header-center header-tablet-center header-mobile-center element-with-custom-line-height\"><div class=\"element-with-custom-line-height\" ><h2 data-title=\"Rince Doigts\"  data-responsive-font=\"section_title\" data-responsive-font-settings=\"{&quot;base-font-size&quot;:&quot;35&quot;,&quot;font-size-unit&quot;:&quot;px&quot;,&quot;font-size&quot;:{&quot;desktop_large&quot;:&quot;35&quot;},&quot;base-line-height&quot;:&quot;75&quot;,&quot;line-height-unit&quot;:&quot;px&quot;,&quot;line-height&quot;:{&quot;desktop_large&quot;:&quot;75&quot;},&quot;base-letter-spacing&quot;:&quot;global&quot;,&quot;letter-spacing&quot;:{&quot;desktop_large&quot;:&quot;-0.05&quot;}}\" class=\"section-title  \"><span>Rince Doigts<\/span><\/h2><\/div><div data-delay=\"0\" class=\"lead \"><\/p>\n<p style=\"font-size: 14px;\">Les rince doigts offrent une solution rapide et efficace pour l\u2019hygi\u00e8ne personnelle et le nettoyage, parfaites pour les restaurants, voyages et \u00e9v\u00e9nements. Fabriqu\u00e9es \u00e0 partir de mat\u00e9riaux respectueux de la peau, elles nettoient efficacement tout en \u00e9tant douces. Compactes et faciles \u00e0 transporter, elles sont utilisables partout et \u00e0 tout moment. Personnalisables avec logos, elles renforcent la commodit\u00e9 et l\u2019image de marque. Id\u00e9ales pour les entreprises offrant des solutions hygi\u00e9niques et pratiques.<\/p>\n<\/div><\/header><\/div><div class=\"wpb_content_element ut-gallery-5  clearfix\"><style type=\"text\/css\">#ut_ig_69f6337000156 .ut-lazy:not(.ut-image-loaded) + .ut-video-module-loading { display:block; }#ut_ig_69f6337000156 .ut-lazy.ut-image-loaded + .ut-video-module-loading { display:none; }<\/style><div id=\"ut_ig_69f6337000156\" class=\"ut-image-gallery ut-image-gallery-module  ut-image-gallery-5 clearfix\" data-settings=\"{&quot;animate&quot;:true,&quot;effect&quot;:&quot;&quot;,&quot;lazy&quot;:true,&quot;delay_animation&quot;:false,&quot;global_delay_animation&quot;:false,&quot;delay_timer&quot;:100,&quot;global_delay_timer&quot;:100}\" ><div  data-count=\"3\" class=\"ut-image-gallery-item ut-animation-done grid-33 tablet-grid-33 mobile-grid-100\"><a  class=\"ut-vc-images-lightbox ut-vc-images-lightbox-group-image\"  data-exthumbimage=\"https:\/\/www.basgroupglobal.com\/wp-content\/uploads\/2023\/07\/lingettes-rince-doigts-3-200x200.webp\" href=\"https:\/\/www.basgroupglobal.com\/wp-content\/uploads\/2023\/07\/lingettes-rince-doigts-3.webp\" ><div class=\"ut-image-gallery-image\" ><img loading=\"lazy\" decoding=\"async\"  class=\" ut-lazy skip-lazy\" src=\"data:image\/svg+xml;charset=utf-8,%3Csvg xmlns%3D'http%3A%2F%2Fwww.w3.org%2F2000%2Fsvg' viewBox%3D'0 0 1080 720'%2F%3E\" data-src=\"https:\/\/www.basgroupglobal.com\/wp-content\/uploads\/2023\/07\/lingettes-rince-doigts-3.webp\" width=\"1080\" height=\"720\"><\/div><\/a><\/div><div  data-count=\"3\" class=\"ut-image-gallery-item ut-animation-done ut-animation-done grid-33 tablet-grid-33 mobile-grid-100\"><a  class=\"ut-vc-images-lightbox ut-vc-images-lightbox-group-image\"  data-exthumbimage=\"https:\/\/www.basgroupglobal.com\/wp-content\/uploads\/2023\/07\/lingettes-rince-doigts-2-200x200.webp\" href=\"https:\/\/www.basgroupglobal.com\/wp-content\/uploads\/2023\/07\/lingettes-rince-doigts-2.webp\" ><div class=\"ut-image-gallery-image\" ><img loading=\"lazy\" decoding=\"async\"  class=\" ut-lazy skip-lazy\" src=\"data:image\/svg+xml;charset=utf-8,%3Csvg xmlns%3D'http%3A%2F%2Fwww.w3.org%2F2000%2Fsvg' viewBox%3D'0 0 1080 720'%2F%3E\" data-src=\"https:\/\/www.basgroupglobal.com\/wp-content\/uploads\/2023\/07\/lingettes-rince-doigts-2.webp\" width=\"1080\" height=\"720\"><\/div><\/a><\/div><div  data-count=\"3\" class=\"ut-image-gallery-item ut-animation-done ut-animation-done ut-animation-done grid-33 tablet-grid-33 mobile-grid-100\"><a  class=\"ut-vc-images-lightbox ut-vc-images-lightbox-group-image\"  data-exthumbimage=\"https:\/\/www.basgroupglobal.com\/wp-content\/uploads\/2023\/07\/lingettes-rince-doigts-1-200x200.webp\" href=\"https:\/\/www.basgroupglobal.com\/wp-content\/uploads\/2023\/07\/lingettes-rince-doigts-1.webp\" ><div class=\"ut-image-gallery-image\" ><img loading=\"lazy\" decoding=\"async\"  class=\" ut-lazy skip-lazy\" src=\"data:image\/svg+xml;charset=utf-8,%3Csvg xmlns%3D'http%3A%2F%2Fwww.w3.org%2F2000%2Fsvg' viewBox%3D'0 0 1080 720'%2F%3E\" data-src=\"https:\/\/www.basgroupglobal.com\/wp-content\/uploads\/2023\/07\/lingettes-rince-doigts-1.webp\" width=\"1080\" height=\"720\"><\/div><\/a><\/div><div class=\"ut-image-gallery-sizer\"><\/div><div class=\"clear\"><\/div><\/div><\/div>[\/vc_column][\/vc_row][vc_section][\/vc_section]<\/p>\n<\/div>","protected":false},"excerpt":{"rendered":"<p>[vc_row][vc_column][\/vc_column][\/vc_row][vc_section][\/vc_section]<\/p>\n","protected":false},"author":1,"featured_media":0,"parent":7057,"menu_order":0,"comment_status":"closed","ping_status":"closed","template":"","meta":{"footnotes":""},"class_list":["post-6981","page","type-page","status-publish","hentry"],"_links":{"self":[{"href":"https:\/\/www.basgroupglobal.com\/fr\/wp-json\/wp\/v2\/pages\/6981","targetHints":{"allow":["GET"]}}],"collection":[{"href":"https:\/\/www.basgroupglobal.com\/fr\/wp-json\/wp\/v2\/pages"}],"about":[{"href":"https:\/\/www.basgroupglobal.com\/fr\/wp-json\/wp\/v2\/types\/page"}],"author":[{"embeddable":true,"href":"https:\/\/www.basgroupglobal.com\/fr\/wp-json\/wp\/v2\/users\/1"}],"replies":[{"embeddable":true,"href":"https:\/\/www.basgroupglobal.com\/fr\/wp-json\/wp\/v2\/comments?post=6981"}],"version-history":[{"count":2,"href":"https:\/\/www.basgroupglobal.com\/fr\/wp-json\/wp\/v2\/pages\/6981\/revisions"}],"predecessor-version":[{"id":7178,"href":"https:\/\/www.basgroupglobal.com\/fr\/wp-json\/wp\/v2\/pages\/6981\/revisions\/7178"}],"up":[{"embeddable":true,"href":"https:\/\/www.basgroupglobal.com\/fr\/wp-json\/wp\/v2\/pages\/7057"}],"wp:attachment":[{"href":"https:\/\/www.basgroupglobal.com\/fr\/wp-json\/wp\/v2\/media?parent=6981"}],"curies":[{"name":"wp","href":"https:\/\/api.w.org\/{rel}","templated":true}]}}