{"id":6964,"date":"2024-11-09T09:28:27","date_gmt":"2024-11-09T09:28:27","guid":{"rendered":"https:\/\/www.basgroupglobal.com\/sacs-pour-boulangerie\/"},"modified":"2025-06-26T10:54:01","modified_gmt":"2025-06-26T10:54:01","slug":"sacs-pour-boulangerie","status":"publish","type":"page","link":"https:\/\/www.basgroupglobal.com\/fr\/produits\/sacs-pour-boulangerie\/","title":{"rendered":"Sacs Pour Boulangerie"},"content":{"rendered":"<div class=\"wpb-content-wrapper\"><p>[vc_row][vc_column]<div class=\"wpb_content_element \"><style type=\"text\/css\">#ut_header_69f32e0cd4de8 h1.section-title { font-size:60px !important;line-height:88px !important;letter-spacing:-0.05em; }@media (min-width: 1025px) { #ut_header_69f32e0cd4de8 .lead { width:50%;margin: 0 auto;} }<\/style><header id=\"ut_header_69f32e0cd4de8\" class=\"section-header  ut-no-title-linebreak-mobile ut-no-lead-linebreak-mobile pt-style-2 header-center header-tablet-center header-mobile-center element-with-custom-line-height\"><div class=\"element-with-custom-line-height\" ><h1 data-title=\"SACS POUR BOULANGERIE\"  data-responsive-font=\"section_title\" data-responsive-font-settings=\"{&quot;base-font-size&quot;:&quot;60&quot;,&quot;font-size-unit&quot;:&quot;px&quot;,&quot;font-size&quot;:{&quot;desktop_large&quot;:&quot;60&quot;},&quot;base-line-height&quot;:&quot;global&quot;,&quot;line-height&quot;:{&quot;desktop_large&quot;:&quot;88&quot;},&quot;base-letter-spacing&quot;:&quot;global&quot;,&quot;letter-spacing&quot;:{&quot;desktop_large&quot;:&quot;-0.05&quot;}}\" class=\"section-title  \"><span>SACS POUR BOULANGERIE<\/span><\/h1><\/div><div data-delay=\"0\" class=\"lead \"><p>Sacs pour boulangerie \u00e9cologiques et polyvalents pour une pr\u00e9sentation fra\u00eeche et attrayante des produits.<\/p>\n<\/div><\/header><\/div><div class=\"wpb_content_element \"><style type=\"text\/css\">#ut_header_69f32e0ce1f47 h2.section-title { font-size:35px !important;line-height:75px !important;letter-spacing:-0.05em; }<\/style><header id=\"ut_header_69f32e0ce1f47\" class=\"section-header  ut-no-title-linebreak-mobile ut-no-lead-linebreak-mobile pt-style-2 header-center header-tablet-center header-mobile-center element-with-custom-line-height\"><div class=\"element-with-custom-line-height\" ><h2 data-title=\"Sac pour boulangerie antigras\"  data-responsive-font=\"section_title\" data-responsive-font-settings=\"{&quot;base-font-size&quot;:&quot;35&quot;,&quot;font-size-unit&quot;:&quot;px&quot;,&quot;font-size&quot;:{&quot;desktop_large&quot;:&quot;35&quot;},&quot;base-line-height&quot;:&quot;75&quot;,&quot;line-height-unit&quot;:&quot;px&quot;,&quot;line-height&quot;:{&quot;desktop_large&quot;:&quot;75&quot;},&quot;base-letter-spacing&quot;:&quot;global&quot;,&quot;letter-spacing&quot;:{&quot;desktop_large&quot;:&quot;-0.05&quot;}}\" class=\"section-title  \"><span>Sac pour boulangerie antigras<\/span><\/h2><\/div><div data-delay=\"0\" class=\"lead \"><\/p>\n<p style=\"font-size: 14px;\">Les sacs pour boulangerie antigras sont con\u00e7us pour garder les produits frais en emp\u00eachant la graisse de traverser. Parfaits pour les p\u00e2tisseries, biscuits et autres produits, ils pr\u00e9servent la qualit\u00e9 et la pr\u00e9sentation. Fabriqu\u00e9s en papier sp\u00e9cial r\u00e9sistant \u00e0 l\u2019huile, ils assurent un aspect propre et attrayant. Personnalisables, ils soutiennent les normes de s\u00e9curit\u00e9 alimentaire et d\u2019emballage durable. Id\u00e9als pour les boulangeries et caf\u00e9s.<\/p>\n<\/div><\/header><\/div><div class=\"wpb_content_element ut-gallery-5  clearfix\"><style type=\"text\/css\">#ut_ig_69f32e0ce2aa8 .ut-lazy:not(.ut-image-loaded) + .ut-video-module-loading { display:block; }#ut_ig_69f32e0ce2aa8 .ut-lazy.ut-image-loaded + .ut-video-module-loading { display:none; }<\/style><div id=\"ut_ig_69f32e0ce2aa8\" class=\"ut-image-gallery ut-image-gallery-module  ut-image-gallery-5 clearfix\" data-settings=\"{&quot;animate&quot;:true,&quot;effect&quot;:&quot;&quot;,&quot;lazy&quot;:true,&quot;delay_animation&quot;:false,&quot;global_delay_animation&quot;:false,&quot;delay_timer&quot;:100,&quot;global_delay_timer&quot;:100}\" ><div  data-count=\"3\" class=\"ut-image-gallery-item ut-animation-done grid-33 tablet-grid-33 mobile-grid-100\"><a  class=\"ut-vc-images-lightbox ut-vc-images-lightbox-group-image\"  data-exthumbimage=\"https:\/\/www.basgroupglobal.com\/wp-content\/uploads\/2023\/07\/sachet-papier-ingraissable-3-200x200.webp\" href=\"https:\/\/www.basgroupglobal.com\/wp-content\/uploads\/2023\/07\/sachet-papier-ingraissable-3-1080x720.webp\" ><div class=\"ut-image-gallery-image\" ><img fetchpriority=\"high\" decoding=\"async\"  class=\" ut-lazy skip-lazy\" src=\"data:image\/svg+xml;charset=utf-8,%3Csvg xmlns%3D'http%3A%2F%2Fwww.w3.org%2F2000%2Fsvg' viewBox%3D'0 0 6000 4000'%2F%3E\" data-src=\"https:\/\/www.basgroupglobal.com\/wp-content\/uploads\/2023\/07\/sachet-papier-ingraissable-3.webp\" width=\"6000\" height=\"4000\"><\/div><\/a><\/div><div  data-count=\"3\" class=\"ut-image-gallery-item ut-animation-done ut-animation-done grid-33 tablet-grid-33 mobile-grid-100\"><a  class=\"ut-vc-images-lightbox ut-vc-images-lightbox-group-image\"  data-exthumbimage=\"https:\/\/www.basgroupglobal.com\/wp-content\/uploads\/2023\/07\/sachet-papier-ingraissable-2-200x200.webp\" href=\"https:\/\/www.basgroupglobal.com\/wp-content\/uploads\/2023\/07\/sachet-papier-ingraissable-2-1080x720.webp\" ><div class=\"ut-image-gallery-image\" ><img decoding=\"async\"  class=\" ut-lazy skip-lazy\" src=\"data:image\/svg+xml;charset=utf-8,%3Csvg xmlns%3D'http%3A%2F%2Fwww.w3.org%2F2000%2Fsvg' viewBox%3D'0 0 6000 4000'%2F%3E\" data-src=\"https:\/\/www.basgroupglobal.com\/wp-content\/uploads\/2023\/07\/sachet-papier-ingraissable-2.webp\" width=\"6000\" height=\"4000\"><\/div><\/a><\/div><div  data-count=\"3\" class=\"ut-image-gallery-item ut-animation-done ut-animation-done ut-animation-done grid-33 tablet-grid-33 mobile-grid-100\"><a  class=\"ut-vc-images-lightbox ut-vc-images-lightbox-group-image\"  data-exthumbimage=\"https:\/\/www.basgroupglobal.com\/wp-content\/uploads\/2023\/07\/sachet-papier-ingraissable-1-1-200x200.webp\" href=\"https:\/\/www.basgroupglobal.com\/wp-content\/uploads\/2023\/07\/sachet-papier-ingraissable-1-1-1080x720.webp\" ><div class=\"ut-image-gallery-image\" ><img decoding=\"async\"  class=\" ut-lazy skip-lazy\" src=\"data:image\/svg+xml;charset=utf-8,%3Csvg xmlns%3D'http%3A%2F%2Fwww.w3.org%2F2000%2Fsvg' viewBox%3D'0 0 6000 4000'%2F%3E\" data-src=\"https:\/\/www.basgroupglobal.com\/wp-content\/uploads\/2023\/07\/sachet-papier-ingraissable-1-1.webp\" width=\"6000\" height=\"4000\"><\/div><\/a><\/div><div class=\"ut-image-gallery-sizer\"><\/div><div class=\"clear\"><\/div><\/div><\/div><div class=\"wpb_content_element \"><style type=\"text\/css\">#ut_header_69f32e0ce4a7c h2.section-title { font-size:35px !important;line-height:75px !important;letter-spacing:-0.05em; }<\/style><header id=\"ut_header_69f32e0ce4a7c\" class=\"section-header  ut-no-title-linebreak-mobile ut-no-lead-linebreak-mobile pt-style-2 header-center header-tablet-center header-mobile-center element-with-custom-line-height\"><div class=\"element-with-custom-line-height\" ><h2 data-title=\"Sac pour boulangerie en kraft brun\"  data-responsive-font=\"section_title\" data-responsive-font-settings=\"{&quot;base-font-size&quot;:&quot;35&quot;,&quot;font-size-unit&quot;:&quot;px&quot;,&quot;font-size&quot;:{&quot;desktop_large&quot;:&quot;35&quot;},&quot;base-line-height&quot;:&quot;75&quot;,&quot;line-height-unit&quot;:&quot;px&quot;,&quot;line-height&quot;:{&quot;desktop_large&quot;:&quot;75&quot;},&quot;base-letter-spacing&quot;:&quot;global&quot;,&quot;letter-spacing&quot;:{&quot;desktop_large&quot;:&quot;-0.05&quot;}}\" class=\"section-title  \"><span>Sac pour boulangerie en kraft brun<\/span><\/h2><\/div><div data-delay=\"0\" class=\"lead \"><\/p>\n<p style=\"font-size: 14px;\">Les sacs en kraft brun pour boulangerie offrent une solution d\u2019emballage \u00e9cologique et r\u00e9sistante, id\u00e9ale pour les produits de boulangerie. Fabriqu\u00e9s en papier kraft recycl\u00e9, ils apportent un aspect naturel, parfait pour une image durable. Leur structure robuste convient pour divers produits, du pain aux p\u00e2tisseries. Faciles \u00e0 personnaliser avec des logos, ils renforcent la notori\u00e9t\u00e9 de la marque. Id\u00e9als pour les boulangeries ax\u00e9es sur l\u2019\u00e9cologie.<\/p>\n<\/div><\/header><\/div><div class=\"wpb_content_element ut-gallery-5  clearfix\"><style type=\"text\/css\">#ut_ig_69f32e0ce561c .ut-lazy:not(.ut-image-loaded) + .ut-video-module-loading { display:block; }#ut_ig_69f32e0ce561c .ut-lazy.ut-image-loaded + .ut-video-module-loading { display:none; }<\/style><div id=\"ut_ig_69f32e0ce561c\" class=\"ut-image-gallery ut-image-gallery-module  ut-image-gallery-5 clearfix\" data-settings=\"{&quot;animate&quot;:true,&quot;effect&quot;:&quot;&quot;,&quot;lazy&quot;:true,&quot;delay_animation&quot;:false,&quot;global_delay_animation&quot;:false,&quot;delay_timer&quot;:100,&quot;global_delay_timer&quot;:100}\" ><div  data-count=\"3\" class=\"ut-image-gallery-item ut-animation-done grid-33 tablet-grid-33 mobile-grid-100\"><a  class=\"ut-vc-images-lightbox ut-vc-images-lightbox-group-image\"  data-exthumbimage=\"https:\/\/www.basgroupglobal.com\/wp-content\/plugins\/ut-shortcodes\/\/img\/placeholder\/replace-normal.jpg\" href=\"https:\/\/www.basgroupglobal.com\/wp-content\/plugins\/ut-shortcodes\/\/img\/placeholder\/replace-normal.jpg\" ><div class=\"ut-image-gallery-image\" ><img loading=\"lazy\" decoding=\"async\"  class=\" ut-lazy skip-lazy\" src=\"data:image\/svg+xml;charset=utf-8,%3Csvg xmlns%3D'http%3A%2F%2Fwww.w3.org%2F2000%2Fsvg' viewBox%3D'0 0 1958 1224'%2F%3E\" data-src=\"https:\/\/www.basgroupglobal.com\/wp-content\/plugins\/ut-shortcodes\/\/img\/placeholder\/replace-normal.jpg\" width=\"1958\" height=\"1224\"><\/div><\/a><\/div><div  data-count=\"3\" class=\"ut-image-gallery-item ut-animation-done ut-animation-done grid-33 tablet-grid-33 mobile-grid-100\"><a  class=\"ut-vc-images-lightbox ut-vc-images-lightbox-group-image\"  data-exthumbimage=\"https:\/\/www.basgroupglobal.com\/wp-content\/plugins\/ut-shortcodes\/\/img\/placeholder\/replace-normal.jpg\" href=\"https:\/\/www.basgroupglobal.com\/wp-content\/plugins\/ut-shortcodes\/\/img\/placeholder\/replace-normal.jpg\" ><div class=\"ut-image-gallery-image\" ><img loading=\"lazy\" decoding=\"async\"  class=\" ut-lazy skip-lazy\" src=\"data:image\/svg+xml;charset=utf-8,%3Csvg xmlns%3D'http%3A%2F%2Fwww.w3.org%2F2000%2Fsvg' viewBox%3D'0 0 1958 1224'%2F%3E\" data-src=\"https:\/\/www.basgroupglobal.com\/wp-content\/plugins\/ut-shortcodes\/\/img\/placeholder\/replace-normal.jpg\" width=\"1958\" height=\"1224\"><\/div><\/a><\/div><div  data-count=\"3\" class=\"ut-image-gallery-item ut-animation-done ut-animation-done ut-animation-done grid-33 tablet-grid-33 mobile-grid-100\"><a  class=\"ut-vc-images-lightbox ut-vc-images-lightbox-group-image\"  data-exthumbimage=\"https:\/\/www.basgroupglobal.com\/wp-content\/plugins\/ut-shortcodes\/\/img\/placeholder\/replace-normal.jpg\" href=\"https:\/\/www.basgroupglobal.com\/wp-content\/plugins\/ut-shortcodes\/\/img\/placeholder\/replace-normal.jpg\" ><div class=\"ut-image-gallery-image\" ><img loading=\"lazy\" decoding=\"async\"  class=\" ut-lazy skip-lazy\" src=\"data:image\/svg+xml;charset=utf-8,%3Csvg xmlns%3D'http%3A%2F%2Fwww.w3.org%2F2000%2Fsvg' viewBox%3D'0 0 1958 1224'%2F%3E\" data-src=\"https:\/\/www.basgroupglobal.com\/wp-content\/plugins\/ut-shortcodes\/\/img\/placeholder\/replace-normal.jpg\" width=\"1958\" height=\"1224\"><\/div><\/a><\/div><div class=\"ut-image-gallery-sizer\"><\/div><div class=\"clear\"><\/div><\/div><\/div><div class=\"wpb_content_element \"><style type=\"text\/css\">#ut_header_69f32e0ce6dbe h2.section-title { font-size:35px !important;line-height:75px !important;letter-spacing:-0.05em; }<\/style><header id=\"ut_header_69f32e0ce6dbe\" class=\"section-header  ut-no-title-linebreak-mobile ut-no-lead-linebreak-mobile pt-style-2 header-center header-tablet-center header-mobile-center element-with-custom-line-height\"><div class=\"element-with-custom-line-height\" ><h2 data-title=\"Sac pour boulangerie en kraft blanc\"  data-responsive-font=\"section_title\" data-responsive-font-settings=\"{&quot;base-font-size&quot;:&quot;35&quot;,&quot;font-size-unit&quot;:&quot;px&quot;,&quot;font-size&quot;:{&quot;desktop_large&quot;:&quot;35&quot;},&quot;base-line-height&quot;:&quot;75&quot;,&quot;line-height-unit&quot;:&quot;px&quot;,&quot;line-height&quot;:{&quot;desktop_large&quot;:&quot;75&quot;},&quot;base-letter-spacing&quot;:&quot;global&quot;,&quot;letter-spacing&quot;:{&quot;desktop_large&quot;:&quot;-0.05&quot;}}\" class=\"section-title  \"><span>Sac pour boulangerie en kraft blanc<\/span><\/h2><\/div><div data-delay=\"0\" class=\"lead \"><\/p>\n<p style=\"font-size: 14px;\">Les sacs en kraft blanc offrent une apparence fra\u00eeche et professionnelle pour les produits de boulangerie. Fabriqu\u00e9s en papier kraft blanc biod\u00e9gradable, ils refl\u00e8tent un engagement pour l\u2019environnement. Leur surface lisse est id\u00e9ale pour ajouter logos ou designs afin d\u2019am\u00e9liorer la visibilit\u00e9 de la marque. Parfaits pour le commerce de d\u00e9tail, les boulangeries et les caf\u00e9s. Un choix pratique et styl\u00e9.<\/p>\n<\/div><\/header><\/div><div class=\"wpb_content_element ut-gallery-5  clearfix\"><style type=\"text\/css\">#ut_ig_69f32e0ce78d3 .ut-lazy:not(.ut-image-loaded) + .ut-video-module-loading { display:block; }#ut_ig_69f32e0ce78d3 .ut-lazy.ut-image-loaded + .ut-video-module-loading { display:none; }<\/style><div id=\"ut_ig_69f32e0ce78d3\" class=\"ut-image-gallery ut-image-gallery-module  ut-image-gallery-5 clearfix\" data-settings=\"{&quot;animate&quot;:true,&quot;effect&quot;:&quot;&quot;,&quot;lazy&quot;:true,&quot;delay_animation&quot;:false,&quot;global_delay_animation&quot;:false,&quot;delay_timer&quot;:100,&quot;global_delay_timer&quot;:100}\" ><div  data-count=\"3\" class=\"ut-image-gallery-item ut-animation-done grid-33 tablet-grid-33 mobile-grid-100\"><a  class=\"ut-vc-images-lightbox ut-vc-images-lightbox-group-image\"  data-exthumbimage=\"https:\/\/www.basgroupglobal.com\/wp-content\/uploads\/2023\/07\/sachet-papier-sulfite-blanc-3-200x200.webp\" href=\"https:\/\/www.basgroupglobal.com\/wp-content\/uploads\/2023\/07\/sachet-papier-sulfite-blanc-3-1080x720.webp\" ><div class=\"ut-image-gallery-image\" ><img loading=\"lazy\" decoding=\"async\"  class=\" ut-lazy skip-lazy\" src=\"data:image\/svg+xml;charset=utf-8,%3Csvg xmlns%3D'http%3A%2F%2Fwww.w3.org%2F2000%2Fsvg' viewBox%3D'0 0 6000 4000'%2F%3E\" data-src=\"https:\/\/www.basgroupglobal.com\/wp-content\/uploads\/2023\/07\/sachet-papier-sulfite-blanc-3.webp\" width=\"6000\" height=\"4000\"><\/div><\/a><\/div><div  data-count=\"3\" class=\"ut-image-gallery-item ut-animation-done ut-animation-done grid-33 tablet-grid-33 mobile-grid-100\"><a  class=\"ut-vc-images-lightbox ut-vc-images-lightbox-group-image\"  data-exthumbimage=\"https:\/\/www.basgroupglobal.com\/wp-content\/uploads\/2023\/07\/sachet-papier-sulfite-blanc-2-200x200.webp\" href=\"https:\/\/www.basgroupglobal.com\/wp-content\/uploads\/2023\/07\/sachet-papier-sulfite-blanc-2-1080x720.webp\" ><div class=\"ut-image-gallery-image\" ><img loading=\"lazy\" decoding=\"async\"  class=\" ut-lazy skip-lazy\" src=\"data:image\/svg+xml;charset=utf-8,%3Csvg xmlns%3D'http%3A%2F%2Fwww.w3.org%2F2000%2Fsvg' viewBox%3D'0 0 6000 4000'%2F%3E\" data-src=\"https:\/\/www.basgroupglobal.com\/wp-content\/uploads\/2023\/07\/sachet-papier-sulfite-blanc-2.webp\" width=\"6000\" height=\"4000\"><\/div><\/a><\/div><div  data-count=\"3\" class=\"ut-image-gallery-item ut-animation-done ut-animation-done ut-animation-done grid-33 tablet-grid-33 mobile-grid-100\"><a  class=\"ut-vc-images-lightbox ut-vc-images-lightbox-group-image\"  data-exthumbimage=\"https:\/\/www.basgroupglobal.com\/wp-content\/uploads\/2023\/07\/sachet-papier-sulfite-blanc-1-200x200.webp\" href=\"https:\/\/www.basgroupglobal.com\/wp-content\/uploads\/2023\/07\/sachet-papier-sulfite-blanc-1-1080x720.webp\" ><div class=\"ut-image-gallery-image\" ><img loading=\"lazy\" decoding=\"async\"  class=\" ut-lazy skip-lazy\" src=\"data:image\/svg+xml;charset=utf-8,%3Csvg xmlns%3D'http%3A%2F%2Fwww.w3.org%2F2000%2Fsvg' viewBox%3D'0 0 6000 4000'%2F%3E\" data-src=\"https:\/\/www.basgroupglobal.com\/wp-content\/uploads\/2023\/07\/sachet-papier-sulfite-blanc-1.webp\" width=\"6000\" height=\"4000\"><\/div><\/a><\/div><div class=\"ut-image-gallery-sizer\"><\/div><div class=\"clear\"><\/div><\/div><\/div><div class=\"wpb_content_element \"><style type=\"text\/css\">#ut_header_69f32e0ce9564 h2.section-title { font-size:35px !important;line-height:75px !important;letter-spacing:-0.05em; }<\/style><header id=\"ut_header_69f32e0ce9564\" class=\"section-header  ut-no-title-linebreak-mobile ut-no-lead-linebreak-mobile pt-style-2 header-center header-tablet-center header-mobile-center element-with-custom-line-height\"><div class=\"element-with-custom-line-height\" ><h2 data-title=\"Sac pour boulangerie avec fen\u00eatre\"  data-responsive-font=\"section_title\" data-responsive-font-settings=\"{&quot;base-font-size&quot;:&quot;35&quot;,&quot;font-size-unit&quot;:&quot;px&quot;,&quot;font-size&quot;:{&quot;desktop_large&quot;:&quot;35&quot;},&quot;base-line-height&quot;:&quot;75&quot;,&quot;line-height-unit&quot;:&quot;px&quot;,&quot;line-height&quot;:{&quot;desktop_large&quot;:&quot;75&quot;},&quot;base-letter-spacing&quot;:&quot;global&quot;,&quot;letter-spacing&quot;:{&quot;desktop_large&quot;:&quot;-0.05&quot;}}\" class=\"section-title  \"><span>Sac pour boulangerie avec fen\u00eatre<\/span><\/h2><\/div><div data-delay=\"0\" class=\"lead \"><\/p>\n<p style=\"font-size: 14px;\">Les sacs pour boulangerie avec fen\u00eatre permettent aux clients de voir les produits, augmentant leur attrait. La fen\u00eatre transparente met en valeur la fra\u00eecheur et la qualit\u00e9 des produits comme les muffins et p\u00e2tisseries. Fabriqu\u00e9s en mat\u00e9riaux durables, ils respectent les pratiques \u00e9cologiques tout en am\u00e9liorant la visibilit\u00e9 des produits. Personnalisables avec logos, ils renforcent l\u2019engagement des clients. Parfaits pour les boulangeries et points de vente.<\/p>\n<\/div><\/header><\/div>[\/vc_column][\/vc_row][vc_section][\/vc_section]<\/p>\n<\/div>","protected":false},"excerpt":{"rendered":"<p>[vc_row][vc_column][\/vc_column][\/vc_row][vc_section][\/vc_section]<\/p>\n","protected":false},"author":1,"featured_media":0,"parent":7057,"menu_order":0,"comment_status":"closed","ping_status":"closed","template":"","meta":{"footnotes":""},"class_list":["post-6964","page","type-page","status-publish","hentry"],"_links":{"self":[{"href":"https:\/\/www.basgroupglobal.com\/fr\/wp-json\/wp\/v2\/pages\/6964","targetHints":{"allow":["GET"]}}],"collection":[{"href":"https:\/\/www.basgroupglobal.com\/fr\/wp-json\/wp\/v2\/pages"}],"about":[{"href":"https:\/\/www.basgroupglobal.com\/fr\/wp-json\/wp\/v2\/types\/page"}],"author":[{"embeddable":true,"href":"https:\/\/www.basgroupglobal.com\/fr\/wp-json\/wp\/v2\/users\/1"}],"replies":[{"embeddable":true,"href":"https:\/\/www.basgroupglobal.com\/fr\/wp-json\/wp\/v2\/comments?post=6964"}],"version-history":[{"count":4,"href":"https:\/\/www.basgroupglobal.com\/fr\/wp-json\/wp\/v2\/pages\/6964\/revisions"}],"predecessor-version":[{"id":7176,"href":"https:\/\/www.basgroupglobal.com\/fr\/wp-json\/wp\/v2\/pages\/6964\/revisions\/7176"}],"up":[{"embeddable":true,"href":"https:\/\/www.basgroupglobal.com\/fr\/wp-json\/wp\/v2\/pages\/7057"}],"wp:attachment":[{"href":"https:\/\/www.basgroupglobal.com\/fr\/wp-json\/wp\/v2\/media?parent=6964"}],"curies":[{"name":"wp","href":"https:\/\/api.w.org\/{rel}","templated":true}]}}