{"id":6818,"date":"2025-06-12T07:40:35","date_gmt":"2025-06-12T07:40:35","guid":{"rendered":"https:\/\/www.basgroupglobal.com\/concept-plus\/"},"modified":"2025-08-04T10:01:12","modified_gmt":"2025-08-04T10:01:12","slug":"concept-plus","status":"publish","type":"page","link":"https:\/\/www.basgroupglobal.com\/fr\/concept-plus\/","title":{"rendered":"Concept Plus"},"content":{"rendered":"\t\t<div data-elementor-type=\"wp-page\" data-elementor-id=\"6818\" class=\"elementor elementor-6818 elementor-6799\">\n\t\t\t\t<div class=\"elementor-element elementor-element-f931950 e-flex e-con-boxed e-con e-parent\" data-id=\"f931950\" data-element_type=\"container\">\n\t\t\t\t\t<div class=\"e-con-inner\">\n\t\t\t\t<div class=\"elementor-element elementor-element-e80c9b0 elementor-widget elementor-widget-heading\" data-id=\"e80c9b0\" data-element_type=\"widget\" data-widget_type=\"heading.default\">\n\t\t\t\t<div class=\"elementor-widget-container\">\n\t\t\t<h1 class=\"elementor-heading-title elementor-size-default\">Concept Plus<\/h1>\t\t<\/div>\n\t\t\t\t<\/div>\n\t\t\t\t<div class=\"elementor-element elementor-element-bb8cc73 elementor-widget-divider--view-line elementor-widget elementor-widget-divider\" data-id=\"bb8cc73\" data-element_type=\"widget\" data-widget_type=\"divider.default\">\n\t\t\t\t<div class=\"elementor-widget-container\">\n\t\t\t\t\t<div class=\"elementor-divider\">\n\t\t\t<span class=\"elementor-divider-separator\">\n\t\t\t\t\t\t<\/span>\n\t\t<\/div>\n\t\t\t\t<\/div>\n\t\t\t\t<\/div>\n\t\t\t\t<div class=\"elementor-element elementor-element-a0498ec elementor-widget elementor-widget-text-editor\" data-id=\"a0498ec\" data-element_type=\"widget\" data-widget_type=\"text-editor.default\">\n\t\t\t\t<div class=\"elementor-widget-container\">\n\t\t\t\t\t\t\t<p>Tout ce qu\u2019il vous faut en un seul endroit.<\/p>\n\t\t\t\t\t\t<\/div>\n\t\t\t\t<\/div>\n\t\t\t\t\t<\/div>\n\t\t\t\t<\/div>\n\t\t<div class=\"elementor-element elementor-element-dca029f e-flex e-con-boxed e-con e-parent\" data-id=\"dca029f\" data-element_type=\"container\">\n\t\t\t\t\t<div class=\"e-con-inner\">\n\t\t<div class=\"elementor-element elementor-element-b4e1620 e-con-full e-flex e-con e-child\" data-id=\"b4e1620\" data-element_type=\"container\">\n\t\t\t\t<div class=\"elementor-element elementor-element-ed5e236 elementor-widget elementor-widget-text-editor\" data-id=\"ed5e236\" data-element_type=\"widget\" data-widget_type=\"text-editor.default\">\n\t\t\t\t<div class=\"elementor-widget-container\">\n\t\t\t\t\t\t\tConcept Plus est un service cl\u00e9 en main qui consiste \u00e0 produire et \u00e0 exp\u00e9dier de nombreux produits diff\u00e9rents con\u00e7us dans une harmonie de couleurs identiques, offrant des produits combin\u00e9s uniques pour renforcer votre marque. Vous \u00e9conomisez du temps et b\u00e9n\u00e9ficiez du confort. \n\t\t\t\t\t\t<\/div>\n\t\t\t\t<\/div>\n\t\t\t\t<div class=\"elementor-element elementor-element-c25383a elementor-widget elementor-widget-heading\" data-id=\"c25383a\" data-element_type=\"widget\" data-widget_type=\"heading.default\">\n\t\t\t\t<div class=\"elementor-widget-container\">\n\t\t\t<h2 class=\"elementor-heading-title elementor-size-default\">Comment cela fonctionne-t-il ?<\/h2>\t\t<\/div>\n\t\t\t\t<\/div>\n\t\t\t\t<div class=\"elementor-element elementor-element-c1d5831 elementor-widget elementor-widget-text-editor\" data-id=\"c1d5831\" data-element_type=\"widget\" data-widget_type=\"text-editor.default\">\n\t\t\t\t<div class=\"elementor-widget-container\">\n\t\t\t\t\t\t\tNotre \u00e9quipe cr\u00e9ative con\u00e7oit soigneusement votre identit\u00e9 d\u2019entreprise assortit les couleurs Pantone couch\u00e9es et non couch\u00e9es en fonction du type d\u2019impression et les transmet \u00e0 notre production. Notre \u00e9quipe de production prend en charge la responsabilit\u00e9 de l\u2019impression dans les m\u00eames tons de couleurs, quel que soit le type d\u2019impression utilis\u00e9 : flexographie, offset, num\u00e9rique ou UV. La gamme de produits est cr\u00e9\u00e9e en associant la couleur de chaque produit qui sera imprim\u00e9 avec les autres. Les produits cr\u00e9\u00e9s avec la m\u00eame harmonie de couleurs dans Concept Plus racontent l\u2019histoire de votre image et de vos couleurs d\u2019entreprise.   \n<br><br>Toutes les transactions sont effectu\u00e9es dans un esprit perfectionniste et \u00e9cologique. L\u2019importance que nous attachons aux mat\u00e9riaux recycl\u00e9s\/recyclables utilis\u00e9s dans l\u2019emballage exprime notre respect pour la nature. \t\t\t\t\t\t<\/div>\n\t\t\t\t<\/div>\n\t\t\t\t<\/div>\n\t\t<div class=\"elementor-element elementor-element-79d83d3 e-con-full e-flex e-con e-child\" data-id=\"79d83d3\" data-element_type=\"container\" data-settings=\"{&quot;background_background&quot;:&quot;video&quot;,&quot;background_video_link&quot;:&quot;https:\\\/\\\/vimeo.com\\\/1092122823&quot;,&quot;background_video_start&quot;:0,&quot;background_play_on_mobile&quot;:&quot;yes&quot;}\">\n\t\t<div class=\"elementor-background-video-container\">\n\t\t\t\t\t\t\t<div class=\"elementor-background-video-embed\"><\/div>\n\t\t\t\t\t\t<\/div>\t\t<\/div>\n\t\t\t\t\t<\/div>\n\t\t\t\t<\/div>\n\t\t\t\t<\/div>\n\t\t","protected":false},"excerpt":{"rendered":"<p>Concept Plus Tout ce qu\u2019il vous faut en un seul endroit. Concept Plus est un service cl\u00e9 en main qui consiste \u00e0 produire et \u00e0 exp\u00e9dier de nombreux produits diff\u00e9rents con\u00e7us dans une harmonie de couleurs identiques, offrant des produits combin\u00e9s uniques pour renforcer votre marque. Vous \u00e9conomisez du temps et b\u00e9n\u00e9ficiez du confort. Comment [&hellip;]<\/p>\n","protected":false},"author":3,"featured_media":0,"parent":0,"menu_order":0,"comment_status":"closed","ping_status":"closed","template":"elementor_header_footer","meta":{"footnotes":""},"class_list":["post-6818","page","type-page","status-publish","hentry"],"_links":{"self":[{"href":"https:\/\/www.basgroupglobal.com\/fr\/wp-json\/wp\/v2\/pages\/6818","targetHints":{"allow":["GET"]}}],"collection":[{"href":"https:\/\/www.basgroupglobal.com\/fr\/wp-json\/wp\/v2\/pages"}],"about":[{"href":"https:\/\/www.basgroupglobal.com\/fr\/wp-json\/wp\/v2\/types\/page"}],"author":[{"embeddable":true,"href":"https:\/\/www.basgroupglobal.com\/fr\/wp-json\/wp\/v2\/users\/3"}],"replies":[{"embeddable":true,"href":"https:\/\/www.basgroupglobal.com\/fr\/wp-json\/wp\/v2\/comments?post=6818"}],"version-history":[{"count":4,"href":"https:\/\/www.basgroupglobal.com\/fr\/wp-json\/wp\/v2\/pages\/6818\/revisions"}],"predecessor-version":[{"id":7209,"href":"https:\/\/www.basgroupglobal.com\/fr\/wp-json\/wp\/v2\/pages\/6818\/revisions\/7209"}],"wp:attachment":[{"href":"https:\/\/www.basgroupglobal.com\/fr\/wp-json\/wp\/v2\/media?parent=6818"}],"curies":[{"name":"wp","href":"https:\/\/api.w.org\/{rel}","templated":true}]}}