{"id":5977,"date":"2024-05-21T08:46:13","date_gmt":"2024-05-21T08:46:13","guid":{"rendered":"https:\/\/www.basgroupglobal.com\/politique-en-matiere-de-cookies\/"},"modified":"2025-06-26T10:52:58","modified_gmt":"2025-06-26T10:52:58","slug":"politique-en-matiere-de-cookies","status":"publish","type":"page","link":"https:\/\/www.basgroupglobal.com\/fr\/politique-en-matiere-de-cookies\/","title":{"rendered":"Politique En Mati\u00e8re De Cookies"},"content":{"rendered":"<p>Nom de l&#8217;entreprise (&#8220;basgroupglobal.com&#8221;), comme de nombreux sites Web, utilise des cookies afin de garantir aux visiteurs une meilleure exp\u00e9rience de navigation.<\/p>\n<p>La pr\u00e9sente politique en mati\u00e8re de cookies a \u00e9t\u00e9 r\u00e9dig\u00e9e pour informer les visiteurs du site Web sur la d\u00e9finition des cookies, les types de cookies, les cookies utilis\u00e9s par basgroupglobal.com et la gestion des pr\u00e9f\u00e9rences en mati\u00e8re de cookies. En fermant l&#8217;avertissement sur l&#8217;utilisation des cookies figurant sur le site Web ou en continuant \u00e0 utiliser le site Web, vous acceptez les cookies. Si vous n&#8217;approuvez pas l&#8217;utilisation des cookies, nous vous demandons de ne pas continuer \u00e0 utiliser le site Web ou de modifier vos pr\u00e9f\u00e9rences en mati\u00e8re de cookies dans votre navigateur.<\/p>\n<p>Nous vous rappelons que le refus des cookies peut entra\u00eener une perte de fonctionnalit\u00e9 de certaines fonctionnalit\u00e9s du site Web. Nous vous rappelons que le refus des cookies peut entra\u00eener une perte de fonctionnalit\u00e9 de certaines fonctionnalit\u00e9s du site Web.<\/p>\n<p>QU&#8217;EST-CE QU&#8217;UN COOKIE ? Un cookie est un petit fichier texte stock\u00e9 sur votre ordinateur ou appareil mobile lorsque vous visitez un site Web. Ces fichiers contiennent des informations telles que votre adresse IP, vos informations de session, les pages auxquelles vous acc\u00e9dez, etc. Les cookies ne contiennent pas de donn\u00e9es personnelles comme votre nom et pr\u00e9nom ou votre adresse. r\u00e2ce aux cookies, vos pr\u00e9f\u00e9rences sur le site Web peuvent \u00eatre m\u00e9moris\u00e9es, votre session peut rester ouverte ou du contenu pertinent peut vous \u00eatre propos\u00e9. Pour plus d&#8217;informations sur les cookies, vous pouvez visiter www.aboutcookies.org et www.allaboutcookies.org.<\/p>\n<p>Pour plus d&#8217;informations sur les cookies, vous pouvez visiter www.aboutcookies.org et www.allaboutcookies.org.<\/p>\n<p>TYPES DE COOKIES Les cookies se divisent en diff\u00e9rentes cat\u00e9gories selon la dur\u00e9e de leur stockage sur les appareils mobiles et selon qui les a plac\u00e9s. Les distinctions principales sont les suivantes :<\/p>\n<p>Cookies de session \/ Cookies persistants : Les cookies de session sont des cookies temporaires qui sont supprim\u00e9s de l&#8217;appareil apr\u00e8s la fermeture du navigateur. Leur fonction principale est de garantir le bon fonctionnement du site Web. Les cookies persistants restent sur l&#8217;appareil jusqu&#8217;\u00e0 ce qu&#8217;ils soient supprim\u00e9s par le visiteur ou jusqu&#8217;\u00e0 leur expiration, m\u00eame apr\u00e8s la fermeture du navigateur. Cookies de premi\u00e8re partie \/ Cookies tiers : Les cookies de premi\u00e8re partie sont ceux plac\u00e9s sur l&#8217;appareil par l&#8217;op\u00e9rateur du site Web visit\u00e9. Les cookies tiers sont plac\u00e9s et contr\u00f4l\u00e9s par des entit\u00e9s autres que l&#8217;op\u00e9rateur du site Web visit\u00e9. Les cookies tiers sont plac\u00e9s et contr\u00f4l\u00e9s par des entit\u00e9s autres que l&#8217;op\u00e9rateur du site Web visit\u00e9.<\/p>\n<p>QUELS COOKIES UTILISONS-NOUS ? Basgroupglobal.com utilise diff\u00e9rents types de cookies conform\u00e9ment \u00e0 sa Politique de confidentialit\u00e9 et sa Politique de protection et de traitement des donn\u00e9es personnelles.<\/p>\n<p>Cookies n\u00e9cessaires : Ce sont des cookies techniques qui garantissent le bon fonctionnement du site Web et permettent d&#8217;utiliser ses fonctionnalit\u00e9s. Ils appartiennent \u00e0 la cat\u00e9gorie des cookies de session. Le blocage de ces cookies peut emp\u00eacher l&#8217;utilisation de certaines fonctionnalit\u00e9s du site Web. L&#8217;utilisation des cookies n\u00e9cessaires ne n\u00e9cessite pas l&#8217;approbation de nos visiteurs. Cookies analytiques : asgroupglobal.com utilise des cookies analytiques pour am\u00e9liorer votre exp\u00e9rience sur le site Web. Ces cookies permettent de comprendre comment les visiteurs utilisent le site Web (par exemple, les pages visit\u00e9es, la dur\u00e9e de la visite, etc.). Cela permet \u00e0 basgroupglobal.com d&#8217;am\u00e9liorer son contenu ou de modifier la conception du site Web. Pour des finalit\u00e9s analytiques, les outils d&#8217;analyse Web Google Analytics et Hotjar sont utilis\u00e9s. Les m\u00e9thodes pour exclure Google Analytics et Hotjar peuvent \u00eatre consult\u00e9es dans la Politique de confidentialit\u00e9 de basgroupglobal.com. Cookies de fonctionnalit\u00e9 : Ces cookies permettent de m\u00e9moriser vos pr\u00e9f\u00e9rences (par exemple, la langue, la r\u00e9gion) lors de vos prochaines visites sur le site Web. Cookies de ciblage \/ publicitaires : Basgroupglobal.com utilise diff\u00e9rents cookies de premi\u00e8re partie et de tiers \u00e0 des fins de ciblage et de publicit\u00e9. Vous pouvez bloquer ces cookies en modifiant les param\u00e8tres de votre navigateur.<\/p>\n<p>COMMENT MODIFIER VOS PR\u00c9F\u00c9RENCES EN MATI\u00c8RE DE COOKIES ? Vous pouvez personnaliser ou bloquer compl\u00e8tement les cookies en modifiant les param\u00e8tres de votre navigateur. Pour plus d&#8217;informations sur les \u00e9tapes \u00e0 suivre pour diff\u00e9rents navigateurs, consultez les liens ci-dessous :<\/p>\n<p>Google Chrome: https:\/\/support.google.com\/chrome\/answer\/95647?co=GENIE.Platform%3DDesktop&amp;hl=en<\/p>\n<p>Internet Explorer : https:\/\/support.microsoft.com\/tr-tr\/help\/17442\/windows-internet-explorer-delete-manage-cookies<\/p>\n<p>Mozilla Firefox : https:\/\/support.mozilla.org\/tr\/kb\/cerezleri-silme-web-sitelerinin-bilgilerini-kaldirma<\/p>\n<p>Yandex : https:\/\/yandex.com.tr\/support\/browser-classic\/personal-data-protection\/cookies.xml<\/p>\n<p>Safari : https:\/\/support.apple.com\/kb\/PH21411?locale=tr_TR<\/p>\n<p>Pour g\u00e9rer les pr\u00e9f\u00e9rences en mati\u00e8re de cookies dans d&#8217;autres navigateurs, consultez la page d&#8217;aide ou de support du navigateur concern\u00e9.<\/p>\n<p>VOS DROITS RELATIFS \u00c0 VOS DONN\u00c9ES PERSONNELLES<\/p>\n<p>En tant que propri\u00e9taire de donn\u00e9es, vous pouvez contacter basgroupglobal.com pour : Savoir si vos donn\u00e9es personnelles sont trait\u00e9es, Demander des informations sur le traitement de vos donn\u00e9es personnelles, Conna\u00eetre la finalit\u00e9 du traitement de vos donn\u00e9es personnelles et v\u00e9rifier s&#8217;il est conforme \u00e0 cette finalit\u00e9, Conna\u00eetre les tiers auxquels vos donn\u00e9es personnelles sont transf\u00e9r\u00e9es, que ce soit dans le pays ou \u00e0 l&#8217;\u00e9tranger, Demander la correction de vos donn\u00e9es personnelles en cas de traitement incomplet ou incorrect et demander que les tiers auxquels vos donn\u00e9es ont \u00e9t\u00e9 transf\u00e9r\u00e9es soient inform\u00e9s de cette correction, Demander la suppression ou la destruction de vos donn\u00e9es personnelles en cas de disparition des motifs n\u00e9cessitant leur traitement, m\u00eame si elles ont \u00e9t\u00e9 trait\u00e9es conform\u00e9ment \u00e0 la loi n\u00b0 6698 et aux autres lois applicables, et demander que les tiers auxquels vos donn\u00e9es ont \u00e9t\u00e9 transf\u00e9r\u00e9es soient inform\u00e9s de cette suppression ou destruction, Vous opposer \u00e0 l&#8217;apparition d&#8217;un r\u00e9sultat n\u00e9gatif pour vous-m\u00eame r\u00e9sultant de l&#8217;analyse de vos donn\u00e9es trait\u00e9es exclusivement par des syst\u00e8mes automatis\u00e9s, Demander une indemnisation en cas de pr\u00e9judice d\u00fb \u00e0 un traitement ill\u00e9gal de vos donn\u00e9es personnelles. Vos demandes concernant les droits ci-dessus seront trait\u00e9es par basgroupglobal.com dans les plus brefs d\u00e9lais et au plus tard dans les 30 (trente) jours suivant la r\u00e9ception de votre demande, conform\u00e9ment aux proc\u00e9dures stipul\u00e9es dans le R\u00e8glement sur les proc\u00e9dures et principes d&#8217;application au responsable du traitement des donn\u00e9es. outefois, si le traitement de votre demande entra\u00eene un co\u00fbt suppl\u00e9mentaire, basgroupglobal.com pourra facturer des frais conform\u00e9ment au tarif d\u00e9termin\u00e9 par le Conseil de protection des donn\u00e9es personnelles. Pour plus d&#8217;informations sur le traitement de vos donn\u00e9es personnelles et la s\u00e9curit\u00e9 des donn\u00e9es par basgroupglobal.com, vous pouvez<\/p>\n<p>consulter la Politique de protection et de traitement des donn\u00e9es personnelles de basgroupglobal.com.<\/p>\n","protected":false},"excerpt":{"rendered":"<p>Nom de l&#8217;entreprise (&#8220;basgroupglobal.com&#8221;), comme de nombreux sites Web, utilise des cookies afin de garantir aux visiteurs une meilleure exp\u00e9rience de navigation. La pr\u00e9sente politique en mati\u00e8re de cookies a \u00e9t\u00e9 r\u00e9dig\u00e9e pour informer les visiteurs du site Web sur la d\u00e9finition des cookies, les types de cookies, les cookies utilis\u00e9s par basgroupglobal.com et la [&hellip;]<\/p>\n","protected":false},"author":1,"featured_media":0,"parent":0,"menu_order":0,"comment_status":"closed","ping_status":"closed","template":"","meta":{"footnotes":""},"class_list":["post-5977","page","type-page","status-publish","hentry"],"_links":{"self":[{"href":"https:\/\/www.basgroupglobal.com\/fr\/wp-json\/wp\/v2\/pages\/5977","targetHints":{"allow":["GET"]}}],"collection":[{"href":"https:\/\/www.basgroupglobal.com\/fr\/wp-json\/wp\/v2\/pages"}],"about":[{"href":"https:\/\/www.basgroupglobal.com\/fr\/wp-json\/wp\/v2\/types\/page"}],"author":[{"embeddable":true,"href":"https:\/\/www.basgroupglobal.com\/fr\/wp-json\/wp\/v2\/users\/1"}],"replies":[{"embeddable":true,"href":"https:\/\/www.basgroupglobal.com\/fr\/wp-json\/wp\/v2\/comments?post=5977"}],"version-history":[{"count":1,"href":"https:\/\/www.basgroupglobal.com\/fr\/wp-json\/wp\/v2\/pages\/5977\/revisions"}],"predecessor-version":[{"id":7170,"href":"https:\/\/www.basgroupglobal.com\/fr\/wp-json\/wp\/v2\/pages\/5977\/revisions\/7170"}],"wp:attachment":[{"href":"https:\/\/www.basgroupglobal.com\/fr\/wp-json\/wp\/v2\/media?parent=5977"}],"curies":[{"name":"wp","href":"https:\/\/api.w.org\/{rel}","templated":true}]}}