{"id":3613,"date":"2022-12-25T16:14:41","date_gmt":"2022-12-25T16:14:41","guid":{"rendered":"https:\/\/www.basgroupglobal.com\/luxurious\/"},"modified":"2025-06-26T10:53:23","modified_gmt":"2025-06-26T10:53:23","slug":"produits-de-luxe","status":"publish","type":"page","link":"https:\/\/www.basgroupglobal.com\/fr\/produits\/produits-de-luxe\/","title":{"rendered":"Emballages Intelligents"},"content":{"rendered":"<div class=\"wpb-content-wrapper\"><p>[vc_row][vc_column offset=&#8221;vc_col-lg-12&#8243;]<div class=\"wpb_content_element \"><style type=\"text\/css\">#ut_header_69f1cba23f437 h2.section-title { font-size:60px !important;line-height:88px !important;letter-spacing:-0.05em; }@media (min-width: 1025px) { #ut_header_69f1cba23f437 .lead { width:65%;margin: 0 auto;} }<\/style><header id=\"ut_header_69f1cba23f437\" class=\"section-header  ut-no-title-linebreak-mobile ut-no-lead-linebreak-mobile pt-style-2 header-center header-tablet-center header-mobile-center element-with-custom-line-height\"><div class=\"element-with-custom-line-height\" ><h2 data-title=\"EMBALLAGES INTELLIGENTS\"  data-responsive-font=\"section_title\" data-responsive-font-settings=\"{&quot;base-font-size&quot;:&quot;60&quot;,&quot;font-size-unit&quot;:&quot;px&quot;,&quot;font-size&quot;:{&quot;desktop_large&quot;:&quot;60&quot;},&quot;base-line-height&quot;:&quot;global&quot;,&quot;line-height&quot;:{&quot;desktop_large&quot;:&quot;88&quot;},&quot;base-letter-spacing&quot;:&quot;global&quot;,&quot;letter-spacing&quot;:{&quot;desktop_large&quot;:&quot;-0.05&quot;}}\" class=\"section-title  \"><span>EMBALLAGES INTELLIGENTS<\/span><\/h2><\/div><div data-delay=\"0\" class=\"lead \"><p>Des emballages intelligents NFC qui am\u00e9liorent l&#8217;interaction client, renforcent la visibilit\u00e9 de la marque et transforment chaque produit en un outil marketing.<\/p>\n<\/div><\/header><\/div><div class=\"wpb_content_element \"><style type=\"text\/css\">#ut_header_69f1cba2463f5 h2.section-title { font-size:80px !important;line-height:88px !important;letter-spacing:-0.05em; }<\/style><header id=\"ut_header_69f1cba2463f5\" class=\"section-header  ut-no-title-linebreak-mobile ut-no-lead-linebreak-mobile pt-style-2 header-left header-tablet-left header-mobile-left element-with-custom-line-height\"><div data-delay=\"0\" class=\"lead \"><\/p>\n<p style=\"font-size: 14px;\">\u00c0 l\u2019\u00e8re du num\u00e9rique, l\u2019emballage ne se limite plus \u00e0 la protection des produits : il devient un v\u00e9ritable outil d\u2019interaction. Gr\u00e2ce \u00e0 la technologie NFC, le smart packaging transforme des produits ordinaires en supports marketing puissants. D\u2019un simple contact avec un smartphone, les clients acc\u00e8dent \u00e0 des contenus exclusifs, promotions, jeux et programmes de fid\u00e9lit\u00e9, renfor\u00e7ant ainsi l\u2019engagement envers la marque. Contrairement aux QR codes, le NFC offre une connexion instantan\u00e9e et fluide, en faisant le choix id\u00e9al pour les entreprises innovantes. Modernisez vos emballages, stimulez l\u2019interaction client et faites de chaque produit une exp\u00e9rience de marque avec les solutions de smart packaging de Ba\u015f Group.<\/p>\n<\/div><\/header><\/div><div class=\"wpb_content_element ut-gallery-5  clearfix\"><style type=\"text\/css\">#ut_ig_69f1cba246f39 .ut-lazy:not(.ut-image-loaded) + .ut-video-module-loading { display:block; }#ut_ig_69f1cba246f39 .ut-lazy.ut-image-loaded + .ut-video-module-loading { display:none; }<\/style><div id=\"ut_ig_69f1cba246f39\" class=\"ut-image-gallery ut-image-gallery-module  ut-image-gallery-5 clearfix\" data-settings=\"{&quot;animate&quot;:true,&quot;effect&quot;:&quot;&quot;,&quot;lazy&quot;:true,&quot;delay_animation&quot;:false,&quot;global_delay_animation&quot;:false,&quot;delay_timer&quot;:100,&quot;global_delay_timer&quot;:100}\" ><div  data-count=\"3\" class=\"ut-image-gallery-item ut-animation-done grid-33 tablet-grid-33 mobile-grid-100\"><a  class=\"ut-vc-images-lightbox ut-vc-images-lightbox-group-image\"  data-exthumbimage=\"https:\/\/www.basgroupglobal.com\/wp-content\/uploads\/2025\/05\/bardak-200x200.jpg\" href=\"https:\/\/www.basgroupglobal.com\/wp-content\/uploads\/2025\/05\/bardak-1080x720.jpg\" ><div class=\"ut-image-gallery-image\" ><img fetchpriority=\"high\" decoding=\"async\"  class=\" ut-lazy skip-lazy\" src=\"data:image\/svg+xml;charset=utf-8,%3Csvg xmlns%3D'http%3A%2F%2Fwww.w3.org%2F2000%2Fsvg' viewBox%3D'0 0 2160 1440'%2F%3E\" data-src=\"https:\/\/www.basgroupglobal.com\/wp-content\/uploads\/2025\/05\/bardak.jpg\" width=\"2160\" height=\"1440\"><\/div><\/a><\/div><div  data-count=\"3\" class=\"ut-image-gallery-item ut-animation-done ut-animation-done grid-33 tablet-grid-33 mobile-grid-100\"><a  class=\"ut-vc-images-lightbox ut-vc-images-lightbox-group-image\"  data-exthumbimage=\"https:\/\/www.basgroupglobal.com\/wp-content\/uploads\/2025\/05\/pizza-kutu-200x200.jpg\" href=\"https:\/\/www.basgroupglobal.com\/wp-content\/uploads\/2025\/05\/pizza-kutu-1080x720.jpg\" ><div class=\"ut-image-gallery-image\" ><img decoding=\"async\"  class=\" ut-lazy skip-lazy\" src=\"data:image\/svg+xml;charset=utf-8,%3Csvg xmlns%3D'http%3A%2F%2Fwww.w3.org%2F2000%2Fsvg' viewBox%3D'0 0 2160 1440'%2F%3E\" data-src=\"https:\/\/www.basgroupglobal.com\/wp-content\/uploads\/2025\/05\/pizza-kutu.jpg\" width=\"2160\" height=\"1440\"><\/div><\/a><\/div><div  data-count=\"3\" class=\"ut-image-gallery-item ut-animation-done ut-animation-done ut-animation-done grid-33 tablet-grid-33 mobile-grid-100\"><a  class=\"ut-vc-images-lightbox ut-vc-images-lightbox-group-image\"  data-exthumbimage=\"https:\/\/www.basgroupglobal.com\/wp-content\/uploads\/2025\/05\/burger-200x200.jpg\" href=\"https:\/\/www.basgroupglobal.com\/wp-content\/uploads\/2025\/05\/burger-1080x720.jpg\" ><div class=\"ut-image-gallery-image\" ><img decoding=\"async\"  class=\" ut-lazy skip-lazy\" src=\"data:image\/svg+xml;charset=utf-8,%3Csvg xmlns%3D'http%3A%2F%2Fwww.w3.org%2F2000%2Fsvg' viewBox%3D'0 0 2160 1440'%2F%3E\" data-src=\"https:\/\/www.basgroupglobal.com\/wp-content\/uploads\/2025\/05\/burger.jpg\" width=\"2160\" height=\"1440\"><\/div><\/a><\/div><div class=\"ut-image-gallery-sizer\"><\/div><div class=\"clear\"><\/div><\/div><\/div>[\/vc_column][\/vc_row][vc_section el_name=&#8221;First Section \/ Work&#8221;][\/vc_section][vc_row][vc_column][vc_column_text]<\/p>\n<p>[\/vc_column_text][\/vc_column][\/vc_row]<\/p>\n<\/div>","protected":false},"excerpt":{"rendered":"<p>[vc_row][vc_column offset=&#8221;vc_col-lg-12&#8243;][\/vc_column][\/vc_row][vc_section el_name=&#8221;First Section \/ Work&#8221;][\/vc_section][vc_row][vc_column][vc_column_text] [\/vc_column_text][\/vc_column][\/vc_row]<\/p>\n","protected":false},"author":1,"featured_media":0,"parent":7057,"menu_order":0,"comment_status":"closed","ping_status":"closed","template":"","meta":{"footnotes":""},"class_list":["post-3613","page","type-page","status-publish","hentry"],"_links":{"self":[{"href":"https:\/\/www.basgroupglobal.com\/fr\/wp-json\/wp\/v2\/pages\/3613","targetHints":{"allow":["GET"]}}],"collection":[{"href":"https:\/\/www.basgroupglobal.com\/fr\/wp-json\/wp\/v2\/pages"}],"about":[{"href":"https:\/\/www.basgroupglobal.com\/fr\/wp-json\/wp\/v2\/types\/page"}],"author":[{"embeddable":true,"href":"https:\/\/www.basgroupglobal.com\/fr\/wp-json\/wp\/v2\/users\/1"}],"replies":[{"embeddable":true,"href":"https:\/\/www.basgroupglobal.com\/fr\/wp-json\/wp\/v2\/comments?post=3613"}],"version-history":[{"count":1,"href":"https:\/\/www.basgroupglobal.com\/fr\/wp-json\/wp\/v2\/pages\/3613\/revisions"}],"predecessor-version":[{"id":7172,"href":"https:\/\/www.basgroupglobal.com\/fr\/wp-json\/wp\/v2\/pages\/3613\/revisions\/7172"}],"up":[{"embeddable":true,"href":"https:\/\/www.basgroupglobal.com\/fr\/wp-json\/wp\/v2\/pages\/7057"}],"wp:attachment":[{"href":"https:\/\/www.basgroupglobal.com\/fr\/wp-json\/wp\/v2\/media?parent=3613"}],"curies":[{"name":"wp","href":"https:\/\/api.w.org\/{rel}","templated":true}]}}