{"id":2808,"date":"2023-02-21T16:50:40","date_gmt":"2023-02-21T16:50:40","guid":{"rendered":"https:\/\/www.basgroupglobal.com\/warehouse-staff\/"},"modified":"2023-09-26T19:38:06","modified_gmt":"2023-09-26T19:38:06","slug":"personnel-de-entrepot","status":"publish","type":"page","link":"https:\/\/www.basgroupglobal.com\/fr\/postes-ouverts\/personnel-de-entrepot\/","title":{"rendered":"Personnel de entrep\u00f4t"},"content":{"rendered":"<div class=\"wpb-content-wrapper\"><p>[vc_section][vc_row][vc_column]<div class=\"wpb_content_element \"><style type=\"text\/css\">#ut_header_69f26876b4f72 h2.section-title { font-size:65px !important;line-height:75px !important;letter-spacing:-0.05em; }<\/style><header id=\"ut_header_69f26876b4f72\" class=\"section-header  ut-no-title-linebreak-mobile ut-no-lead-linebreak-mobile pt-style-2 header-center header-tablet-center header-mobile-center element-with-custom-line-height\"><div class=\"element-with-custom-line-height\" ><h2 data-title=\"Personnel de L'entrep\u00f4t\"  data-responsive-font=\"section_title\" data-responsive-font-settings=\"{&quot;base-font-size&quot;:&quot;65&quot;,&quot;font-size-unit&quot;:&quot;px&quot;,&quot;font-size&quot;:{&quot;desktop_large&quot;:&quot;65&quot;},&quot;base-line-height&quot;:&quot;75&quot;,&quot;line-height-unit&quot;:&quot;px&quot;,&quot;line-height&quot;:{&quot;desktop_large&quot;:&quot;75&quot;},&quot;base-letter-spacing&quot;:&quot;global&quot;,&quot;letter-spacing&quot;:{&quot;desktop_large&quot;:&quot;-0.05&quot;}}\" class=\"section-title  \"><span>Personnel de L'entrep\u00f4t<\/span><\/h2><\/div><div data-delay=\"0\" class=\"lead \"><p>*Vous pouvez trouver des informations d\u00e9taill\u00e9es sur le traitement de vos donn\u00e9es personnelles<br \/>\ndans le &#8220;<a href=\"https:\/\/www.basgroupglobal.com\/wp-content\/uploads\/2023\/09\/Bas-Group-KVKK-Fr.pdf\" target=\"_blank\" rel=\"noopener\">Texte de divulgation des candidats \u00e0 l&#8217;emploi de Ba\u015f Group<\/a>&#8220;.<\/p>\n<\/div><\/header><\/div>[vc_empty_space height=&#8221;20px&#8221;]<style type=\"text\/css\">#ut_custom_heading69f26876bc763 { font-size:18px !important;letter-spacing:-0.03em; }#ut_custom_heading69f26876bc763 { text-align:left; }@media (min-width: 768px) and (max-width: 1024px) { #ut_custom_heading69f26876bc763 { text-align:left; } }@media (max-width: 767px) { #ut_custom_heading69f26876bc763 { text-align:left; } }<\/style><h3 id=\"ut_custom_heading69f26876bc763\" data-responsive-font=\"h3\" data-responsive-font-settings=\"{&quot;base-font-size&quot;:&quot;global&quot;,&quot;font-size&quot;:{&quot;desktop_large&quot;:&quot;18&quot;},&quot;base-line-height&quot;:&quot;global&quot;,&quot;base-letter-spacing&quot;:&quot;global&quot;,&quot;letter-spacing&quot;:{&quot;desktop_large&quot;:&quot;-0.03&quot;}}\" class=\"ut-custom-heading-module  \" ><span class=\"\" >Qualifications G\u00e9n\u00e9rales<\/span><\/h3><style type=\"text\/css\">#ut_custom_heading69f26876bc81c { font-size:14px !important;line-height:28px !important; }#ut_custom_heading69f26876bc81c { text-align:left; }@media (min-width: 768px) and (max-width: 1024px) { #ut_custom_heading69f26876bc81c { text-align:left; } }@media (max-width: 767px) { #ut_custom_heading69f26876bc81c { text-align:left; } }<\/style><div id=\"ut_custom_heading69f26876bc81c\" data-responsive-font=\"div\" data-responsive-font-settings=\"{&quot;base-font-size&quot;:&quot;global&quot;,&quot;font-size&quot;:{&quot;desktop_large&quot;:&quot;14&quot;},&quot;base-line-height&quot;:&quot;global&quot;,&quot;line-height&quot;:{&quot;desktop_large&quot;:&quot;28&quot;},&quot;base-letter-spacing&quot;:&quot;global&quot;}\" class=\"ut-custom-heading-module  \" ><span class=\"\" >\u2022Dipl\u00f4m\u00e9 des d\u00e9partements universitaires de premier cycle.<br \/>\n\u2022Au moins 2 ans d&#8217;exp\u00e9rience en logistique et gestion des stocks.<br \/>\n\u2022Solides comp\u00e9tences en planification, reporting et analyse.<br \/>\n\u2022Capacit\u00e9 \u00e0 g\u00e9rer efficacement une \u00e9quipe.<br \/>\n\u2022Capable de bien g\u00e9rer son temps.<br \/>\n\u2022Capable d&#8217;utiliser les programmes SAP et MS Office.<br \/>\n\u2022Nous attendons les candidatures des personnes r\u00e9sidant sur la partie europ\u00e9enne d&#8217;Istanbul ou qui y r\u00e9sideront.<\/p>\n<p><\/span><\/div>[vc_empty_space height=&#8221;20px&#8221;]<style type=\"text\/css\">#ut_custom_heading69f26876bc8bb { font-size:18px !important;letter-spacing:-0.03em; }#ut_custom_heading69f26876bc8bb { text-align:left; }@media (min-width: 768px) and (max-width: 1024px) { #ut_custom_heading69f26876bc8bb { text-align:left; } }@media (max-width: 767px) { #ut_custom_heading69f26876bc8bb { text-align:left; } }<\/style><h3 id=\"ut_custom_heading69f26876bc8bb\" data-responsive-font=\"h3\" data-responsive-font-settings=\"{&quot;base-font-size&quot;:&quot;global&quot;,&quot;font-size&quot;:{&quot;desktop_large&quot;:&quot;18&quot;},&quot;base-line-height&quot;:&quot;global&quot;,&quot;base-letter-spacing&quot;:&quot;global&quot;,&quot;letter-spacing&quot;:{&quot;desktop_large&quot;:&quot;-0.03&quot;}}\" class=\"ut-custom-heading-module  \" ><span class=\"\" >Description du Travail<\/span><\/h3><style type=\"text\/css\">#ut_custom_heading69f26876bc94a { font-size:14px !important;line-height:28px !important; }#ut_custom_heading69f26876bc94a { text-align:left; }@media (min-width: 768px) and (max-width: 1024px) { #ut_custom_heading69f26876bc94a { text-align:left; } }@media (max-width: 767px) { #ut_custom_heading69f26876bc94a { text-align:left; } }<\/style><div id=\"ut_custom_heading69f26876bc94a\" data-responsive-font=\"div\" data-responsive-font-settings=\"{&quot;base-font-size&quot;:&quot;global&quot;,&quot;font-size&quot;:{&quot;desktop_large&quot;:&quot;14&quot;},&quot;base-line-height&quot;:&quot;global&quot;,&quot;line-height&quot;:{&quot;desktop_large&quot;:&quot;28&quot;},&quot;base-letter-spacing&quot;:&quot;global&quot;}\" class=\"ut-custom-heading-module  \" ><span class=\"\" >\u2022Effectuer toutes les op\u00e9rations d&#8217;exp\u00e9dition dans l&#8217;usine dans le cadre des activit\u00e9s logistiques des clients et des fournisseurs.<br \/>\n\u2022Veiller \u00e0 la mise en \u0153uvre des proc\u00e9dures et instructions logistiques et en contr\u00f4ler l&#8217;efficacit\u00e9.<br \/>\n\u2022Assurer que les processus op\u00e9rationnels sont achev\u00e9s en temps et en heure et avec une grande qualit\u00e9.<br \/>\n\u2022Effectuer des \u00e9tudes sur l&#8217;efficacit\u00e9 op\u00e9rationnelle et l&#8217;am\u00e9lioration des co\u00fbts logistiques.<br \/>\n\u2022G\u00e9rer les stocks et les exp\u00e9ditions.<br \/>\n\u2022Participer et contribuer \u00e0 des projets logistiques.<\/p>\n<p><\/span><\/div>[vc_empty_space height=&#8221;20px&#8221;]<style type=\"text\/css\">#bklyn_btn_69f26876bc9e8 .bklyn-btn { color:#ffffff !important; border-radius:50px !important; }#bklyn_btn_69f26876bc9e8 .bklyn-btn:hover{ color:#ffffff !important; }#bklyn_btn_69f26876bc9e8 .bklyn-btn:focus{ color:#ffffff !important; }#bklyn_btn_69f26876bc9e8 .bklyn-btn:active { color:#ffffff !important; }<\/style><div id=\"bklyn_btn_69f26876bc9e8\" class=\"bklyn-btn-holder buttonx bklyn-btn-center bklyn-btn-tablet-center bklyn-btn-mobile-center\"><a title=\"\"   href=\"#\" target=\"_self\" class=\"bklyn-btn  bklyn-btn-normal\" ><span class=\"ut-btn-text\">Recrutement<\/span><\/a><\/div>[\/vc_column][\/vc_row][\/vc_section]<\/p>\n<\/div>","protected":false},"excerpt":{"rendered":"<p>[vc_section][vc_row][vc_column][vc_empty_space height=&#8221;20px&#8221;][vc_empty_space height=&#8221;20px&#8221;][vc_empty_space height=&#8221;20px&#8221;][\/vc_column][\/vc_row][\/vc_section]<\/p>\n","protected":false},"author":1,"featured_media":0,"parent":5804,"menu_order":0,"comment_status":"closed","ping_status":"closed","template":"","meta":{"footnotes":""},"class_list":["post-2808","page","type-page","status-publish","hentry"],"_links":{"self":[{"href":"https:\/\/www.basgroupglobal.com\/fr\/wp-json\/wp\/v2\/pages\/2808","targetHints":{"allow":["GET"]}}],"collection":[{"href":"https:\/\/www.basgroupglobal.com\/fr\/wp-json\/wp\/v2\/pages"}],"about":[{"href":"https:\/\/www.basgroupglobal.com\/fr\/wp-json\/wp\/v2\/types\/page"}],"author":[{"embeddable":true,"href":"https:\/\/www.basgroupglobal.com\/fr\/wp-json\/wp\/v2\/users\/1"}],"replies":[{"embeddable":true,"href":"https:\/\/www.basgroupglobal.com\/fr\/wp-json\/wp\/v2\/comments?post=2808"}],"version-history":[{"count":0,"href":"https:\/\/www.basgroupglobal.com\/fr\/wp-json\/wp\/v2\/pages\/2808\/revisions"}],"up":[{"embeddable":true,"href":"https:\/\/www.basgroupglobal.com\/fr\/wp-json\/wp\/v2\/pages\/5804"}],"wp:attachment":[{"href":"https:\/\/www.basgroupglobal.com\/fr\/wp-json\/wp\/v2\/media?parent=2808"}],"curies":[{"name":"wp","href":"https:\/\/api.w.org\/{rel}","templated":true}]}}