{"id":2724,"date":"2022-12-20T16:54:16","date_gmt":"2022-12-20T16:54:16","guid":{"rendered":"https:\/\/www.basgroupglobal.com\/innovation\/"},"modified":"2025-06-16T07:52:02","modified_gmt":"2025-06-16T07:52:02","slug":"innovation","status":"publish","type":"page","link":"https:\/\/www.basgroupglobal.com\/fr\/innovation\/","title":{"rendered":"Innovation"},"content":{"rendered":"<div class=\"wpb-content-wrapper\"><p>[vc_section el_name=&#8221;First Section \/ Work&#8221;][vc_row][vc_column offset=&#8221;vc_col-lg-12&#8243;]<div class=\"wpb_content_element \"><style type=\"text\/css\">#ut_header_69f36a73ab462 h1.section-title { font-size:65px !important;line-height:75px !important;letter-spacing:-0.05em; }@media (min-width: 1025px) { #ut_header_69f36a73ab462 .lead { width:65%;margin: 0 auto;} }<\/style><header id=\"ut_header_69f36a73ab462\" class=\"section-header  ut-no-title-linebreak-mobile ut-no-lead-linebreak-mobile pt-style-2 header-center header-tablet-center header-mobile-center element-with-custom-line-height\"><div class=\"element-with-custom-line-height\" ><h1 data-title=\"Innovation\"  data-responsive-font=\"section_title\" data-responsive-font-settings=\"{&quot;base-font-size&quot;:&quot;65&quot;,&quot;font-size-unit&quot;:&quot;px&quot;,&quot;font-size&quot;:{&quot;desktop_large&quot;:&quot;65&quot;},&quot;base-line-height&quot;:&quot;75&quot;,&quot;line-height-unit&quot;:&quot;px&quot;,&quot;line-height&quot;:{&quot;desktop_large&quot;:&quot;75&quot;},&quot;base-letter-spacing&quot;:&quot;global&quot;,&quot;letter-spacing&quot;:{&quot;desktop_large&quot;:&quot;-0.05&quot;}}\" class=\"section-title  \"><span>Innovation<\/span><\/h1><\/div><div data-delay=\"0\" class=\"lead \"><p>Perception. Inspiration. Innovation.<\/p>\n<\/div><\/header><\/div><style type=\"text\/css\">#ut_custom_heading69f36a73b5386 { font-size:14px !important;line-height:28px !important; }#ut_custom_heading69f36a73b5386 { text-align:left; }@media (min-width: 768px) and (max-width: 1024px) { #ut_custom_heading69f36a73b5386 { text-align:left; } }@media (max-width: 767px) { #ut_custom_heading69f36a73b5386 { text-align:left; } }<\/style><div id=\"ut_custom_heading69f36a73b5386\" data-responsive-font=\"div\" data-responsive-font-settings=\"{&quot;base-font-size&quot;:&quot;global&quot;,&quot;font-size&quot;:{&quot;desktop_large&quot;:&quot;14&quot;},&quot;base-line-height&quot;:&quot;global&quot;,&quot;line-height&quot;:{&quot;desktop_large&quot;:&quot;28&quot;},&quot;base-letter-spacing&quot;:&quot;global&quot;}\" class=\"ut-custom-heading-module  \" ><span class=\"\" >Les id\u00e9es innovantes en mati\u00e8re d&#8217;emballage sont issues des consommateurs. Leurs modes de vie et pr\u00e9f\u00e9rences inspirent notre \u00e9quipe cr\u00e9ative. L&#8217;innovation est au c\u0153ur de Ba\u015f Group, ce qui nous a permis de d\u00e9velopper de nombreux designs et processus. Notre disposition \u00e0 penser et agir diff\u00e9remment nous permet de proposer de nouveaux concepts, processus et produits. Notre objectif est d&#8217;aider nos clients \u00e0 r\u00e9pondre aux \u00e9volutions des habitudes d&#8217;achat avec des solutions d&#8217;emballage durables n\u00e9cessaires \u00e0 notre soci\u00e9t\u00e9.<\/span><\/div>[vc_row_inner css=&#8221;.vc_custom_1675864851131{background-position: 0 0 !important;background-repeat: no-repeat !important;}&#8221;][vc_column_inner width=&#8221;1\/2&#8243;]<style type=\"text\/css\">#ut_custom_heading69f36a73b5498 { font-size:18px !important;letter-spacing:-0.03em; }#ut_custom_heading69f36a73b5498 { text-align:left; }@media (min-width: 768px) and (max-width: 1024px) { #ut_custom_heading69f36a73b5498 { text-align:left; } }@media (max-width: 767px) { #ut_custom_heading69f36a73b5498 { text-align:left; } }<\/style><h3 id=\"ut_custom_heading69f36a73b5498\" data-responsive-font=\"h3\" data-responsive-font-settings=\"{&quot;base-font-size&quot;:&quot;global&quot;,&quot;font-size&quot;:{&quot;desktop_large&quot;:&quot;18&quot;},&quot;base-line-height&quot;:&quot;global&quot;,&quot;base-letter-spacing&quot;:&quot;global&quot;,&quot;letter-spacing&quot;:{&quot;desktop_large&quot;:&quot;-0.03&quot;}}\" class=\"ut-custom-heading-module  \" ><span class=\"\" >Nos Processus D&#8217;innovation<\/span><\/h3><style type=\"text\/css\">#ut_custom_heading69f36a73b5543 { font-size:14px !important;line-height:28px !important; }#ut_custom_heading69f36a73b5543 { text-align:left; }@media (min-width: 768px) and (max-width: 1024px) { #ut_custom_heading69f36a73b5543 { text-align:left; } }@media (max-width: 767px) { #ut_custom_heading69f36a73b5543 { text-align:left; } }<\/style><div id=\"ut_custom_heading69f36a73b5543\" data-responsive-font=\"div\" data-responsive-font-settings=\"{&quot;base-font-size&quot;:&quot;global&quot;,&quot;font-size&quot;:{&quot;desktop_large&quot;:&quot;14&quot;},&quot;base-line-height&quot;:&quot;global&quot;,&quot;line-height&quot;:{&quot;desktop_large&quot;:&quot;28&quot;},&quot;base-letter-spacing&quot;:&quot;global&quot;}\" class=\"ut-custom-heading-module  \" ><span class=\"\" ><b>Recherche<\/b><br \/>\nAfin d&#8217;ajouter de la valeur \u00e0 la promesse de votre marque, il est essentiel de comprendre nos clients en premier lieu, en nous int\u00e9ressant \u00e0 leur lieu de r\u00e9sidence, \u00e0 leur mode et lieu d&#8217;achat, ainsi qu&#8217;\u00e0 leurs loisirs, leurs espoirs et leurs aspirations. Nous examinons \u00e9galement et comprenons vos processus de fabrication.<\/p>\n<p><b>Conception Cr\u00e9ative<\/b><br \/>\nNos designers cr\u00e9atifs commencent \u00e0 \u00e9laborer une solution inspir\u00e9e par les perceptions des consommateurs. Que nous ajoutions une poign\u00e9e l\u00e0 o\u00f9 il n&#8217;y en avait pas avant, ou que nous changions la fa\u00e7on dont votre produit est emball\u00e9, ces changements auront un impact sur la fa\u00e7on dont les consommateurs se connectent \u00e9motionnellement avec votre produit \u00e0 contact avec celui ci.<\/p>\n<p><b>Innovation D&#8217;emballage<\/b><br \/>\nLe r\u00e9sultat de notre processus d&#8217;innovation est une solution d&#8217;emballage sup\u00e9rieure qui am\u00e9liore l&#8217;exp\u00e9rience de nos consommateurs, renforce l&#8217;image de marque et fid\u00e9lise les clients.<\/p>\n<p>*Innovations Pr\u00e9sent\u00e9es (voir: <u>lien<\/u>)<br \/>\n<\/span><\/div>[\/vc_column_inner][vc_column_inner width=&#8221;1\/2&#8243;]<div  class=\"wpb_content_element   clearfix\"><style type=\"text\/css\">#ut_am_69f36a73b5cbc { opacity: 1; }#ut_am_wrap_69f36a73b5cbe .ut-image-gallery-item-caption-title h3 { letter-spacing: -0.03em; }#ut_am_wrap_69f36a73b5cbe .ut-gallery-slider-caption { font-weight: bold; }#ut_am_wrap_69f36a73b5cbe { text-align: left; }@media (min-width: 768px) and (max-width: 1024px) { #ut_am_wrap_69f36a73b5cbe { text-align: left !important; } }@media (max-width: 767px) { #ut_am_wrap_69f36a73b5cbe { text-align: center !important; } }<\/style><div id=\"ut_am_wrap_69f36a73b5cbe\" class=\"ut-image-gallery-image \"><div id=\"ut_reveal_69f36a73b5cbf\"  data-appear-top-offset=\"auto\" class=\"ut-animated-image-item ut-image-gallery-item ut-animation-done \"><a class=\"ut-deactivated-link\" href=\"#\"><div class=\"ut-animated-image-zoom\"><img fetchpriority=\"high\" decoding=\"async\" class=\"ut-lazy skip-lazy ut-animated-image \"  id=\"ut_am_69f36a73b5cbc\" src=\"data:image\/svg+xml;charset=utf-8,%3Csvg xmlns%3D'http%3A%2F%2Fwww.w3.org%2F2000%2Fsvg' viewBox%3D'0 0 384 457'%2F%3E\" data-src=\"https:\/\/www.basgroupglobal.com\/wp-content\/uploads\/2023\/07\/innovation.webp\" width=\"384\" height=\"457\" alt=\"Innovation\"\/><\/div><\/a><\/div><\/div><\/div>[\/vc_column_inner][\/vc_row_inner][\/vc_column][\/vc_row][\/vc_section]<\/p>\n<\/div>","protected":false},"excerpt":{"rendered":"<p>[vc_section el_name=&#8221;First Section \/ Work&#8221;][vc_row][vc_column offset=&#8221;vc_col-lg-12&#8243;][vc_row_inner css=&#8221;.vc_custom_1675864851131{background-position: 0 0 !important;background-repeat: no-repeat !important;}&#8221;][vc_column_inner width=&#8221;1\/2&#8243;][\/vc_column_inner][vc_column_inner width=&#8221;1\/2&#8243;][\/vc_column_inner][\/vc_row_inner][\/vc_column][\/vc_row][\/vc_section]<\/p>\n","protected":false},"author":1,"featured_media":0,"parent":0,"menu_order":0,"comment_status":"closed","ping_status":"closed","template":"","meta":{"footnotes":""},"class_list":["post-2724","page","type-page","status-publish","hentry"],"_links":{"self":[{"href":"https:\/\/www.basgroupglobal.com\/fr\/wp-json\/wp\/v2\/pages\/2724","targetHints":{"allow":["GET"]}}],"collection":[{"href":"https:\/\/www.basgroupglobal.com\/fr\/wp-json\/wp\/v2\/pages"}],"about":[{"href":"https:\/\/www.basgroupglobal.com\/fr\/wp-json\/wp\/v2\/types\/page"}],"author":[{"embeddable":true,"href":"https:\/\/www.basgroupglobal.com\/fr\/wp-json\/wp\/v2\/users\/1"}],"replies":[{"embeddable":true,"href":"https:\/\/www.basgroupglobal.com\/fr\/wp-json\/wp\/v2\/comments?post=2724"}],"version-history":[{"count":1,"href":"https:\/\/www.basgroupglobal.com\/fr\/wp-json\/wp\/v2\/pages\/2724\/revisions"}],"predecessor-version":[{"id":6847,"href":"https:\/\/www.basgroupglobal.com\/fr\/wp-json\/wp\/v2\/pages\/2724\/revisions\/6847"}],"wp:attachment":[{"href":"https:\/\/www.basgroupglobal.com\/fr\/wp-json\/wp\/v2\/media?parent=2724"}],"curies":[{"name":"wp","href":"https:\/\/api.w.org\/{rel}","templated":true}]}}