{"id":2716,"date":"2022-12-20T16:50:11","date_gmt":"2022-12-20T16:50:11","guid":{"rendered":"https:\/\/www.basgroupglobal.com\/responsibilities\/"},"modified":"2025-06-16T07:37:55","modified_gmt":"2025-06-16T07:37:55","slug":"responsibilities","status":"publish","type":"page","link":"https:\/\/www.basgroupglobal.com\/fr\/responsibilities\/","title":{"rendered":"Responsibilities"},"content":{"rendered":"<div class=\"wpb-content-wrapper\"><p>[vc_section el_name=&#8221;First Section \/ Work&#8221;][vc_row][vc_column offset=&#8221;vc_col-lg-12&#8243;]<div class=\"wpb_content_element \"><style type=\"text\/css\">#ut_header_69f268bf6c6a6 h1.section-title { font-size:65px !important;line-height:75px !important;letter-spacing:-0.05em; }@media (min-width: 1025px) { #ut_header_69f268bf6c6a6 .lead { width:65%;margin: 0 auto;} }<\/style><header id=\"ut_header_69f268bf6c6a6\" class=\"section-header  ut-no-title-linebreak-mobile ut-no-lead-linebreak-mobile pt-style-2 header-center header-tablet-center header-mobile-center element-with-custom-line-height\"><div class=\"element-with-custom-line-height\" ><h1 data-title=\"Responsabilit\u00e9s\"  data-responsive-font=\"section_title\" data-responsive-font-settings=\"{&quot;base-font-size&quot;:&quot;65&quot;,&quot;font-size-unit&quot;:&quot;px&quot;,&quot;font-size&quot;:{&quot;desktop_large&quot;:&quot;65&quot;},&quot;base-line-height&quot;:&quot;75&quot;,&quot;line-height-unit&quot;:&quot;px&quot;,&quot;line-height&quot;:{&quot;desktop_large&quot;:&quot;75&quot;},&quot;base-letter-spacing&quot;:&quot;global&quot;,&quot;letter-spacing&quot;:{&quot;desktop_large&quot;:&quot;-0.05&quot;}}\" class=\"section-title  \"><span>Responsabilit\u00e9s<\/span><\/h1><\/div><div data-delay=\"0\" class=\"lead \"><p>Nous prenons soin de remplir nos responsabilit\u00e9s envers nos employ\u00e9s,<br \/>\npartenaires, concurrents et soci\u00e9t\u00e9s.<\/p>\n<\/div><\/header><\/div>[vc_row_inner][vc_column_inner width=&#8221;1\/3&#8243;]<style type=\"text\/css\">#ut_custom_heading69f268bf723ea { font-size:18px !important;letter-spacing:-0.03em; }#ut_custom_heading69f268bf723ea { text-align:left; }@media (min-width: 768px) and (max-width: 1024px) { #ut_custom_heading69f268bf723ea { text-align:left; } }@media (max-width: 767px) { #ut_custom_heading69f268bf723ea { text-align:left; } }<\/style><h3 id=\"ut_custom_heading69f268bf723ea\" data-responsive-font=\"h3\" data-responsive-font-settings=\"{&quot;base-font-size&quot;:&quot;global&quot;,&quot;font-size&quot;:{&quot;desktop_large&quot;:&quot;18&quot;},&quot;base-line-height&quot;:&quot;global&quot;,&quot;base-letter-spacing&quot;:&quot;global&quot;,&quot;letter-spacing&quot;:{&quot;desktop_large&quot;:&quot;-0.03&quot;}}\" class=\"ut-custom-heading-module  \" ><span class=\"\" >Nos Responsabilit\u00e9s L\u00e9gales<\/span><\/h3><style type=\"text\/css\">#ut_custom_heading69f268bf72465 { font-size:14px !important;line-height:28px !important; }#ut_custom_heading69f268bf72465 { text-align:left; }@media (min-width: 768px) and (max-width: 1024px) { #ut_custom_heading69f268bf72465 { text-align:left; } }@media (max-width: 767px) { #ut_custom_heading69f268bf72465 { text-align:left; } }<\/style><div id=\"ut_custom_heading69f268bf72465\" data-responsive-font=\"div\" data-responsive-font-settings=\"{&quot;base-font-size&quot;:&quot;global&quot;,&quot;font-size&quot;:{&quot;desktop_large&quot;:&quot;14&quot;},&quot;base-line-height&quot;:&quot;global&quot;,&quot;line-height&quot;:{&quot;desktop_large&quot;:&quot;28&quot;},&quot;base-letter-spacing&quot;:&quot;global&quot;}\" class=\"ut-custom-heading-module  \" ><span class=\"\" >Ba\u015f Group adopte comme principe d&#8217;\u00e9thique commerciale de se conformer aux accords locaux et internationaux et de respecter les cadres juridiques des pays \u00e9trangers avec lequel nous faisons affaires. Toutes les activit\u00e9s et transactions sont men\u00e9es dans le cadre des obligations l\u00e9gales et r\u00e9glementaires.<\/span><\/div>[vc_empty_space height=&#8221;20px&#8221;]<style type=\"text\/css\">#ut_custom_heading69f268bf724bf { font-size:18px !important;letter-spacing:-0.03em; }#ut_custom_heading69f268bf724bf { text-align:left; }@media (min-width: 768px) and (max-width: 1024px) { #ut_custom_heading69f268bf724bf { text-align:left; } }@media (max-width: 767px) { #ut_custom_heading69f268bf724bf { text-align:left; } }<\/style><h3 id=\"ut_custom_heading69f268bf724bf\" data-responsive-font=\"h3\" data-responsive-font-settings=\"{&quot;base-font-size&quot;:&quot;global&quot;,&quot;font-size&quot;:{&quot;desktop_large&quot;:&quot;18&quot;},&quot;base-line-height&quot;:&quot;global&quot;,&quot;base-letter-spacing&quot;:&quot;global&quot;,&quot;letter-spacing&quot;:{&quot;desktop_large&quot;:&quot;-0.03&quot;}}\" class=\"ut-custom-heading-module  \" ><span class=\"\" >Nos Responsabilit\u00e9s envers Nos Fournisseurs<\/span><\/h3><style type=\"text\/css\">#ut_custom_heading69f268bf72515 { font-size:14px !important;line-height:28px !important; }#ut_custom_heading69f268bf72515 { text-align:left; }@media (min-width: 768px) and (max-width: 1024px) { #ut_custom_heading69f268bf72515 { text-align:left; } }@media (max-width: 767px) { #ut_custom_heading69f268bf72515 { text-align:left; } }<\/style><div id=\"ut_custom_heading69f268bf72515\" data-responsive-font=\"div\" data-responsive-font-settings=\"{&quot;base-font-size&quot;:&quot;global&quot;,&quot;font-size&quot;:{&quot;desktop_large&quot;:&quot;14&quot;},&quot;base-line-height&quot;:&quot;global&quot;,&quot;line-height&quot;:{&quot;desktop_large&quot;:&quot;28&quot;},&quot;base-letter-spacing&quot;:&quot;global&quot;}\" class=\"ut-custom-heading-module  \" ><span class=\"\" >Ba\u015f Group \u00e9vite les pratiques commerciales qui mettront ses fournisseurs dans une position difficile. Nous attendons \u00e9galement de nos fournisseurs qu&#8217;ils agissent conform\u00e9ment \u00e0 une \u00e9thique commerciale. Nous traitons \u00e9quitablement et respectueusement nos relations avec nos fournisseurs et partenaires commerciaux.<\/span><\/div>[vc_empty_space height=&#8221;20px&#8221;]<style type=\"text\/css\">#ut_custom_heading69f268bf72567 { font-size:18px !important;letter-spacing:-0.03em; }#ut_custom_heading69f268bf72567 { text-align:left; }@media (min-width: 768px) and (max-width: 1024px) { #ut_custom_heading69f268bf72567 { text-align:left; } }@media (max-width: 767px) { #ut_custom_heading69f268bf72567 { text-align:left; } }<\/style><h3 id=\"ut_custom_heading69f268bf72567\" data-responsive-font=\"h3\" data-responsive-font-settings=\"{&quot;base-font-size&quot;:&quot;global&quot;,&quot;font-size&quot;:{&quot;desktop_large&quot;:&quot;18&quot;},&quot;base-line-height&quot;:&quot;global&quot;,&quot;base-letter-spacing&quot;:&quot;global&quot;,&quot;letter-spacing&quot;:{&quot;desktop_large&quot;:&quot;-0.03&quot;}}\" class=\"ut-custom-heading-module  \" ><span class=\"\" >Nos Responsabilit\u00e9s envers Nos<br \/>\nClients<\/span><\/h3><style type=\"text\/css\">#ut_custom_heading69f268bf725b7 { font-size:14px !important;line-height:28px !important; }#ut_custom_heading69f268bf725b7 { text-align:left; }@media (min-width: 768px) and (max-width: 1024px) { #ut_custom_heading69f268bf725b7 { text-align:left; } }@media (max-width: 767px) { #ut_custom_heading69f268bf725b7 { text-align:left; } }<\/style><div id=\"ut_custom_heading69f268bf725b7\" data-responsive-font=\"div\" data-responsive-font-settings=\"{&quot;base-font-size&quot;:&quot;global&quot;,&quot;font-size&quot;:{&quot;desktop_large&quot;:&quot;14&quot;},&quot;base-line-height&quot;:&quot;global&quot;,&quot;line-height&quot;:{&quot;desktop_large&quot;:&quot;28&quot;},&quot;base-letter-spacing&quot;:&quot;global&quot;}\" class=\"ut-custom-heading-module  \" ><span class=\"\" >Ba\u015f Group vise \u00e0 offrir des produits de qualit\u00e9 in\u00e9galable \u00e0 ses clients. Nous fournissons un service apr\u00e8s-vente qui garantit la satisfaction des clients. Nous prenons toutes sortes de plaintes de la part des consommateurs finaux au s\u00e9rieux et essayons de trouver une solution.<\/p>\n<p><\/span><\/div>[\/vc_column_inner][vc_column_inner width=&#8221;1\/3&#8243;]<style type=\"text\/css\">#ut_custom_heading69f268bf72614 { font-size:18px !important;letter-spacing:-0.03em; }#ut_custom_heading69f268bf72614 { text-align:left; }@media (min-width: 768px) and (max-width: 1024px) { #ut_custom_heading69f268bf72614 { text-align:left; } }@media (max-width: 767px) { #ut_custom_heading69f268bf72614 { text-align:left; } }<\/style><h3 id=\"ut_custom_heading69f268bf72614\" data-responsive-font=\"h3\" data-responsive-font-settings=\"{&quot;base-font-size&quot;:&quot;global&quot;,&quot;font-size&quot;:{&quot;desktop_large&quot;:&quot;18&quot;},&quot;base-line-height&quot;:&quot;global&quot;,&quot;base-letter-spacing&quot;:&quot;global&quot;,&quot;letter-spacing&quot;:{&quot;desktop_large&quot;:&quot;-0.03&quot;}}\" class=\"ut-custom-heading-module  \" ><span class=\"\" >Nos Responsabilit\u00e9s \u00c9conomiques<\/span><\/h3><style type=\"text\/css\">#ut_custom_heading69f268bf72666 { font-size:14px !important;line-height:28px !important; }#ut_custom_heading69f268bf72666 { text-align:left; }@media (min-width: 768px) and (max-width: 1024px) { #ut_custom_heading69f268bf72666 { text-align:left; } }@media (max-width: 767px) { #ut_custom_heading69f268bf72666 { text-align:left; } }<\/style><div id=\"ut_custom_heading69f268bf72666\" data-responsive-font=\"div\" data-responsive-font-settings=\"{&quot;base-font-size&quot;:&quot;global&quot;,&quot;font-size&quot;:{&quot;desktop_large&quot;:&quot;14&quot;},&quot;base-line-height&quot;:&quot;global&quot;,&quot;line-height&quot;:{&quot;desktop_large&quot;:&quot;28&quot;},&quot;base-letter-spacing&quot;:&quot;global&quot;}\" class=\"ut-custom-heading-module  \" ><span class=\"\" >Ba\u015f Group agit avec le principe de la concurrence loyale et n&#8217;engage pas de pratiques qui cr\u00e9eront une concurrence d\u00e9loyale contre ses concurrents. Nous \u00e9vitons les comportements non \u00e9thiques tels que l&#8217;espionnage industriel. Les concurrents ne sont concurrenc\u00e9s que dans les domaines l\u00e9gaux et \u00e9thiques.<\/span><\/div>[vc_empty_space height=&#8221;20px&#8221;]<style type=\"text\/css\">#ut_custom_heading69f268bf726b5 { font-size:18px !important;letter-spacing:-0.03em; }#ut_custom_heading69f268bf726b5 { text-align:left; }@media (min-width: 768px) and (max-width: 1024px) { #ut_custom_heading69f268bf726b5 { text-align:left; } }@media (max-width: 767px) { #ut_custom_heading69f268bf726b5 { text-align:left; } }<\/style><h3 id=\"ut_custom_heading69f268bf726b5\" data-responsive-font=\"h3\" data-responsive-font-settings=\"{&quot;base-font-size&quot;:&quot;global&quot;,&quot;font-size&quot;:{&quot;desktop_large&quot;:&quot;18&quot;},&quot;base-line-height&quot;:&quot;global&quot;,&quot;base-letter-spacing&quot;:&quot;global&quot;,&quot;letter-spacing&quot;:{&quot;desktop_large&quot;:&quot;-0.03&quot;}}\" class=\"ut-custom-heading-module  \" ><span class=\"\" >Nos Responsabilit\u00e9s envers Nos Employ\u00e9s<\/span><\/h3><style type=\"text\/css\">#ut_custom_heading69f268bf72703 { font-size:14px !important;line-height:28px !important; }#ut_custom_heading69f268bf72703 { text-align:left; }@media (min-width: 768px) and (max-width: 1024px) { #ut_custom_heading69f268bf72703 { text-align:left; } }@media (max-width: 767px) { #ut_custom_heading69f268bf72703 { text-align:left; } }<\/style><div id=\"ut_custom_heading69f268bf72703\" data-responsive-font=\"div\" data-responsive-font-settings=\"{&quot;base-font-size&quot;:&quot;global&quot;,&quot;font-size&quot;:{&quot;desktop_large&quot;:&quot;14&quot;},&quot;base-line-height&quot;:&quot;global&quot;,&quot;line-height&quot;:{&quot;desktop_large&quot;:&quot;28&quot;},&quot;base-letter-spacing&quot;:&quot;global&quot;}\" class=\"ut-custom-heading-module  \" ><span class=\"\" >Nos employ\u00e9s repr\u00e9sentent la force humaine, l&#8217;avenir et le potentiel de production de Ba\u015f Group. Notre objectif est de cr\u00e9er un environnement commercial o\u00f9 les personnes seront heureux et fiers de travailler. Les gestionnaires de Ba\u015f Group sont tenus de traiter les employ\u00e9s de mani\u00e8re \u00e9gale et \u00e9quitable en respectant les valeurs.<\/span><\/div>[vc_empty_space height=&#8221;22px&#8221;]<style type=\"text\/css\">#ut_custom_heading69f268bf7274f { font-size:18px !important;letter-spacing:-0.03em; }#ut_custom_heading69f268bf7274f { text-align:left; }@media (min-width: 768px) and (max-width: 1024px) { #ut_custom_heading69f268bf7274f { text-align:left; } }@media (max-width: 767px) { #ut_custom_heading69f268bf7274f { text-align:left; } }<\/style><h3 id=\"ut_custom_heading69f268bf7274f\" data-responsive-font=\"h3\" data-responsive-font-settings=\"{&quot;base-font-size&quot;:&quot;global&quot;,&quot;font-size&quot;:{&quot;desktop_large&quot;:&quot;18&quot;},&quot;base-line-height&quot;:&quot;global&quot;,&quot;base-letter-spacing&quot;:&quot;global&quot;,&quot;letter-spacing&quot;:{&quot;desktop_large&quot;:&quot;-0.03&quot;}}\" class=\"ut-custom-heading-module  \" ><span class=\"\" >Nos Responsabilit\u00e9s envers Nos Partenaires<\/span><\/h3><style type=\"text\/css\">#ut_custom_heading69f268bf7279c { font-size:14px !important;line-height:28px !important; }#ut_custom_heading69f268bf7279c { text-align:left; }@media (min-width: 768px) and (max-width: 1024px) { #ut_custom_heading69f268bf7279c { text-align:left; } }@media (max-width: 767px) { #ut_custom_heading69f268bf7279c { text-align:left; } }<\/style><div id=\"ut_custom_heading69f268bf7279c\" data-responsive-font=\"div\" data-responsive-font-settings=\"{&quot;base-font-size&quot;:&quot;global&quot;,&quot;font-size&quot;:{&quot;desktop_large&quot;:&quot;14&quot;},&quot;base-line-height&quot;:&quot;global&quot;,&quot;line-height&quot;:{&quot;desktop_large&quot;:&quot;28&quot;},&quot;base-letter-spacing&quot;:&quot;global&quot;}\" class=\"ut-custom-heading-module  \" ><span class=\"\" >Ba\u015f Group attache une importance sur la croissance durable et la continuit\u00e9 des affaires, nous visons \u00e0 cr\u00e9er une valeur ajout\u00e9e pour nos partenaires. Les risques ing\u00e9rables sont \u00e9vit\u00e9s. Nous agissons dans un cadre de la discipline financi\u00e8re et de responsabilit\u00e9.<\/p>\n<p><\/span><\/div>[\/vc_column_inner][vc_column_inner width=&#8221;1\/3&#8243;]<style type=\"text\/css\">#ut_custom_heading69f268bf727e8 { font-size:18px !important;letter-spacing:-0.03em; }#ut_custom_heading69f268bf727e8 { text-align:left; }@media (min-width: 768px) and (max-width: 1024px) { #ut_custom_heading69f268bf727e8 { text-align:left; } }@media (max-width: 767px) { #ut_custom_heading69f268bf727e8 { text-align:left; } }<\/style><h3 id=\"ut_custom_heading69f268bf727e8\" data-responsive-font=\"h3\" data-responsive-font-settings=\"{&quot;base-font-size&quot;:&quot;global&quot;,&quot;font-size&quot;:{&quot;desktop_large&quot;:&quot;18&quot;},&quot;base-line-height&quot;:&quot;global&quot;,&quot;base-letter-spacing&quot;:&quot;global&quot;,&quot;letter-spacing&quot;:{&quot;desktop_large&quot;:&quot;-0.03&quot;}}\" class=\"ut-custom-heading-module  \" ><span class=\"\" >Nos Responsabilit\u00e9s Morales<\/span><\/h3><style type=\"text\/css\">#ut_custom_heading69f268bf72835 { font-size:14px !important;line-height:28px !important; }#ut_custom_heading69f268bf72835 { text-align:left; }@media (min-width: 768px) and (max-width: 1024px) { #ut_custom_heading69f268bf72835 { text-align:left; } }@media (max-width: 767px) { #ut_custom_heading69f268bf72835 { text-align:left; } }<\/style><div id=\"ut_custom_heading69f268bf72835\" data-responsive-font=\"div\" data-responsive-font-settings=\"{&quot;base-font-size&quot;:&quot;global&quot;,&quot;font-size&quot;:{&quot;desktop_large&quot;:&quot;14&quot;},&quot;base-line-height&quot;:&quot;global&quot;,&quot;line-height&quot;:{&quot;desktop_large&quot;:&quot;28&quot;},&quot;base-letter-spacing&quot;:&quot;global&quot;}\" class=\"ut-custom-heading-module  \" ><span class=\"\" >Notre principale responsabilit\u00e9 morale est de cr\u00e9er un environnement de travail \u00e9thique dans toutes les unit\u00e9s de Ba\u015f Group. Des pratiques commerciales justes et honn\u00eates ainsi que le maintien de r\u00e8gles de conduite pour les employ\u00e9s et les gestionnaires sont adopt\u00e9s comme objectif \u00e9thique.<\/span><\/div>[vc_empty_space height=&#8221;20px&#8221;]<style type=\"text\/css\">#ut_custom_heading69f268bf72882 { font-size:18px !important;letter-spacing:-0.03em; }#ut_custom_heading69f268bf72882 { text-align:left; }@media (min-width: 768px) and (max-width: 1024px) { #ut_custom_heading69f268bf72882 { text-align:left; } }@media (max-width: 767px) { #ut_custom_heading69f268bf72882 { text-align:left; } }<\/style><h3 id=\"ut_custom_heading69f268bf72882\" data-responsive-font=\"h3\" data-responsive-font-settings=\"{&quot;base-font-size&quot;:&quot;global&quot;,&quot;font-size&quot;:{&quot;desktop_large&quot;:&quot;18&quot;},&quot;base-line-height&quot;:&quot;global&quot;,&quot;base-letter-spacing&quot;:&quot;global&quot;,&quot;letter-spacing&quot;:{&quot;desktop_large&quot;:&quot;-0.03&quot;}}\" class=\"ut-custom-heading-module  \" ><span class=\"\" >Nos Responsabilit\u00e9s envers Nos Concurrents<\/span><\/h3><style type=\"text\/css\">#ut_custom_heading69f268bf728cf { font-size:14px !important;line-height:28px !important; }#ut_custom_heading69f268bf728cf { text-align:left; }@media (min-width: 768px) and (max-width: 1024px) { #ut_custom_heading69f268bf728cf { text-align:left; } }@media (max-width: 767px) { #ut_custom_heading69f268bf728cf { text-align:left; } }<\/style><div id=\"ut_custom_heading69f268bf728cf\" data-responsive-font=\"div\" data-responsive-font-settings=\"{&quot;base-font-size&quot;:&quot;global&quot;,&quot;font-size&quot;:{&quot;desktop_large&quot;:&quot;14&quot;},&quot;base-line-height&quot;:&quot;global&quot;,&quot;line-height&quot;:{&quot;desktop_large&quot;:&quot;28&quot;},&quot;base-letter-spacing&quot;:&quot;global&quot;}\" class=\"ut-custom-heading-module  \" ><span class=\"\" >Notre responsabilit\u00e9 \u00e9conomique la plus importante est de contribuer \u00e0 l&#8217;\u00e9conomie du pays en termes de productivit\u00e9 et de croissance orient\u00e9es vers l&#8217;exportation. En augmentant la valeur ajout\u00e9e nationale dans les produits que nous produisons, nous apporterons une contribution positive \u00e0 notre revenu national.<\/span><\/div>[vc_empty_space height=&#8221;20px&#8221;]<style type=\"text\/css\">#ut_custom_heading69f268bf7291b { font-size:18px !important;letter-spacing:-0.03em; }#ut_custom_heading69f268bf7291b { text-align:left; }@media (min-width: 768px) and (max-width: 1024px) { #ut_custom_heading69f268bf7291b { text-align:left; } }@media (max-width: 767px) { #ut_custom_heading69f268bf7291b { text-align:left; } }<\/style><h3 id=\"ut_custom_heading69f268bf7291b\" data-responsive-font=\"h3\" data-responsive-font-settings=\"{&quot;base-font-size&quot;:&quot;global&quot;,&quot;font-size&quot;:{&quot;desktop_large&quot;:&quot;18&quot;},&quot;base-line-height&quot;:&quot;global&quot;,&quot;base-letter-spacing&quot;:&quot;global&quot;,&quot;letter-spacing&quot;:{&quot;desktop_large&quot;:&quot;-0.03&quot;}}\" class=\"ut-custom-heading-module  \" ><span class=\"\" >Responsabilit\u00e9s envers L\u2019environnement<\/span><\/h3><style type=\"text\/css\">#ut_custom_heading69f268bf72966 { font-size:14px !important;line-height:28px !important; }#ut_custom_heading69f268bf72966 { text-align:left; }@media (min-width: 768px) and (max-width: 1024px) { #ut_custom_heading69f268bf72966 { text-align:left; } }@media (max-width: 767px) { #ut_custom_heading69f268bf72966 { text-align:left; } }<\/style><div id=\"ut_custom_heading69f268bf72966\" data-responsive-font=\"div\" data-responsive-font-settings=\"{&quot;base-font-size&quot;:&quot;global&quot;,&quot;font-size&quot;:{&quot;desktop_large&quot;:&quot;14&quot;},&quot;base-line-height&quot;:&quot;global&quot;,&quot;line-height&quot;:{&quot;desktop_large&quot;:&quot;28&quot;},&quot;base-letter-spacing&quot;:&quot;global&quot;}\" class=\"ut-custom-heading-module  \" ><span class=\"\" >Dans le cadre de ses activit\u00e9s, Ba\u015f Group vise \u00e0 ne pas causer de dommages \u00e0 la nature et \u00e0 prendre les mesures n\u00e9cessaires pour minimiser les dommages \u00e9ventuels. Nous veillons \u00e0 ce que nos produits soient respectueux de l&#8217;environnement, \u00e0 la fois dans leur conception et leur production.<\/span><\/div>[\/vc_column_inner][\/vc_row_inner][\/vc_column][\/vc_row][\/vc_section]<\/p>\n<\/div>","protected":false},"excerpt":{"rendered":"<p>[vc_section el_name=&#8221;First Section \/ Work&#8221;][vc_row][vc_column offset=&#8221;vc_col-lg-12&#8243;][vc_row_inner][vc_column_inner width=&#8221;1\/3&#8243;][vc_empty_space height=&#8221;20px&#8221;][vc_empty_space height=&#8221;20px&#8221;][\/vc_column_inner][vc_column_inner width=&#8221;1\/3&#8243;][vc_empty_space height=&#8221;20px&#8221;][vc_empty_space height=&#8221;22px&#8221;][\/vc_column_inner][vc_column_inner width=&#8221;1\/3&#8243;][vc_empty_space height=&#8221;20px&#8221;][vc_empty_space height=&#8221;20px&#8221;][\/vc_column_inner][\/vc_row_inner][\/vc_column][\/vc_row][\/vc_section]<\/p>\n","protected":false},"author":1,"featured_media":0,"parent":0,"menu_order":0,"comment_status":"closed","ping_status":"closed","template":"","meta":{"footnotes":""},"class_list":["post-2716","page","type-page","status-publish","hentry"],"_links":{"self":[{"href":"https:\/\/www.basgroupglobal.com\/fr\/wp-json\/wp\/v2\/pages\/2716","targetHints":{"allow":["GET"]}}],"collection":[{"href":"https:\/\/www.basgroupglobal.com\/fr\/wp-json\/wp\/v2\/pages"}],"about":[{"href":"https:\/\/www.basgroupglobal.com\/fr\/wp-json\/wp\/v2\/types\/page"}],"author":[{"embeddable":true,"href":"https:\/\/www.basgroupglobal.com\/fr\/wp-json\/wp\/v2\/users\/1"}],"replies":[{"embeddable":true,"href":"https:\/\/www.basgroupglobal.com\/fr\/wp-json\/wp\/v2\/comments?post=2716"}],"version-history":[{"count":1,"href":"https:\/\/www.basgroupglobal.com\/fr\/wp-json\/wp\/v2\/pages\/2716\/revisions"}],"predecessor-version":[{"id":6841,"href":"https:\/\/www.basgroupglobal.com\/fr\/wp-json\/wp\/v2\/pages\/2716\/revisions\/6841"}],"wp:attachment":[{"href":"https:\/\/www.basgroupglobal.com\/fr\/wp-json\/wp\/v2\/media?parent=2716"}],"curies":[{"name":"wp","href":"https:\/\/api.w.org\/{rel}","templated":true}]}}