{"id":2710,"date":"2022-12-20T16:47:44","date_gmt":"2022-12-20T16:47:44","guid":{"rendered":"https:\/\/www.basgroupglobal.com\/vision-mision-and-values\/"},"modified":"2025-06-16T07:32:11","modified_gmt":"2025-06-16T07:32:11","slug":"vision-mission-et-valeurs","status":"publish","type":"page","link":"https:\/\/www.basgroupglobal.com\/fr\/vision-mission-et-valeurs\/","title":{"rendered":"Vision, Mission et Valeurs"},"content":{"rendered":"<div class=\"wpb-content-wrapper\"><p>[vc_section el_name=&#8221;First Section \/ Work&#8221;][vc_row][vc_column offset=&#8221;vc_col-lg-12&#8243;]<div class=\"wpb_content_element \"><style type=\"text\/css\">#ut_header_69f5d52c4cef8 h1.section-title { font-size:65px !important;line-height:75px !important;letter-spacing:-0.05em; }<\/style><header id=\"ut_header_69f5d52c4cef8\" class=\"section-header  ut-no-title-linebreak-mobile ut-no-lead-linebreak-mobile pt-style-2 header-center header-tablet-center header-mobile-center element-with-custom-line-height\"><div class=\"element-with-custom-line-height\" ><h1 data-title=\"Vision, Mission et Valeurs\"  data-responsive-font=\"section_title\" data-responsive-font-settings=\"{&quot;base-font-size&quot;:&quot;65&quot;,&quot;font-size-unit&quot;:&quot;px&quot;,&quot;font-size&quot;:{&quot;desktop_large&quot;:&quot;65&quot;},&quot;base-line-height&quot;:&quot;75&quot;,&quot;line-height-unit&quot;:&quot;px&quot;,&quot;line-height&quot;:{&quot;desktop_large&quot;:&quot;75&quot;},&quot;base-letter-spacing&quot;:&quot;global&quot;,&quot;letter-spacing&quot;:{&quot;desktop_large&quot;:&quot;-0.05&quot;}}\" class=\"section-title  \"><span>Vision, Mission et Valeurs<\/span><\/h1><\/div><div data-delay=\"0\" class=\"lead \"><p>Notre mission nous alimente. Notre vision nous guide.<br \/>\nNos valeurs nous inspirent.<\/p>\n<\/div><\/header><\/div>[vc_row_inner][vc_column_inner width=&#8221;1\/6&#8243;][\/vc_column_inner][vc_column_inner width=&#8221;1\/3&#8243;]<style type=\"text\/css\">#ut_custom_heading69f5d52c5543b { font-size:18px !important;letter-spacing:-0.03em; }#ut_custom_heading69f5d52c5543b { text-align:left; }@media (min-width: 768px) and (max-width: 1024px) { #ut_custom_heading69f5d52c5543b { text-align:left; } }@media (max-width: 767px) { #ut_custom_heading69f5d52c5543b { text-align:left; } }<\/style><h3 id=\"ut_custom_heading69f5d52c5543b\" data-responsive-font=\"h3\" data-responsive-font-settings=\"{&quot;base-font-size&quot;:&quot;global&quot;,&quot;font-size&quot;:{&quot;desktop_large&quot;:&quot;18&quot;},&quot;base-line-height&quot;:&quot;global&quot;,&quot;base-letter-spacing&quot;:&quot;global&quot;,&quot;letter-spacing&quot;:{&quot;desktop_large&quot;:&quot;-0.03&quot;}}\" class=\"ut-custom-heading-module  \" ><span class=\"\" >Notre Vision<\/span><\/h3><style type=\"text\/css\">#ut_custom_heading69f5d52c554b8 { font-size:14px !important;line-height:28px !important; }#ut_custom_heading69f5d52c554b8 { text-align:left; }@media (min-width: 768px) and (max-width: 1024px) { #ut_custom_heading69f5d52c554b8 { text-align:left; } }@media (max-width: 767px) { #ut_custom_heading69f5d52c554b8 { text-align:left; } }<\/style><div id=\"ut_custom_heading69f5d52c554b8\" data-responsive-font=\"div\" data-responsive-font-settings=\"{&quot;base-font-size&quot;:&quot;global&quot;,&quot;font-size&quot;:{&quot;desktop_large&quot;:&quot;14&quot;},&quot;base-line-height&quot;:&quot;global&quot;,&quot;line-height&quot;:{&quot;desktop_large&quot;:&quot;28&quot;},&quot;base-letter-spacing&quot;:&quot;global&quot;}\" class=\"ut-custom-heading-module  \" ><span class=\"\" >\u00catre une marque mondialement reconnue qui d\u00e9veloppe et fabrique des produits d&#8217;emballage de haute qualit\u00e9.<\/span><\/div>[vc_empty_space height=&#8221;20px&#8221;]<style type=\"text\/css\">#ut_custom_heading69f5d52c55510 { font-size:18px !important;letter-spacing:-0.03em; }#ut_custom_heading69f5d52c55510 { text-align:left; }@media (min-width: 768px) and (max-width: 1024px) { #ut_custom_heading69f5d52c55510 { text-align:left; } }@media (max-width: 767px) { #ut_custom_heading69f5d52c55510 { text-align:left; } }<\/style><h3 id=\"ut_custom_heading69f5d52c55510\" data-responsive-font=\"h3\" data-responsive-font-settings=\"{&quot;base-font-size&quot;:&quot;global&quot;,&quot;font-size&quot;:{&quot;desktop_large&quot;:&quot;18&quot;},&quot;base-line-height&quot;:&quot;global&quot;,&quot;base-letter-spacing&quot;:&quot;global&quot;,&quot;letter-spacing&quot;:{&quot;desktop_large&quot;:&quot;-0.03&quot;}}\" class=\"ut-custom-heading-module  \" ><span class=\"\" >Notre Mission<\/span><\/h3><style type=\"text\/css\">#ut_custom_heading69f5d52c55562 { font-size:14px !important;line-height:28px !important; }#ut_custom_heading69f5d52c55562 { text-align:left; }@media (min-width: 768px) and (max-width: 1024px) { #ut_custom_heading69f5d52c55562 { text-align:left; } }@media (max-width: 767px) { #ut_custom_heading69f5d52c55562 { text-align:left; } }<\/style><div id=\"ut_custom_heading69f5d52c55562\" data-responsive-font=\"div\" data-responsive-font-settings=\"{&quot;base-font-size&quot;:&quot;global&quot;,&quot;font-size&quot;:{&quot;desktop_large&quot;:&quot;14&quot;},&quot;base-line-height&quot;:&quot;global&quot;,&quot;line-height&quot;:{&quot;desktop_large&quot;:&quot;28&quot;},&quot;base-letter-spacing&quot;:&quot;global&quot;}\" class=\"ut-custom-heading-module  \" ><span class=\"\" >Pour aider nos clients \u00e0 d\u00e9velopper leurs marques et \u00e0 entrer en contact avec des consommateurs du monde entier.<\/span><\/div>[vc_empty_space height=&#8221;20px&#8221;]<style type=\"text\/css\">#ut_custom_heading69f5d52c555b3 { font-size:18px !important;letter-spacing:-0.03em; }#ut_custom_heading69f5d52c555b3 { text-align:left; }@media (min-width: 768px) and (max-width: 1024px) { #ut_custom_heading69f5d52c555b3 { text-align:left; } }@media (max-width: 767px) { #ut_custom_heading69f5d52c555b3 { text-align:left; } }<\/style><h3 id=\"ut_custom_heading69f5d52c555b3\" data-responsive-font=\"h3\" data-responsive-font-settings=\"{&quot;base-font-size&quot;:&quot;global&quot;,&quot;font-size&quot;:{&quot;desktop_large&quot;:&quot;18&quot;},&quot;base-line-height&quot;:&quot;global&quot;,&quot;base-letter-spacing&quot;:&quot;global&quot;,&quot;letter-spacing&quot;:{&quot;desktop_large&quot;:&quot;-0.03&quot;}}\" class=\"ut-custom-heading-module  \" ><span class=\"\" >Nos Valeurs<\/span><\/h3><style type=\"text\/css\">#ut_custom_heading69f5d52c55602 { font-size:14px !important;line-height:28px !important; }#ut_custom_heading69f5d52c55602 { text-align:left; }@media (min-width: 768px) and (max-width: 1024px) { #ut_custom_heading69f5d52c55602 { text-align:left; } }@media (max-width: 767px) { #ut_custom_heading69f5d52c55602 { text-align:left; } }<\/style><div id=\"ut_custom_heading69f5d52c55602\" data-responsive-font=\"div\" data-responsive-font-settings=\"{&quot;base-font-size&quot;:&quot;global&quot;,&quot;font-size&quot;:{&quot;desktop_large&quot;:&quot;14&quot;},&quot;base-line-height&quot;:&quot;global&quot;,&quot;line-height&quot;:{&quot;desktop_large&quot;:&quot;28&quot;},&quot;base-letter-spacing&quot;:&quot;global&quot;}\" class=\"ut-custom-heading-module  \" ><span class=\"\" ><b>Partenariats:<\/b> Nous consid\u00e9rons nos employ\u00e9s, clients et fournisseurs comme nos partenaires.<\/p>\n<p><b>Excellence:<\/b> Nous recherchons l\u2019excellence dans tout ce que nous faisons en optimisant nos processus et en fournissant des produits et services de la plus haute qualit\u00e9 \u00e0 nos clients.<\/span><\/div>[\/vc_column_inner][vc_column_inner width=&#8221;1\/3&#8243;]<style type=\"text\/css\">#ut_custom_heading69f5d52c55651 { font-size:14px !important;line-height:26px !important; }#ut_custom_heading69f5d52c55651 { text-align:left; }@media (min-width: 768px) and (max-width: 1024px) { #ut_custom_heading69f5d52c55651 { text-align:left; } }@media (max-width: 767px) { #ut_custom_heading69f5d52c55651 { text-align:left; } }<\/style><div id=\"ut_custom_heading69f5d52c55651\" data-responsive-font=\"div\" data-responsive-font-settings=\"{&quot;base-font-size&quot;:&quot;global&quot;,&quot;font-size&quot;:{&quot;desktop_large&quot;:&quot;14&quot;},&quot;base-line-height&quot;:&quot;26&quot;,&quot;line-height-unit&quot;:&quot;px&quot;,&quot;line-height&quot;:{&quot;desktop_large&quot;:&quot;26&quot;},&quot;base-letter-spacing&quot;:&quot;global&quot;}\" class=\"ut-custom-heading-module  \" ><span class=\"\" ><b>Int\u00e9grit\u00e9: <\/b> Nous tenons nos promesses, respectons nos engagements et sommes fiers de ce que nous faisons.<\/p>\n<p><b>Respect:<\/b> Nous sollicitons activement les id\u00e9es des autres et respectons les opinions diverses.<\/p>\n<p><b>Responsabilit\u00e9:<\/b> Nous ne cessons jamais de respecter nos engagements envers les intervenants, les clients et les employ\u00e9s.<\/p>\n<p><b>Relation:<\/b> Nous avons un lien fort pour \u00e9couter et r\u00e9pondre aux besoins de nos clients et cr\u00e9er des solutions innovantes.<\/p>\n<p><b>Travail D&#8217;\u00e9quipe:<\/b> Nous partageons des objectifs communs et travaillons ensemble pour les atteindre.<\/p>\n<p><b>S\u00e9curit\u00e9:<\/b> Nous maintenons des normes strictes pour nous assurer que notre personnel et nos installations sont conscients de la s\u00e9curit\u00e9.<\/span><\/div>[\/vc_column_inner][vc_column_inner width=&#8221;1\/6&#8243;][\/vc_column_inner][\/vc_row_inner][\/vc_column][\/vc_row][\/vc_section]<\/p>\n<\/div>","protected":false},"excerpt":{"rendered":"<p>[vc_section el_name=&#8221;First Section \/ Work&#8221;][vc_row][vc_column offset=&#8221;vc_col-lg-12&#8243;][vc_row_inner][vc_column_inner width=&#8221;1\/6&#8243;][\/vc_column_inner][vc_column_inner width=&#8221;1\/3&#8243;][vc_empty_space height=&#8221;20px&#8221;][vc_empty_space height=&#8221;20px&#8221;][\/vc_column_inner][vc_column_inner width=&#8221;1\/3&#8243;][\/vc_column_inner][vc_column_inner width=&#8221;1\/6&#8243;][\/vc_column_inner][\/vc_row_inner][\/vc_column][\/vc_row][\/vc_section]<\/p>\n","protected":false},"author":1,"featured_media":0,"parent":0,"menu_order":0,"comment_status":"closed","ping_status":"closed","template":"","meta":{"footnotes":""},"class_list":["post-2710","page","type-page","status-publish","hentry"],"_links":{"self":[{"href":"https:\/\/www.basgroupglobal.com\/fr\/wp-json\/wp\/v2\/pages\/2710","targetHints":{"allow":["GET"]}}],"collection":[{"href":"https:\/\/www.basgroupglobal.com\/fr\/wp-json\/wp\/v2\/pages"}],"about":[{"href":"https:\/\/www.basgroupglobal.com\/fr\/wp-json\/wp\/v2\/types\/page"}],"author":[{"embeddable":true,"href":"https:\/\/www.basgroupglobal.com\/fr\/wp-json\/wp\/v2\/users\/1"}],"replies":[{"embeddable":true,"href":"https:\/\/www.basgroupglobal.com\/fr\/wp-json\/wp\/v2\/comments?post=2710"}],"version-history":[{"count":1,"href":"https:\/\/www.basgroupglobal.com\/fr\/wp-json\/wp\/v2\/pages\/2710\/revisions"}],"predecessor-version":[{"id":6838,"href":"https:\/\/www.basgroupglobal.com\/fr\/wp-json\/wp\/v2\/pages\/2710\/revisions\/6838"}],"wp:attachment":[{"href":"https:\/\/www.basgroupglobal.com\/fr\/wp-json\/wp\/v2\/media?parent=2710"}],"curies":[{"name":"wp","href":"https:\/\/api.w.org\/{rel}","templated":true}]}}