{"id":2705,"date":"2019-12-18T19:45:49","date_gmt":"2019-12-18T19:45:49","guid":{"rendered":"https:\/\/www.basgroupglobal.com\/about-us\/"},"modified":"2025-06-16T07:28:09","modified_gmt":"2025-06-16T07:28:09","slug":"a-propos-de-nous","status":"publish","type":"page","link":"https:\/\/www.basgroupglobal.com\/fr\/a-propos-de-nous\/","title":{"rendered":"\u00c0 propos de nous"},"content":{"rendered":"<div class=\"wpb-content-wrapper\"><p>[vc_section el_name=&#8221;First Section \/ Work&#8221;][vc_row][vc_column width=&#8221;1\/2&#8243; offset=&#8221;vc_col-lg-12&#8243;]<div class=\"wpb_content_element \"><style type=\"text\/css\">#ut_header_69f5a3fd1085f h1.section-title { font-size:65px !important;line-height:75px !important;letter-spacing:-0.05em; }<\/style><header id=\"ut_header_69f5a3fd1085f\" class=\"section-header  ut-no-title-linebreak-mobile ut-no-lead-linebreak-mobile pt-style-2 header-center header-tablet-center header-mobile-center element-with-custom-line-height\"><div class=\"element-with-custom-line-height\" ><h1 data-title=\"Qui Sommes Nous\"  data-responsive-font=\"section_title\" data-responsive-font-settings=\"{&quot;base-font-size&quot;:&quot;65&quot;,&quot;font-size-unit&quot;:&quot;px&quot;,&quot;font-size&quot;:{&quot;desktop_large&quot;:&quot;65&quot;},&quot;base-line-height&quot;:&quot;75&quot;,&quot;line-height-unit&quot;:&quot;px&quot;,&quot;line-height&quot;:{&quot;desktop_large&quot;:&quot;75&quot;},&quot;base-letter-spacing&quot;:&quot;global&quot;,&quot;letter-spacing&quot;:{&quot;desktop_large&quot;:&quot;-0.05&quot;}}\" class=\"section-title  \"><span>Qui Sommes Nous<\/span><\/h1><\/div><div data-delay=\"0\" class=\"lead \"><p>Innover dans l\u2019emballage, progresser dans la technologie<br \/>\net cr\u00e9er une valeur durable.<\/p>\n<\/div><\/header><\/div><div class=\"wpb_content_element \"><style type=\"text\/css\">#ut_header_69f5a3fd167c9 h2.section-title { font-size:80px !important;line-height:88px !important;letter-spacing:-0.05em; }@media (min-width: 1025px) { #ut_header_69f5a3fd167c9 .lead { width:73%;margin: 0 auto;} }<\/style><header id=\"ut_header_69f5a3fd167c9\" class=\"section-header  ut-no-title-linebreak-mobile ut-no-lead-linebreak-mobile pt-style-2 header-center header-tablet-center header-mobile-center element-with-custom-line-height\"><div data-delay=\"0\" class=\"lead \"><\/p>\n<p style=\"font-size: 14px; text-align: center;\">Ba\u015f Group, fond\u00e9 en 2020 gr\u00e2ce \u00e0 un partenariat strat\u00e9gique turco-fran\u00e7ais, est un leader mondial dans les solutions de papier et d\u2019emballage. Pionnier de l\u2019avenir de l\u2019emballage, nous sommes la premi\u00e8re entreprise au monde \u00e0 int\u00e9grer les technologies NFC (Near Field Communication) dans les emballages, cr\u00e9ant ainsi des syst\u00e8mes d\u2019emballage intelligents.<\/p>\n<p style=\"font-size: 14px; text-align: center;\">Nos solutions d\u2019emballage intelligentes offrent aux entreprises des outils pour interagir avec leurs clients tout en respectant notre engagement envers l\u2019innovation, la durabilit\u00e9 et des pratiques respectueuses de l\u2019environnement. En utilisant les derni\u00e8res technologies et des mati\u00e8res premi\u00e8res \u00e9cologiques certifi\u00e9es \u00e0 l\u2019\u00e9chelle internationale, nous desservons divers secteurs, notamment l\u2019alimentation, les boissons, le m\u00e9dical, les cosm\u00e9tiques, le pr\u00eat-\u00e0-porter et le commerce \u00e9lectronique, avec des produits \u00e0 la fois fonctionnels et transformateurs pour les entreprises modernes.<\/p>\n<p style=\"font-size: 14px; text-align: center;\">En plus de r\u00e9volutionner l\u2019industrie de l\u2019emballage, Ba\u015f Group investit strat\u00e9giquement dans des projets innovants en ad\u00e9quation avec notre engagement envers la durabilit\u00e9 et la pr\u00e9servation de l\u2019environnement. En diversifiant notre portefeuille dans divers secteurs, nous augmentons la valeur offerte \u00e0 nos clients et partenaires tout en consolidant notre r\u00f4le de leader dans le changement global positif.<\/p>\n<p style=\"font-size: 14px; text-align: center;\">En favorisant une culture de collaboration et d\u2019am\u00e9lioration, nous restons \u00e0 la pointe du d\u00e9veloppement de solutions qui fa\u00e7onnent l\u2019avenir de l\u2019emballage et stimulent le progr\u00e8s mondial.<\/p>\n<\/div><\/header><\/div>[\/vc_column][\/vc_row][\/vc_section][vc_section][\/vc_section][vc_row][vc_column][vc_column_text]<\/p>\n<p>[\/vc_column_text][\/vc_column][\/vc_row]<\/p>\n<\/div>","protected":false},"excerpt":{"rendered":"<p>[vc_section el_name=&#8221;First Section \/ Work&#8221;][vc_row][vc_column width=&#8221;1\/2&#8243; offset=&#8221;vc_col-lg-12&#8243;][\/vc_column][\/vc_row][\/vc_section][vc_section][\/vc_section][vc_row][vc_column][vc_column_text] [\/vc_column_text][\/vc_column][\/vc_row]<\/p>\n","protected":false},"author":1,"featured_media":0,"parent":0,"menu_order":0,"comment_status":"closed","ping_status":"closed","template":"","meta":{"footnotes":""},"class_list":["post-2705","page","type-page","status-publish","hentry"],"_links":{"self":[{"href":"https:\/\/www.basgroupglobal.com\/fr\/wp-json\/wp\/v2\/pages\/2705","targetHints":{"allow":["GET"]}}],"collection":[{"href":"https:\/\/www.basgroupglobal.com\/fr\/wp-json\/wp\/v2\/pages"}],"about":[{"href":"https:\/\/www.basgroupglobal.com\/fr\/wp-json\/wp\/v2\/types\/page"}],"author":[{"embeddable":true,"href":"https:\/\/www.basgroupglobal.com\/fr\/wp-json\/wp\/v2\/users\/1"}],"replies":[{"embeddable":true,"href":"https:\/\/www.basgroupglobal.com\/fr\/wp-json\/wp\/v2\/comments?post=2705"}],"version-history":[{"count":1,"href":"https:\/\/www.basgroupglobal.com\/fr\/wp-json\/wp\/v2\/pages\/2705\/revisions"}],"predecessor-version":[{"id":6835,"href":"https:\/\/www.basgroupglobal.com\/fr\/wp-json\/wp\/v2\/pages\/2705\/revisions\/6835"}],"wp:attachment":[{"href":"https:\/\/www.basgroupglobal.com\/fr\/wp-json\/wp\/v2\/media?parent=2705"}],"curies":[{"name":"wp","href":"https:\/\/api.w.org\/{rel}","templated":true}]}}